{"id":6301,"date":"2024-02-22T20:37:51","date_gmt":"2024-02-22T20:37:51","guid":{"rendered":"https:\/\/q3autoimports.com.br\/tudo-sobre-a-junta-do-cabecote-queimada\/"},"modified":"2024-02-22T20:37:51","modified_gmt":"2024-02-22T20:37:51","slug":"tudo-sobre-a-junta-do-cabecote-queimada","status":"publish","type":"page","link":"https:\/\/q3autoimports.com.br\/en\/tudo-sobre-a-junta-do-cabecote-queimada\/","title":{"rendered":"Tudo sobre a junta do cabe\u00e7ote queimada"},"content":{"rendered":"<p class=\"MsoNormal\"><span style=\"font-family: &quot;Trebuchet MS&quot;;\">Um dos problemas mais comuns nos motores ocorre quando a junta do cabe\u00e7ote queima. Pois bem, e quais s\u00e3o as consequ\u00eancias quando isso ocorre? Pode andar com o junta do cabe\u00e7ote queimada? Se precisar trocar, qual \u00e9 o pre\u00e7o desta pe\u00e7a?<\/span><\/p>\n<p class=\"MsoNormal\"><span dir=\"LTR\" style=\"font-family: &quot;Trebuchet MS&quot;;\">A junta do cabe\u00e7ote \u00e9 uma pe\u00e7a que <\/span><span dir=\"LTR\" style=\"font-family: &quot;Trebuchet MS&quot;;\">desempenha um papel important\u00edssimo no funcionamento do ve\u00edculo. Ela mant\u00e9m a integridade das c\u00e2maras de combust\u00e3o do motor do carro, ou seja, garante que as as c\u00e2maras n\u00e3o tenham vazamentos. A junta do cabe\u00e7ote proporciona a rota\u00e7\u00e3o dos circuitos de \u00e1gua de refrigera\u00e7\u00e3o, &nbsp;circuitos de passagem de \u00f3leo lubrificante que passam pelo motor do carro.<\/span><\/p>\n<p class=\"MsoNormal\"><span dir=\"LTR\" style=\"mso-spacerun:'yes';font-family:'Trebuchet MS';mso-bidi-font-family:Arial; font-size:12,0000pt;\"><o:p>&nbsp;<\/o:p><\/span><\/p>\n<h3><b><span dir=\"LTR\" style=\"font-family: &quot;Trebuchet MS&quot;;\">Posso andar com a junta do cabe\u00e7ote queimada?&nbsp;<\/span><\/b><\/h3>\n<p class=\"MsoNormal\"><span dir=\"LTR\" style=\"mso-spacerun:'yes';font-family:'Trebuchet MS';mso-bidi-font-family:Arial; font-size:12,0000pt;\"><o:p>&nbsp;<\/o:p><\/span><\/p>\n<p class=\"MsoNormal\"><span style=\"font-family: &quot;Trebuchet MS&quot;;\">Sabendo das funcionalidades mencionadas acima, logicamente que quando a junta do cabe\u00e7ote queima, \u00e9 preciso fazer o reparo mais r\u00e1pido poss\u00edvel. Sen\u00e3o for a curto prazo, ao menos e m\u00e9dio e longo prazos o carro apresentar\u00e1 &nbsp;falhas, o que vai acarretar a outros problemas mec\u00e2nicos que v\u00e3o gerar custos cada vez maiores.<\/span><\/p>\n<p class=\"MsoNormal\"><span dir=\"LTR\" style=\"mso-spacerun:'yes';font-family:'Trebuchet MS';mso-bidi-font-family:Arial; font-size:12,0000pt;\"><o:p>&nbsp;<\/o:p><\/span><\/p>\n<h3><b><span dir=\"LTR\" style=\"font-family: &quot;Trebuchet MS&quot;;\">E como saber ou quais s\u00e3o os sintomas que o carro apresenta?<\/span><\/b><\/h3>\n<p class=\"MsoNormal\"><span dir=\"LTR\" style=\"mso-spacerun:'yes';font-family:'Trebuchet MS';mso-bidi-font-family:Arial; font-size:12,0000pt;\"><o:p>&nbsp;<br \/><\/o:p><\/span><span style=\"font-family: &quot;Trebuchet MS&quot;;\">Quando a junta do cabe\u00e7ote est\u00e1 queimada, os principais sintomas s\u00e3o:<\/span><\/p>\n<p class=\"MsoNormal\"><span dir=\"LTR\" style=\"mso-spacerun:'yes';font-family:'Trebuchet MS';mso-bidi-font-family:Arial; font-size:12,0000pt;\"><o:p>&nbsp;<\/o:p><\/span><\/p>\n<ul>\n<li><span dir=\"LTR\" style=\"mso-spacerun:'yes';font-family:'Trebuchet MS';mso-bidi-font-family:Arial; font-size:12,0000pt;\"><b>Sobreaquecimento do motor<\/b>: a temperatura m\u00e9dia do motos come\u00e7a a subir mais do que o normal, ou seja, acima dos 90 graus. Se o seu ve\u00edculo conta com medidor de temperatura bem regulado, sempre preste aten\u00e7\u00e3o de tempo em tempos, se a temperatura est\u00e1 subindo ou apresenta varia\u00e7\u00f5es constantes, com quedas e aquecimentos a cada 30 minutos da viagem, por exemplo.<\/span><span dir=\"LTR\" style=\"mso-spacerun:'yes';font-family:'Trebuchet MS';mso-bidi-font-family:Arial; font-size:12,0000pt;\"><o:p><\/o:p><\/span><\/li>\n<li><span dir=\"LTR\" style=\"mso-spacerun:'yes';font-family:'Trebuchet MS';mso-bidi-font-family:Arial; font-size:12,0000pt;\"><b>Adi\u00e7\u00e3o frequente do l\u00edquido de arrefecimento: <\/b>sem d\u00favidas quando este l\u00edquido come\u00e7a a baixar demais no reservat\u00f3rio, \u00e9 um sintoma importante que a junta do cabe\u00e7ote possa estar queimada.<\/span><span dir=\"LTR\" style=\"mso-spacerun:'yes';font-family:'Trebuchet MS';mso-bidi-font-family:Arial; font-size:12,0000pt;\"><o:p><\/o:p><\/span><\/li>\n<li><span dir=\"LTR\" style=\"mso-spacerun:'yes';font-family:'Trebuchet MS';mso-bidi-font-family:Arial; font-size:12,0000pt;\"><b>Excesso de fuma\u00e7a no escapamento:<\/b> vazamento de l\u00edquido nos cilindros ocasiona a fuma\u00e7a. Sendo assim, \u00e9 outro sintoma problem\u00e1tico que pode estar associado a junta do cabe\u00e7ote.<\/span><span dir=\"LTR\" style=\"mso-spacerun:'yes';font-family:'Trebuchet MS';mso-bidi-font-family:Arial; font-size:12,0000pt;\"><o:p><\/o:p><\/span><\/li>\n<\/ul>\n<h3 style=\"line-height:114%;\"><span dir=\"LTR\" style=\"mso-spacerun:'yes';font-family:'Trebuchet MS';mso-bidi-font-family:Arial; line-height:114%;font-size:12,0000pt;\"><o:p><a href=\"https:\/\/q3autoimports.com.br\/en\/\" target=\"_blank\" rel=\"noopener\">Clique aqui e compre um cabe\u00e7ote Novo para o seu Ve\u00edculo&nbsp;<\/a><\/o:p><\/span><\/h3>\n<h3 style=\"line-height:114%;\"><b><span dir=\"LTR\" style=\"font-family: &quot;Trebuchet MS&quot;; line-height: 114%;\">Junta do cabe\u00e7ote pre\u00e7o e troca<\/span><\/b><\/h3>\n<p class=\"MsoNormal\" style=\"line-height:114%;\"><span dir=\"LTR\" style=\"mso-spacerun:'yes';font-family:'Trebuchet MS';mso-bidi-font-family:Arial; line-height:114%;font-size:12,0000pt;\"><o:p>&nbsp;<\/o:p><\/span><\/p>\n<p class=\"MsoNormal\" style=\"line-height:114%;\"><span dir=\"LTR\" style=\"mso-spacerun:'yes';font-family:'Trebuchet MS';mso-bidi-font-family:Arial; line-height:114%;font-size:12,0000pt;\">A medida mais plaus\u00edvel quando ocorre problemas na junta do cabe\u00e7ote, como rachaduras ou queimadas, \u00e9 a troca da pe\u00e7a. E acredite, em diferentes lojas os pre\u00e7os variam bastante.<\/span><span dir=\"LTR\" style=\"mso-spacerun:'yes';font-family:'Trebuchet MS';mso-bidi-font-family:Arial; line-height:114%;font-size:12,0000pt;\"><o:p><\/o:p><\/span><\/p>\n<p class=\"MsoNormal\" style=\"line-height:114%;\"><span dir=\"LTR\" style=\"font-family: &quot;Trebuchet MS&quot;; line-height: 114%;\">Como boa alternativa, n\u00f3s aqui da Q3 <\/span><a href=\"https:\/\/q3autoimports.com.br\/index.php?route=product\/search&amp;search=junta\" style=\"background-color: rgb(255, 255, 255);\"><u><span class=\"15\" dir=\"LTR\" style=\"font-family: &quot;Trebuchet MS&quot;; line-height: 114%; color: rgb(0, 0, 255);\">oferecemos juntas de cabe\u00e7otes<\/span><\/u><\/a><span dir=\"LTR\" style=\"font-family: &quot;Trebuchet MS&quot;; line-height: 114%;\">&nbsp;de alta qualidade para o seu ve\u00edculo, e melhor, com \u00f3timo custo-benef\u00edcio.<\/span><\/p>","protected":false},"excerpt":{"rendered":"<p>Um dos problemas mais comuns nos motores ocorre quando a junta do cabe\u00e7ote queima. Pois bem, e quais s\u00e3o as<\/p>","protected":false},"author":1,"featured_media":0,"parent":0,"menu_order":0,"comment_status":"closed","ping_status":"closed","template":"","meta":{"footnotes":""},"class_list":["post-6301","page","type-page","status-publish","hentry"],"_links":{"self":[{"href":"https:\/\/q3autoimports.com.br\/en\/wp-json\/wp\/v2\/pages\/6301","targetHints":{"allow":["GET"]}}],"collection":[{"href":"https:\/\/q3autoimports.com.br\/en\/wp-json\/wp\/v2\/pages"}],"about":[{"href":"https:\/\/q3autoimports.com.br\/en\/wp-json\/wp\/v2\/types\/page"}],"author":[{"embeddable":true,"href":"https:\/\/q3autoimports.com.br\/en\/wp-json\/wp\/v2\/users\/1"}],"replies":[{"embeddable":true,"href":"https:\/\/q3autoimports.com.br\/en\/wp-json\/wp\/v2\/comments?post=6301"}],"version-history":[{"count":0,"href":"https:\/\/q3autoimports.com.br\/en\/wp-json\/wp\/v2\/pages\/6301\/revisions"}],"wp:attachment":[{"href":"https:\/\/q3autoimports.com.br\/en\/wp-json\/wp\/v2\/media?parent=6301"}],"curies":[{"name":"wp","href":"https:\/\/api.w.org\/{rel}","templated":true}]}}