{"id":12681,"date":"2024-05-23T17:44:28","date_gmt":"2024-05-23T17:44:28","guid":{"rendered":"https:\/\/q3autoimports.com.br\/gv-vw-ap-longo-passat-1-8-std-12238010-24-unds\/"},"modified":"2026-04-06T16:15:31","modified_gmt":"2026-04-06T19:15:31","slug":"valve-guides-volkswagen-ap-long-passat-1-8-std-12238010-24-pcs","status":"publish","type":"product","link":"https:\/\/q3autoimports.com.br\/en\/valve-guides-volkswagen-ap-long-passat-1-8-std-12238010-24-pcs\/","title":{"rendered":"VALVE GUIDES VOLKSWAGEN AP LONG PASSAT 1.8 STD \u2013 (12238010) -{24 units}"},"content":{"rendered":"<div class=\"flex-1 overflow-hidden @container\/thread\">\n<div class=\"h-full\">\n<div class=\"react-scroll-to-bottom--css-pcoak-79elbk h-full\">\n<div class=\"react-scroll-to-bottom--css-pcoak-1n7m0yu\">\n<div class=\"flex flex-col text-sm md:pb-9\">\n<article class=\"w-full scroll-mb-[var(--thread-trailing-height,150px)] text-token-text-primary focus-visible:outline-2 focus-visible:outline-offset-[-4px]\" dir=\"auto\" data-testid=\"conversation-turn-7\" data-scroll-anchor=\"true\">\n<div class=\"m-auto text-base py-[18px] px-3 md:px-4 w-full md:px-5 lg:px-4 xl:px-5\">\n<div class=\"mx-auto flex flex-1 gap-4 text-base md:gap-5 lg:gap-6 md:max-w-3xl\">\n<div class=\"group\/conversation-turn relative flex w-full min-w-0 flex-col agent-turn\">\n<div class=\"flex-col gap-1 md:gap-3\">\n<div class=\"flex max-w-full flex-col flex-grow\">\n<div class=\"min-h-8 text-message flex w-full flex-col items-end gap-2 whitespace-normal break-words text-start [.text-message+&amp;]:mt-5\" dir=\"auto\" data-message-author-role=\"assistant\" data-message-id=\"95cd2f40-12e0-450f-86c7-fbb7522b6e0f\" data-message-model-slug=\"gpt-4o-mini\">\n<div class=\"flex w-full flex-col gap-1 empty:hidden first:pt-[3px]\">\n<div class=\"markdown prose w-full break-words dark:prose-invert dark\">\n<h2><strong>Venda de Guias de V\u00e1lvulas AP Passat 1.8 STD1 &#8211; 24 Unidades | Pe\u00e7as Automotivas de Alta Qualidade para Reposi\u00e7\u00e3o<\/strong><\/h2>\n<p><strong>Descri\u00e7\u00e3o do Produto:<\/strong><\/p>\n<p>Est\u00e1 em busca de pe\u00e7as automotivas de alta qualidade para o motor do seu Volkswagen Passat? A <strong>Q3 Auto Imports<\/strong> tem a solu\u00e7\u00e3o ideal para voc\u00ea! Apresentamos as <strong>Guias de V\u00e1lvulas AP Passat 1.8 STD1<\/strong> \u2013 24 unidades, compat\u00edveis com motores Volkswagen AP 1.8, um item essencial para quem busca reposi\u00e7\u00e3o de pe\u00e7as originais e de alta performance. Fabricadas pela <strong>Riosulense<\/strong>, uma marca renomada no mercado de pe\u00e7as automotivas, essas guias de v\u00e1lvulas garantem o funcionamento perfeito do motor, mantendo sua performance e durabilidade.<\/p>\n<p><strong>Condi\u00e7\u00e3o<\/strong>: Novo<br \/>\n<strong>Montadora<\/strong>: Volkswagen (VW)<br \/>\n<strong>Motor<\/strong>: 1.8<br \/>\n<strong>Marca<\/strong>: Riosulense<br \/>\n<strong>N\u00famero da Pe\u00e7a<\/strong>: 12238010<\/p>\n<p>As <strong>Guias de V\u00e1lvulas AP Passat 1.8 STD1<\/strong> s\u00e3o projetadas para oferecer a melhor veda\u00e7\u00e3o e prote\u00e7\u00e3o do motor. Elas s\u00e3o ideais para substituir as guias de v\u00e1lvula desgastadas, proporcionando um desempenho otimizado e maior vida \u00fatil ao motor. Se voc\u00ea busca pe\u00e7as originais e de qualidade, essa \u00e9 a escolha certa.<\/p>\n<p><strong>Caracter\u00edsticas do Produto:<\/strong><\/p>\n<ul>\n<li><strong>Produto<\/strong>: Guias de v\u00e1lvulas novas e originais<\/li>\n<li><strong>Quantidade<\/strong>: 24 unidades<\/li>\n<li><strong>Aplica\u00e7\u00e3o<\/strong>: Compat\u00edvel com motores <strong>AP 1.8 STD1<\/strong><\/li>\n<li><strong>Marca<\/strong>: Riosulense, sin\u00f4nimo de qualidade e confian\u00e7a<\/li>\n<li><strong>N\u00famero da Pe\u00e7a<\/strong>: 12238010, garantindo total compatibilidade com seu motor<\/li>\n<\/ul>\n<p>As guias de v\u00e1lvulas s\u00e3o um componente fundamental para garantir a veda\u00e7\u00e3o das v\u00e1lvulas do motor e o seu bom funcionamento. Elas ajudam a reduzir o desgaste das v\u00e1lvulas e a manter a press\u00e3o de compress\u00e3o do motor. O uso de pe\u00e7as novas e originais, como as <strong>Guias de V\u00e1lvulas AP Passat 1.8 STD1<\/strong>, garante o desempenho ideal do motor e a manuten\u00e7\u00e3o da sua pot\u00eancia por mais tempo.<\/p>\n<p><strong>Por que escolher as Guias de V\u00e1lvulas Riosulense?<\/strong><\/p>\n<p>A <strong>Riosulense<\/strong> \u00e9 uma marca consolidada no mercado automotivo, conhecida pela excel\u00eancia e precis\u00e3o na fabrica\u00e7\u00e3o de pe\u00e7as. As guias de v\u00e1lvulas produzidas por essa marca s\u00e3o feitas com materiais de alta qualidade, que garantem durabilidade, resist\u00eancia e efici\u00eancia. Ao escolher as guias de v\u00e1lvulas Riosulense, voc\u00ea est\u00e1 investindo em uma pe\u00e7a de reposi\u00e7\u00e3o confi\u00e1vel e que contribui para a boa performance do motor do seu ve\u00edculo.<\/p>\n<p>As <strong>Guias de V\u00e1lvulas AP Passat 1.8 STD1<\/strong> foram desenvolvidas para serem <strong>compat\u00edveis exclusivamente com motores Volkswagen AP 1.8 STD1<\/strong>, garantindo um encaixe perfeito e f\u00e1cil instala\u00e7\u00e3o. Se voc\u00ea busca reposi\u00e7\u00e3o de qualidade, essas guias s\u00e3o a escolha ideal para manter o seu motor Volkswagen em \u00f3timo estado.<\/p>\n<p><strong>Perguntas Frequentes:<\/strong><\/p>\n<ol>\n<li><strong>A pe\u00e7a \u00e9 nova e sem uso?<\/strong>\n<ul>\n<li><strong>Resposta<\/strong>: Sim, a pe\u00e7a \u00e9 nova, lacrada e nunca foi utilizada. Voc\u00ea receber\u00e1 um produto original, em sua embalagem original, sem sinais de uso.<\/li>\n<\/ul>\n<\/li>\n<li><strong>Qual \u00e9 o tempo de garantia?<\/strong>\n<ul>\n<li><strong>Resposta<\/strong>: As <strong>Guias de V\u00e1lvulas AP Passat 1.8 STD1<\/strong> possuem uma <strong>garantia de 3 meses<\/strong>, v\u00e1lida contra defeitos de fabrica\u00e7\u00e3o. Caso haja algum problema durante esse per\u00edodo, basta entrar em contato conosco para a substitui\u00e7\u00e3o.<\/li>\n<\/ul>\n<\/li>\n<li><strong>As fotos do an\u00fancio s\u00e3o reais?<\/strong>\n<ul>\n<li><strong>Resposta<\/strong>: Sim, as fotos s\u00e3o <strong>reais<\/strong> e n\u00e3o passaram por qualquer tipo de edi\u00e7\u00e3o. Voc\u00ea pode ter certeza de que o produto que ver\u00e1 nas fotos ser\u00e1 exatamente o que receber\u00e1.<\/li>\n<\/ul>\n<\/li>\n<li><strong>Qual \u00e9 o prazo para o envio?<\/strong>\n<ul>\n<li><strong>Resposta<\/strong>: Ap\u00f3s a confirma\u00e7\u00e3o do pagamento, <strong>compras realizadas at\u00e9 as 15h ser\u00e3o enviadas no mesmo dia<\/strong>, garantindo rapidez no despacho para que voc\u00ea receba suas pe\u00e7as com agilidade.<\/li>\n<\/ul>\n<\/li>\n<\/ol>\n<p><strong>Informa\u00e7\u00f5es Adicionais:<\/strong><\/p>\n<p>Antes de finalizar sua compra, \u00e9 fundamental <strong>verificar todas as especifica\u00e7\u00f5es<\/strong> do produto e, se poss\u00edvel, <strong>comparar as fotos com a pe\u00e7a antiga<\/strong>. Isso ajuda a evitar qualquer erro no momento da compra e assegura que voc\u00ea receba o item exato para o seu motor. Lembre-se de que trabalhamos com pe\u00e7as <strong>novas<\/strong> e <strong>garantidas<\/strong>, oferecendo a melhor qualidade dispon\u00edvel.<\/p>\n<p>\u00c9 importante ressaltar que a instala\u00e7\u00e3o das guias de v\u00e1lvulas deve ser realizada por um <strong>profissional especializado<\/strong>. Esse cuidado \u00e9 essencial para garantir que o componente seja instalado corretamente e que o motor funcione de forma eficiente e segura. A <strong>Q3 Auto Imports<\/strong> n\u00e3o se responsabiliza por qualquer <strong>mau uso ou instala\u00e7\u00e3o inadequada<\/strong> do produto, por isso recomendamos que um t\u00e9cnico qualificado realize a instala\u00e7\u00e3o para garantir o melhor desempenho.<\/p>\n<p><strong>Sobre a Empresa:<\/strong><\/p>\n<p>A <strong>Q3 Auto Imports<\/strong> \u00e9 uma <strong>empresa especializada na venda de pe\u00e7as automotivas novas e originais<\/strong>, sendo uma refer\u00eancia no mercado de reposi\u00e7\u00e3o e manuten\u00e7\u00e3o de ve\u00edculos. Temos uma vasta experi\u00eancia no fornecimento de <strong>cabe\u00e7otes<\/strong>, <strong>guias de v\u00e1lvulas<\/strong> e outros componentes automotivos de alta qualidade, com o compromisso de entregar produtos que atendem \u00e0s necessidades dos nossos clientes.<\/p>\n<p>Somos uma <strong>empresa confi\u00e1vel<\/strong> e sempre preocupada com a <strong>satisfa\u00e7\u00e3o dos nossos clientes<\/strong>. Atrav\u00e9s do nosso site, oferecemos a facilidade de adquirir pe\u00e7as automotivas com <strong>agilidade, seguran\u00e7a e pre\u00e7os competitivos<\/strong>. Nossa miss\u00e3o \u00e9 garantir que todos os nossos clientes recebam produtos de qualidade e com a garantia de que suas necessidades automotivas ser\u00e3o atendidas com excel\u00eancia.<\/p>\n<p><strong>Nosso compromisso vai al\u00e9m da venda de pe\u00e7as<\/strong>. Estamos sempre \u00e0 disposi\u00e7\u00e3o para <strong>orientar e tirar d\u00favidas<\/strong> durante o processo de compra, para que voc\u00ea possa fazer a escolha certa para o seu ve\u00edculo. Se precisar de ajuda para escolher o produto ideal, nossa equipe especializada estar\u00e1 pronta para lhe fornecer toda a assist\u00eancia necess\u00e1ria.<\/p>\n<p><strong>Conclus\u00e3o:<\/strong><\/p>\n<p>Adquirir as <strong>Guias de V\u00e1lvulas AP Passat 1.8 STD1<\/strong> da <strong>Riosulense<\/strong> \u00e9 a escolha perfeita para quem busca pe\u00e7as de reposi\u00e7\u00e3o de alta qualidade para o motor de seu Volkswagen Passat. Com <strong>24 unidades novas e originais<\/strong>, essas guias de v\u00e1lvulas garantem o <strong>desempenho ideal<\/strong> e a <strong>durabilidade<\/strong> do seu motor, garantindo uma performance superior a longo prazo.<\/p>\n<p>N\u00e3o perca a oportunidade de garantir as melhores pe\u00e7as para o seu ve\u00edculo! Com <strong>garantia de 3 meses<\/strong>, <strong>envio r\u00e1pido<\/strong> e <strong>pre\u00e7os acess\u00edveis<\/strong>, as <strong>Guias de V\u00e1lvulas AP Passat 1.8 STD1<\/strong> s\u00e3o a solu\u00e7\u00e3o perfeita para a manuten\u00e7\u00e3o do motor de seu ve\u00edculo. Adquira j\u00e1 as suas e mantenha seu carro sempre em \u00f3timas condi\u00e7\u00f5es de uso.<\/p>\n<p><strong>Atenciosamente,<br \/>\nEquipe Comercial Q3 Auto Imports<\/strong><\/p>\n<\/div>\n<\/div>\n<\/div>\n<\/div>\n<\/div>\n<\/div>\n<\/div>\n<\/div>\n<\/article>\n<\/div>\n<\/div>\n<\/div>\n<\/div>\n<\/div>\n","protected":false},"excerpt":{"rendered":"<p>Sale of AP Passat 1.8 STD1 Valve Guides \u2013 24 Units | High Quality Automotive Replacement Parts<\/p>","protected":false},"featured_media":12675,"comment_status":"open","ping_status":"closed","template":"","meta":[],"product_cat":[942],"product_tag":[],"class_list":["post-12681","product","type-product","status-publish","has-post-thumbnail","hentry","product_cat-guias-de-valvulas"],"_links":{"self":[{"href":"https:\/\/q3autoimports.com.br\/en\/wp-json\/wp\/v2\/product\/12681","targetHints":{"allow":["GET"]}}],"collection":[{"href":"https:\/\/q3autoimports.com.br\/en\/wp-json\/wp\/v2\/product"}],"about":[{"href":"https:\/\/q3autoimports.com.br\/en\/wp-json\/wp\/v2\/types\/product"}],"replies":[{"embeddable":true,"href":"https:\/\/q3autoimports.com.br\/en\/wp-json\/wp\/v2\/comments?post=12681"}],"wp:featuredmedia":[{"embeddable":true,"href":"https:\/\/q3autoimports.com.br\/en\/wp-json\/wp\/v2\/media\/12675"}],"wp:attachment":[{"href":"https:\/\/q3autoimports.com.br\/en\/wp-json\/wp\/v2\/media?parent=12681"}],"wp:term":[{"taxonomy":"product_cat","embeddable":true,"href":"https:\/\/q3autoimports.com.br\/en\/wp-json\/wp\/v2\/product_cat?post=12681"},{"taxonomy":"product_tag","embeddable":true,"href":"https:\/\/q3autoimports.com.br\/en\/wp-json\/wp\/v2\/product_tag?post=12681"}],"curies":[{"name":"wp","href":"https:\/\/api.w.org\/{rel}","templated":true}]}}