{"id":12766,"date":"2024-05-23T19:02:45","date_gmt":"2024-05-23T19:02:45","guid":{"rendered":"https:\/\/q3autoimports.com.br\/vad-hyundai-kia-1-0-12v-3cc-vad-hy-10a-3-unds\/"},"modified":"2025-07-22T17:55:35","modified_gmt":"2025-07-22T17:55:35","slug":"jogo-de-valvula-admissao-hyundai-kia-1-0-12v-3cc-vad-hy-10a-3-unds","status":"publish","type":"product","link":"https:\/\/q3autoimports.com.br\/en\/jogo-de-valvula-admissao-hyundai-kia-1-0-12v-3cc-vad-hy-10a-3-unds\/","title":{"rendered":"JOGO DE V\u00c1LVULA ADMISS\u00c3O HYUNDAI \/ KIA 1.0 12V 3cc &#8211; (VAD HY 10A) &#8211; {3 unds}"},"content":{"rendered":"<p>Jogo 03 v\u00e1lvulas admiss\u00e3o kia 1.0 12v 3c picanto<\/p>\n<p>metal line distribuidora de pe\u00e7as para motor<br \/>especializado em pe\u00e7as para motor<\/p>\n<p>*produto novo com nota fiscal e garantia*<\/p>\n<p>motor:<br \/>1.0 12v 3cil aspirado f3lag<br \/>1.0 12v 3cil turbo f3lbg<br \/>1.0 12v 3cil flex f3lab<\/p>\n<p>montadora:<br \/>hyundai \/ kia<\/p>\n<p>c\u00f3digo da bronzina:<br \/>vadhy10a &#8211; takao<\/p>\n<p>observa\u00e7\u00e3o:<br \/>26,80mm x 92,80mm x 5,50mm &#8211; 1 ranhura<\/p>\n<p>aplica\u00e7\u00e3o:<br \/>Hyundai hb20 1.0 12v 3cil aspirado f3lag 2012 a 2020<br \/>Hyundai hb20 1.0 12v 3cil turbo f3lbg 2016 a 2020<br \/>Kia picanto 1.0 12v 3cil flex f3lab 2010 a 2019<\/p>\n<p>garantia do vendedor: 3 meses<\/p>","protected":false},"excerpt":{"rendered":"<p>Jogo 03 v\u00e1lvulas admiss\u00e3o kia 1.0 12v 3c picanto metal line distribuidora de pe\u00e7as para motorespecializado em pe\u00e7as para motor<\/p>","protected":false},"featured_media":12758,"comment_status":"open","ping_status":"closed","template":"","meta":[],"product_cat":[938],"product_tag":[],"class_list":["post-12766","product","type-product","status-publish","has-post-thumbnail","hentry","product_cat-jogo-de-valvulas"],"_links":{"self":[{"href":"https:\/\/q3autoimports.com.br\/en\/wp-json\/wp\/v2\/product\/12766","targetHints":{"allow":["GET"]}}],"collection":[{"href":"https:\/\/q3autoimports.com.br\/en\/wp-json\/wp\/v2\/product"}],"about":[{"href":"https:\/\/q3autoimports.com.br\/en\/wp-json\/wp\/v2\/types\/product"}],"replies":[{"embeddable":true,"href":"https:\/\/q3autoimports.com.br\/en\/wp-json\/wp\/v2\/comments?post=12766"}],"wp:featuredmedia":[{"embeddable":true,"href":"https:\/\/q3autoimports.com.br\/en\/wp-json\/wp\/v2\/media\/12758"}],"wp:attachment":[{"href":"https:\/\/q3autoimports.com.br\/en\/wp-json\/wp\/v2\/media?parent=12766"}],"wp:term":[{"taxonomy":"product_cat","embeddable":true,"href":"https:\/\/q3autoimports.com.br\/en\/wp-json\/wp\/v2\/product_cat?post=12766"},{"taxonomy":"product_tag","embeddable":true,"href":"https:\/\/q3autoimports.com.br\/en\/wp-json\/wp\/v2\/product_tag?post=12766"}],"curies":[{"name":"wp","href":"https:\/\/api.w.org\/{rel}","templated":true}]}}