{"id":12844,"date":"2024-06-21T12:26:36","date_gmt":"2024-06-21T12:26:36","guid":{"rendered":"https:\/\/q3autoimports.com.br\/balancim-ford-zetec-rocam-1-0-1-6-8v-sga04mt-8-unds\/"},"modified":"2025-07-22T17:56:09","modified_gmt":"2025-07-22T17:56:09","slug":"balancim-ford-zetec-rocam-1-0-1-6-8v-sga04mt-8-unds","status":"publish","type":"product","link":"https:\/\/q3autoimports.com.br\/en\/balancim-ford-zetec-rocam-1-0-1-6-8v-sga04mt-8-unds\/","title":{"rendered":"BALANCIM FORD ZETEC ROCAM 1.0 \/ 1.6 8V \u2013 (SGA04MT) \u2013 {8 units}"},"content":{"rendered":"<h1>BALANCIM FORD ZETEC ROCAM 1.0 \/ 1.6 8V &#8211; (SGA04MT) &#8211; {8 unds}<\/h1>\n<div class=\"flex-1 overflow-hidden @container\/thread\">\n<div class=\"h-full\">\n<div class=\"react-scroll-to-bottom--css-fofnm-79elbk h-full\">\n<div class=\"react-scroll-to-bottom--css-fofnm-1n7m0yu\">\n<div class=\"flex flex-col text-sm md:pb-9\">\n<article class=\"w-full scroll-mb-[var(--thread-trailing-height,150px)] text-token-text-primary focus-visible:outline-2 focus-visible:outline-offset-[-4px]\" dir=\"auto\" data-testid=\"conversation-turn-17\" data-scroll-anchor=\"true\">\n<div class=\"m-auto text-base py-[18px] px-3 md:px-4 w-full md:px-5 lg:px-4 xl:px-5\">\n<div class=\"mx-auto flex flex-1 gap-4 text-base md:gap-5 lg:gap-6 md:max-w-3xl\">\n<div class=\"group\/conversation-turn relative flex w-full min-w-0 flex-col agent-turn\">\n<div class=\"flex-col gap-1 md:gap-3\">\n<div class=\"flex max-w-full flex-col flex-grow\">\n<div class=\"min-h-8 text-message flex w-full flex-col items-end gap-2 whitespace-normal break-words text-start [.text-message+&amp;]:mt-5\" dir=\"auto\" data-message-author-role=\"assistant\" data-message-id=\"9b16b4e1-b828-429a-b4af-9357a4de600e\" data-message-model-slug=\"gpt-4o-mini\">\n<div class=\"flex w-full flex-col gap-1 empty:hidden first:pt-[3px]\">\n<div class=\"markdown prose w-full break-words dark:prose-invert dark\">\n<p>O <strong>Balancim Ford Zetec Rocam 1.0 \/ 1.6 8V (SGA04MT)<\/strong> \u00e9 uma pe\u00e7a essencial para a manuten\u00e7\u00e3o e reposi\u00e7\u00e3o de componentes no motor dos modelos Ford com motores Zetec Rocam 1.0 e 1.6 8V. Composto por <strong>8 unidades de balancins<\/strong>, este conjunto foi desenvolvido para garantir o desempenho adequado do motor, proporcionando o funcionamento suave e eficiente do sistema de v\u00e1lvulas.<\/p>\n<p>Neste artigo, vamos explicar as principais caracter\u00edsticas, benef\u00edcios e aplica\u00e7\u00f5es do <strong>Balancim Ford Zetec Rocam 1.0 \/ 1.6 8V (SGA04MT)<\/strong>, uma pe\u00e7a de reposi\u00e7\u00e3o que proporciona qualidade e performance para seu ve\u00edculo.<\/p>\n<h3>O Que S\u00e3o Balancins e Qual a Sua Fun\u00e7\u00e3o no Motor?<\/h3>\n<p>Os <strong>balancins<\/strong> s\u00e3o componentes fundamentais para o funcionamento do motor de combust\u00e3o interna, respons\u00e1veis por controlar a abertura e fechamento das v\u00e1lvulas de admiss\u00e3o e escape. Eles transferem o movimento do comando de v\u00e1lvulas para as v\u00e1lvulas, garantindo o fluxo correto de ar e combust\u00edvel para a c\u00e2mara de combust\u00e3o, al\u00e9m da sa\u00edda dos gases de escape.<\/p>\n<p>No <strong>Balancim Ford Zetec Rocam 1.0 \/ 1.6 8V (SGA04MT)<\/strong>, esses balancins s\u00e3o projetados especificamente para motores <strong>Zetec Rocam 1.0 e 1.6 de 8V<\/strong>, permitindo uma opera\u00e7\u00e3o eficiente e sem falhas, o que contribui para o desempenho e a durabilidade do motor.<\/p>\n<h3>Caracter\u00edsticas do <strong>Balancim Ford Zetec Rocam 1.0 \/ 1.6 8V (SGA04MT)<\/strong><\/h3>\n<p>O <strong>Balancim Ford Zetec Rocam 1.0 \/ 1.6 8V (SGA04MT)<\/strong> \u00e9 composto por <strong>8 unidades de balancins<\/strong>, produzidos com materiais de alta qualidade para garantir maior resist\u00eancia e durabilidade, atendendo \u00e0s exig\u00eancias dos motores Ford <strong>Zetec Rocam 1.0 e 1.6 8V<\/strong>.<\/p>\n<p><strong>Principais Caracter\u00edsticas:<\/strong><\/p>\n<ul>\n<li><strong>N\u00famero de Unidades:<\/strong> 8 balancins<\/li>\n<li><strong>Aplica\u00e7\u00e3o:<\/strong> Motor <strong>Ford Zetec Rocam 1.0 \/ 1.6 8V<\/strong><\/li>\n<li><strong>C\u00f3digo do Produto:<\/strong> <strong>SGA04MT<\/strong><\/li>\n<li><strong>Qualidade Garantida:<\/strong> Fabricado com materiais de alta resist\u00eancia, oferecendo durabilidade e desempenho confi\u00e1vel.<\/li>\n<li><strong>Desempenho Eficiente:<\/strong> Garante a abertura e fechamento corretos das v\u00e1lvulas, otimizando o desempenho do motor.<\/li>\n<\/ul>\n<h3>Aplica\u00e7\u00e3o do <strong>Balancim Ford Zetec Rocam 1.0 \/ 1.6 8V (SGA04MT)<\/strong><\/h3>\n<p>O <strong>Balancim Ford Zetec Rocam 1.0 \/ 1.6 8V (SGA04MT)<\/strong> \u00e9 compat\u00edvel com os seguintes modelos e motores <strong>Ford Zetec Rocam 1.0 e 1.6 8V<\/strong>:<\/p>\n<ul>\n<li><strong>Ford Fiesta 1.0 \/ 1.6 8V Zetec Rocam<\/strong><\/li>\n<li><strong>Ford Ka 1.0 \/ 1.6 8V Zetec Rocam<\/strong><\/li>\n<li><strong>Ford Ecosport 1.0 \/ 1.6 8V Zetec Rocam<\/strong><\/li>\n<li><strong>Ford Focus 1.6 8V Zetec Rocam<\/strong><\/li>\n<li><strong>Ford Courier 1.6 8V Zetec Rocam<\/strong><\/li>\n<\/ul>\n<p>Esses modelos de ve\u00edculos, com motores <strong>Zetec Rocam 1.0 \/ 1.6 8V<\/strong>, se beneficiam da reposi\u00e7\u00e3o dos balancins com este conjunto de <strong>8 unidades<\/strong>, assegurando o bom funcionamento do sistema de v\u00e1lvulas e o desempenho ideal do motor.<\/p>\n<h3>Benef\u00edcios de Utilizar o <strong>Balancim Ford Zetec Rocam 1.0 \/ 1.6 8V (SGA04MT)<\/strong><\/h3>\n<p>Escolher o <strong>Balancim Ford Zetec Rocam 1.0 \/ 1.6 8V (SGA04MT)<\/strong> oferece diversas vantagens que contribuem para o bom desempenho e a durabilidade do motor do seu ve\u00edculo. Entre os principais benef\u00edcios est\u00e3o:<\/p>\n<ol>\n<li><strong>Desempenho Ideal do Motor:<\/strong> A instala\u00e7\u00e3o de balancins novos garante a correta abertura e fechamento das v\u00e1lvulas, otimizando o fluxo de ar, combust\u00edvel e a expuls\u00e3o dos gases de escape. Isso resulta em um motor mais eficiente, com melhor desempenho e resposta.<\/li>\n<li><strong>Maior Durabilidade:<\/strong> Fabricados com materiais de alta qualidade, os balancins <strong>SGA04MT<\/strong> s\u00e3o mais resistentes ao desgaste e proporcionam uma maior vida \u00fatil, reduzindo a necessidade de substitui\u00e7\u00f5es frequentes.<\/li>\n<li><strong>Opera\u00e7\u00e3o Suave e Silenciosa:<\/strong> A reposi\u00e7\u00e3o dos balancins contribui para um motor mais silencioso, funcionando de maneira suave e sem falhas, o que melhora a experi\u00eancia de condu\u00e7\u00e3o e a performance geral do ve\u00edculo.<\/li>\n<li><strong>Redu\u00e7\u00e3o de Custos de Manuten\u00e7\u00e3o:<\/strong> Ao utilizar balancins de alta qualidade, voc\u00ea reduz a necessidade de manuten\u00e7\u00e3o constante, prevenindo problemas no motor e economizando com reparos a longo prazo.<\/li>\n<li><strong>Facilidade de Instala\u00e7\u00e3o:<\/strong> O <strong>Balancim Ford Zetec Rocam 1.0 \/ 1.6 8V (SGA04MT)<\/strong> \u00e9 uma pe\u00e7a de reposi\u00e7\u00e3o projetada para ser instalada de forma simples e direta nos motores compat\u00edveis. Por\u00e9m, \u00e9 altamente recomendada a instala\u00e7\u00e3o por um mec\u00e2nico qualificado, para garantir a m\u00e1xima efici\u00eancia.<\/li>\n<\/ol>\n<h3>Garantia e Cuidados na Instala\u00e7\u00e3o<\/h3>\n<p>Ao adquirir o <strong>Balancim Ford Zetec Rocam 1.0 \/ 1.6 8V (SGA04MT)<\/strong>, verifique as condi\u00e7\u00f5es de garantia do produto, que geralmente cobrem defeitos de fabrica\u00e7\u00e3o. Contudo, a instala\u00e7\u00e3o inadequada pode comprometer o desempenho do motor e invalidar a garantia.<\/p>\n<p><strong>Aten\u00e7\u00e3o:<\/strong> A instala\u00e7\u00e3o do balancin deve ser realizada por um profissional especializado, garantindo que o motor opere corretamente e de forma eficiente. A instala\u00e7\u00e3o incorreta pode levar a problemas no desempenho do motor.<\/p>\n<h3>Conclus\u00e3o<\/h3>\n<p>O <strong>Balancim Ford Zetec Rocam 1.0 \/ 1.6 8V (SGA04MT)<\/strong> \u00e9 a escolha perfeita para quem deseja qualidade, desempenho e durabilidade em sua pe\u00e7a de reposi\u00e7\u00e3o. Com 8 unidades de balancins, este conjunto \u00e9 ideal para manter o motor <strong>Ford Zetec Rocam<\/strong> funcionando com precis\u00e3o e efici\u00eancia, otimizando o desempenho do ve\u00edculo e garantindo maior durabilidade.<\/p>\n<p>Com <strong>alta resist\u00eancia<\/strong>, <strong>facilidade de instala\u00e7\u00e3o<\/strong> e <strong>benef\u00edcios a longo prazo<\/strong>, o <strong>Balancim Ford Zetec Rocam 1.0 \/ 1.6 8V (SGA04MT)<\/strong> \u00e9 a solu\u00e7\u00e3o certa para quem busca qualidade e confiabilidade no sistema de v\u00e1lvulas do motor.<\/p>\n<p>Adquira agora o seu <strong>Balancim Ford Zetec Rocam 1.0 \/ 1.6 8V (SGA04MT)<\/strong> e mantenha seu motor funcionando com a m\u00e1xima performance. Para mais informa\u00e7\u00f5es ou para efetuar a compra, entre em contato conosco ou acesse nossa loja online.<\/p>\n<\/div>\n<\/div>\n<\/div>\n<\/div>\n<div class=\"mb-2 flex gap-3 empty:hidden -ml-2\">\n<div class=\"items-center justify-start rounded-xl p-1 flex\">\n<div class=\"flex items-center\"><\/div>\n<\/div>\n<\/div>\n<div class=\"pr-2 lg:pr-0\"><\/div>\n<div class=\"mt-3 w-full empty:hidden\">\n<div class=\"text-center\"><\/div>\n<\/div>\n<\/div>\n<div class=\"absolute\">\n<div class=\"flex items-center justify-center\"><\/div>\n<\/div>\n<\/div>\n<\/div>\n<\/div>\n<\/article>\n<\/div>\n<\/div>\n<\/div>\n<\/div>\n<\/div>\n<div class=\"md:pt-0 dark:border-white\/20 md:border-transparent md:dark:border-transparent w-full\">\n<div>\n<div class=\"m-auto text-base px-3 md:px-4 w-full md:px-5 lg:px-4 xl:px-5\">\n<div class=\"mx-auto flex flex-1 gap-4 text-base md:gap-5 lg:gap-6 md:max-w-3xl\">\n<div class=\"flex justify-center\"><\/div>\n<\/div>\n<\/div>\n<\/div>\n<\/div>\n","protected":false},"excerpt":{"rendered":"<p>BALANCIM FORD ZETEC ROCAM 1.0 \/ 1.6 8V \u2013 (SGA04MT) \u2013 {8 units} The Balancim Ford Zetec Rocam 1.0 \/<\/p>","protected":false},"featured_media":12843,"comment_status":"open","ping_status":"closed","template":"","meta":[],"product_cat":[940],"product_tag":[],"class_list":["post-12844","product","type-product","status-publish","has-post-thumbnail","hentry","product_cat-balancim"],"_links":{"self":[{"href":"https:\/\/q3autoimports.com.br\/en\/wp-json\/wp\/v2\/product\/12844","targetHints":{"allow":["GET"]}}],"collection":[{"href":"https:\/\/q3autoimports.com.br\/en\/wp-json\/wp\/v2\/product"}],"about":[{"href":"https:\/\/q3autoimports.com.br\/en\/wp-json\/wp\/v2\/types\/product"}],"replies":[{"embeddable":true,"href":"https:\/\/q3autoimports.com.br\/en\/wp-json\/wp\/v2\/comments?post=12844"}],"wp:featuredmedia":[{"embeddable":true,"href":"https:\/\/q3autoimports.com.br\/en\/wp-json\/wp\/v2\/media\/12843"}],"wp:attachment":[{"href":"https:\/\/q3autoimports.com.br\/en\/wp-json\/wp\/v2\/media?parent=12844"}],"wp:term":[{"taxonomy":"product_cat","embeddable":true,"href":"https:\/\/q3autoimports.com.br\/en\/wp-json\/wp\/v2\/product_cat?post=12844"},{"taxonomy":"product_tag","embeddable":true,"href":"https:\/\/q3autoimports.com.br\/en\/wp-json\/wp\/v2\/product_tag?post=12844"}],"curies":[{"name":"wp","href":"https:\/\/api.w.org\/{rel}","templated":true}]}}