{"id":13059,"date":"2024-06-21T13:47:02","date_gmt":"2024-06-21T13:47:02","guid":{"rendered":"https:\/\/q3autoimports.com.br\/comando-ford-zetec-rocam-1-6-8v-flex-ll-3-leitores-520410301\/"},"modified":"2026-04-24T10:15:52","modified_gmt":"2026-04-24T13:15:52","slug":"ford-zetec-rocam-1-6-8v-flex-ii-3-reader-remote-control-520410301","status":"publish","type":"product","link":"https:\/\/q3autoimports.com.br\/en\/ford-zetec-rocam-1-6-8v-flex-ii-3-reader-remote-control-520410301\/","title":{"rendered":"FORD ZETEC ROCAM 1.6 8V FLEX (LL) CONTROL \u2013 (3 READERS) (520410301)"},"content":{"rendered":"<div class=\"flex max-w-full flex-col flex-grow\">\n<div class=\"min-h-8 text-message flex w-full flex-col items-end gap-2 whitespace-normal break-words [.text-message+&amp;]:mt-5\" dir=\"auto\" data-message-author-role=\"assistant\" data-message-id=\"7e552965-bff7-4e24-bc6a-bb4a542fb932\" data-message-model-slug=\"gpt-4o\">\n<div class=\"flex w-full flex-col gap-1 empty:hidden first:pt-[3px]\">\n<div class=\"markdown prose w-full break-words dark:prose-invert dark\">\n<h2><strong>Comando de V\u00e1lvulas Zetec Rocam 1.6 8V Flex \u2013 3 Pontas \u2013 Pe\u00e7a Nova<\/strong><\/h2>\n<p>O <em>Comando de V\u00e1lvulas Zetec Rocam 1.6 8V Flex<\/em> \u00e9 uma pe\u00e7a nova e de alta qualidade, projetada para atender \u00e0s especifica\u00e7\u00f5es do motor original Ford, garantindo o melhor desempenho e durabilidade. Este comando \u00e9 perfeito para manuten\u00e7\u00e3o e reposi\u00e7\u00e3o, assegurando a opera\u00e7\u00e3o eficiente do seu motor. Com fabrica\u00e7\u00e3o de precis\u00e3o, o comando oferece confiabilidade e atende aos mais rigorosos padr\u00f5es de qualidade, ideal para ve\u00edculos com motores Zetec Rocam 1.6 8V Flex. A instala\u00e7\u00e3o deve ser feita por um profissional qualificado para evitar problemas futuros e garantir que o desempenho do motor seja otimizado.<\/p>\n<h3>Especifica\u00e7\u00f5es do Comando de V\u00e1lvulas Zetec Rocam 1.6 8V Flex<\/h3>\n<ul>\n<li><strong>C\u00f3digo de Refer\u00eancia<\/strong>: CGD50CA, 9S5G-6250-CA, SB50CA, AL340200-1<\/li>\n<li><strong>Compatibilidade<\/strong>: Compat\u00edvel com uma ampla linha de ve\u00edculos Ford<\/li>\n<li><strong>Condi\u00e7\u00e3o<\/strong>: Pe\u00e7a nova, pronta para instala\u00e7\u00e3o<\/li>\n<\/ul>\n<h3>Modelos Compat\u00edveis com o Comando de V\u00e1lvulas Zetec Rocam 1.6 8V Flex<\/h3>\n<p>Este comando de v\u00e1lvulas atende aos cabe\u00e7otes dos seguintes modelos Ford, trazendo performance confi\u00e1vel e longa durabilidade:<\/p>\n<p><strong>Ford Fiesta Sedan (Zetec Flex 1.6 8V)<\/strong><\/p>\n<ul>\n<li>Anos de aplica\u00e7\u00e3o: 2004, 2005, 2006, 2007, 2008, 2009, 2010<\/li>\n<\/ul>\n<p><strong>Ford Courier (Zetec Flex 1.6 8V)<\/strong><\/p>\n<ul>\n<li>Anos de aplica\u00e7\u00e3o: 2008, 2009, 2010, 2011, 2012, 2013<\/li>\n<\/ul>\n<p><strong>Ford EcoSport (Zetec Flex 1.6 8V)<\/strong><\/p>\n<ul>\n<li>Anos de aplica\u00e7\u00e3o: 2005, 2006, 2007, 2008, 2010, 2011, 2012<\/li>\n<\/ul>\n<p><strong>Ford Ka (Zetec Flex 1.6 8V)<\/strong><\/p>\n<ul>\n<li>Anos de aplica\u00e7\u00e3o: 2007, 2008, 2009, 2010, 2011, 2012<\/li>\n<\/ul>\n<p><strong>Ford Focus (Zetec Flex 1.6 8V)<\/strong><\/p>\n<ul>\n<li>Anos de aplica\u00e7\u00e3o: 2007, 2008, 2009, 2010, 2011<\/li>\n<\/ul>\n<p>O <em>Comando de V\u00e1lvulas Zetec Rocam 1.6 8V Flex<\/em> \u00e9 especialmente \u00fatil para esses modelos, garantindo um funcionamento suave e prolongado do motor.<\/p>\n<h3>Vantagens do Comando de V\u00e1lvulas Zetec Rocam 1.6 8V Flex<\/h3>\n<ul>\n<li><strong>Durabilidade e Precis\u00e3o<\/strong>: Projetado para oferecer longa vida \u00fatil e resist\u00eancia, esse comando de v\u00e1lvulas mant\u00e9m a performance do motor, aumentando a confiabilidade e evitando falhas.<\/li>\n<li><strong>Performance Original<\/strong>: A pe\u00e7a \u00e9 fiel aos padr\u00f5es originais da Ford, preservando a efici\u00eancia de f\u00e1brica do seu motor.<\/li>\n<li><strong>Pe\u00e7a Nova e Garantida<\/strong>: Produto novo, com 3 meses de garantia e nota fiscal, dando a seguran\u00e7a de uma compra de qualidade.<\/li>\n<\/ul>\n<h3>Garantia e Envio do Comando de V\u00e1lvulas<\/h3>\n<p>Na <strong>Q3 Auto Imports<\/strong>, garantimos o envio imediato deste comando de v\u00e1lvulas. Para pedidos confirmados at\u00e9 as 15h, o envio \u00e9 feito no mesmo dia, oferecendo rapidez e seguran\u00e7a. Com uma garantia de 3 meses, voc\u00ea tem a tranquilidade de adquirir uma pe\u00e7a que mant\u00e9m o padr\u00e3o de f\u00e1brica.<\/p>\n<h3>Dicas de Instala\u00e7\u00e3o e Cuidados<\/h3>\n<p>Para garantir que o <em>comando de v\u00e1lvulas Zetec Rocam 1.6 8V Flex<\/em> funcione com m\u00e1xima efici\u00eancia, verifique todas as especifica\u00e7\u00f5es antes da compra e compare as fotos com a pe\u00e7a antiga. As imagens apresentadas no an\u00fancio s\u00e3o reais, sem edi\u00e7\u00e3o, para facilitar a compara\u00e7\u00e3o. Lembre-se: a instala\u00e7\u00e3o deve ser realizada por um profissional qualificado, assegurando o desempenho esperado e evitando poss\u00edveis problemas.<\/p>\n<h3>Sobre a Q3 Auto Imports<\/h3>\n<p>A <strong>Q3 Auto Imports<\/strong> \u00e9 refer\u00eancia no setor automotivo, com especializa\u00e7\u00e3o em pe\u00e7as para cabe\u00e7otes e componentes de alta qualidade. Com mais de 25 anos de experi\u00eancia, nos destacamos pela seriedade e excel\u00eancia em atender nossos clientes. Trabalhamos exclusivamente com pe\u00e7as novas, sempre acompanhadas de garantia e nota fiscal, proporcionando seguran\u00e7a e qualidade nas compras.<\/p>\n<h3>Garanta o Seu Comando de V\u00e1lvulas Zetec Rocam 1.6 8V Flex Hoje Mesmo!<\/h3>\n<p>Ao escolher o <em>Comando de V\u00e1lvulas Zetec Rocam 1.6 8V Flex<\/em>, voc\u00ea adquire uma pe\u00e7a confi\u00e1vel que manter\u00e1 o desempenho do seu motor, prolongando sua vida \u00fatil. Fa\u00e7a seu pedido agora mesmo na Q3 Auto Imports e desfrute de uma experi\u00eancia de compra segura e \u00e1gil!<\/p>\n<\/div>\n<\/div>\n<\/div>\n<\/div>\n<div class=\"mb-2 flex gap-3 empty:hidden -ml-2\">\n<div class=\"items-center justify-start rounded-xl p-1 flex\">\n<div class=\"flex items-center\"><button class=\"rounded-lg text-token-text-secondary hover:bg-token-main-surface-secondary\" aria-label=\"Read aloud\" data-testid=\"voice-play-turn-action-button\"><\/button><button class=\"rounded-lg text-token-text-secondary hover:bg-token-main-surface-secondary\" aria-label=\"Copiar\" data-testid=\"copy-turn-action-button\"><\/button><\/p>\n<div class=\"flex\"><\/div>\n<div class=\"flex items-center pb-0\"><span class=\"overflow-hidden text-clip whitespace-nowrap text-sm\">4o<\/span><\/div>\n<\/div>\n<\/div>\n<\/div>\n","protected":false},"excerpt":{"rendered":"<p>Zetec Rocam Valve Control 1.6 8V Flex \u2013 3 Tips \u2013 New Part Zetec Rocam Valve Control<\/p>","protected":false},"featured_media":13058,"comment_status":"open","ping_status":"closed","template":"","meta":[],"product_cat":[122],"product_tag":[],"class_list":["post-13059","product","type-product","status-publish","has-post-thumbnail","hentry","product_cat-comando-de-valvulas"],"_links":{"self":[{"href":"https:\/\/q3autoimports.com.br\/en\/wp-json\/wp\/v2\/product\/13059","targetHints":{"allow":["GET"]}}],"collection":[{"href":"https:\/\/q3autoimports.com.br\/en\/wp-json\/wp\/v2\/product"}],"about":[{"href":"https:\/\/q3autoimports.com.br\/en\/wp-json\/wp\/v2\/types\/product"}],"replies":[{"embeddable":true,"href":"https:\/\/q3autoimports.com.br\/en\/wp-json\/wp\/v2\/comments?post=13059"}],"wp:featuredmedia":[{"embeddable":true,"href":"https:\/\/q3autoimports.com.br\/en\/wp-json\/wp\/v2\/media\/13058"}],"wp:attachment":[{"href":"https:\/\/q3autoimports.com.br\/en\/wp-json\/wp\/v2\/media?parent=13059"}],"wp:term":[{"taxonomy":"product_cat","embeddable":true,"href":"https:\/\/q3autoimports.com.br\/en\/wp-json\/wp\/v2\/product_cat?post=13059"},{"taxonomy":"product_tag","embeddable":true,"href":"https:\/\/q3autoimports.com.br\/en\/wp-json\/wp\/v2\/product_tag?post=13059"}],"curies":[{"name":"wp","href":"https:\/\/api.w.org\/{rel}","templated":true}]}}