{"id":16527,"date":"2026-02-25T13:42:37","date_gmt":"2026-02-25T13:42:37","guid":{"rendered":"https:\/\/q3autoimports.com.br\/?post_type=product&#038;p=16527"},"modified":"2026-02-25T16:42:50","modified_gmt":"2026-02-25T16:42:50","slug":"cabecote-renault-1-6-16v-k4m-danielly-25-02-26","status":"publish","type":"product","link":"https:\/\/q3autoimports.com.br\/en\/cabecote-renault-1-6-16v-k4m-danielly-25-02-26\/","title":{"rendered":"CABE\u00c7OTE RENAULT 1.6 16V K4M &#8211; DANIELLY &#8211; 25\/02\/26"},"content":{"rendered":"<p>PE\u00c7A: CABE\u00c7OTE RENAULT 1.6 16V K4M<br \/>\nVALOR DAS PE\u00c7AS: R$ 2.800,00<br \/>\nFRETE : VAI SER PAGO NO PIX\/DINHEIRO<br \/>\nCLIENTE: Ricardo de Viveiros Rodrigues<br \/>\nCPF: 269.082.788-32<br \/>\nTOTAL : R$ 2.800,00<br \/>\nSELLER: DANIELLY<\/p>","protected":false},"excerpt":{"rendered":"<p>PE\u00c7A: CABE\u00c7OTE RENAULT 1.6 16V K4M VALOR DAS PE\u00c7AS: R$ 2.800,00 FRETE : VAI SER PAGO NO PIX\/DINHEIRO CLIENTE: Ricardo<\/p>","protected":false},"featured_media":14516,"comment_status":"open","ping_status":"closed","template":"","meta":[],"product_cat":[954],"product_tag":[],"class_list":["post-16527","product","type-product","status-publish","has-post-thumbnail","hentry","product_cat-vender"],"_links":{"self":[{"href":"https:\/\/q3autoimports.com.br\/en\/wp-json\/wp\/v2\/product\/16527","targetHints":{"allow":["GET"]}}],"collection":[{"href":"https:\/\/q3autoimports.com.br\/en\/wp-json\/wp\/v2\/product"}],"about":[{"href":"https:\/\/q3autoimports.com.br\/en\/wp-json\/wp\/v2\/types\/product"}],"replies":[{"embeddable":true,"href":"https:\/\/q3autoimports.com.br\/en\/wp-json\/wp\/v2\/comments?post=16527"}],"wp:featuredmedia":[{"embeddable":true,"href":"https:\/\/q3autoimports.com.br\/en\/wp-json\/wp\/v2\/media\/14516"}],"wp:attachment":[{"href":"https:\/\/q3autoimports.com.br\/en\/wp-json\/wp\/v2\/media?parent=16527"}],"wp:term":[{"taxonomy":"product_cat","embeddable":true,"href":"https:\/\/q3autoimports.com.br\/en\/wp-json\/wp\/v2\/product_cat?post=16527"},{"taxonomy":"product_tag","embeddable":true,"href":"https:\/\/q3autoimports.com.br\/en\/wp-json\/wp\/v2\/product_tag?post=16527"}],"curies":[{"name":"wp","href":"https:\/\/api.w.org\/{rel}","templated":true}]}}