{"id":16542,"date":"2026-02-27T13:41:06","date_gmt":"2026-02-27T13:41:06","guid":{"rendered":"https:\/\/q3autoimports.com.br\/?post_type=product&#038;p=16542"},"modified":"2026-02-27T16:42:54","modified_gmt":"2026-02-27T16:42:54","slug":"power-1-6-8v-comando-valvulas-tuchos-balancins-danielly-26-02-26","status":"publish","type":"product","link":"https:\/\/q3autoimports.com.br\/en\/power-1-6-8v-comando-valvulas-tuchos-balancins-danielly-26-02-26\/","title":{"rendered":"POWER 1.6 8V + COMANDO + V\u00c1LVULAS + TUCHOS + BALANCINS  &#8211; DANIELLY &#8211; 26\/02\/26"},"content":{"rendered":"<p>PE\u00c7A: CABE\u00c7OTEW FIRE D24 7MM + V\u00c1LVULAS + COMANDO + KIT JUNTA FIBRA<br \/>\nVALOR DAS PE\u00c7AS: R$ 2.441,48<br \/>\nFRETE : PAC R$ 218,31<br \/>\nCLIENTE: EXCELLENCE AUTO SERVICE LTDA<br \/>\nCPF: 47.842.932\/0001-45<br \/>\nTOTAL : R$ 2.659,31<br \/>\nSELLER: DANIELLY<\/p>","protected":false},"excerpt":{"rendered":"<p>PE\u00c7A: CABE\u00c7OTEW FIRE D24 7MM + V\u00c1LVULAS + COMANDO + KIT JUNTA FIBRA VALOR DAS PE\u00c7AS: R$ 2.441,48 FRETE :<\/p>","protected":false},"featured_media":14516,"comment_status":"open","ping_status":"closed","template":"","meta":[],"product_cat":[954],"product_tag":[],"class_list":["post-16542","product","type-product","status-publish","has-post-thumbnail","hentry","product_cat-vender"],"_links":{"self":[{"href":"https:\/\/q3autoimports.com.br\/en\/wp-json\/wp\/v2\/product\/16542","targetHints":{"allow":["GET"]}}],"collection":[{"href":"https:\/\/q3autoimports.com.br\/en\/wp-json\/wp\/v2\/product"}],"about":[{"href":"https:\/\/q3autoimports.com.br\/en\/wp-json\/wp\/v2\/types\/product"}],"replies":[{"embeddable":true,"href":"https:\/\/q3autoimports.com.br\/en\/wp-json\/wp\/v2\/comments?post=16542"}],"wp:featuredmedia":[{"embeddable":true,"href":"https:\/\/q3autoimports.com.br\/en\/wp-json\/wp\/v2\/media\/14516"}],"wp:attachment":[{"href":"https:\/\/q3autoimports.com.br\/en\/wp-json\/wp\/v2\/media?parent=16542"}],"wp:term":[{"taxonomy":"product_cat","embeddable":true,"href":"https:\/\/q3autoimports.com.br\/en\/wp-json\/wp\/v2\/product_cat?post=16542"},{"taxonomy":"product_tag","embeddable":true,"href":"https:\/\/q3autoimports.com.br\/en\/wp-json\/wp\/v2\/product_tag?post=16542"}],"curies":[{"name":"wp","href":"https:\/\/api.w.org\/{rel}","templated":true}]}}