{"id":16603,"date":"2026-03-13T17:34:34","date_gmt":"2026-03-13T20:34:34","guid":{"rendered":"https:\/\/q3autoimports.com.br\/?post_type=product&#038;p=16603"},"modified":"2026-04-13T18:04:58","modified_gmt":"2026-04-13T21:04:58","slug":"cabecote-renault-1-6-16v-motor-k4m-anderlei-13-03-26","status":"publish","type":"product","link":"https:\/\/q3autoimports.com.br\/en\/cabecote-renault-1-6-16v-motor-k4m-anderlei-13-03-26\/","title":{"rendered":"CABE\u00c7OTE RENAULT 1.6 16V &#8211; MOTOR K4M &#8211; Anderlei &#8211; 13\/03\/26"},"content":{"rendered":"<p>PE\u00c7A: CABE\u00c7OTE RENAULT 1.6 16V &#8211; MOTOR K4M<br \/>\nVALOR DAS PE\u00c7AS: R$ 2.800,00<br \/>\nFRETE : SEDEX R$120,00<br \/>\nCLIENTE: AUTO MECANICA ZANIN LTDA<br \/>\nCPF: 07.472.779\/0001-97<br \/>\nTOTAL : R$ 2.920,00<br \/>\nSELLER: Anderlei<\/p>","protected":false},"excerpt":{"rendered":"<p>PE\u00c7A: CABE\u00c7OTE RENAULT 1.6 16V &#8211; MOTOR K4M VALOR DAS PE\u00c7AS: R$ 2.800,00 FRETE : SEDEX R$120,00 CLIENTE: AUTO MECANICA<\/p>","protected":false},"featured_media":14516,"comment_status":"open","ping_status":"closed","template":"","meta":[],"product_cat":[954],"product_tag":[],"class_list":["post-16603","product","type-product","status-publish","has-post-thumbnail","hentry","product_cat-vender"],"_links":{"self":[{"href":"https:\/\/q3autoimports.com.br\/en\/wp-json\/wp\/v2\/product\/16603","targetHints":{"allow":["GET"]}}],"collection":[{"href":"https:\/\/q3autoimports.com.br\/en\/wp-json\/wp\/v2\/product"}],"about":[{"href":"https:\/\/q3autoimports.com.br\/en\/wp-json\/wp\/v2\/types\/product"}],"replies":[{"embeddable":true,"href":"https:\/\/q3autoimports.com.br\/en\/wp-json\/wp\/v2\/comments?post=16603"}],"wp:featuredmedia":[{"embeddable":true,"href":"https:\/\/q3autoimports.com.br\/en\/wp-json\/wp\/v2\/media\/14516"}],"wp:attachment":[{"href":"https:\/\/q3autoimports.com.br\/en\/wp-json\/wp\/v2\/media?parent=16603"}],"wp:term":[{"taxonomy":"product_cat","embeddable":true,"href":"https:\/\/q3autoimports.com.br\/en\/wp-json\/wp\/v2\/product_cat?post=16603"},{"taxonomy":"product_tag","embeddable":true,"href":"https:\/\/q3autoimports.com.br\/en\/wp-json\/wp\/v2\/product_tag?post=16603"}],"curies":[{"name":"wp","href":"https:\/\/api.w.org\/{rel}","templated":true}]}}