{"id":16610,"date":"2026-03-19T14:02:55","date_gmt":"2026-03-19T14:02:55","guid":{"rendered":"https:\/\/q3autoimports.com.br\/?post_type=product&#038;p=16610"},"modified":"2026-03-20T12:36:52","modified_gmt":"2026-03-20T12:36:52","slug":"02-cabecote-fire-d27-01-cabecote-power-1-0-tamires-20-03-26","status":"publish","type":"product","link":"https:\/\/q3autoimports.com.br\/en\/02-cabecote-fire-d27-01-cabecote-power-1-0-tamires-20-03-26\/","title":{"rendered":"02 &#8211; CABECOTE FIRE D27 + 01 &#8211; CABECOTE POWER 1.0 TAMIRES- 20\/03\/26"},"content":{"rendered":"<ul>\n<li>Vendedora: Tamires Cust\u00f3dio<\/li>\n<li>Cliente: Fabr\u00edcio Cezar Pinto<\/li>\n<li>Pe\u00e7a: 02 &#8211; CABECOTE FIRE D27 + 01 &#8211; CABECOTE POWER 1.0<\/li>\n<li>Valor: R$5.250,00<\/li>\n<li>Frete: Transportadora Rodonaves<\/li>\n<li>Valor total do link: R$5.250,00<\/li>\n<\/ul>","protected":false},"excerpt":{"rendered":"<p>Vendedora: Tamires Cust\u00f3dio Cliente: Fabr\u00edcio Cezar Pinto Pe\u00e7a: 02 &#8211; CABECOTE FIRE D27 + 01 &#8211; CABECOTE POWER 1.0 Valor:<\/p>","protected":false},"featured_media":14516,"comment_status":"open","ping_status":"closed","template":"","meta":[],"product_cat":[954],"product_tag":[],"class_list":["post-16610","product","type-product","status-publish","has-post-thumbnail","hentry","product_cat-vender"],"_links":{"self":[{"href":"https:\/\/q3autoimports.com.br\/en\/wp-json\/wp\/v2\/product\/16610","targetHints":{"allow":["GET"]}}],"collection":[{"href":"https:\/\/q3autoimports.com.br\/en\/wp-json\/wp\/v2\/product"}],"about":[{"href":"https:\/\/q3autoimports.com.br\/en\/wp-json\/wp\/v2\/types\/product"}],"replies":[{"embeddable":true,"href":"https:\/\/q3autoimports.com.br\/en\/wp-json\/wp\/v2\/comments?post=16610"}],"wp:featuredmedia":[{"embeddable":true,"href":"https:\/\/q3autoimports.com.br\/en\/wp-json\/wp\/v2\/media\/14516"}],"wp:attachment":[{"href":"https:\/\/q3autoimports.com.br\/en\/wp-json\/wp\/v2\/media?parent=16610"}],"wp:term":[{"taxonomy":"product_cat","embeddable":true,"href":"https:\/\/q3autoimports.com.br\/en\/wp-json\/wp\/v2\/product_cat?post=16610"},{"taxonomy":"product_tag","embeddable":true,"href":"https:\/\/q3autoimports.com.br\/en\/wp-json\/wp\/v2\/product_tag?post=16610"}],"curies":[{"name":"wp","href":"https:\/\/api.w.org\/{rel}","templated":true}]}}