{"id":16628,"date":"2026-03-27T13:21:06","date_gmt":"2026-03-27T13:21:06","guid":{"rendered":"https:\/\/q3autoimports.com.br\/?post_type=product&#038;p=16628"},"modified":"2026-03-27T17:39:14","modified_gmt":"2026-03-27T17:39:14","slug":"cabecote-ford-transit-2-4-16v-c-valvulas-ftr144cv-danielly-27-03-26","status":"publish","type":"product","link":"https:\/\/q3autoimports.com.br\/en\/cabecote-ford-transit-2-4-16v-c-valvulas-ftr144cv-danielly-27-03-26\/","title":{"rendered":"CABE\u00c7OTE FORD TRANSIT 2.4 16V C\/ VALVULAS (FTR144CV) &#8211; DANIELLY- 27\/03\/26"},"content":{"rendered":"<p>REQUEST FOR PAYMENT LINK ON WEBSITE<\/p>\n<ul>\n<li>PE\u00c7A: CABE\u00c7OTE FORD TRANSIT 2.4 16V C\/ VALVULAS (FTR144CV)<\/li>\n<li>VALOR DAS PE\u00c7AS: R$ 2.605,00<\/li>\n<li>FRETE : PAC R$ 245,56<\/li>\n<li>CLIENTE: GOMES GOUVEIA RETIFICA LTDA<\/li>\n<li>CPF: 10.892.281\/0001-98<\/li>\n<li>TOTAL: R$ 2.850,56<\/li>\n<li>SELLER: DANIELLY<\/li>\n<\/ul>","protected":false},"excerpt":{"rendered":"<p>SOLICITA\u00c7\u00c3O DE LINK PARA PAGAMENTO SITE PE\u00c7A: CABE\u00c7OTE FORD TRANSIT 2.4 16V C\/ VALVULAS (FTR144CV) VALOR DAS PE\u00c7AS: R$ 2.605,00<\/p>","protected":false},"featured_media":14516,"comment_status":"open","ping_status":"closed","template":"","meta":[],"product_cat":[954],"product_tag":[],"class_list":["post-16628","product","type-product","status-publish","has-post-thumbnail","hentry","product_cat-vender"],"_links":{"self":[{"href":"https:\/\/q3autoimports.com.br\/en\/wp-json\/wp\/v2\/product\/16628","targetHints":{"allow":["GET"]}}],"collection":[{"href":"https:\/\/q3autoimports.com.br\/en\/wp-json\/wp\/v2\/product"}],"about":[{"href":"https:\/\/q3autoimports.com.br\/en\/wp-json\/wp\/v2\/types\/product"}],"replies":[{"embeddable":true,"href":"https:\/\/q3autoimports.com.br\/en\/wp-json\/wp\/v2\/comments?post=16628"}],"wp:featuredmedia":[{"embeddable":true,"href":"https:\/\/q3autoimports.com.br\/en\/wp-json\/wp\/v2\/media\/14516"}],"wp:attachment":[{"href":"https:\/\/q3autoimports.com.br\/en\/wp-json\/wp\/v2\/media?parent=16628"}],"wp:term":[{"taxonomy":"product_cat","embeddable":true,"href":"https:\/\/q3autoimports.com.br\/en\/wp-json\/wp\/v2\/product_cat?post=16628"},{"taxonomy":"product_tag","embeddable":true,"href":"https:\/\/q3autoimports.com.br\/en\/wp-json\/wp\/v2\/product_tag?post=16628"}],"curies":[{"name":"wp","href":"https:\/\/api.w.org\/{rel}","templated":true}]}}