{"id":16629,"date":"2026-03-27T13:22:16","date_gmt":"2026-03-27T13:22:16","guid":{"rendered":"https:\/\/q3autoimports.com.br\/?post_type=product&#038;p=16629"},"modified":"2026-03-27T13:22:17","modified_gmt":"2026-03-27T13:22:17","slug":"cabecote-renault-1-6-16v-motor-k4m-tamires-27-03-26","status":"publish","type":"product","link":"https:\/\/q3autoimports.com.br\/en\/cabecote-renault-1-6-16v-motor-k4m-tamires-27-03-26\/","title":{"rendered":"CABE\u00c7OTE RENAULT 1.6 16V \u2013 MOTOR K4M &#8211; TAMIRES &#8211; 27\/03\/26"},"content":{"rendered":"<p>Vendedora: Tamires Cust\u00f3dio<br \/>\nCliente: Jorge Gustavo dos Santos Ananias<br \/>\nPe\u00e7a: CABE\u00c7OTE RENAULT 1.6 16V \u2013 MOTOR K4M<br \/>\nValor: R$3500,00<br \/>\nFrete: R$185,00<br \/>\nValor total do link: R$3.685,00<\/p>","protected":false},"excerpt":{"rendered":"<p>Vendedora: Tamires Cust\u00f3dio Cliente: Jorge Gustavo dos Santos Ananias Pe\u00e7a: CABE\u00c7OTE RENAULT 1.6 16V \u2013 MOTOR K4M Valor: R$3500,00 Frete:<\/p>","protected":false},"featured_media":14516,"comment_status":"open","ping_status":"closed","template":"","meta":[],"product_cat":[954],"product_tag":[],"class_list":["post-16629","product","type-product","status-publish","has-post-thumbnail","hentry","product_cat-vender"],"_links":{"self":[{"href":"https:\/\/q3autoimports.com.br\/en\/wp-json\/wp\/v2\/product\/16629","targetHints":{"allow":["GET"]}}],"collection":[{"href":"https:\/\/q3autoimports.com.br\/en\/wp-json\/wp\/v2\/product"}],"about":[{"href":"https:\/\/q3autoimports.com.br\/en\/wp-json\/wp\/v2\/types\/product"}],"replies":[{"embeddable":true,"href":"https:\/\/q3autoimports.com.br\/en\/wp-json\/wp\/v2\/comments?post=16629"}],"wp:featuredmedia":[{"embeddable":true,"href":"https:\/\/q3autoimports.com.br\/en\/wp-json\/wp\/v2\/media\/14516"}],"wp:attachment":[{"href":"https:\/\/q3autoimports.com.br\/en\/wp-json\/wp\/v2\/media?parent=16629"}],"wp:term":[{"taxonomy":"product_cat","embeddable":true,"href":"https:\/\/q3autoimports.com.br\/en\/wp-json\/wp\/v2\/product_cat?post=16629"},{"taxonomy":"product_tag","embeddable":true,"href":"https:\/\/q3autoimports.com.br\/en\/wp-json\/wp\/v2\/product_tag?post=16629"}],"curies":[{"name":"wp","href":"https:\/\/api.w.org\/{rel}","templated":true}]}}