{"id":16633,"date":"2026-03-30T12:30:36","date_gmt":"2026-03-30T12:30:36","guid":{"rendered":"https:\/\/q3autoimports.com.br\/?post_type=product&#038;p=16633"},"modified":"2026-03-30T12:39:55","modified_gmt":"2026-03-30T12:39:55","slug":"cabecote-hyundai-hb20-1-0-3cc-camila-30-03-26","status":"publish","type":"product","link":"https:\/\/q3autoimports.com.br\/en\/cabecote-hyundai-hb20-1-0-3cc-camila-30-03-26\/","title":{"rendered":"CABE\u00c7OTE HYUNDAI HB20 1.0 3CC &#8211; CAMILA &#8211; 30\/03\/26"},"content":{"rendered":"<p>PE\u00c7A: CABE\u00c7OTE HYUNDAI HB20 1.0 3CC<br \/>\nPRICE OF PARTS: R$ 1,800.00<br \/>\nSHIPPING: SEDEX R$80.00<br \/>\nCLIENTE: VRC- SERVICOS MECANICOS LTDA<br \/>\nCPF: 05332534000139<br \/>\nTOTAL : R$ 1.880,00<br \/>\nSELLER: CAMILA<\/p>","protected":false},"excerpt":{"rendered":"<p>PE\u00c7A: CABE\u00c7OTE HYUNDAI HB20 1.0 3CC VALOR DAS PE\u00c7AS: R$ 1.800,00 FRETE : SEDEX R$80,00 CLIENTE: VRC- SERVICOS MECANICOS LTDA<\/p>","protected":false},"featured_media":14516,"comment_status":"open","ping_status":"closed","template":"","meta":[],"product_cat":[954],"product_tag":[],"class_list":["post-16633","product","type-product","status-publish","has-post-thumbnail","hentry","product_cat-vender"],"_links":{"self":[{"href":"https:\/\/q3autoimports.com.br\/en\/wp-json\/wp\/v2\/product\/16633","targetHints":{"allow":["GET"]}}],"collection":[{"href":"https:\/\/q3autoimports.com.br\/en\/wp-json\/wp\/v2\/product"}],"about":[{"href":"https:\/\/q3autoimports.com.br\/en\/wp-json\/wp\/v2\/types\/product"}],"replies":[{"embeddable":true,"href":"https:\/\/q3autoimports.com.br\/en\/wp-json\/wp\/v2\/comments?post=16633"}],"wp:featuredmedia":[{"embeddable":true,"href":"https:\/\/q3autoimports.com.br\/en\/wp-json\/wp\/v2\/media\/14516"}],"wp:attachment":[{"href":"https:\/\/q3autoimports.com.br\/en\/wp-json\/wp\/v2\/media?parent=16633"}],"wp:term":[{"taxonomy":"product_cat","embeddable":true,"href":"https:\/\/q3autoimports.com.br\/en\/wp-json\/wp\/v2\/product_cat?post=16633"},{"taxonomy":"product_tag","embeddable":true,"href":"https:\/\/q3autoimports.com.br\/en\/wp-json\/wp\/v2\/product_tag?post=16633"}],"curies":[{"name":"wp","href":"https:\/\/api.w.org\/{rel}","templated":true}]}}