{"id":16639,"date":"2026-03-31T14:55:40","date_gmt":"2026-03-31T14:55:40","guid":{"rendered":"https:\/\/q3autoimports.com.br\/?post_type=product&#038;p=16639"},"modified":"2026-04-02T15:44:22","modified_gmt":"2026-04-02T15:44:22","slug":"cabecote-power-1-6-8v-ea111-1-comando-ag-8-valvulas-novas-8-retentores-danielly-31-03-26","status":"publish","type":"product","link":"https:\/\/q3autoimports.com.br\/en\/cabecote-power-1-6-8v-ea111-1-comando-ag-8-valvulas-novas-8-retentores-danielly-31-03-26\/","title":{"rendered":"CABE\u00c7OTE POWER 1.6 8V EA111 + 1 COMANDO AG + 8 V\u00c1LVULAS NOVAS + 8 RETENTORES DANIELLY &#8211; 31\/03\/26"},"content":{"rendered":"<p>REQUEST FOR PAYMENT LINK ON WEBSITE<\/p>\n<ul>\n<li>PE\u00c7A: CABE\u00c7OTE POWER 1.6 8V EA111 + 1 COMANDO AG + 8 V\u00c1LVULAS NOVAS + 8 RETENTORES<\/li>\n<li>VALOR DAS PE\u00c7AS: R$ 2.318,00<\/li>\n<li>FRETE : SEDEX R$ 80,00<\/li>\n<li>CLIENTE: BRUNO SALATIEL ALVES DE BARROS<\/li>\n<li>CPF: 228.442.158-07<\/li>\n<li>TOTAL : R$ 2.398,00<\/li>\n<li>SELLER: DANIELLY<\/li>\n<\/ul>","protected":false},"excerpt":{"rendered":"<p>SOLICITA\u00c7\u00c3O DE LINK PARA PAGAMENTO SITE PE\u00c7A: CABE\u00c7OTE POWER 1.6 8V EA111 + 1 COMANDO AG + 8 V\u00c1LVULAS NOVAS<\/p>","protected":false},"featured_media":14516,"comment_status":"open","ping_status":"closed","template":"","meta":[],"product_cat":[954],"product_tag":[],"class_list":["post-16639","product","type-product","status-publish","has-post-thumbnail","hentry","product_cat-vender"],"_links":{"self":[{"href":"https:\/\/q3autoimports.com.br\/en\/wp-json\/wp\/v2\/product\/16639","targetHints":{"allow":["GET"]}}],"collection":[{"href":"https:\/\/q3autoimports.com.br\/en\/wp-json\/wp\/v2\/product"}],"about":[{"href":"https:\/\/q3autoimports.com.br\/en\/wp-json\/wp\/v2\/types\/product"}],"replies":[{"embeddable":true,"href":"https:\/\/q3autoimports.com.br\/en\/wp-json\/wp\/v2\/comments?post=16639"}],"wp:featuredmedia":[{"embeddable":true,"href":"https:\/\/q3autoimports.com.br\/en\/wp-json\/wp\/v2\/media\/14516"}],"wp:attachment":[{"href":"https:\/\/q3autoimports.com.br\/en\/wp-json\/wp\/v2\/media?parent=16639"}],"wp:term":[{"taxonomy":"product_cat","embeddable":true,"href":"https:\/\/q3autoimports.com.br\/en\/wp-json\/wp\/v2\/product_cat?post=16639"},{"taxonomy":"product_tag","embeddable":true,"href":"https:\/\/q3autoimports.com.br\/en\/wp-json\/wp\/v2\/product_tag?post=16639"}],"curies":[{"name":"wp","href":"https:\/\/api.w.org\/{rel}","templated":true}]}}