{"id":16641,"date":"2026-04-02T15:28:21","date_gmt":"2026-04-02T15:28:21","guid":{"rendered":"https:\/\/q3autoimports.com.br\/?post_type=product&#038;p=16641"},"modified":"2026-04-02T16:51:23","modified_gmt":"2026-04-02T19:51:23","slug":"cabecote-renault-1-0-16v-motor-d4d-com-sensor-danielly-02-04-26","status":"publish","type":"product","link":"https:\/\/q3autoimports.com.br\/en\/cabecote-renault-1-0-16v-motor-d4d-com-sensor-danielly-02-04-26\/","title":{"rendered":"CABE\u00c7OTE RENAULT 1.0 16V MOTOR D4D COM SENSOR &#8211; DANIELLY &#8211; 02\/04\/26"},"content":{"rendered":"<p>PE\u00c7A: CABE\u00c7OTE RENAULT 1.0 16V MOTOR D4D COM SENSOR<br \/>\nVALUE OF PARTS: R$ 2,000.00<br \/>\nFRETE : RODONAVES R$ 107,48<br \/>\nCLIENTE: 55.633.894 TERESINHA BORNHOLDT DE MELLO<br \/>\nCPF: 55633894\/0001-49<br \/>\nTOTAL : R$ 2.107,48<br \/>\nSELLER: DANIELLY<\/p>","protected":false},"excerpt":{"rendered":"<p>PE\u00c7A: CABE\u00c7OTE RENAULT 1.0 16V MOTOR D4D COM SENSOR VALOR DAS PE\u00c7AS: R$ 2.000,00 FRETE : RODONAVES R$ 107,48 CLIENTE:<\/p>","protected":false},"featured_media":14516,"comment_status":"open","ping_status":"closed","template":"","meta":[],"product_cat":[954],"product_tag":[],"class_list":["post-16641","product","type-product","status-publish","has-post-thumbnail","hentry","product_cat-vender"],"_links":{"self":[{"href":"https:\/\/q3autoimports.com.br\/en\/wp-json\/wp\/v2\/product\/16641","targetHints":{"allow":["GET"]}}],"collection":[{"href":"https:\/\/q3autoimports.com.br\/en\/wp-json\/wp\/v2\/product"}],"about":[{"href":"https:\/\/q3autoimports.com.br\/en\/wp-json\/wp\/v2\/types\/product"}],"replies":[{"embeddable":true,"href":"https:\/\/q3autoimports.com.br\/en\/wp-json\/wp\/v2\/comments?post=16641"}],"wp:featuredmedia":[{"embeddable":true,"href":"https:\/\/q3autoimports.com.br\/en\/wp-json\/wp\/v2\/media\/14516"}],"wp:attachment":[{"href":"https:\/\/q3autoimports.com.br\/en\/wp-json\/wp\/v2\/media?parent=16641"}],"wp:term":[{"taxonomy":"product_cat","embeddable":true,"href":"https:\/\/q3autoimports.com.br\/en\/wp-json\/wp\/v2\/product_cat?post=16641"},{"taxonomy":"product_tag","embeddable":true,"href":"https:\/\/q3autoimports.com.br\/en\/wp-json\/wp\/v2\/product_tag?post=16641"}],"curies":[{"name":"wp","href":"https:\/\/api.w.org\/{rel}","templated":true}]}}