{"id":16650,"date":"2026-04-08T10:00:08","date_gmt":"2026-04-08T13:00:08","guid":{"rendered":"https:\/\/q3autoimports.com.br\/?post_type=product&#038;p=16650"},"modified":"2026-04-08T10:00:09","modified_gmt":"2026-04-08T13:00:09","slug":"cabecote-ford-duratec-2-0-16v-tamires-08-04-26","status":"publish","type":"product","link":"https:\/\/q3autoimports.com.br\/en\/cabecote-ford-duratec-2-0-16v-tamires-08-04-26\/","title":{"rendered":"Cabe\u00e7ote Ford Duratec 2.0 16V &#8211; TAMIRES &#8211; 08\/04\/26"},"content":{"rendered":"<p>Vendedora: Tamires Cust\u00f3dio<br \/>\nCliente: Rodrigo &#8211; Rei dos cabe\u00e7otes<br \/>\nPe\u00e7a: Cabe\u00e7ote Ford Duratec 2.0 16V<br \/>\nValor: R$2.000,00<br \/>\nFrete: Transp Setex<br \/>\nValor total do link: R$2.000,00<\/p>","protected":false},"excerpt":{"rendered":"<p>Vendedora: Tamires Cust\u00f3dio Cliente: Rodrigo &#8211; Rei dos cabe\u00e7otes Pe\u00e7a: Cabe\u00e7ote Ford Duratec 2.0 16V Valor: R$2.000,00 Frete: Transp Setex<\/p>","protected":false},"featured_media":14516,"comment_status":"open","ping_status":"closed","template":"","meta":[],"product_cat":[954],"product_tag":[],"class_list":["post-16650","product","type-product","status-publish","has-post-thumbnail","hentry","product_cat-vender"],"_links":{"self":[{"href":"https:\/\/q3autoimports.com.br\/en\/wp-json\/wp\/v2\/product\/16650","targetHints":{"allow":["GET"]}}],"collection":[{"href":"https:\/\/q3autoimports.com.br\/en\/wp-json\/wp\/v2\/product"}],"about":[{"href":"https:\/\/q3autoimports.com.br\/en\/wp-json\/wp\/v2\/types\/product"}],"replies":[{"embeddable":true,"href":"https:\/\/q3autoimports.com.br\/en\/wp-json\/wp\/v2\/comments?post=16650"}],"wp:featuredmedia":[{"embeddable":true,"href":"https:\/\/q3autoimports.com.br\/en\/wp-json\/wp\/v2\/media\/14516"}],"wp:attachment":[{"href":"https:\/\/q3autoimports.com.br\/en\/wp-json\/wp\/v2\/media?parent=16650"}],"wp:term":[{"taxonomy":"product_cat","embeddable":true,"href":"https:\/\/q3autoimports.com.br\/en\/wp-json\/wp\/v2\/product_cat?post=16650"},{"taxonomy":"product_tag","embeddable":true,"href":"https:\/\/q3autoimports.com.br\/en\/wp-json\/wp\/v2\/product_tag?post=16650"}],"curies":[{"name":"wp","href":"https:\/\/api.w.org\/{rel}","templated":true}]}}