{"id":16671,"date":"2026-04-10T09:05:48","date_gmt":"2026-04-10T12:05:48","guid":{"rendered":"https:\/\/q3autoimports.com.br\/?post_type=product&#038;p=16671"},"modified":"2026-04-10T09:28:22","modified_gmt":"2026-04-10T12:28:22","slug":"cabecote-zetec-1-6-8v-flex-camila-10-04-26","status":"publish","type":"product","link":"https:\/\/q3autoimports.com.br\/en\/cabecote-zetec-1-6-8v-flex-camila-10-04-26\/","title":{"rendered":"Cabe\u00e7ote zetec 1.6 8v flex &#8211; CAMILA &#8211; 10\/04\/26"},"content":{"rendered":"<p>PE\u00c7A: Cabe\u00e7ote zetec 1.6 8v flex<br \/>\nPRICE OF PARTS: R$ 1,800.00<br \/>\nSHIPPING: SEDEX R$80.00<br \/>\nCLIENTE: DANILO DA SILVA BARRO PECAS LTDA<br \/>\nCPF: 40515654000172<br \/>\nTOTAL : R$ 1.880,00<br \/>\nSALESWOMAN: CAMILA<\/p>","protected":false},"excerpt":{"rendered":"<p>PE\u00c7A: Cabe\u00e7ote zetec 1.6 8v flex VALOR DAS PE\u00c7AS: R$ 1.800,00 FRETE : SEDEX R$80,00 CLIENTE: DANILO DA SILVA BARRO<\/p>","protected":false},"featured_media":14516,"comment_status":"open","ping_status":"closed","template":"","meta":[],"product_cat":[954],"product_tag":[],"class_list":["post-16671","product","type-product","status-publish","has-post-thumbnail","hentry","product_cat-vender"],"_links":{"self":[{"href":"https:\/\/q3autoimports.com.br\/en\/wp-json\/wp\/v2\/product\/16671","targetHints":{"allow":["GET"]}}],"collection":[{"href":"https:\/\/q3autoimports.com.br\/en\/wp-json\/wp\/v2\/product"}],"about":[{"href":"https:\/\/q3autoimports.com.br\/en\/wp-json\/wp\/v2\/types\/product"}],"replies":[{"embeddable":true,"href":"https:\/\/q3autoimports.com.br\/en\/wp-json\/wp\/v2\/comments?post=16671"}],"wp:featuredmedia":[{"embeddable":true,"href":"https:\/\/q3autoimports.com.br\/en\/wp-json\/wp\/v2\/media\/14516"}],"wp:attachment":[{"href":"https:\/\/q3autoimports.com.br\/en\/wp-json\/wp\/v2\/media?parent=16671"}],"wp:term":[{"taxonomy":"product_cat","embeddable":true,"href":"https:\/\/q3autoimports.com.br\/en\/wp-json\/wp\/v2\/product_cat?post=16671"},{"taxonomy":"product_tag","embeddable":true,"href":"https:\/\/q3autoimports.com.br\/en\/wp-json\/wp\/v2\/product_tag?post=16671"}],"curies":[{"name":"wp","href":"https:\/\/api.w.org\/{rel}","templated":true}]}}