{"id":16673,"date":"2026-04-10T09:53:32","date_gmt":"2026-04-10T12:53:32","guid":{"rendered":"https:\/\/q3autoimports.com.br\/?post_type=product&#038;p=16673"},"modified":"2026-04-10T09:53:33","modified_gmt":"2026-04-10T12:53:33","slug":"cabecote-astra-2-0-8v-ano-2004-2005-rafael-10-04-26","status":"publish","type":"product","link":"https:\/\/q3autoimports.com.br\/en\/cabecote-astra-2-0-8v-ano-2004-2005-rafael-10-04-26\/","title":{"rendered":"Cabe\u00e7ote Astra 2.0 8v Ano 2004\/2005 &#8211; Rafael &#8211; 10\/04\/26"},"content":{"rendered":"<p>Cabe\u00e7ote Astra 2.0 8v Ano 2004\/2005 &#8211; Rafael &#8211; 10\/04\/26<br \/>\nCabe\u00e7ote Novo, pelado, sem pe\u00e7as<\/p>\n<p>Frete Sedex pagamento ser\u00e1 no pix R$80,00<\/p>","protected":false},"excerpt":{"rendered":"<p>Cabe\u00e7ote Astra 2.0 8v Ano 2004\/2005 &#8211; Rafael &#8211; 10\/04\/26 Cabe\u00e7ote Novo, pelado, sem pe\u00e7as Frete Sedex pagamento ser\u00e1 no<\/p>","protected":false},"featured_media":14516,"comment_status":"open","ping_status":"closed","template":"","meta":[],"product_cat":[954],"product_tag":[],"class_list":["post-16673","product","type-product","status-publish","has-post-thumbnail","hentry","product_cat-vender"],"_links":{"self":[{"href":"https:\/\/q3autoimports.com.br\/en\/wp-json\/wp\/v2\/product\/16673","targetHints":{"allow":["GET"]}}],"collection":[{"href":"https:\/\/q3autoimports.com.br\/en\/wp-json\/wp\/v2\/product"}],"about":[{"href":"https:\/\/q3autoimports.com.br\/en\/wp-json\/wp\/v2\/types\/product"}],"replies":[{"embeddable":true,"href":"https:\/\/q3autoimports.com.br\/en\/wp-json\/wp\/v2\/comments?post=16673"}],"wp:featuredmedia":[{"embeddable":true,"href":"https:\/\/q3autoimports.com.br\/en\/wp-json\/wp\/v2\/media\/14516"}],"wp:attachment":[{"href":"https:\/\/q3autoimports.com.br\/en\/wp-json\/wp\/v2\/media?parent=16673"}],"wp:term":[{"taxonomy":"product_cat","embeddable":true,"href":"https:\/\/q3autoimports.com.br\/en\/wp-json\/wp\/v2\/product_cat?post=16673"},{"taxonomy":"product_tag","embeddable":true,"href":"https:\/\/q3autoimports.com.br\/en\/wp-json\/wp\/v2\/product_tag?post=16673"}],"curies":[{"name":"wp","href":"https:\/\/api.w.org\/{rel}","templated":true}]}}