{"id":16676,"date":"2026-04-13T14:38:40","date_gmt":"2026-04-13T17:38:40","guid":{"rendered":"https:\/\/q3autoimports.com.br\/?post_type=product&#038;p=16676"},"modified":"2026-04-14T13:21:01","modified_gmt":"2026-04-14T16:21:01","slug":"cabecote-renault-1-6-16v-k4m-com-sensor-danielly-14-04-26","status":"publish","type":"product","link":"https:\/\/q3autoimports.com.br\/en\/cabecote-renault-1-6-16v-k4m-com-sensor-danielly-14-04-26\/","title":{"rendered":"CABE\u00c7OTE RENAULT 1.6 16V K4M COM SENSOR- Danielly- 14\/04\/26"},"content":{"rendered":"<p>REQUEST FOR PAYMENT LINK ON WEBSITE<\/p>\n<ul>\n<li>PE\u00c7A: CABE\u00c7OTE RENAULT 1.6 16V K4M COM SENSOR<\/li>\n<li>VALOR DAS PE\u00c7AS: R$ 3.500,00<\/li>\n<li>FRETE : RETIRADA<\/li>\n<li>CLIENTE: JOAQUIM FERREIRA DA SILVA J\u00daNIOR<\/li>\n<li>CPF: 063.767.803-69<\/li>\n<li>TOTAL : R$ 3.500,00<\/li>\n<li>SELLER: DANIELLY<\/li>\n<\/ul>","protected":false},"excerpt":{"rendered":"<p>SOLICITA\u00c7\u00c3O DE LINK PARA PAGAMENTO SITE PE\u00c7A: CABE\u00c7OTE RENAULT 1.6 16V K4M COM SENSOR VALOR DAS PE\u00c7AS: R$ 3.500,00 FRETE<\/p>","protected":false},"featured_media":14516,"comment_status":"open","ping_status":"closed","template":"","meta":[],"product_cat":[954],"product_tag":[],"class_list":["post-16676","product","type-product","status-publish","has-post-thumbnail","hentry","product_cat-vender"],"_links":{"self":[{"href":"https:\/\/q3autoimports.com.br\/en\/wp-json\/wp\/v2\/product\/16676","targetHints":{"allow":["GET"]}}],"collection":[{"href":"https:\/\/q3autoimports.com.br\/en\/wp-json\/wp\/v2\/product"}],"about":[{"href":"https:\/\/q3autoimports.com.br\/en\/wp-json\/wp\/v2\/types\/product"}],"replies":[{"embeddable":true,"href":"https:\/\/q3autoimports.com.br\/en\/wp-json\/wp\/v2\/comments?post=16676"}],"wp:featuredmedia":[{"embeddable":true,"href":"https:\/\/q3autoimports.com.br\/en\/wp-json\/wp\/v2\/media\/14516"}],"wp:attachment":[{"href":"https:\/\/q3autoimports.com.br\/en\/wp-json\/wp\/v2\/media?parent=16676"}],"wp:term":[{"taxonomy":"product_cat","embeddable":true,"href":"https:\/\/q3autoimports.com.br\/en\/wp-json\/wp\/v2\/product_cat?post=16676"},{"taxonomy":"product_tag","embeddable":true,"href":"https:\/\/q3autoimports.com.br\/en\/wp-json\/wp\/v2\/product_tag?post=16676"}],"curies":[{"name":"wp","href":"https:\/\/api.w.org\/{rel}","templated":true}]}}