{"id":16685,"date":"2026-04-15T10:15:52","date_gmt":"2026-04-15T13:15:52","guid":{"rendered":"https:\/\/q3autoimports.com.br\/?post_type=product&#038;p=16685"},"modified":"2026-04-15T10:42:34","modified_gmt":"2026-04-15T13:42:34","slug":"cabecote-gm-cruze-1-8-16v-camila-15-04-26","status":"publish","type":"product","link":"https:\/\/q3autoimports.com.br\/en\/cabecote-gm-cruze-1-8-16v-camila-15-04-26\/","title":{"rendered":"CABE\u00c7OTE GM CRUZE 1.8 16V &#8211; CAMILA &#8211; 15\/04\/26"},"content":{"rendered":"<p>PE\u00c7A: CABE\u00c7OTE GM CRUZE 1.8 16V<br \/>\nVALOR DAS PE\u00c7AS: R$ 2.500,00<br \/>\nFRETE : RODONAVES R$ 113,77<br \/>\nCLIENTE: JOAO LUIZ RITA DA ROSA<br \/>\nCPF: 07.349.377\/0001-08<br \/>\nTOTAL : R$ 2.613,77<br \/>\nSALESWOMAN: CAMILA<\/p>","protected":false},"excerpt":{"rendered":"<p>PE\u00c7A: CABE\u00c7OTE GM CRUZE 1.8 16V VALOR DAS PE\u00c7AS: R$ 2.500,00 FRETE : RODONAVES R$ 113,77 CLIENTE: JOAO LUIZ RITA<\/p>","protected":false},"featured_media":14516,"comment_status":"open","ping_status":"closed","template":"","meta":[],"product_cat":[954],"product_tag":[],"class_list":["post-16685","product","type-product","status-publish","has-post-thumbnail","hentry","product_cat-vender"],"_links":{"self":[{"href":"https:\/\/q3autoimports.com.br\/en\/wp-json\/wp\/v2\/product\/16685","targetHints":{"allow":["GET"]}}],"collection":[{"href":"https:\/\/q3autoimports.com.br\/en\/wp-json\/wp\/v2\/product"}],"about":[{"href":"https:\/\/q3autoimports.com.br\/en\/wp-json\/wp\/v2\/types\/product"}],"replies":[{"embeddable":true,"href":"https:\/\/q3autoimports.com.br\/en\/wp-json\/wp\/v2\/comments?post=16685"}],"wp:featuredmedia":[{"embeddable":true,"href":"https:\/\/q3autoimports.com.br\/en\/wp-json\/wp\/v2\/media\/14516"}],"wp:attachment":[{"href":"https:\/\/q3autoimports.com.br\/en\/wp-json\/wp\/v2\/media?parent=16685"}],"wp:term":[{"taxonomy":"product_cat","embeddable":true,"href":"https:\/\/q3autoimports.com.br\/en\/wp-json\/wp\/v2\/product_cat?post=16685"},{"taxonomy":"product_tag","embeddable":true,"href":"https:\/\/q3autoimports.com.br\/en\/wp-json\/wp\/v2\/product_tag?post=16685"}],"curies":[{"name":"wp","href":"https:\/\/api.w.org\/{rel}","templated":true}]}}