{"id":16694,"date":"2026-04-15T15:18:05","date_gmt":"2026-04-15T18:18:05","guid":{"rendered":"https:\/\/q3autoimports.com.br\/?post_type=product&#038;p=16694"},"modified":"2026-04-15T15:18:06","modified_gmt":"2026-04-15T18:18:06","slug":"cabecote-renault-1-6-16v-k4m-sem-sensor-vendedora-camila-15-04-26","status":"publish","type":"product","link":"https:\/\/q3autoimports.com.br\/en\/cabecote-renault-1-6-16v-k4m-sem-sensor-vendedora-camila-15-04-26\/","title":{"rendered":"CABE\u00c7OTE RENAULT 1.6 16V K4M (SEM SENSOR) &#8211; VENDEDORA CAMILA &#8211; 15\/04\/26"},"content":{"rendered":"<p>PE\u00c7A: CABE\u00c7OTE RENAULT 1.6 16V K4M (SEM SENSOR)<br \/>\nVALOR DAS PE\u00c7AS: R$ 2.800,00<br \/>\nFRETE : PAC R$220,00<br \/>\nCLIENTE: ISMAIL DA CONCEICAO CARDOZO<br \/>\nCPF: 01887200738<br \/>\nTOTAL : R$ 3.020,00<br \/>\nSALESWOMAN: CAMILA<\/p>","protected":false},"excerpt":{"rendered":"<p>PE\u00c7A: CABE\u00c7OTE RENAULT 1.6 16V K4M (SEM SENSOR) VALOR DAS PE\u00c7AS: R$ 2.800,00 FRETE : PAC R$220,00 CLIENTE: ISMAIL DA<\/p>","protected":false},"featured_media":14516,"comment_status":"open","ping_status":"closed","template":"","meta":[],"product_cat":[954],"product_tag":[],"class_list":["post-16694","product","type-product","status-publish","has-post-thumbnail","hentry","product_cat-vender"],"_links":{"self":[{"href":"https:\/\/q3autoimports.com.br\/en\/wp-json\/wp\/v2\/product\/16694","targetHints":{"allow":["GET"]}}],"collection":[{"href":"https:\/\/q3autoimports.com.br\/en\/wp-json\/wp\/v2\/product"}],"about":[{"href":"https:\/\/q3autoimports.com.br\/en\/wp-json\/wp\/v2\/types\/product"}],"replies":[{"embeddable":true,"href":"https:\/\/q3autoimports.com.br\/en\/wp-json\/wp\/v2\/comments?post=16694"}],"wp:featuredmedia":[{"embeddable":true,"href":"https:\/\/q3autoimports.com.br\/en\/wp-json\/wp\/v2\/media\/14516"}],"wp:attachment":[{"href":"https:\/\/q3autoimports.com.br\/en\/wp-json\/wp\/v2\/media?parent=16694"}],"wp:term":[{"taxonomy":"product_cat","embeddable":true,"href":"https:\/\/q3autoimports.com.br\/en\/wp-json\/wp\/v2\/product_cat?post=16694"},{"taxonomy":"product_tag","embeddable":true,"href":"https:\/\/q3autoimports.com.br\/en\/wp-json\/wp\/v2\/product_tag?post=16694"}],"curies":[{"name":"wp","href":"https:\/\/api.w.org\/{rel}","templated":true}]}}