{"id":16696,"date":"2026-04-16T11:10:07","date_gmt":"2026-04-16T14:10:07","guid":{"rendered":"https:\/\/q3autoimports.com.br\/?post_type=product&#038;p=16696"},"modified":"2026-04-16T11:33:37","modified_gmt":"2026-04-16T14:33:37","slug":"q3c111-cabecote-renault-1-6-16v-motor-k4m-imp-1-un-vendedor-anderlei-16-04-26","status":"publish","type":"product","link":"https:\/\/q3autoimports.com.br\/en\/q3c111-cabecote-renault-1-6-16v-motor-k4m-imp-1-un-vendedor-anderlei-16-04-26\/","title":{"rendered":"Q3C111 CABE\u00c7OTE RENAULT 1.6 16V &#8211; MOTOR K4M &#8211; IMP 1 UN &#8211; VENDEDOR ANDERLEI &#8211; 16\/04\/26"},"content":{"rendered":"<p>PE\u00c7A: Q3C111 CABE\u00c7OTE RENAULT 1.6 16V &#8211; MOTOR K4M &#8211; IMP 1 UN<br \/>\nVALOR DAS PE\u00c7AS: R$ 2.800,00<br \/>\nFRETE : SEDEX R$ 126,38<br \/>\nCLIENTE: RUNA CAR CENTRO AUTOMOTIVO E COMERCIO DE<br \/>\nVEICULOS LTDA<br \/>\nCPF: 10.381.142\/0001-08<br \/>\nTOTAL : R$ 2.926,38<br \/>\nSELLER: Anderlei<\/p>","protected":false},"excerpt":{"rendered":"<p>PE\u00c7A: Q3C111 CABE\u00c7OTE RENAULT 1.6 16V &#8211; MOTOR K4M &#8211; IMP 1 UN VALOR DAS PE\u00c7AS: R$ 2.800,00 FRETE :<\/p>","protected":false},"featured_media":14516,"comment_status":"open","ping_status":"closed","template":"","meta":[],"product_cat":[954],"product_tag":[],"class_list":["post-16696","product","type-product","status-publish","has-post-thumbnail","hentry","product_cat-vender"],"_links":{"self":[{"href":"https:\/\/q3autoimports.com.br\/en\/wp-json\/wp\/v2\/product\/16696","targetHints":{"allow":["GET"]}}],"collection":[{"href":"https:\/\/q3autoimports.com.br\/en\/wp-json\/wp\/v2\/product"}],"about":[{"href":"https:\/\/q3autoimports.com.br\/en\/wp-json\/wp\/v2\/types\/product"}],"replies":[{"embeddable":true,"href":"https:\/\/q3autoimports.com.br\/en\/wp-json\/wp\/v2\/comments?post=16696"}],"wp:featuredmedia":[{"embeddable":true,"href":"https:\/\/q3autoimports.com.br\/en\/wp-json\/wp\/v2\/media\/14516"}],"wp:attachment":[{"href":"https:\/\/q3autoimports.com.br\/en\/wp-json\/wp\/v2\/media?parent=16696"}],"wp:term":[{"taxonomy":"product_cat","embeddable":true,"href":"https:\/\/q3autoimports.com.br\/en\/wp-json\/wp\/v2\/product_cat?post=16696"},{"taxonomy":"product_tag","embeddable":true,"href":"https:\/\/q3autoimports.com.br\/en\/wp-json\/wp\/v2\/product_tag?post=16696"}],"curies":[{"name":"wp","href":"https:\/\/api.w.org\/{rel}","templated":true}]}}