{"id":16720,"date":"2026-04-29T14:50:04","date_gmt":"2026-04-29T17:50:04","guid":{"rendered":"https:\/\/q3autoimports.com.br\/?post_type=product&#038;p=16720"},"modified":"2026-04-29T14:59:18","modified_gmt":"2026-04-29T17:59:18","slug":"cabecote-renault-1-6-16v-sem-sensor-vendedora-camila-29-04-26","status":"publish","type":"product","link":"https:\/\/q3autoimports.com.br\/en\/cabecote-renault-1-6-16v-sem-sensor-vendedora-camila-29-04-26\/","title":{"rendered":"CABE\u00c7OTE RENAULT 1.6 16V SEM SENSOR &#8211; VENDEDORA CAMILA- 29\/04\/26"},"content":{"rendered":"<p>PE\u00c7A: CABE\u00c7OTE RENAULT 1.6 16V SEM SENSOR<br \/>\nVALOR DAS PE\u00c7AS: R$ 2.800,00<br \/>\nFRETE : SEDEX R$ 570,00<br \/>\nCLIENTE: BRUNO RODRIGUES DE JESUS<br \/>\nCPF: 020.945.932-82<br \/>\nTOTAL : R$ 3.370,00<br \/>\nSELLER: CAMILA<\/p>","protected":false},"excerpt":{"rendered":"<p>PE\u00c7A: CABE\u00c7OTE RENAULT 1.6 16V SEM SENSOR VALOR DAS PE\u00c7AS: R$ 2.800,00 FRETE : SEDEX R$ 570,00 CLIENTE: BRUNO RODRIGUES<\/p>","protected":false},"featured_media":14516,"comment_status":"open","ping_status":"closed","template":"","meta":[],"product_cat":[954],"product_tag":[],"class_list":["post-16720","product","type-product","status-publish","has-post-thumbnail","hentry","product_cat-vender"],"_links":{"self":[{"href":"https:\/\/q3autoimports.com.br\/en\/wp-json\/wp\/v2\/product\/16720","targetHints":{"allow":["GET"]}}],"collection":[{"href":"https:\/\/q3autoimports.com.br\/en\/wp-json\/wp\/v2\/product"}],"about":[{"href":"https:\/\/q3autoimports.com.br\/en\/wp-json\/wp\/v2\/types\/product"}],"replies":[{"embeddable":true,"href":"https:\/\/q3autoimports.com.br\/en\/wp-json\/wp\/v2\/comments?post=16720"}],"wp:featuredmedia":[{"embeddable":true,"href":"https:\/\/q3autoimports.com.br\/en\/wp-json\/wp\/v2\/media\/14516"}],"wp:attachment":[{"href":"https:\/\/q3autoimports.com.br\/en\/wp-json\/wp\/v2\/media?parent=16720"}],"wp:term":[{"taxonomy":"product_cat","embeddable":true,"href":"https:\/\/q3autoimports.com.br\/en\/wp-json\/wp\/v2\/product_cat?post=16720"},{"taxonomy":"product_tag","embeddable":true,"href":"https:\/\/q3autoimports.com.br\/en\/wp-json\/wp\/v2\/product_tag?post=16720"}],"curies":[{"name":"wp","href":"https:\/\/api.w.org\/{rel}","templated":true}]}}