{"id":6346,"date":"2018-06-27T12:44:22","date_gmt":"2018-06-27T12:44:22","guid":{"rendered":"https:\/\/q3autoimports.com.br\/loja\/cabecote-peugeot-504-2-3-8v-novo\/"},"modified":"2026-01-22T18:51:37","modified_gmt":"2026-01-22T18:51:37","slug":"new-peugeot-504-2-3-8v-head","status":"publish","type":"product","link":"https:\/\/q3autoimports.com.br\/en\/new-peugeot-504-2-3-8v-head\/","title":{"rendered":"Peugeot 504 2.3 8V New Cylinder Head"},"content":{"rendered":"<p>&nbsp;<\/p>\n<h2>Venda de Cabe\u00e7ote Peugeot 504 2.3 8V Novo<\/h2>\n<p class=\"MsoNormal\" style=\"margin-bottom: 6.4pt; line-height: normal;\"><iframe class=\"note-video-clip\" src=\"\/\/www.youtube.com\/embed\/uTgIDTJDsqM\" width=\"640\" height=\"360\" frameborder=\"0\"><\/iframe><\/p>\n<div class=\"group\/conversation-turn relative flex w-full min-w-0 flex-col agent-turn\">\n<div class=\"flex-col gap-1 md:gap-3\">\n<div class=\"flex max-w-full flex-col flex-grow\">\n<div class=\"min-h-[20px] text-message flex w-full flex-col items-end gap-2 break-words [.text-message+&amp;]:mt-5 overflow-x-auto whitespace-pre-wrap\" dir=\"auto\" data-message-author-role=\"assistant\" data-message-id=\"c9fc3d9c-62c9-490c-9492-d3b3adfa92cd\">\n<div class=\"flex w-full flex-col gap-1 empty:hidden first:pt-[3px]\">\n<div class=\"markdown prose w-full break-words dark:prose-invert dark\">\n<p>Se voc\u00ea procura um <strong>cabe\u00e7ote Peugeot 504 2.3 8V<\/strong> novo e de alta durabilidade, chegou ao lugar certo! Nosso cabe\u00e7ote \u00e9 compat\u00edvel com os modelos Peugeot 504 fabricados entre os anos de 1976 a 1999, garantindo o melhor desempenho para o seu ve\u00edculo.<\/p>\n<h3><strong>Especifica\u00e7\u00f5es T\u00e9cnicas do Cabe\u00e7ote Peugeot 504 2.3 8V:<\/strong><\/h3>\n<ul>\n<li><strong>Montadora:<\/strong> Peugeot<\/li>\n<li><strong>Modelo do Motor:<\/strong> 2.3 8V XD2<\/li>\n<li><strong>Altura STD:<\/strong> 90,00 mm<\/li>\n<li><strong>Compatibilidade de Ano:<\/strong> 1976 a 1999<\/li>\n<li><strong>Marca:<\/strong> Q3 Auto Imports<\/li>\n<li><strong>Combust\u00edvel:<\/strong> Diesel<\/li>\n<\/ul>\n<h3><strong>Aplica\u00e7\u00e3o:<\/strong><\/h3>\n<p>Compat\u00edvel com os modelos Peugeot 504 dos anos: 1976, 1977, 1978, 1979, 1980, 1981, 1982, 1983, 1984, 1985, 1986, 1987, 1988, 1989, 1990, 1991, 1992, 1993, 1994, 1995, 1996, 1997, 1998 e 1999.<\/p>\n<h3><strong>Benef\u00edcios do Cabe\u00e7ote Peugeot 504 2.3 8V Novo:<\/strong><\/h3>\n<ul>\n<li><strong>Qualidade Superior:<\/strong> Produto de alta durabilidade e resist\u00eancia.<\/li>\n<li><strong>Seguran\u00e7a Garantida:<\/strong> Proporciona maior seguran\u00e7a para voc\u00ea e seu ve\u00edculo.<\/li>\n<li><strong>Compatibilidade:<\/strong> Projetado especificamente para o Peugeot 504, modelo de 1976 a 1999.<\/li>\n<\/ul>\n<h3><strong>Informa\u00e7\u00f5es de Compra:<\/strong><\/h3>\n<ul>\n<li><strong>Pe\u00e7as para Montagem:<\/strong> N\u00e3o acompanham.<\/li>\n<li><strong>Prazo de Devolu\u00e7\u00e3o:<\/strong> 7 dias.<\/li>\n<li><strong>Local de Envio:<\/strong> Enviamos para todo o Brasil.<\/li>\n<li><strong>Formas de Envio:<\/strong> Via Correios (Sedex ou PAC), transporte a\u00e9reo ou transportadora. Envio por motoboy dispon\u00edvel para regi\u00f5es de at\u00e9 200 km de S\u00e3o Paulo.<\/li>\n<li><strong>Garantia:<\/strong> 3 meses.<\/li>\n<\/ul>\n<h3><strong>Observa\u00e7\u00f5es Importantes:<\/strong><\/h3>\n<ul>\n<li>\u00c9 necess\u00e1ria a compra de pe\u00e7as novas para a montagem ou reutiliza\u00e7\u00e3o de pe\u00e7as j\u00e1 existentes.<\/li>\n<li>N\u00e3o trocamos pe\u00e7as que foram retificadas ou danificadas. Verifique o produto antes da montagem.<\/li>\n<li>Consulte-nos para mais informa\u00e7\u00f5es sobre o frete.<\/li>\n<\/ul>\n<p><strong>Aproveite esta oportunidade de adquirir o melhor cabe\u00e7ote Peugeot 504 2.3 8V do mercado!<\/strong> Se precisar de outras pe\u00e7as para o seu Peugeot, confira nossa linha completa de cabe\u00e7otes e outros componentes. Para d\u00favidas, nossa equipe est\u00e1 \u00e0 disposi\u00e7\u00e3o para ajudar!<\/p>\n<\/div>\n<\/div>\n<\/div>\n<\/div>\n<\/div>\n<\/div>\n","protected":false},"excerpt":{"rendered":"<p>&nbsp; Sale of New Peugeot 504 2.3 8V Cylinder Head If you are looking for a new Peugeot 504 2.3 8V cylinder head and<\/p>","protected":false},"featured_media":11021,"comment_status":"open","ping_status":"closed","template":"","meta":[],"product_cat":[182,191],"product_tag":[202],"class_list":["post-6346","product","type-product","status-publish","has-post-thumbnail","hentry","product_cat-cabecotes-novos","product_cat-outros-modelos-novos","product_tag-cabecote-peugeot-504-2-3-8v-novo"],"_links":{"self":[{"href":"https:\/\/q3autoimports.com.br\/en\/wp-json\/wp\/v2\/product\/6346","targetHints":{"allow":["GET"]}}],"collection":[{"href":"https:\/\/q3autoimports.com.br\/en\/wp-json\/wp\/v2\/product"}],"about":[{"href":"https:\/\/q3autoimports.com.br\/en\/wp-json\/wp\/v2\/types\/product"}],"replies":[{"embeddable":true,"href":"https:\/\/q3autoimports.com.br\/en\/wp-json\/wp\/v2\/comments?post=6346"}],"wp:featuredmedia":[{"embeddable":true,"href":"https:\/\/q3autoimports.com.br\/en\/wp-json\/wp\/v2\/media\/11021"}],"wp:attachment":[{"href":"https:\/\/q3autoimports.com.br\/en\/wp-json\/wp\/v2\/media?parent=6346"}],"wp:term":[{"taxonomy":"product_cat","embeddable":true,"href":"https:\/\/q3autoimports.com.br\/en\/wp-json\/wp\/v2\/product_cat?post=6346"},{"taxonomy":"product_tag","embeddable":true,"href":"https:\/\/q3autoimports.com.br\/en\/wp-json\/wp\/v2\/product_tag?post=6346"}],"curies":[{"name":"wp","href":"https:\/\/api.w.org\/{rel}","templated":true}]}}