{"id":6555,"date":"2018-07-03T09:29:04","date_gmt":"2018-07-03T09:29:04","guid":{"rendered":"https:\/\/q3autoimports.com.br\/loja\/cabecote-fiat-siena-motor-fire-1-0-e-1-3-16v-1999-ate-2006\/"},"modified":"2024-09-09T13:23:26","modified_gmt":"2024-09-09T13:23:26","slug":"fiat-siena-engine-head-fire-1-0-and-1-3-16v-1999-to-2006","status":"publish","type":"product","link":"https:\/\/q3autoimports.com.br\/en\/fiat-siena-engine-head-fire-1-0-and-1-3-16v-1999-to-2006\/","title":{"rendered":"Cylinder head for Fiat Siena Fire Engine 1.0 and 1.3 16V 1999 to 2006"},"content":{"rendered":"<h2 style=\"text-align: justify;\"><b><span style=\"font-family: Helvetica;\">Venda de Cabe\u00e7ote Fiat Siena Motor Fire 1.0 e 1.3 16V 1999 at\u00e9 2006<\/span><\/b><\/h2>\n<p class=\"MsoNormal\" style=\"text-align: justify;\"><iframe class=\"note-video-clip\" src=\"\/\/www.youtube.com\/embed\/YsKrJchLvmM\" width=\"640\" height=\"360\" frameborder=\"0\"><\/iframe><span style=\"font-family: Helvetica;\"><b><br \/>\n<\/b><\/span><\/p>\n<div class=\"flex max-w-full flex-col flex-grow\">\n<div class=\"min-h-[20px] text-message flex w-full flex-col items-end gap-2 break-words [.text-message+&amp;]:mt-5 overflow-x-auto whitespace-normal\" dir=\"auto\" data-message-author-role=\"assistant\" data-message-id=\"488ef99c-8c39-495a-a045-f931f6ab0350\">\n<div class=\"flex w-full flex-col gap-1 empty:hidden first:pt-[3px]\">\n<div class=\"markdown prose w-full break-words dark:prose-invert dark\">\n<h3>Cabe\u00e7ote Fiat Siena Motor Fire 1.0 e 1.3 16V \u00e0 Venda<\/h3>\n<p>O cabe\u00e7ote para <strong>Fiat Siena motor Fire 1.0 e 1.3 16 v\u00e1lvulas<\/strong> \u00e9 compat\u00edvel com modelos produzidos entre 1998 e 2007. Com altura original padr\u00e3o de 77 mm, este cabe\u00e7ote novo \u00e9 ideal para ve\u00edculos <strong>Palio, Siena, Doblo e Palio Weekend<\/strong> da Fiat. Produto de alta qualidade e durabilidade, oferecendo maior seguran\u00e7a e desempenho para seu ve\u00edculo.<\/p>\n<h4>Tabela de Altura do Cabe\u00e7ote Fiat Siena 1.0 e 1.3 16V<\/h4>\n<table>\n<thead>\n<tr>\n<th>\n<h6>Modelo<\/h6>\n<\/th>\n<th>\n<h6>Altura Standard<\/h6>\n<\/th>\n<th>\n<h6>Altura M\u00ednima<\/h6>\n<\/th>\n<\/tr>\n<\/thead>\n<tbody>\n<tr>\n<td>\n<h6>Fire 16V<\/h6>\n<\/td>\n<td>\n<h6>77,00 mm<\/h6>\n<\/td>\n<td>\n<h6>76,00 mm<\/h6>\n<\/td>\n<\/tr>\n<\/tbody>\n<\/table>\n<h4>Especifica\u00e7\u00f5es do Cabe\u00e7ote Fiat Siena 1.0 e 1.3 16V<\/h4>\n<ul>\n<li><strong>Montadora:<\/strong> Fiat<\/li>\n<li><strong>Motor:<\/strong> 1.0 \/ 1.3 16V Motor Fire<\/li>\n<li><strong>Ano:<\/strong> 1998 at\u00e9 2007<\/li>\n<li><strong>Altura do Cabe\u00e7ote:<\/strong> 77 mm (m\u00ednima 76,00 mm)<\/li>\n<li><strong>N\u00famero da Pe\u00e7a:<\/strong> 48540338 \/ 48540339 \/ B469 \/ 0225695870722010000004<\/li>\n<li><strong>Marca:<\/strong> Q3 Auto Imports<\/li>\n<li><strong>OEM:<\/strong> 46744760<\/li>\n<\/ul>\n<h4>Aplica\u00e7\u00f5es do Cabe\u00e7ote Fiat Siena 1.0 e 1.3 16V<\/h4>\n<table>\n<thead>\n<tr>\n<th>\n<h6>Aplica\u00e7\u00e3o<\/h6>\n<\/th>\n<th>\n<h6>Ano<\/h6>\n<\/th>\n<th>\n<h6>Combust\u00edvel<\/h6>\n<\/th>\n<\/tr>\n<\/thead>\n<tbody>\n<tr>\n<td>\n<h6><strong>Cabe\u00e7ote Fiat Siena EX Fire 1.0 16V<\/strong><\/h6>\n<\/td>\n<td>\n<h6>2000-2001-2002<\/h6>\n<\/td>\n<td>\n<h6>Gasolina<\/h6>\n<\/td>\n<\/tr>\n<tr>\n<td>\n<h6><strong>Cabe\u00e7ote Fiat Palio Weekend RST Fire 1.0 16V<\/strong><\/h6>\n<\/td>\n<td>\n<h6>2000-2003<\/h6>\n<\/td>\n<td>\n<h6>Gasolina<\/h6>\n<\/td>\n<\/tr>\n<tr>\n<td>\n<h6><strong>Cabe\u00e7ote Fiat Siena EX Fire RST 1.0 16V<\/strong><\/h6>\n<\/td>\n<td>\n<h6>2001-2002<\/h6>\n<\/td>\n<td>\n<h6>Gasolina<\/h6>\n<\/td>\n<\/tr>\n<tr>\n<td>\n<h6><strong>Cabe\u00e7ote Fiat Palio ELX RST Century Fire 1.0 16V<\/strong><\/h6>\n<\/td>\n<td>\n<h6>2002-2003<\/h6>\n<\/td>\n<td>\n<h6>Gasolina<\/h6>\n<\/td>\n<\/tr>\n<tr>\n<td>\n<h6><strong>Cabe\u00e7ote Fiat Doblo EX Fire 1.3 16V<\/strong><\/h6>\n<\/td>\n<td>\n<h6>2001-2006<\/h6>\n<\/td>\n<td>\n<h6>Gasolina<\/h6>\n<\/td>\n<\/tr>\n<tr>\n<td>\n<h6><strong>Cabe\u00e7ote Fiat Doblo Cargo Fire 1.3 16V<\/strong><\/h6>\n<\/td>\n<td>\n<h6>2001-2007<\/h6>\n<\/td>\n<td>\n<h6>Gasolina<\/h6>\n<\/td>\n<\/tr>\n<tr>\n<td>\n<h6><strong>Cabe\u00e7ote Fiat Palio Weekend ELX Fire 1.3 16V<\/strong><\/h6>\n<\/td>\n<td>\n<h6>2000-2003<\/h6>\n<\/td>\n<td>\n<h6>Gasolina<\/h6>\n<\/td>\n<\/tr>\n<tr>\n<td>\n<h6><strong>Cabe\u00e7ote Fiat Siena ELX Fire 1.3 16V<\/strong><\/h6>\n<\/td>\n<td>\n<h6>2000-2003<\/h6>\n<\/td>\n<td>\n<h6>Gasolina<\/h6>\n<\/td>\n<\/tr>\n<\/tbody>\n<\/table>\n<h4>Tabela de Torque do Cabe\u00e7ote Fire 1.0 e 1.3 16V<\/h4>\n<table>\n<thead>\n<tr>\n<th>Etapas<\/th>\n<th>Torque Nm<\/th>\n<th>(+) Angular \u2220<\/th>\n<\/tr>\n<\/thead>\n<tbody>\n<tr>\n<td>1<\/td>\n<td>10 Nm<\/td>\n<td><\/td>\n<\/tr>\n<tr>\n<td>2<\/td>\n<td>20 Nm<\/td>\n<td><\/td>\n<\/tr>\n<tr>\n<td>3<\/td>\n<td><\/td>\n<td>90\u00ba<\/td>\n<\/tr>\n<tr>\n<td>4<\/td>\n<td><\/td>\n<td>90\u00ba<\/td>\n<\/tr>\n<\/tbody>\n<\/table>\n<h3>Compre o Cabe\u00e7ote Fiat Siena Motor Fire 1.0 e 1.3 16V na Q3 Auto Imports<\/h3>\n<p>Na <strong>Q3 Auto Imports<\/strong>, voc\u00ea encontra o cabe\u00e7ote <strong>Fiat Siena motor Fire 1.0 e 1.3 16V<\/strong> com a melhor qualidade do mercado. Somos uma refer\u00eancia em cabe\u00e7otes novos para ve\u00edculos Fiat. Se voc\u00ea busca um cabe\u00e7ote dur\u00e1vel e eficiente para seu Fiat Siena, est\u00e1 no lugar certo!<\/p>\n<p><strong>Acompanha pe\u00e7as para montagem:<\/strong> N\u00e3o<br \/>\n<strong>Prazo de devolu\u00e7\u00e3o:<\/strong> 7 dias<br \/>\n<strong>Local de envio:<\/strong> Enviamos para todo o Brasil<br \/>\n<strong>Formas de envio:<\/strong> Via Correios (Sedex ou PAC), transporte a\u00e9reo e\/ou transportadora. Para regi\u00f5es at\u00e9 200 km de S\u00e3o Paulo, enviamos por motoboy.<br \/>\n<strong>Garantia:<\/strong> 6 meses<\/p>\n<h3>Observa\u00e7\u00f5es Gerais:<\/h3>\n<ul>\n<li>Para a montagem, ser\u00e1 necess\u00e1ria a compra de pe\u00e7as novas ou a utiliza\u00e7\u00e3o das que j\u00e1 possui.<\/li>\n<li>N\u00e3o realizamos trocas de pe\u00e7as que foram retificadas ou danificadas, portanto, verifique o produto antes de mont\u00e1-lo.<\/li>\n<li>Consulte-nos caso tenha alguma d\u00favida sobre o frete.<\/li>\n<\/ul>\n<p>Aproveite essa oportunidade para adquirir o melhor <strong>cabe\u00e7ote Fiat Siena motor Fire 1.0 e 1.3 16V<\/strong> do mercado. Se precisar de outras pe\u00e7as, explore nossa linha completa de cabe\u00e7otes para ve\u00edculos <strong>Fiat<\/strong> e outros modelos da fabricante. N\u00e3o perca essa chance<\/p>\n<\/div>\n<\/div>\n<\/div>\n<\/div>\n<p>&nbsp;<\/p>\n","protected":false},"excerpt":{"rendered":"<p>Sale of Fiat Siena Motor Fire 1.0 and 1.3 16V Cylinder Head 1999 to 2006 Fiat Siena Motor Fire 1.0 Cylinder Head<\/p>","protected":false},"featured_media":10831,"comment_status":"open","ping_status":"closed","template":"","meta":[],"product_cat":[126],"product_tag":[300],"class_list":["post-6555","product","type-product","status-publish","has-post-thumbnail","hentry","product_cat-cabecotes-fiat","product_tag-cabecote-fiat-siena-motor-fire-1-0-e-1-3-16v-1999-ate-2006"],"_links":{"self":[{"href":"https:\/\/q3autoimports.com.br\/en\/wp-json\/wp\/v2\/product\/6555","targetHints":{"allow":["GET"]}}],"collection":[{"href":"https:\/\/q3autoimports.com.br\/en\/wp-json\/wp\/v2\/product"}],"about":[{"href":"https:\/\/q3autoimports.com.br\/en\/wp-json\/wp\/v2\/types\/product"}],"replies":[{"embeddable":true,"href":"https:\/\/q3autoimports.com.br\/en\/wp-json\/wp\/v2\/comments?post=6555"}],"wp:featuredmedia":[{"embeddable":true,"href":"https:\/\/q3autoimports.com.br\/en\/wp-json\/wp\/v2\/media\/10831"}],"wp:attachment":[{"href":"https:\/\/q3autoimports.com.br\/en\/wp-json\/wp\/v2\/media?parent=6555"}],"wp:term":[{"taxonomy":"product_cat","embeddable":true,"href":"https:\/\/q3autoimports.com.br\/en\/wp-json\/wp\/v2\/product_cat?post=6555"},{"taxonomy":"product_tag","embeddable":true,"href":"https:\/\/q3autoimports.com.br\/en\/wp-json\/wp\/v2\/product_tag?post=6555"}],"curies":[{"name":"wp","href":"https:\/\/api.w.org\/{rel}","templated":true}]}}