{"id":6633,"date":"2018-08-15T14:36:12","date_gmt":"2018-08-15T14:36:12","guid":{"rendered":"https:\/\/q3autoimports.com.br\/loja\/cabecote-renault-duster-1-6-16v-2011-ate-2014-motor-k4m-novo\/"},"modified":"2024-09-09T13:23:18","modified_gmt":"2024-09-09T13:23:18","slug":"renault-duster-1-6-16v-2011-to-2014-new-k4m-engine-head","status":"publish","type":"product","link":"https:\/\/q3autoimports.com.br\/en\/renault-duster-1-6-16v-2011-to-2014-new-k4m-engine-head\/","title":{"rendered":"Renault Duster 1.6 16V 2011 to 2014 cylinder head, K4M engine, new"},"content":{"rendered":"<p><b style=\"color: inherit; font-family: inherit; font-size: 25px;\">Venda de Cabe\u00e7ote Renault Duster 1.6 16V 2011 at\u00e9 2014 motor K4M Novo<\/b><\/p>\n<p><iframe class=\"note-video-clip\" src=\"\/\/www.youtube.com\/embed\/lrCLO4vin6w\" width=\"640\" height=\"360\" frameborder=\"0\"><\/iframe><b style=\"color: inherit; font-family: inherit; font-size: 25px;\"><br \/>\n<\/b><\/p>\n<p><strong>Cabe\u00e7ote Renault Duster 1.6 16V Motor K4M: Desempenho e Confiabilidade para Seu Ve\u00edculo<\/strong><\/p>\n<p>O cabe\u00e7ote para o motor Renault Duster 1.6 16 v\u00e1lvulas K4M \u00e9 ideal para ve\u00edculos fabricados entre 2011 e 2014. Este produto \u00e9 novo e foi projetado para oferecer alta durabilidade e seguran\u00e7a. Al\u00e9m de ser compat\u00edvel com o Duster, ele tamb\u00e9m se aplica a outros modelos Renault, como Sandero, Clio, Scenic, Logan, M\u00e9gane e Kangoo.<\/p>\n<h3>Especifica\u00e7\u00f5es do Cabe\u00e7ote Renault Duster 1.6 16V K4M<\/h3>\n<ul>\n<li><strong>Ano de Aplica\u00e7\u00e3o:<\/strong> 2011 a 2014<\/li>\n<li><strong>Altura Padr\u00e3o (Std):<\/strong> 137,00 mm (m\u00ednima de 136,50 mm)<\/li>\n<li><strong>N\u00famero Original:<\/strong> 7701473353<\/li>\n<li><strong>Montadora:<\/strong> Renault<\/li>\n<li><strong>Motor:<\/strong> K4M 1.6 16 v\u00e1lvulas<\/li>\n<\/ul>\n<p><strong>O produto inclui:<\/strong><\/p>\n<ul>\n<li>Tampa<\/li>\n<li>Parafusos da tampa<\/li>\n<\/ul>\n<div class=\"flex-shrink-0 flex flex-col relative items-end\">\n<div>\n<div class=\"pt-0\">\n<div class=\"gizmo-bot-avatar flex h-8 w-8 items-center justify-center overflow-hidden rounded-full\">\n<div class=\"relative p-1 rounded-sm flex items-center justify-center bg-token-main-surface-primary text-token-text-primary h-8 w-8\"><\/div>\n<\/div>\n<\/div>\n<\/div>\n<\/div>\n<div class=\"group\/conversation-turn relative flex w-full min-w-0 flex-col agent-turn\">\n<div class=\"flex-col gap-1 md:gap-3\">\n<div class=\"flex max-w-full flex-col flex-grow\">\n<div class=\"min-h-[20px] text-message flex w-full flex-col items-end gap-2 break-words [.text-message+&amp;]:mt-5 overflow-x-auto whitespace-normal\" dir=\"auto\" data-message-author-role=\"assistant\" data-message-id=\"383c1a5b-bc03-492b-858e-b682a2c2ff7b\">\n<div class=\"flex w-full flex-col gap-1 empty:hidden first:pt-[3px]\">\n<div class=\"markdown prose w-full break-words dark:prose-invert dark\">\n<p>Para unificar as colunas &#8220;In\u00edcio&#8221; e &#8220;Fim&#8221;, podemos combinar os valores dessas colunas em uma nova coluna chamada &#8220;Per\u00edodo&#8221;, que mostrar\u00e1 o intervalo de anos em que cada modelo foi produzido. Aqui est\u00e1 a tabela atualizada com a coluna unificada:<\/p>\n<h3>Tabela com coluna unificada<\/h3>\n<table style=\"height: 3331px;\" width=\"424\">\n<thead>\n<tr>\n<th>\n<h6>Montadora e Modelo Unificado<\/h6>\n<\/th>\n<th>\n<h6>Motor e Configura\u00e7\u00e3o<\/h6>\n<\/th>\n<th>\n<h6>Per\u00edodo<\/h6>\n<\/th>\n<\/tr>\n<\/thead>\n<tbody>\n<tr>\n<td>\n<h6>CABE\u00c7OTE NISSAN LIVINA S<\/h6>\n<\/td>\n<td>\n<h6>K4M 1.6 L 16V DOHC L4<\/h6>\n<\/td>\n<td>\n<h6>2009 &#8211; 2014<\/h6>\n<\/td>\n<\/tr>\n<tr>\n<td>\n<h6>CABE\u00c7OTE NISSAN LIVINA X GEAR SL<\/h6>\n<\/td>\n<td>\n<h6>K4M 1.6 L 16V DOHC L4<\/h6>\n<\/td>\n<td>\n<h6>2009 &#8211; 2014<\/h6>\n<\/td>\n<\/tr>\n<tr>\n<td>\n<h6>CABE\u00c7OTE NISSAN LIVINA X-GEAR<\/h6>\n<\/td>\n<td>\n<h6>K4M 1.6 L 16V DOHC L4<\/h6>\n<\/td>\n<td>\n<h6>2009 &#8211; 2014<\/h6>\n<\/td>\n<\/tr>\n<tr>\n<td>\n<h6>CABE\u00c7OTE RENAULT CLIO AUTHENTIQUE<\/h6>\n<\/td>\n<td>\n<h6>K4M 1.6 L 16V DOHC L4<\/h6>\n<\/td>\n<td>\n<h6>2001 &#8211; 2004<\/h6>\n<\/td>\n<\/tr>\n<tr>\n<td>\n<h6>CABE\u00c7OTE RENAULT CLIO AUTHENTIQUE<\/h6>\n<\/td>\n<td>\n<h6>K4M 1.6 L 16V DOHC L4<\/h6>\n<\/td>\n<td>\n<h6>2000 &#8211; 2006<\/h6>\n<\/td>\n<\/tr>\n<tr>\n<td>\n<h6>CABE\u00c7OTE RENAULT CLIO AUTHENTIQUE HI-FLEX<\/h6>\n<\/td>\n<td>\n<h6>K4M 1.6 L 16V DOHC L4<\/h6>\n<\/td>\n<td>\n<h6>2004 &#8211; 2009<\/h6>\n<\/td>\n<\/tr>\n<tr>\n<td>\n<h6>CABE\u00c7OTE RENAULT CLIO DYNNAMIQUE<\/h6>\n<\/td>\n<td>\n<h6>K4M 1.6 L 16V DOHC L4<\/h6>\n<\/td>\n<td>\n<h6>2000 &#8211; 2004<\/h6>\n<\/td>\n<\/tr>\n<tr>\n<td>\n<h6>CABE\u00c7OTE RENAULT CLIO DYNNAMIQUE HI-FLEXFLEX<\/h6>\n<\/td>\n<td>\n<h6>K4M 1.6 L 16V DOHC L4<\/h6>\n<\/td>\n<td>\n<h6>2004 &#8211; 2009<\/h6>\n<\/td>\n<\/tr>\n<tr>\n<td>\n<h6>CABE\u00c7OTE RENAULT CLIO EXPRESSION<\/h6>\n<\/td>\n<td>\n<h6>K4M 1.6 L 16V DOHC L4<\/h6>\n<\/td>\n<td>\n<h6>2000 &#8211; 2006<\/h6>\n<\/td>\n<\/tr>\n<tr>\n<td>\n<h6>CABE\u00c7OTE RENAULT CLIO EXPRESSION HI-FLEX<\/h6>\n<\/td>\n<td>\n<h6>K4M 1.6 L 16V DOHC L4<\/h6>\n<\/td>\n<td>\n<h6>2004 &#8211; 2009<\/h6>\n<\/td>\n<\/tr>\n<tr>\n<td>\n<h6>CABE\u00c7OTE RENAULT CLIO HI-FLEX<\/h6>\n<\/td>\n<td>\n<h6>K4M 1.6 L 16V DOHC L4<\/h6>\n<\/td>\n<td>\n<h6>2004 &#8211; 2009<\/h6>\n<\/td>\n<\/tr>\n<tr>\n<td>\n<h6>CABE\u00c7OTE RENAULT CLIO PRIVILEGE<\/h6>\n<\/td>\n<td>\n<h6>K4M 1.6 L 16V DOHC L4<\/h6>\n<\/td>\n<td>\n<h6>2000 &#8211; 2006<\/h6>\n<\/td>\n<\/tr>\n<tr>\n<td>\n<h6>CABE\u00c7OTE RENAULT CLIO PRIVILEGE HI-FLEX<\/h6>\n<\/td>\n<td>\n<h6>K4M 1.6 L 16V DOHC L4<\/h6>\n<\/td>\n<td>\n<h6>2004 &#8211; 2009<\/h6>\n<\/td>\n<\/tr>\n<tr>\n<td>\n<h6>CABE\u00c7OTE RENAULT CLIO RL<\/h6>\n<\/td>\n<td>\n<h6>K4M 1.6 L 16V DOHC L4<\/h6>\n<\/td>\n<td>\n<h6>2000 &#8211; 2004<\/h6>\n<\/td>\n<\/tr>\n<tr>\n<td>\n<h6>CABE\u00c7OTE RENAULT CLIO RN<\/h6>\n<\/td>\n<td>\n<h6>K4M 1.6 L 16V DOHC L4<\/h6>\n<\/td>\n<td>\n<h6>2000 &#8211; 2006<\/h6>\n<\/td>\n<\/tr>\n<tr>\n<td>\n<h6>CABE\u00c7OTE RENAULT CLIO SI 16V<\/h6>\n<\/td>\n<td>\n<h6>K4M 1.6 L 16V DOHC L4<\/h6>\n<\/td>\n<td>\n<h6>2000 &#8211; 2004<\/h6>\n<\/td>\n<\/tr>\n<tr>\n<td>\n<h6>CABE\u00c7OTE RENAULT DUSTER 1.6<\/h6>\n<\/td>\n<td>\n<h6>K4M 1.6 L 16V DOHC L4<\/h6>\n<\/td>\n<td>\n<h6>2011 &#8211; 2015<\/h6>\n<\/td>\n<\/tr>\n<tr>\n<td>\n<h6>CABE\u00c7OTE RENAULT DUSTER DAKAR<\/h6>\n<\/td>\n<td>\n<h6>K4M 1.6 L 16V DOHC L4<\/h6>\n<\/td>\n<td>\n<h6>2015 &#8211; 2016<\/h6>\n<\/td>\n<\/tr>\n<tr>\n<td>\n<h6>CABE\u00c7OTE RENAULT DUSTER DYNAMIQUE<\/h6>\n<\/td>\n<td>\n<h6>K4M 1.6 L 16V DOHC L4<\/h6>\n<\/td>\n<td>\n<h6>2011 &#8211; 2015<\/h6>\n<\/td>\n<\/tr>\n<tr>\n<td>\n<h6>CABE\u00c7OTE RENAULT DUSTER DYNAMIQUE<\/h6>\n<\/td>\n<td>\n<h6>K4M 1.6 L 16V DOHC L4<\/h6>\n<\/td>\n<td>\n<h6>2016 &#8211; 2016<\/h6>\n<\/td>\n<\/tr>\n<tr>\n<td>\n<h6>CABE\u00c7OTE RENAULT DUSTER EXPRESSION<\/h6>\n<\/td>\n<td>\n<h6>K4M 1.6 L 16V DOHC L4<\/h6>\n<\/td>\n<td>\n<h6>2011 &#8211; 2015<\/h6>\n<\/td>\n<\/tr>\n<tr>\n<td>\n<h6>CABE\u00c7OTE RENAULT DUSTER EXPRESSION<\/h6>\n<\/td>\n<td>\n<h6>SCE H4M 1.6 L 16V DOHC L4<\/h6>\n<\/td>\n<td>\n<h6>2016 &#8211; 2019<\/h6>\n<\/td>\n<\/tr>\n<tr>\n<td>\n<h6>CABE\u00c7OTE RENAULT DUSTER EXPRESSION<\/h6>\n<\/td>\n<td>\n<h6>K4M 1.6 L 16V DOHC L4<\/h6>\n<\/td>\n<td>\n<h6>2016 &#8211; 2016<\/h6>\n<\/td>\n<\/tr>\n<tr>\n<td>\n<h6>CABE\u00c7OTE RENAULT DUSTER OUTDOOR<\/h6>\n<\/td>\n<td>\n<h6>K4M 1.6 L 16V DOHC L4<\/h6>\n<\/td>\n<td>\n<h6>2014 &#8211; 2015<\/h6>\n<\/td>\n<\/tr>\n<tr>\n<td>\n<h6>CABE\u00c7OTE RENAULT DUSTER TECH ROAD<\/h6>\n<\/td>\n<td>\n<h6>K4M 1.6 L 16V DOHC L4<\/h6>\n<\/td>\n<td>\n<h6>2013 &#8211; 2015<\/h6>\n<\/td>\n<\/tr>\n<tr>\n<td>\n<h6>CABE\u00c7OTE RENAULT FLUENCE EXPRESSION &#8211; TAXI<\/h6>\n<\/td>\n<td>\n<h6>K4M 1.6 L 16V DOHC L4<\/h6>\n<\/td>\n<td>\n<h6>2012 &#8211; 2014<\/h6>\n<\/td>\n<\/tr>\n<tr>\n<td>\n<h6>CABE\u00c7OTE RENAULT GRAN TOUR DYNAMIQUE HI-FLEX<\/h6>\n<\/td>\n<td>\n<h6>K4M 1.6 L 16V DOHC L4<\/h6>\n<\/td>\n<td>\n<h6>2006 &#8211; 2012<\/h6>\n<\/td>\n<\/tr>\n<tr>\n<td>\n<h6>CABE\u00c7OTE RENAULT KANGOO AUTHENTIQUE<\/h6>\n<\/td>\n<td>\n<h6>K4M 1.6 L 16V DOHC L4<\/h6>\n<\/td>\n<td>\n<h6>2002 &#8211; 2007<\/h6>\n<\/td>\n<\/tr>\n<tr>\n<td>\n<h6>CABE\u00c7OTE RENAULT KANGOO AUTHENTIQUE HI-FLEX<\/h6>\n<\/td>\n<td>\n<h6>K4M 1.6 L 16V DOHC L4<\/h6>\n<\/td>\n<td>\n<h6>2007 &#8211; 2011<\/h6>\n<\/td>\n<\/tr>\n<tr>\n<td>\n<h6>CABE\u00c7OTE RENAULT KANGOO EXPRESS<\/h6>\n<\/td>\n<td>\n<h6>K4M 1.6 L 16V DOHC L4<\/h6>\n<\/td>\n<td>\n<h6>2007 &#8211; 2011<\/h6>\n<\/td>\n<\/tr>\n<tr>\n<td>\n<h6>CABE\u00c7OTE RENAULT KANGOO EXPRESS 3 PORTAS<\/h6>\n<\/td>\n<td>\n<h6>K4M 1.6 L 16V DOHC L4<\/h6>\n<\/td>\n<td>\n<h6>2007 &#8211; 2024<\/h6>\n<\/td>\n<\/tr>\n<tr>\n<td>\n<h6>CABE\u00c7OTE RENAULT KANGOO EXPRESS FCON<\/h6>\n<\/td>\n<td>\n<h6>K4M 1.6 L 16V DOHC L4<\/h6>\n<\/td>\n<td>\n<h6>2002 &#8211; 2007<\/h6>\n<\/td>\n<\/tr>\n<tr>\n<td>\n<h6>CABE\u00c7OTE RENAULT KANGOO EXPRESSION<\/h6>\n<\/td>\n<td>\n<h6>K4M 1.6 L 16V DOHC L4<\/h6>\n<\/td>\n<td>\n<h6>2002 &#8211; 2007<\/h6>\n<\/td>\n<\/tr>\n<tr>\n<td>\n<h6>CABE\u00c7OTE RENAULT KANGOO EXPRESSION<\/h6>\n<\/td>\n<td>\n<h6>K4M 1.6 L 16V DOHC L4<\/h6>\n<\/td>\n<td>\n<h6>2007 &#8211; 2011<\/h6>\n<\/td>\n<\/tr>\n<tr>\n<td>\n<h6>CABE\u00c7OTE RENAULT KANGOO RL<\/h6>\n<\/td>\n<td>\n<h6>K4M 1.6 L 16V DOHC L4<\/h6>\n<\/td>\n<td>\n<h6>2002 &#8211; 2007<\/h6>\n<\/td>\n<\/tr>\n<tr>\n<td>\n<h6>CABE\u00c7OTE RENAULT KANGOO RL EXPRESS<\/h6>\n<\/td>\n<td>\n<h6>K4M 1.6 L 16V DOHC L4<\/h6>\n<\/td>\n<td>\n<h6>2002 &#8211; 2007<\/h6>\n<\/td>\n<\/tr>\n<tr>\n<td>\n<h6>CABE\u00c7OTE RENAULT KANGOO RN<\/h6>\n<\/td>\n<td>\n<h6>K4M 1.6 L 16V DOHC L4<\/h6>\n<\/td>\n<td>\n<h6>2002 &#8211; 2007<\/h6>\n<\/td>\n<\/tr>\n<tr>\n<td>\n<h6>CABE\u00c7OTE RENAULT KANGOO RT<\/h6>\n<\/td>\n<td>\n<h6>K4M 1.6 L 16V DOHC L4<\/h6>\n<\/td>\n<td>\n<h6>2002 &#8211; 2007<\/h6>\n<\/td>\n<\/tr>\n<tr>\n<td>\n<h6>CABE\u00c7OTE RENAULT LOGAN EXPRESSION<\/h6>\n<\/td>\n<td>\n<h6>K4M 1.6 L 16V DOHC L4<\/h6>\n<\/td>\n<td>\n<h6>2011 &#8211; 2013<\/h6>\n<\/td>\n<\/tr>\n<tr>\n<td>\n<h6>CABE\u00c7OTE RENAULT LOGAN PRIVILEGE G1<\/h6>\n<\/td>\n<td>\n<h6>K4M 1.6 L 16V DOHC L4<\/h6>\n<\/td>\n<td>\n<h6>2007 &#8211; 2013<\/h6>\n<\/td>\n<\/tr>\n<tr>\n<td>\n<h6>CABE\u00c7OTE RENAULT MEGANE GRAND TOUR DYNAMIQUE<\/h6>\n<\/td>\n<td>\n<h6>K4M 1.6 L 16V DOHC L4<\/h6>\n<\/td>\n<td>\n<h6>2006 &#8211; 2012<\/h6>\n<\/td>\n<\/tr>\n<tr>\n<td>\n<h6>CABE\u00c7OTE RENAULT MEGANE GRAND TOUR EXPRESSION<\/h6>\n<\/td>\n<td>\n<h6>K4M 1.6 L 16V DOHC L4<\/h6>\n<\/td>\n<td>\n<h6>2006 &#8211; 2012<\/h6>\n<\/td>\n<\/tr>\n<tr>\n<td>\n<h6>CABE\u00c7OTE RENAULT MEGANE HATCH FII EXPRESSION<\/h6>\n<\/td>\n<td>\n<h6>K4M 1.6 L 16V DOHC L4<\/h6>\n<\/td>\n<td>\n<h6>1997 &#8211; 2006<\/h6>\n<\/td>\n<\/tr>\n<tr>\n<td>\n<h6>CABE\u00c7OTE RENAULT MEGANE NOVO B32 RS COUPE<\/h6>\n<\/td>\n<td>\n<h6>K4M 1.6 L 16V DOHC L4<\/h6>\n<\/td>\n<td>\n<h6>2011 &#8211; 2011<\/h6>\n<\/td>\n<\/tr>\n<tr>\n<td>\n<h6>CABE\u00c7OTE RENAULT MEGANE RT<\/h6>\n<\/td>\n<td>\n<h6>K4M 1.6 L 16V DOHC L4<\/h6>\n<\/td>\n<td>\n<h6>1997 &#8211; 2006<\/h6>\n<\/td>\n<\/tr>\n<tr>\n<td>\n<h6>CABE\u00c7OTE RENAULT MEGANE RXE<\/h6>\n<\/td>\n<td>\n<h6>K4M 1.6 L 16V DOHC L4<\/h6>\n<\/td>\n<td>\n<h6>1997 &#8211; 2006<\/h6>\n<\/td>\n<\/tr>\n<tr>\n<td>\n<h6>CABE\u00c7OTE RENAULT MEGANE SEDAN EXPRESSION<\/h6>\n<\/td>\n<td>\n<h6>K4M 1.6 L 16V DOHC L4<\/h6>\n<\/td>\n<td>\n<h6>2006 &#8211; 2012<\/h6>\n<\/td>\n<\/tr>\n<\/tbody>\n<\/table>\n<\/div>\n<\/div>\n<\/div>\n<\/div>\n<\/div>\n<\/div>\n<h3>Detalhes T\u00e9cnicos: Torque dos Parafusos<\/h3>\n<p>Para garantir a instala\u00e7\u00e3o segura e eficaz do cabe\u00e7ote Renault Duster 1.6 16V motor K4M, siga as especifica\u00e7\u00f5es de torque:<\/p>\n<ul>\n<li><strong>Torque Inicial:<\/strong> 20 Nm<\/li>\n<li><strong>Aperto Angular:<\/strong> 80\u00b0 em 8 etapas<\/li>\n<\/ul>\n<h3>Na Q3, Voc\u00ea Encontra o Melhor Cabe\u00e7ote para Renault Duster 1.6 16V K4M<\/h3>\n<p>A Q3 \u00e9 refer\u00eancia em pe\u00e7as automotivas de qualidade. Somos especializados na venda de cabe\u00e7otes novos para diversos modelos Renault, incluindo o Duster. Nossa equipe est\u00e1 pronta para ajudar propriet\u00e1rios de ve\u00edculos e mec\u00e2nicas a encontrar a pe\u00e7a certa. Entre em contato se tiver d\u00favidas!<\/p>\n<h3>Informa\u00e7\u00f5es Adicionais<\/h3>\n<ul>\n<li><strong>Pe\u00e7as para Montagem:<\/strong> N\u00e3o inclu\u00eddas<\/li>\n<li><strong>Prazo de Devolu\u00e7\u00e3o:<\/strong> 7 dias<\/li>\n<li><strong>Local de Envio:<\/strong> Para todo o Brasil<\/li>\n<li><strong>Formas de Envio:<\/strong> Correios (Sedex ou PAC), transporte a\u00e9reo, transportadora. Para entregas em um raio de at\u00e9 200 km de S\u00e3o Paulo, oferecemos servi\u00e7o de motoboy.<\/li>\n<li><strong>Garantia:<\/strong> 3 meses<\/li>\n<\/ul>\n<h3>Observa\u00e7\u00f5es Importantes<\/h3>\n<ul>\n<li>Recomenda-se a compra de pe\u00e7as novas para montagem.<\/li>\n<li>N\u00e3o efetuamos troca de pe\u00e7as retificadas ou danificadas. Verifique o produto antes da instala\u00e7\u00e3o.<\/li>\n<li>Para d\u00favidas sobre frete, entre em contato.<\/li>\n<\/ul>\n<p><strong>Aproveite esta oportunidade para adquirir o cabe\u00e7ote Renault Duster 1.6 16 v\u00e1lvulas motor K4M!<\/strong> Explore nossa linha completa de cabe\u00e7otes para ve\u00edculos Renault e encontre a pe\u00e7a perfeita para o seu carro.<\/p>\n","protected":false},"excerpt":{"rendered":"<p>Sale of Renault Duster 1.6 16V Cylinder Head 2011 to 2014 K4M engine New Renault Duster 1.6 16V Cylinder Head K4M Engine:<\/p>","protected":false},"featured_media":10815,"comment_status":"open","ping_status":"closed","template":"","meta":[],"product_cat":[127],"product_tag":[337],"class_list":["post-6633","product","type-product","status-publish","has-post-thumbnail","hentry","product_cat-renault-cabecotes-novos","product_tag-cabecote-renault-duster-1-6-16v"],"_links":{"self":[{"href":"https:\/\/q3autoimports.com.br\/en\/wp-json\/wp\/v2\/product\/6633","targetHints":{"allow":["GET"]}}],"collection":[{"href":"https:\/\/q3autoimports.com.br\/en\/wp-json\/wp\/v2\/product"}],"about":[{"href":"https:\/\/q3autoimports.com.br\/en\/wp-json\/wp\/v2\/types\/product"}],"replies":[{"embeddable":true,"href":"https:\/\/q3autoimports.com.br\/en\/wp-json\/wp\/v2\/comments?post=6633"}],"wp:featuredmedia":[{"embeddable":true,"href":"https:\/\/q3autoimports.com.br\/en\/wp-json\/wp\/v2\/media\/10815"}],"wp:attachment":[{"href":"https:\/\/q3autoimports.com.br\/en\/wp-json\/wp\/v2\/media?parent=6633"}],"wp:term":[{"taxonomy":"product_cat","embeddable":true,"href":"https:\/\/q3autoimports.com.br\/en\/wp-json\/wp\/v2\/product_cat?post=6633"},{"taxonomy":"product_tag","embeddable":true,"href":"https:\/\/q3autoimports.com.br\/en\/wp-json\/wp\/v2\/product_tag?post=6633"}],"curies":[{"name":"wp","href":"https:\/\/api.w.org\/{rel}","templated":true}]}}