{"id":6709,"date":"2018-08-23T12:03:31","date_gmt":"2018-08-23T12:03:31","guid":{"rendered":"https:\/\/q3autoimports.com.br\/loja\/cabecote-nissan-pathfinder-2-7-8v-diesel-novo\/"},"modified":"2024-09-09T13:23:13","modified_gmt":"2024-09-09T13:23:13","slug":"new-nissan-pathfinder-2-7-8v-diesel-head","status":"publish","type":"product","link":"https:\/\/q3autoimports.com.br\/en\/new-nissan-pathfinder-2-7-8v-diesel-head\/","title":{"rendered":"Nissan Pathfinder 2.7 8V Diesel Cylinder Head New"},"content":{"rendered":"<h2>venda Cabe\u00e7ote Nissan Pathfinder 2.7 8V Diesel Novo<\/h2>\n<p>&nbsp;<\/p>\n<p class=\"MsoNormal\" style=\"margin-bottom: 6.4pt; line-height: normal; mso-outline-level: 3;\"><iframe class=\"note-video-clip\" src=\"\/\/www.youtube.com\/embed\/kHF7ryEoBkk\" width=\"640\" height=\"360\" frameborder=\"0\"><\/iframe><\/p>\n<div class=\"flex max-w-full flex-col flex-grow\">\n<div class=\"min-h-[20px] text-message flex w-full flex-col items-end gap-2 break-words [.text-message+&amp;]:mt-5 overflow-x-auto whitespace-normal\" dir=\"auto\" data-message-author-role=\"assistant\" data-message-id=\"503c67fc-c145-4cb6-802f-f75e9e676cf9\">\n<div class=\"flex w-full flex-col gap-1 empty:hidden first:pt-[3px]\">\n<div class=\"markdown prose w-full break-words dark:prose-invert dark\">\n<p><strong>Venda de Cabe\u00e7ote Nissan Pathfinder 2.7 8V Diesel<\/strong><\/p>\n<p>Encontre o cabe\u00e7ote ideal para o seu Nissan Pathfinder 2.7 8V Diesel, compat\u00edvel com os modelos de 1993 a 1996. Com altura original de 90,00 mm, esse cabe\u00e7ote novo oferece alta durabilidade e desempenho superior, garantindo a seguran\u00e7a e a performance do seu ve\u00edculo. Fabricado pela renomada Q3 Auto Imports, \u00e9 a escolha certa para quem busca qualidade e confiabilidade.<\/p>\n<h3><strong>Especifica\u00e7\u00f5es do Cabe\u00e7ote Nissan Pathfinder 2.7 8V<\/strong><\/h3>\n<ul>\n<li><strong>Montadora:<\/strong> Nissan<\/li>\n<li><strong>Motor:<\/strong> 2.7 8V Diesel<\/li>\n<li><strong>Ano:<\/strong> 1993 a 1996<\/li>\n<li><strong>Altura:<\/strong> 90,00 mm<\/li>\n<li><strong>Marca:<\/strong> Q3 Auto Imports<\/li>\n<\/ul>\n<p>Este cabe\u00e7ote \u00e9 projetado especificamente para o motor 2.7 8V Diesel da Nissan Pathfinder, oferecendo um encaixe perfeito e desempenho otimizado. A Q3 \u00e9 reconhecida como uma das marcas mais relevantes do mercado em cabe\u00e7otes novos.<\/p>\n<p><strong>Informa\u00e7\u00f5es Adicionais:<\/strong><\/p>\n<ul>\n<li><strong>Acompanha pe\u00e7as para montagem:<\/strong> N\u00e3o<\/li>\n<li><strong>Prazo de devolu\u00e7\u00e3o:<\/strong> 7 dias<\/li>\n<li><strong>Envio:<\/strong> Todo o Brasil via Correios, transporte a\u00e9reo, transportadora, ou motoboy para regi\u00f5es at\u00e9 200 km de S\u00e3o Paulo.<\/li>\n<li><strong>Garantia:<\/strong> 3 meses<\/li>\n<\/ul>\n<p>Aproveite essa oportunidade para garantir o melhor cabe\u00e7ote Nissan Pathfinder 2.7 8V do mercado. Se precisar de outras pe\u00e7as, confira nossa linha completa de cabe\u00e7otes Nissan. N\u00e3o perca tempo, entre em contato com nossa equipe para mais informa\u00e7\u00f5es!<\/p>\n<\/div>\n<\/div>\n<\/div>\n<\/div>\n<div class=\"mt-1 flex gap-3 empty:hidden -ml-2\">\n<div class=\"items-center justify-start rounded-xl p-1 flex\">\n<div class=\"flex items-center\">\n<p>&nbsp;<\/p>\n<div class=\"flex\"><\/div>\n<div class=\"flex items-center pb-0\">\n<div class=\"[&amp;_svg]:h-full [&amp;_svg]:w-full icon-md h-4 w-4\"><\/div>\n<p><span class=\"overflow-hidden text-clip whitespace-nowrap text-sm\">4o<\/span><\/p>\n<\/div>\n<\/div>\n<\/div>\n<\/div>\n","protected":false},"excerpt":{"rendered":"<p>Nissan Pathfinder 2.7 8V Diesel Cylinder Head for Sale New Nissan Pathfinder 2.7 8V Diesel Cylinder Head for Sale Find the cylinder head<\/p>","protected":false},"featured_media":12344,"comment_status":"open","ping_status":"closed","template":"","meta":[],"product_cat":[128,182],"product_tag":[382],"class_list":["post-6709","product","type-product","status-publish","has-post-thumbnail","hentry","product_cat-nissan-cabecotes-novos","product_cat-cabecotes-novos","product_tag-cabecote-nissan-pathfinder-2-7-8v-diesel-novo"],"_links":{"self":[{"href":"https:\/\/q3autoimports.com.br\/en\/wp-json\/wp\/v2\/product\/6709","targetHints":{"allow":["GET"]}}],"collection":[{"href":"https:\/\/q3autoimports.com.br\/en\/wp-json\/wp\/v2\/product"}],"about":[{"href":"https:\/\/q3autoimports.com.br\/en\/wp-json\/wp\/v2\/types\/product"}],"replies":[{"embeddable":true,"href":"https:\/\/q3autoimports.com.br\/en\/wp-json\/wp\/v2\/comments?post=6709"}],"wp:featuredmedia":[{"embeddable":true,"href":"https:\/\/q3autoimports.com.br\/en\/wp-json\/wp\/v2\/media\/12344"}],"wp:attachment":[{"href":"https:\/\/q3autoimports.com.br\/en\/wp-json\/wp\/v2\/media?parent=6709"}],"wp:term":[{"taxonomy":"product_cat","embeddable":true,"href":"https:\/\/q3autoimports.com.br\/en\/wp-json\/wp\/v2\/product_cat?post=6709"},{"taxonomy":"product_tag","embeddable":true,"href":"https:\/\/q3autoimports.com.br\/en\/wp-json\/wp\/v2\/product_tag?post=6709"}],"curies":[{"name":"wp","href":"https:\/\/api.w.org\/{rel}","templated":true}]}}