{"id":6716,"date":"2018-08-23T12:04:05","date_gmt":"2018-08-23T12:04:05","guid":{"rendered":"https:\/\/q3autoimports.com.br\/loja\/cabecote-volkswagen-gol-special-1-0-8v-mi-at-de-1994-ate-2002-produto-novo-pelado\/"},"modified":"2024-09-09T13:23:11","modified_gmt":"2024-09-09T13:23:11","slug":"volkswagen-gol-special-1-0-8v-mi-at-head-from-1994-to-2002-new-product-bare","status":"publish","type":"product","link":"https:\/\/q3autoimports.com.br\/en\/volkswagen-gol-special-1-0-8v-mi-at-head-from-1994-to-2002-new-product-bare\/","title":{"rendered":"Volkswagen Gol SPECIAL 1.0 8V MI\/AT cylinder head from 1994 to 2002 \u2013 New, Bare Product"},"content":{"rendered":"<h2><b style=\"font-family: Verdana; color: inherit; font-size: 15px; text-align: justify;\">Venda de Cabe\u00e7ote Volkswagen Gol SPECIAL 1.0 8V MI\/AT de 1994 at\u00e9 2002 &#8211; Produto Novo Pelado<\/b><\/h2>\n<p><iframe class=\"note-video-clip\" src=\"\/\/www.youtube.com\/embed\/-rU75SbQHbk\" width=\"640\" height=\"360\" frameborder=\"0\"><\/iframe><b style=\"font-family: Verdana; color: inherit; font-size: 15px; text-align: justify;\"><br \/>\n<\/b><\/p>\n<div class=\"flex max-w-full flex-col flex-grow\">\n<div class=\"min-h-[20px] text-message flex w-full flex-col items-end gap-2 break-words [.text-message+&amp;]:mt-5 overflow-x-auto whitespace-normal\" dir=\"auto\" data-message-author-role=\"assistant\" data-message-id=\"0d7cd9ee-f6e8-4be7-b867-cad43141cd61\">\n<div class=\"flex w-full flex-col gap-1 empty:hidden first:pt-[3px]\">\n<div class=\"markdown prose w-full break-words dark:prose-invert dark\">\n<h3>Cabe\u00e7ote Volkswagen Gol 1.0 8V Mi\/AT: Qualidade e Durabilidade Garantidas<\/h3>\n<p>O cabe\u00e7ote da <strong>Volkswagen Gol 1.0 8 v\u00e1lvulas Mi\/AT<\/strong> \u00e9 compat\u00edvel com modelos produzidos entre 1994 e 2002. Com altura original padr\u00e3o de 136 mm, este cabe\u00e7ote novo \u00e9 ideal para os ve\u00edculos <strong>Gol<\/strong> e <strong>Parati<\/strong> da Volkswagen, oferecendo excelente qualidade e durabilidade, garantindo mais seguran\u00e7a para voc\u00ea e seu carro.<\/p>\n<h4>Tabela de Altura do Cabe\u00e7ote Volkswagen Gol MI\/AT 1.0 8V<\/h4>\n<table>\n<thead>\n<tr>\n<th>Modelo<\/th>\n<th>Altura Standard<\/th>\n<th>Altura M\u00ednima<\/th>\n<\/tr>\n<\/thead>\n<tbody>\n<tr>\n<td>AT<\/td>\n<td>136,00 mm<\/td>\n<td>135,50 mm<\/td>\n<\/tr>\n<\/tbody>\n<\/table>\n<h4>Especifica\u00e7\u00f5es do Cabe\u00e7ote Volkswagen Gol Mi 1.0 8V<\/h4>\n<ul>\n<li><strong>Montadora:<\/strong> Volkswagen<\/li>\n<li><strong>Motor:<\/strong> 1.0 8V AT \/ Mi<\/li>\n<li><strong>Ano:<\/strong> 1994 at\u00e9 2002<\/li>\n<li><strong>Altura do Cabe\u00e7ote:<\/strong> 136,00 mm<\/li>\n<li><strong>N\u00famero da Pe\u00e7a:<\/strong> 030103374AN<\/li>\n<li><strong>Marca:<\/strong> Q3 Auto Imports<\/li>\n<\/ul>\n<h4>Aplica\u00e7\u00f5es do Cabe\u00e7ote Volkswagen Gol 1.0 8V<\/h4>\n<table>\n<thead>\n<tr>\n<th>\n<h6>Modelo<\/h6>\n<\/th>\n<th>\n<h6>Ano<\/h6>\n<\/th>\n<th>\n<h6>Combust\u00edvel<\/h6>\n<\/th>\n<\/tr>\n<\/thead>\n<tbody>\n<tr>\n<td>\n<h6>Cabe\u00e7ote Volkswagen Gol Power AT 1.0 8V<\/h6>\n<\/td>\n<td>\n<h6>2001-2001<\/h6>\n<\/td>\n<td>\n<h6>Gasolina\/\u00c1lcool<\/h6>\n<\/td>\n<\/tr>\n<tr>\n<td>\n<h6>Cabe\u00e7ote Volkswagen Gol Trend AT 1.0 8V<\/h6>\n<\/td>\n<td>\n<h6>2001-2001<\/h6>\n<\/td>\n<td>\n<h6>Gasolina\/\u00c1lcool<\/h6>\n<\/td>\n<\/tr>\n<tr>\n<td>\n<h6>Cabe\u00e7ote Volkswagen Gol Special AT 1.0 8V<\/h6>\n<\/td>\n<td>\n<h6>1997-2001<\/h6>\n<\/td>\n<td>\n<h6>Gasolina\/\u00c1lcool<\/h6>\n<\/td>\n<\/tr>\n<tr>\n<td>\n<h6>Cabe\u00e7ote Volkswagen Gol MI\/MI Plus AT 1.0 8V<\/h6>\n<\/td>\n<td>\n<h6>1998-1998<\/h6>\n<\/td>\n<td>\n<h6>Gasolina\/\u00c1lcool<\/h6>\n<\/td>\n<\/tr>\n<tr>\n<td>\n<h6>Cabe\u00e7ote Volkswagen Gol S\u00e9rie Ouro AT 1.0 8V<\/h6>\n<\/td>\n<td>\n<h6>2000-2000<\/h6>\n<\/td>\n<td>\n<h6>Gasolina\/\u00c1lcool<\/h6>\n<\/td>\n<\/tr>\n<tr>\n<td>\n<h6>Cabe\u00e7ote Volkswagen Gol Special AT 1.0 8V<\/h6>\n<\/td>\n<td>\n<h6>1999-2005<\/h6>\n<\/td>\n<td>\n<h6>Gasolina\/\u00c1lcool<\/h6>\n<\/td>\n<\/tr>\n<tr>\n<td>\n<h6>Cabe\u00e7ote Volkswagen Gol MI\/MI Plus AT 1.0 8V<\/h6>\n<\/td>\n<td>\n<h6>1999-1999<\/h6>\n<\/td>\n<td>\n<h6>Gasolina\/\u00c1lcool<\/h6>\n<\/td>\n<\/tr>\n<\/tbody>\n<\/table>\n<h6>Torque do Cabe\u00e7ote Power Gol MI AT 1.0 8V<\/h6>\n<table>\n<thead>\n<tr>\n<th>\n<h6>Etapas<\/h6>\n<\/th>\n<th>\n<h6>Parafuso Cabe\u00e7ote<\/h6>\n<\/th>\n<th>\n<h6>Torque (Nm)<\/h6>\n<\/th>\n<th>\n<h6>(+) Angular \u2220<\/h6>\n<\/th>\n<\/tr>\n<\/thead>\n<tbody>\n<tr>\n<td>\n<h6>1<\/h6>\n<\/td>\n<td>\n<h6>30 Nm<\/h6>\n<\/td>\n<td>\n<h6>90\u00ba<\/h6>\n<\/td>\n<td>\n<h6>90\u00ba<\/h6>\n<\/td>\n<\/tr>\n<\/tbody>\n<\/table>\n<h6><strong>Sequ\u00eancia de Aperto Cabe\u00e7ote AT:<\/strong><\/h6>\n<ul>\n<li>\n<h6><strong>Altura m\u00ednima do cabe\u00e7ote:<\/strong> 135,2 mm<\/h6>\n<\/li>\n<li>\n<h6><strong>Altura Padr\u00e3o (STD) do cabe\u00e7ote:<\/strong> 136 mm<\/h6>\n<\/li>\n<\/ul>\n<h6>Encontre o Melhor Cabe\u00e7ote Volkswagen Gol 1.0 8V Mi\/AT na Q3<\/h6>\n<h6>Na <strong>Q3 Auto Imports<\/strong>, voc\u00ea encontra o cabe\u00e7ote <strong>Volkswagen Gol 1.0 8 v\u00e1lvulas Mi\/AT<\/strong> de melhor qualidade do mercado. Especializada na venda de cabe\u00e7otes novos, a Q3 \u00e9 uma refer\u00eancia no mercado automobil\u00edstico. Se voc\u00ea est\u00e1 procurando o cabe\u00e7ote ideal para o seu Volkswagen Gol, voc\u00ea est\u00e1 no lugar certo!<\/h6>\n<h6><strong>Acompanha pe\u00e7as para montagem:<\/strong> N\u00e3o<br \/>\n<strong>Prazo de devolu\u00e7\u00e3o:<\/strong> 7 dias<br \/>\n<strong>Local de envio:<\/strong> Enviamos para todo o Brasil<br \/>\n<strong>Formas de envio:<\/strong> Via Correios (Sedex ou PAC), transporte a\u00e9reo e\/ou transportadora. Envio por motoboy dispon\u00edvel para regi\u00f5es at\u00e9 200 km de S\u00e3o Paulo.<br \/>\n<strong>Garantia:<\/strong> 3 meses<\/h6>\n<h6><strong>Observa\u00e7\u00f5es Gerais:<\/strong><\/h6>\n<ul>\n<li>\n<h6>Para a montagem, ser\u00e1 necess\u00e1ria a compra de pe\u00e7as novas ou a utiliza\u00e7\u00e3o de pe\u00e7as que voc\u00ea j\u00e1 possua.<\/h6>\n<\/li>\n<li>\n<h6>N\u00e3o trocamos pe\u00e7as que foram retificadas ou danificadas, portanto, verifique o produto antes de mont\u00e1-lo.<\/h6>\n<\/li>\n<li>\n<h6>Consulte-nos em caso de d\u00favidas sobre o frete.<\/h6>\n<\/li>\n<\/ul>\n<h6>Essa \u00e9 a sua grande oportunidade para adquirir o melhor cabe\u00e7ote <strong>Volkswagen Gol 1.0 8 v\u00e1lvulas Mi\/AT<\/strong> do mercado. Confira tamb\u00e9m outras op\u00e7\u00f5es de cabe\u00e7otes para carros Volkswagen dispon\u00edveis em nossa loja. Aproveite!<\/h6>\n<\/div>\n<\/div>\n<\/div>\n<\/div>\n<div class=\"mt-1 flex gap-3 empty:hidden -ml-2\">\n<div class=\"items-center justify-start rounded-xl p-1 flex\">\n<div class=\"flex items-center\"><button class=\"rounded-lg text-token-text-secondary hover:bg-token-main-surface-secondary\" aria-label=\"Read Aloud\"><\/button><button class=\"rounded-lg text-token-text-secondary hover:bg-token-main-surface-secondary\" aria-label=\"Copiar\"><\/button><button class=\"rounded-lg text-token-text-secondary hover:bg-token-main-surface-secondary\" aria-label=\"Gerar novamente\"><\/button><\/p>\n<div class=\"flex\"><\/div>\n<div class=\"flex items-center pb-0\">\n<div class=\"[&amp;_svg]:h-full [&amp;_svg]:w-full icon-md h-4 w-4\"><\/div>\n<p><span class=\"overflow-hidden text-clip whitespace-nowrap text-sm\">4o<\/span><\/div>\n<\/div>\n<\/div>\n<\/div>\n","protected":false},"excerpt":{"rendered":"<p>Sale of Volkswagen Gol SPECIAL 1.0 8V MI\/AT cylinder head from 1994 to 2002 \u2013 New Bare Volkswagen Gol Cylinder Head Product<\/p>","protected":false},"featured_media":10841,"comment_status":"open","ping_status":"closed","template":"","meta":[],"product_cat":[151,124],"product_tag":[230,390,391,226,388,348,193,346,228,387,200,379,350,389,223],"class_list":["post-6716","product","type-product","status-publish","has-post-thumbnail","hentry","product_cat-cabecotes-novos-gol","product_cat-novos-cabecotes-volkswagen","product_tag-1-0","product_tag-390","product_tag-391","product_tag-8v","product_tag-at","product_tag-ate","product_tag-cabecote","product_tag-de","product_tag-gol","product_tag-mi","product_tag-novo","product_tag-pelado","product_tag-produto","product_tag-special","product_tag-volkswagen"],"_links":{"self":[{"href":"https:\/\/q3autoimports.com.br\/en\/wp-json\/wp\/v2\/product\/6716","targetHints":{"allow":["GET"]}}],"collection":[{"href":"https:\/\/q3autoimports.com.br\/en\/wp-json\/wp\/v2\/product"}],"about":[{"href":"https:\/\/q3autoimports.com.br\/en\/wp-json\/wp\/v2\/types\/product"}],"replies":[{"embeddable":true,"href":"https:\/\/q3autoimports.com.br\/en\/wp-json\/wp\/v2\/comments?post=6716"}],"wp:featuredmedia":[{"embeddable":true,"href":"https:\/\/q3autoimports.com.br\/en\/wp-json\/wp\/v2\/media\/10841"}],"wp:attachment":[{"href":"https:\/\/q3autoimports.com.br\/en\/wp-json\/wp\/v2\/media?parent=6716"}],"wp:term":[{"taxonomy":"product_cat","embeddable":true,"href":"https:\/\/q3autoimports.com.br\/en\/wp-json\/wp\/v2\/product_cat?post=6716"},{"taxonomy":"product_tag","embeddable":true,"href":"https:\/\/q3autoimports.com.br\/en\/wp-json\/wp\/v2\/product_tag?post=6716"}],"curies":[{"name":"wp","href":"https:\/\/api.w.org\/{rel}","templated":true}]}}