{"id":7173,"date":"2019-01-04T10:07:51","date_gmt":"2019-01-04T10:07:51","guid":{"rendered":"https:\/\/q3autoimports.com.br\/loja\/cabecote-ford-transit-2-4-16v\/"},"modified":"2024-09-09T13:21:59","modified_gmt":"2024-09-09T13:21:59","slug":"cabecote-ford-transit-2-4-16v","status":"publish","type":"product","link":"https:\/\/q3autoimports.com.br\/en\/cabecote-ford-transit-2-4-16v\/","title":{"rendered":"Cabe\u00e7ote Ford Transit 2.4 16V"},"content":{"rendered":"<h2><span style=\"color: #333333; font-family: Verdana; font-size: 1em; font-weight: bold; text-align: justify;\">Sale of Ford Transit 2.4 16V Duratorq engine cylinder head new<\/span><\/h2>\n<h2><iframe class=\"note-video-clip\" src=\"\/\/www.youtube.com\/embed\/Mm-b4F0LVVY\" width=\"640\" height=\"360\" frameborder=\"0\"><\/iframe><span style=\"color: #333333; font-family: Verdana; font-size: 1em; font-weight: bold; text-align: justify;\"><br \/>\n<\/span><\/h2>\n<p class=\"MsoNormal\" style=\"color: #333333; margin-bottom: 10px; font-size: 1em; text-align: justify;\"><span style=\"font-family: Verdana;\">O cabe\u00e7ote Ford Transit 2.4 16V motor Duratorq, serve nos modelos a partir do ano de 2008 at\u00e9 o ano de 2011. O cabe\u00e7ote possui altura original standard. Esse produto \u00e9 novo e aplica-se no ve\u00edculo Transit da montadora Ford. Produto de alta qualidade e durabilidade, proporcionando mais seguran\u00e7a para voc\u00ea e seu ve\u00edculo.<\/span><\/p>\n<p class=\"MsoNormal\" style=\"color: #333333; margin-bottom: 10px; font-size: 1em; text-align: justify;\"><span style=\"font-family: Verdana;\">\u00a0<\/span><\/p>\n<ul style=\"margin-bottom: 10px; font-size: 14px;\">\n<li style=\"text-align: start;\"><span style=\"font-family: Verdana;\"><span style=\"text-align: justify;\"><span style=\"color: #23527c;\">Valor do cabe\u00e7ote da\u00a0<\/span><a style=\"color: #4563a1;\" href=\"https:\/\/q3autoimports.com.br\/en\/whatsapp\/mobile-php\/\">Ford transit 2.4 16V<\/a><\/span><\/span><\/li>\n<li style=\"color: #666666; text-align: start;\"><span style=\"font-family: Verdana;\"><span style=\"color: inherit; text-align: justify;\">Head price\u00a0<\/span><span style=\"text-align: justify;\">ford Transit 2.4 16V<\/span><\/span><\/li>\n<li style=\"color: #666666; text-align: start;\"><span style=\"font-family: Verdana;\"><span style=\"text-align: justify;\">buy cylinder head\u00a0<\/span><span style=\"text-align: justify;\">Ford Transit 2.4 16V<\/span><\/span><\/li>\n<\/ul>\n<p class=\"MsoNormal\" style=\"color: #333333; margin-bottom: 10px; font-size: 1em; text-align: justify;\">\n<div style=\"color: #333333; text-align: justify;\"><span style=\"font-family: Verdana;\"><span style=\"font-weight: bold;\">Specification of\u00a0<\/span><span style=\"font-weight: bold;\">Cabe\u00e7ote Ford Transit 2.4 16V Duratorq<\/span><\/span><\/div>\n<div style=\"color: #333333; text-align: justify;\"><span style=\"font-family: Verdana;\">\u00a0<\/span><\/div>\n<p>&nbsp;<\/p>\n<div style=\"text-align: justify;\">Montadora: Ford<\/div>\n<div style=\"text-align: justify;\">Motor: 2.4 16V Duratorq<\/div>\n<div style=\"text-align: justify;\">Year: 2008 to 2011<\/div>\n<div style=\"text-align: justify;\">Height: 146.10 mm Standard<\/div>\n<div style=\"text-align: justify;\">Brand: Q3 auto imports<\/div>\n<div style=\"text-align: justify;\">Original Number: AMC 908768 \/ LR10185 \/ 1433148 \/ 1475887<\/div>\n<div style=\"text-align: justify;\"><\/div>\n<div style=\"text-align: justify;\"><\/div>\n<div style=\"text-align: justify;\"><\/div>\n<p>&nbsp;<\/p>\n<div style=\"text-align: justify;\"><span style=\"font-family: Verdana; font-weight: bold;\">Para quais motores servem o cabe\u00e7ote Ford Transit 2.4\u00a0<\/span><\/div>\n<p class=\"MsoNormal\" style=\"margin-bottom: 10px; font-size: 1em; text-align: justify;\"><span style=\"font-family: Verdana;\">Cylinder head Ford Transit 2.4 16V 2008-2009-2010-2011<\/span><\/p>\n<p class=\"MsoNormal\" style=\"margin-bottom: 10px; font-size: 1em; text-align: justify;\"><span style=\"font-family: Verdana;\">Head Land Rover Defender Puma 2.4 16V 2007-2008-2009-2010-2011<\/span><\/p>\n<div style=\"text-align: justify;\"><span style=\"color: #333333; font-family: Verdana;\">\u00a0<\/span><\/div>\n<p class=\"MsoNormal\" style=\"margin-bottom: 10px; font-size: 1em;\">\n<div style=\"text-align: justify;\">Encontre aqui o melhor cabe\u00e7ote Ford Transit 2.4 16V motor Duratorq! A Q3 \u00e9 uma das marcas mais relevantes do mercado quando se trata de cabe\u00e7otes novos. Se voc\u00ea est\u00e1 \u00e0 procura do cabe\u00e7ote Ford Transit 2.4 16V motor Duratorq, ent\u00e3o est\u00e1 no lugar certo. Em caso de d\u00favidas, entre em contato com a nossa equipe. Atendemos propriet\u00e1rios de ve\u00edculos e mec\u00e2nicas.<\/div>\n<p class=\"MsoNormal\" style=\"margin-bottom: 10px; font-size: 1em; text-align: justify;\"><span style=\"font-family: Verdana;\"><span style=\"font-weight: bold;\">Includes parts for assembly:<\/span>\u00a0no<\/span><\/p>\n<p class=\"MsoNormal\" style=\"margin-bottom: 10px; font-size: 1em; text-align: justify;\"><span style=\"font-family: Verdana;\"><span style=\"font-weight: bold;\">Return period:\u00a0<\/span>7 days<\/span><\/p>\n<p class=\"MsoNormal\" style=\"margin-bottom: 10px; font-size: 1em; text-align: justify;\"><span style=\"font-family: Verdana;\"><span style=\"font-weight: bold;\">Shipping location:<\/span>\u00a0We ship to all of Brazil<\/span><\/p>\n<p class=\"MsoNormal\" style=\"margin-bottom: 10px; font-size: 1em; text-align: justify;\"><span style=\"font-family: Verdana;\"><span style=\"font-weight: bold;\">Shipping method:<\/span>\u00a0We ship via Brazilian Post (Sedex or PAC), air freight, and\/or courier, depending on your needs for faster delivery. For regions up to 200 km from S\u00e3o Paulo, we ship by motorcycle courier.<\/span><\/p>\n<p class=\"MsoNormal\" style=\"margin-bottom: 10px; font-size: 1em; text-align: justify;\"><span style=\"font-family: Verdana;\"><span style=\"font-weight: bold;\">Guarantee:<\/span>\u00a03 months<\/span><\/p>\n<p class=\"MsoNormal\" style=\"margin-bottom: 10px; font-size: 1em; text-align: justify;\"><span style=\"font-family: Verdana;\">\u00a0<\/span><\/p>\n<p class=\"MsoNormal\" style=\"margin-bottom: 10px; font-size: 1em; text-align: justify;\"><span style=\"font-family: Verdana;\"><span style=\"font-weight: bold;\">General Observations:<\/span><\/span><\/p>\n<p class=\"MsoNormal\" style=\"margin-bottom: 10px; font-size: 1em; text-align: justify;\"><span style=\"font-family: Verdana;\">To carry out the assembly, you will need to purchase new parts or use parts you already have.<\/span><\/p>\n<p class=\"MsoNormal\" style=\"margin-bottom: 10px; font-size: 1em; text-align: justify;\"><span style=\"font-family: Verdana;\">We will not replace parts that have been reworked or damaged, so please inspect the product before assembling.<\/span><\/p>\n<p class=\"MsoNormal\" style=\"margin-bottom: 10px; font-size: 1em; text-align: justify;\"><span style=\"font-family: Verdana;\">Please contact us if you have any questions regarding shipping.<\/span><\/p>\n<p class=\"MsoNormal\" style=\"margin-bottom: 10px; font-size: 1em; text-align: justify;\"><span style=\"font-family: Verdana;\">\u00a0<\/span><\/p>\n<p class=\"MsoNormal\" style=\"margin-bottom: 10px; font-size: 1em; text-align: justify;\"><span style=\"font-family: Verdana;\">Essa \u00e9 a sua grande oportunidade para comprar o melhor\u00a0cabe\u00e7ote\u00a0 Ford Transit 2.4 16V motor Duratorq do mercado. Se necessita de mais op\u00e7\u00f5es de pe\u00e7as, ent\u00e3o consulte toda a nossa linha de cabe\u00e7otes<a style=\"color: #4563a1;\" href=\"https:\/\/q3autoimports.com.br\/en\/ford-cylinder-head\/\" target=\"_blank\" rel=\"noopener\">Ford<\/a>, among other models from the manufacturer. Enjoy!<\/span><\/p>\n<h2 style=\"margin: 0cm 0cm 6.4pt 0cm;\"><\/h2>","protected":false},"excerpt":{"rendered":"<p>Venda de Cabe\u00e7ote Ford Transit 2.4 16V motor Duratorq Novo O cabe\u00e7ote Ford Transit 2.4 16V motor Duratorq, serve nos<\/p>","protected":false},"featured_media":10992,"comment_status":"open","ping_status":"closed","template":"","meta":[],"product_cat":[182],"product_tag":[538],"class_list":["post-7173","product","type-product","status-publish","has-post-thumbnail","hentry","product_cat-cabecotes-novos","product_tag-cabecote-ford-transit-2-4-16v"],"_links":{"self":[{"href":"https:\/\/q3autoimports.com.br\/en\/wp-json\/wp\/v2\/product\/7173","targetHints":{"allow":["GET"]}}],"collection":[{"href":"https:\/\/q3autoimports.com.br\/en\/wp-json\/wp\/v2\/product"}],"about":[{"href":"https:\/\/q3autoimports.com.br\/en\/wp-json\/wp\/v2\/types\/product"}],"replies":[{"embeddable":true,"href":"https:\/\/q3autoimports.com.br\/en\/wp-json\/wp\/v2\/comments?post=7173"}],"wp:featuredmedia":[{"embeddable":true,"href":"https:\/\/q3autoimports.com.br\/en\/wp-json\/wp\/v2\/media\/10992"}],"wp:attachment":[{"href":"https:\/\/q3autoimports.com.br\/en\/wp-json\/wp\/v2\/media?parent=7173"}],"wp:term":[{"taxonomy":"product_cat","embeddable":true,"href":"https:\/\/q3autoimports.com.br\/en\/wp-json\/wp\/v2\/product_cat?post=7173"},{"taxonomy":"product_tag","embeddable":true,"href":"https:\/\/q3autoimports.com.br\/en\/wp-json\/wp\/v2\/product_tag?post=7173"}],"curies":[{"name":"wp","href":"https:\/\/api.w.org\/{rel}","templated":true}]}}