{"id":7196,"date":"2019-01-15T15:30:45","date_gmt":"2019-01-15T15:30:45","guid":{"rendered":"https:\/\/q3autoimports.com.br\/loja\/cabecote-peugeot-boxer-2-3-16v-motor-multijet-euro-5-novo\/"},"modified":"2024-09-09T13:21:58","modified_gmt":"2024-09-09T13:21:58","slug":"cabecote-peugeot-boxer-2-3-16v-motor-multijet-euro-5-novo","status":"publish","type":"product","link":"https:\/\/q3autoimports.com.br\/en\/cabecote-peugeot-boxer-2-3-16v-motor-multijet-euro-5-novo\/","title":{"rendered":"Cabe\u00e7ote Peugeot Boxer 2.3 16V Motor Multijet Euro 5 Novo"},"content":{"rendered":"<h2 style=\"text-align: justify;\"><span style=\"font-family: Verdana;\"><b>Venda de Cabe\u00e7ote Peugeot Boxer 2.3 16V Euro 5 Novo<\/b><\/span><\/h2>\n<h2 style=\"text-align: justify;\"><iframe class=\"note-video-clip\" src=\"\/\/www.youtube.com\/embed\/-sEoc15rK6c\" width=\"640\" height=\"360\" frameborder=\"0\"><\/iframe><span style=\"font-family: Verdana;\"><b><br \/>\n<\/b><\/span><\/h2>\n<p class=\"MsoNormal\" style=\"text-align: justify;\"><span style=\"font-family: Verdana;\">O cabe\u00e7ote Peugeot Boxer 2.3 16V Euro 5, serve nos modelos a partir do ano de 2012 at\u00e9 o ano de 2018. O cabe\u00e7ote possui altura original standard de 112,10 mm. Esse produto \u00e9 novo e aplica-se no ve\u00edculo Boxer montadora Peugeot. Produto de alta qualidade e durabilidade, proporcionando mais seguran\u00e7a para voc\u00ea e seu ve\u00edculo.<\/span><\/p>\n<p class=\"MsoNormal\" style=\"text-align: justify;\"><span style=\"font-family: Verdana;\">\u00a0<\/span><\/p>\n<p class=\"MsoNormal\" style=\"text-align: justify;\"><span style=\"color: #333333; font-family: Verdana; font-weight: bold;\">Specification of\u00a0<\/span><span style=\"color: #333333; font-family: Verdana; font-weight: bold;\">Cabe\u00e7ote Fiat Boxer 2.3 16V<\/span><\/p>\n<div style=\"text-align: justify;\"><span style=\"font-family: Verdana; color: inherit;\">Montadora: Peugeot<\/span><\/div>\n<p>&nbsp;<\/p>\n<div style=\"text-align: justify;\"><span style=\"color: inherit;\">Motor: 2.3 16V Euro 5<\/span><\/div>\n<div style=\"text-align: justify;\"><span style=\"color: inherit;\">Ano: 2012 At\u00e9 2018<\/span><\/div>\n<div style=\"text-align: justify;\"><span style=\"color: inherit;\">Brand: Q3 auto imports<\/span><\/div>\n<div style=\"text-align: justify;\"><span style=\"color: inherit;\">Altura Std: 112,10\u00a0mm<\/span><\/div>\n<div style=\"text-align: justify;\"><span style=\"color: inherit;\">Product: New<\/span><\/div>\n<div style=\"text-align: justify;\"><span style=\"color: inherit;\">N\u00famero da pe\u00e7a: 71796192<\/span><\/div>\n<div style=\"text-align: justify;\"><span style=\"color: inherit;\">\u00a0<\/span><\/div>\n<p>&nbsp;<\/p>\n<div style=\"text-align: justify;\"><span style=\"color: #333333; font-family: Verdana; font-weight: bold;\">Para quais motores servem o cabe\u00e7ote Peugeot Boxer 2.3 16V\u00a0<\/span><\/div>\n<div style=\"text-align: justify;\"><span style=\"color: #333333; font-family: Verdana; font-weight: bold;\">\u00a0<\/span><\/div>\n<p>&nbsp;<\/p>\n<div style=\"text-align: justify;\"><span style=\"color: inherit;\">Cabe\u00e7ote Fiat Ducato 2.3 16V Multijet Euro 5 Turbo Diesel 2012-2013-2014-2015-2016-2017-2018<\/span><\/div>\n<p>&nbsp;<\/p>\n<p class=\"MsoNormal\" style=\"text-align: justify;\"><span style=\"font-family: Verdana;\">Cabe\u00e7ote Citroen Jumper 2.3 16V Multijet Euro 5 Turbo Diesel 2012-2013-2014-2015-2016-2017-2018<\/span><\/p>\n<p class=\"MsoNormal\" style=\"text-align: justify;\"><span style=\"font-family: Verdana;\">Cabe\u00e7ote Peugeot Boxer 2.3 16V Multijet Euro 5 Turbo Diesel 2012-2013-2014-2015-2016-2017-2018<\/span><\/p>\n<p class=\"MsoNormal\" style=\"text-align: justify;\"><span style=\"font-family: Verdana;\">Na Q3 voc\u00ea encontra o melhor cabe\u00e7ote Peugeot Boxer 2.3 16V Euro 5! Somos uma das marcas refer\u00eancia no mercado automobil\u00edstico sendo especializada na venda de cabe\u00e7otes novos. Se voc\u00ea est\u00e1 \u00e0 procura do cabe\u00e7ote Peugeot Boxer 2.3 16V Euro 5, ent\u00e3o encontrou o lugar certo. Acompanhe a seguir todas as informa\u00e7\u00f5es deste produto. Em caso de d\u00favidas, entre em contato com a nossa equipe. Atendemos propriet\u00e1rios de ve\u00edculos e mec\u00e2nicas.<\/span><\/p>\n<p class=\"MsoNormal\" style=\"text-align: justify;\"><span style=\"font-family: Verdana;\"><b>Includes parts for assembly:<\/b> no<\/span><\/p>\n<p class=\"MsoNormal\" style=\"text-align: justify;\"><span style=\"font-family: Verdana;\"><b>Return period:<\/b> 7 days<\/span><\/p>\n<p class=\"MsoNormal\" style=\"text-align: justify;\"><span style=\"font-family: Verdana;\"><b>Shipping location: <\/b>We ship to all of Brazil<\/span><\/p>\n<p class=\"MsoNormal\" style=\"text-align: justify;\"><span style=\"font-family: Verdana;\"><b>Shipping method:<\/b> We ship via Brazilian Post (Sedex or PAC), air freight, and\/or courier, depending on your needs for faster delivery. For regions up to 200 km from S\u00e3o Paulo, we ship by motorcycle courier.<\/span><\/p>\n<p class=\"MsoNormal\" style=\"text-align: justify;\"><span style=\"font-family: Verdana;\"><b>Guarantee:<\/b>\u00a03 months<\/span><\/p>\n<p class=\"MsoNormal\" style=\"text-align: justify;\"><span style=\"font-family: Verdana;\"><b>General Observations:<\/b><\/span><\/p>\n<p class=\"MsoNormal\" style=\"text-align: justify;\"><span style=\"font-family: Verdana;\">To carry out the assembly, you will need to purchase new parts or use parts you already have.<\/span><\/p>\n<p class=\"MsoNormal\" style=\"text-align: justify;\"><span style=\"font-family: Verdana;\">We will not replace parts that have been reworked or damaged, so please inspect the product before assembling.<\/span><\/p>\n<p class=\"MsoNormal\" style=\"text-align: justify;\"><span style=\"font-family: Verdana;\">Please contact us if you have any questions regarding shipping.<\/span><\/p>\n<p class=\"MsoNormal\" style=\"text-align: justify;\"><span style=\"font-family: Verdana;\">Essa \u00e9 a sua grande oportunidade para comprar o melhor cabe\u00e7ote Peugeot Boxer 2.3 16V Euro 5 Novo. Se necessita de mais op\u00e7\u00f5es de pe\u00e7as, ent\u00e3o consulte toda a nossa linha de cabe\u00e7otes para carros Peugeot, entre outros modelos das fabricantes. Aproveite!<\/span><\/p>","protected":false},"excerpt":{"rendered":"<p>Venda de Cabe\u00e7ote Peugeot Boxer 2.3 16V Euro 5 Novo O cabe\u00e7ote Peugeot Boxer 2.3 16V Euro 5, serve nos<\/p>","protected":false},"featured_media":10959,"comment_status":"open","ping_status":"closed","template":"","meta":[],"product_cat":[182],"product_tag":[545],"class_list":["post-7196","product","type-product","status-publish","has-post-thumbnail","hentry","product_cat-cabecotes-novos","product_tag-cabecote-peugeot-boxer-2-3-16v-motor-multijet-euro-5-novo"],"_links":{"self":[{"href":"https:\/\/q3autoimports.com.br\/en\/wp-json\/wp\/v2\/product\/7196","targetHints":{"allow":["GET"]}}],"collection":[{"href":"https:\/\/q3autoimports.com.br\/en\/wp-json\/wp\/v2\/product"}],"about":[{"href":"https:\/\/q3autoimports.com.br\/en\/wp-json\/wp\/v2\/types\/product"}],"replies":[{"embeddable":true,"href":"https:\/\/q3autoimports.com.br\/en\/wp-json\/wp\/v2\/comments?post=7196"}],"wp:featuredmedia":[{"embeddable":true,"href":"https:\/\/q3autoimports.com.br\/en\/wp-json\/wp\/v2\/media\/10959"}],"wp:attachment":[{"href":"https:\/\/q3autoimports.com.br\/en\/wp-json\/wp\/v2\/media?parent=7196"}],"wp:term":[{"taxonomy":"product_cat","embeddable":true,"href":"https:\/\/q3autoimports.com.br\/en\/wp-json\/wp\/v2\/product_cat?post=7196"},{"taxonomy":"product_tag","embeddable":true,"href":"https:\/\/q3autoimports.com.br\/en\/wp-json\/wp\/v2\/product_tag?post=7196"}],"curies":[{"name":"wp","href":"https:\/\/api.w.org\/{rel}","templated":true}]}}