{"id":7255,"date":"2019-04-10T08:42:49","date_gmt":"2019-04-10T08:42:49","guid":{"rendered":"https:\/\/q3autoimports.com.br\/produto\/cabecote-gm-chevrolet-corsa-1-6-1-8-8v-novo-90400258\/"},"modified":"2025-09-24T00:44:45","modified_gmt":"2025-09-24T00:44:45","slug":"gm-chevrolet-corsa-1-6-1-8-8v-head-new-90400258","status":"publish","type":"product","link":"https:\/\/q3autoimports.com.br\/en\/gm-chevrolet-corsa-1-6-1-8-8v-head-new-90400258\/","title":{"rendered":"Head Gm Chevrolet Corsa 1.6 \/ 1.8 8V New (90400258)"},"content":{"rendered":"<p class=\"MsoNormal\" style=\"margin-bottom: 6.4pt; line-height: normal;\"><b style=\"font-family: Verdana; color: #333333; font-size: 1em; text-align: justify;\">Venda de Cabe\u00e7ote\u00a0Chevrolet Corsa 1.6 e 1.8 8V Tucho Grande\u00a0<\/b><\/p>\n<p class=\"MsoNormal\" style=\"margin-bottom: 6.4pt; line-height: normal;\"><iframe class=\"note-video-clip\" src=\"\/\/www.youtube.com\/embed\/DTxEizmzNcA\" width=\"640\" height=\"360\" frameborder=\"0\"><\/iframe><b style=\"font-family: Verdana; color: #333333; font-size: 1em; text-align: justify;\"><br \/>\n<\/b><\/p>\n<p class=\"MsoNormal\" style=\"color: #333333; text-align: justify;\"><span style=\"font-family: Verdana;\">O cabe\u00e7ote do Chevrolet Corsa 1.6 e 1.8 8 v\u00e1lvulas, serve nos modelos a partir do ano de 1997 at\u00e9 o ano de 2005. O cabe\u00e7ote possui altura original standard 96,00 mm. Esse produto \u00e9 novo e aplica-se nos Corsa, Meriva e Montana da montadora Chevrolet. Produto de alta qualidade e durabilidade, proporcionando mais seguran\u00e7a para voc\u00ea e seu ve\u00edculo.<\/span><\/p>\n<p class=\"MsoNormal\" style=\"color: #333333;\"><span style=\"text-align: justify; font-weight: bold; font-family: Verdana;\">Especifica\u00e7\u00e3o do\u00a0<\/span><span style=\"text-align: justify; font-weight: bold; font-family: Verdana;\">Cabe\u00e7ote GM Corsa 1.6 e 1.8 8V\u00a0\u00a0<\/span><\/p>\n<div style=\"text-align: justify;\"><span style=\"color: #333333; font-family: Verdana;\">\u00a0<\/span><\/div>\n<p>&nbsp;<\/p>\n<div style=\"text-align: justify;\">Montadora: Chevrolet<\/div>\n<div style=\"text-align: justify;\">N\u00famero original: 90400258<\/div>\n<div style=\"text-align: justify;\">MOTOR: 1.6 \/ 1.8 8v<\/div>\n<div style=\"text-align: justify;\">Marca: Q3 auto imports<\/div>\n<div style=\"text-align: justify;\">Altura Std: 96,00 mm \/ m\u00ednima 95,00<\/div>\n<div style=\"text-align: justify;\">Ano: 1997 At\u00e9 2005<\/div>\n<div style=\"text-align: justify;\">Tucho: Grande<\/div>\n<div style=\"text-align: justify;\"><\/div>\n<p>&nbsp;<\/p>\n<div style=\"text-align: justify;\"><span style=\"font-weight: bold; font-family: Verdana;\">Para quais motores servem o cabe\u00e7ote\u00a0<\/span><span style=\"font-family: inherit; font-weight: bold;\">GM Corsa 1.6 e 1.8 8V<\/span><\/div>\n<p>&nbsp;<\/p>\n<div style=\"text-align: justify;\"><span style=\"font-family: Verdana;\">CABE\u00c7OTE CORSA GL 1.6 MPFI \/ 1.4 EFI 2P E 4P &#8211; GASOLINA 1997 at\u00e9 2000<\/span><\/div>\n<p>&nbsp;<\/p>\n<div style=\"text-align: justify;\">CABE\u00c7OTE CORSA GLS 1.6 MPFI 5P &#8211; GASOLINA 1999 at\u00e9 2001<\/div>\n<div style=\"text-align: justify;\">CABE\u00c7OTE CORSA MOD. NOVO- HAT. JOY 1.8- FLEX 2005 at\u00e9 2005<\/div>\n<div style=\"text-align: justify;\">CABE\u00c7OTE CORSA MOD. NOVO- HAT. MAXX 1.8- FLEX 2005 at\u00e9 2005<\/div>\n<div style=\"text-align: justify;\">CABE\u00c7OTE CORSA MOD. NOVO- HATCH 1.8- GASOLINA 2002 at\u00e9 2003<\/div>\n<div style=\"text-align: justify;\">CABE\u00c7OTE CORSA MOD. NOVO- SED. PREMIUM 1.8- FLEX 2005 at\u00e9 2005<\/div>\n<div style=\"text-align: justify;\">CABE\u00c7OTE CORSA MOD. NOVO- SEDAN 1.8- GASOLINA 2002 at\u00e9 2003<\/div>\n<div style=\"text-align: justify;\">CABE\u00c7OTE CORSA MOD. NOVO-HATCH 1.8- FLEX 2004 at\u00e9 2004<\/div>\n<div style=\"text-align: justify;\">CABE\u00c7OTE CORSA MOD. NOVO-SED. JOY 1.8 &#8211; FLEX 2005 at\u00e9 2005<\/div>\n<div style=\"text-align: justify;\">CABE\u00c7OTE CORSA MOD. NOVO-SEDAN 1.8- FLEX 2004 at\u00e9 2004<\/div>\n<div style=\"text-align: justify;\">CABE\u00c7OTE CORSA MOD.NOVO- HAT.PREMIUM 1.8- FLEX 2005 at\u00e9 2005<\/div>\n<div style=\"text-align: justify;\">CABE\u00c7OTE CORSA PICK-UP GL\/ CHAMP 1.6 MPFI \/ EFI &#8211; GASOLINA 1997 at\u00e9 2001<\/div>\n<div style=\"text-align: justify;\">CABE\u00c7OTE CORSA PICK-UP SPORT 1.6 MPFI &#8211; GASOLINA 2002 at\u00e9 2003<\/div>\n<div style=\"text-align: justify;\">CABE\u00c7OTE CORSA PICK-UP STD\/ RODEIO 1.6 MPFI &#8211; GASOLINA 1998 at\u00e9 2003<\/div>\n<div style=\"text-align: justify;\">CABE\u00c7OTE CORSA SED CLAS.SPIRIT 1.6MPFI VHC 8V AUT &#8211; GASOLINA 2005 at\u00e9 2005<\/div>\n<div style=\"text-align: justify;\">CABE\u00c7OTE CORSA SED CLAS.SUPER 1.6MPFI VHC 8V AUT &#8211; GASOLINA 2005 at\u00e9 2005<\/div>\n<div style=\"text-align: justify;\">CABE\u00c7OTE CORSA SED CLASSIC LIFE 1.6 MPFI VHC 8V &#8211; GASOLINA 2005 at\u00e9 2005<\/div>\n<div style=\"text-align: justify;\">CABE\u00c7OTE CORSA SED CLASSIC SPIRIT 1.6 MPFI VHC 8V &#8211; GASOLINA 2005 at\u00e9 2005<\/div>\n<div style=\"text-align: justify;\">CABE\u00c7OTE CORSA SED CLASSIC SUPER 1.6 MPFI VHC 8V &#8211; GASOLINA 2004 at\u00e9 2005<\/div>\n<div style=\"text-align: justify;\">CABE\u00c7OTE CORSA SEDAN GL 1.6 MPFI 4P &#8211; GASOLINA 1997 at\u00e9 2001<\/div>\n<div style=\"text-align: justify;\">CABE\u00c7OTE CORSA SEDAN GLS 1.6 MPFI 4P &#8211; GASOLINA 1997 at\u00e9 2001<\/div>\n<div style=\"text-align: justify;\">CABE\u00c7OTE CORSA SEDAN SUPER\/ CLASSIC 1.6 MPFI 8V 4 &#8211; GASOLINA 2001 at\u00e9 2004<\/div>\n<div style=\"text-align: justify;\">CABE\u00c7OTE CORSA SUPER 1.6 MPFI 8V 5P &#8211; GASOLINA 2001 at\u00e9 2002<\/div>\n<div style=\"text-align: justify;\">CABE\u00c7OTE CORSA WAGON GL 1.6 MPFI 4P &#8211; GASOLINA 1997 at\u00e9 1999<\/div>\n<div style=\"text-align: justify;\">CABE\u00c7OTE CORSA WAGON GLS 1.6 8V 4P &#8211; GASOLINA 1997 at\u00e9 2001<\/div>\n<div style=\"text-align: justify;\">CABE\u00c7OTE CORSA WAGON SUPER 1.6 MPFI 8V &#8211; GASOLINA 2001 at\u00e9 2002<\/div>\n<div style=\"text-align: justify;\">CABE\u00c7OTE CORSA WIND 1.6 MPFI 2P &#8211; GASOLINA 1998 at\u00e9 2002<\/div>\n<div style=\"text-align: justify;\">CABE\u00c7OTE MERIVA CD 1.8 MPFI 8V 102CV 5P &#8211; GASOLINA 2003 at\u00e9 2004<\/div>\n<div style=\"text-align: justify;\">CABE\u00c7OTE MERIVA CD 1.8 MPFI FLEXPOWER 8V 2004 at\u00e9 2004<\/div>\n<div style=\"text-align: justify;\">CABE\u00c7OTE MERIVA JOY 1.8 MPFI 8V FLEXPOWER 2005 at\u00e9 2005<\/div>\n<div style=\"text-align: justify;\">CABE\u00c7OTE MERIVA MAXX 1.8 MPFI 8V FLEXPOWER 2005 at\u00e9 2005<\/div>\n<div style=\"text-align: justify;\">CABE\u00c7OTE MERIVA PREMIUM 1.8 MPFI 8V FLEXPOWER 2005 at\u00e9 2005<\/div>\n<div style=\"text-align: justify;\">CABE\u00c7OTE MONTANA CONQUEST 1.8 FLEX 2004 at\u00e9 2005<\/div>\n<div style=\"text-align: justify;\">CABE\u00c7OTE MONTANA OFF ROAD 1.8 FLEX 2004 at\u00e9 2005<\/div>\n<div style=\"text-align: justify;\">CABE\u00c7OTE MONTANA SPORT 1.8 FLEX 2004 at\u00e9 2005<\/div>\n<div style=\"text-align: justify;\"><\/div>\n<div style=\"text-align: justify;\"><\/div>\n<div style=\"text-align: justify;\"><span style=\"font-weight: bold;\">Tabela de torque do cabe\u00e7ote Gm Corsa 1.6 8V<\/span><\/div>\n<div style=\"text-align: justify;\"><\/div>\n<div style=\"text-align: justify;\">\n<table class=\"MsoNormalTable\" style=\"width: 412.5pt; background: white; margin-left: 4.8pt; margin-right: 4.8pt;\" border=\"1\" width=\"550\" cellspacing=\"0\" cellpadding=\"0\" align=\"left\">\n<tbody>\n<tr style=\"mso-yfti-irow: 0; mso-yfti-firstrow: yes; height: 22.5pt;\">\n<td style=\"padding: 0cm 0cm 0cm 0cm; height: 22.5pt;\" colspan=\"9\">\n<p class=\"MsoNormal\" style=\"margin-bottom: 0cm; text-align: center; line-height: normal; mso-element: frame; mso-element-frame-hspace: 7.05pt; mso-element-wrap: around; mso-element-anchor-vertical: paragraph; mso-element-anchor-horizontal: page; mso-element-left: 64.0pt; mso-element-top: 5.8pt; mso-height-rule: exactly;\" align=\"center\"><span lang=\"EN-US\" style=\"font-size: 10.5pt; font-family: Helvetica, sans-serif;\"><b>Torque do cabe\u00e7ote GM Corsa\/Sedan\/SW\/Pick-up Motor 1.6 8v<\/b><\/span><\/p>\n<\/td>\n<\/tr>\n<tr>\n<td style=\"padding: 0cm 0cm 0cm 0cm;\">\n<p class=\"MsoNormal\" style=\"margin-bottom: 0cm; line-height: normal; mso-element: frame; mso-element-frame-hspace: 7.05pt; mso-element-wrap: around; mso-element-anchor-vertical: paragraph; mso-element-anchor-horizontal: page; mso-element-left: 64.0pt; mso-element-top: 5.8pt; mso-height-rule: exactly;\"><b><span style=\"font-size: 10.5pt; font-family: Helvetica, sans-serif;\">Tabela de Torque<\/span><\/b><\/p>\n<\/td>\n<td style=\"padding: 0cm 0cm 0cm 0cm;\">\n<p class=\"MsoNormal\" style=\"margin-bottom: 0cm; text-align: center; line-height: normal; mso-element: frame; mso-element-frame-hspace: 7.05pt; mso-element-wrap: around; mso-element-anchor-vertical: paragraph; mso-element-anchor-horizontal: page; mso-element-left: 64.0pt; mso-element-top: 5.8pt; mso-height-rule: exactly;\" align=\"center\"><b><span style=\"font-size: 10.5pt; font-family: Helvetica, sans-serif;\">Nm<\/span><\/b><\/p>\n<\/td>\n<td style=\"padding: 0cm 0cm 0cm 0cm;\" colspan=\"7\">\n<p class=\"MsoNormal\" style=\"margin-bottom: 0cm; text-align: center; line-height: normal; mso-element: frame; mso-element-frame-hspace: 7.05pt; mso-element-wrap: around; mso-element-anchor-vertical: paragraph; mso-element-anchor-horizontal: page; mso-element-left: 64.0pt; mso-element-top: 5.8pt; mso-height-rule: exactly;\" align=\"center\"><b><span style=\"font-size: 10.5pt; font-family: Helvetica, sans-serif;\">(+) Angular <\/span><\/b><b><span style=\"font-size: 10.5pt; font-family: 'Cambria Math', serif;\">\u2220<\/span><\/b><\/p>\n<\/td>\n<\/tr>\n<tr>\n<td style=\"width: 90.45pt; padding: 0cm 0cm 0cm 0cm;\" width=\"121\">\n<p class=\"MsoNormal\" style=\"margin-bottom: 0cm; line-height: normal; mso-element: frame; mso-element-frame-hspace: 7.05pt; mso-element-wrap: around; mso-element-anchor-vertical: paragraph; mso-element-anchor-horizontal: page; mso-element-left: 64.0pt; mso-element-top: 5.8pt; mso-height-rule: exactly;\"><span style=\"font-size: 10.5pt; font-family: Helvetica, sans-serif;\">Etapas<\/span><\/p>\n<\/td>\n<td style=\"width: 41.1pt; padding: 0cm 0cm 0cm 0cm;\" width=\"55\">\n<p class=\"MsoNormal\" style=\"margin-bottom: 0cm; text-align: center; line-height: normal; mso-element: frame; mso-element-frame-hspace: 7.05pt; mso-element-wrap: around; mso-element-anchor-vertical: paragraph; mso-element-anchor-horizontal: page; mso-element-left: 64.0pt; mso-element-top: 5.8pt; mso-height-rule: exactly;\" align=\"center\"><span style=\"font-size: 10.5pt; font-family: Helvetica, sans-serif;\">1<\/span><\/p>\n<\/td>\n<td style=\"width: 39.25pt; padding: 0cm 0cm 0cm 0cm;\" width=\"52\">\n<p class=\"MsoNormal\" style=\"margin-bottom: 0cm; text-align: center; line-height: normal; mso-element: frame; mso-element-frame-hspace: 7.05pt; mso-element-wrap: around; mso-element-anchor-vertical: paragraph; mso-element-anchor-horizontal: page; mso-element-left: 64.0pt; mso-element-top: 5.8pt; mso-height-rule: exactly;\" align=\"center\"><span style=\"font-size: 10.5pt; font-family: Helvetica, sans-serif;\">2<\/span><\/p>\n<\/td>\n<td style=\"width: 39.25pt; padding: 0cm 0cm 0cm 0cm;\" width=\"52\">\n<p class=\"MsoNormal\" style=\"margin-bottom: 0cm; text-align: center; line-height: normal; mso-element: frame; mso-element-frame-hspace: 7.05pt; mso-element-wrap: around; mso-element-anchor-vertical: paragraph; mso-element-anchor-horizontal: page; mso-element-left: 64.0pt; mso-element-top: 5.8pt; mso-height-rule: exactly;\" align=\"center\"><span style=\"font-size: 10.5pt; font-family: Helvetica, sans-serif;\">3<\/span><\/p>\n<\/td>\n<td style=\"width: 40.8pt; padding: 0cm 0cm 0cm 0cm;\" width=\"54\">\n<p class=\"MsoNormal\" style=\"margin-bottom: 0cm; text-align: center; line-height: normal; mso-element: frame; mso-element-frame-hspace: 7.05pt; mso-element-wrap: around; mso-element-anchor-vertical: paragraph; mso-element-anchor-horizontal: page; mso-element-left: 64.0pt; mso-element-top: 5.8pt; mso-height-rule: exactly;\" align=\"center\"><span style=\"font-size: 10.5pt; font-family: Helvetica, sans-serif;\">4<\/span><\/p>\n<\/td>\n<td style=\"width: 40.8pt; padding: 0cm 0cm 0cm 0cm;\" width=\"54\">\n<p class=\"MsoNormal\" style=\"margin-bottom: 0cm; text-align: center; line-height: normal; mso-element: frame; mso-element-frame-hspace: 7.05pt; mso-element-wrap: around; mso-element-anchor-vertical: paragraph; mso-element-anchor-horizontal: page; mso-element-left: 64.0pt; mso-element-top: 5.8pt; mso-height-rule: exactly;\" align=\"center\"><span style=\"font-size: 10.5pt; font-family: Helvetica, sans-serif;\">5<\/span><\/p>\n<\/td>\n<td style=\"width: 40.8pt; padding: 0cm 0cm 0cm 0cm;\" width=\"54\">\n<p class=\"MsoNormal\" style=\"margin-bottom: 0cm; text-align: center; line-height: normal; mso-element: frame; mso-element-frame-hspace: 7.05pt; mso-element-wrap: around; mso-element-anchor-vertical: paragraph; mso-element-anchor-horizontal: page; mso-element-left: 64.0pt; mso-element-top: 5.8pt; mso-height-rule: exactly;\" align=\"center\"><span style=\"font-size: 10.5pt; font-family: Helvetica, sans-serif;\">6<\/span><\/p>\n<\/td>\n<td style=\"width: 40.8pt; padding: 0cm 0cm 0cm 0cm;\" width=\"54\">\n<p class=\"MsoNormal\" style=\"margin-bottom: 0cm; text-align: center; line-height: normal; mso-element: frame; mso-element-frame-hspace: 7.05pt; mso-element-wrap: around; mso-element-anchor-vertical: paragraph; mso-element-anchor-horizontal: page; mso-element-left: 64.0pt; mso-element-top: 5.8pt; mso-height-rule: exactly;\" align=\"center\"><span style=\"font-size: 10.5pt; font-family: Helvetica, sans-serif;\">7<\/span><\/p>\n<\/td>\n<td style=\"width: 39.25pt; padding: 0cm 0cm 0cm 0cm;\" width=\"52\">\n<p class=\"MsoNormal\" style=\"margin-bottom: 0cm; text-align: center; line-height: normal; mso-element: frame; mso-element-frame-hspace: 7.05pt; mso-element-wrap: around; mso-element-anchor-vertical: paragraph; mso-element-anchor-horizontal: page; mso-element-left: 64.0pt; mso-element-top: 5.8pt; mso-height-rule: exactly;\" align=\"center\"><span style=\"font-size: 10.5pt; font-family: Helvetica, sans-serif;\">8<\/span><\/p>\n<\/td>\n<\/tr>\n<tr>\n<td style=\"padding: 0cm 0cm 0cm 0cm;\">\n<p class=\"MsoNormal\" style=\"margin-bottom: 0cm; line-height: normal; mso-element: frame; mso-element-frame-hspace: 7.05pt; mso-element-wrap: around; mso-element-anchor-vertical: paragraph; mso-element-anchor-horizontal: page; mso-element-left: 64.0pt; mso-element-top: 5.8pt; mso-height-rule: exactly;\"><span style=\"font-size: 10.5pt; font-family: Helvetica, sans-serif;\">Parafusos<\/span><\/p>\n<\/td>\n<td style=\"padding: 0cm 0cm 0cm 0cm;\">\n<p class=\"MsoNormal\" style=\"margin-bottom: 0cm; text-align: center; line-height: normal; mso-element: frame; mso-element-frame-hspace: 7.05pt; mso-element-wrap: around; mso-element-anchor-vertical: paragraph; mso-element-anchor-horizontal: page; mso-element-left: 64.0pt; mso-element-top: 5.8pt; mso-height-rule: exactly;\" align=\"center\"><span style=\"font-size: 10.5pt; font-family: Helvetica, sans-serif;\">25 Nm<\/span><\/p>\n<\/td>\n<td style=\"padding: 0cm 0cm 0cm 0cm;\">\n<p class=\"MsoNormal\" style=\"margin-bottom: 0cm; text-align: center; line-height: normal; mso-element: frame; mso-element-frame-hspace: 7.05pt; mso-element-wrap: around; mso-element-anchor-vertical: paragraph; mso-element-anchor-horizontal: page; mso-element-left: 64.0pt; mso-element-top: 5.8pt; mso-height-rule: exactly;\" align=\"center\"><span style=\"font-size: 10.5pt; font-family: Helvetica, sans-serif;\">90\u00ba<\/span><\/p>\n<\/td>\n<td style=\"padding: 0cm 0cm 0cm 0cm;\">\n<p class=\"MsoNormal\" style=\"margin-bottom: 0cm; text-align: center; line-height: normal; mso-element: frame; mso-element-frame-hspace: 7.05pt; mso-element-wrap: around; mso-element-anchor-vertical: paragraph; mso-element-anchor-horizontal: page; mso-element-left: 64.0pt; mso-element-top: 5.8pt; mso-height-rule: exactly;\" align=\"center\"><span style=\"font-size: 10.5pt; font-family: Helvetica, sans-serif;\">90\u00ba<\/span><\/p>\n<\/td>\n<td style=\"padding: 0cm 0cm 0cm 0cm;\">\n<p class=\"MsoNormal\" style=\"margin-bottom: 0cm; text-align: center; line-height: normal; mso-element: frame; mso-element-frame-hspace: 7.05pt; mso-element-wrap: around; mso-element-anchor-vertical: paragraph; mso-element-anchor-horizontal: page; mso-element-left: 64.0pt; mso-element-top: 5.8pt; mso-height-rule: exactly;\" align=\"center\"><span style=\"font-size: 10.5pt; font-family: Helvetica, sans-serif;\">10\u00ba<\/span><\/p>\n<\/td>\n<td style=\"padding: 0cm 0cm 0cm 0cm;\"><\/td>\n<td style=\"padding: 0cm 0cm 0cm 0cm;\"><\/td>\n<td style=\"padding: 0cm 0cm 0cm 0cm;\"><\/td>\n<td style=\"padding: 0cm 0cm 0cm 0cm;\"><\/td>\n<\/tr>\n<tr>\n<td style=\"padding: 0cm 0cm 0cm 0cm;\" colspan=\"9\">\n<p class=\"MsoNormal\" style=\"margin-bottom: 0cm; text-align: center; line-height: normal; mso-element: frame; mso-element-frame-hspace: 7.05pt; mso-element-wrap: around; mso-element-anchor-vertical: paragraph; mso-element-anchor-horizontal: page; mso-element-left: 64.0pt; mso-element-top: 5.8pt; mso-height-rule: exactly;\" align=\"center\"><b><span style=\"font-size: 10.5pt; font-family: Helvetica, sans-serif;\">Sequ\u00eancia de Aperto do cabe\u00e7ote Gm 1.6 8V <\/span><\/b><span style=\"font-size: 10.5pt; font-family: Helvetica, sans-serif;\"><br \/>\n<!-- [if !supportLineBreakNewLine]--><br \/>\n<!--[endif]--><\/span><\/p>\n<p class=\"MsoNormal\" style=\"margin-bottom: 0cm; text-align: center; line-height: normal; mso-element: frame; mso-element-frame-hspace: 7.05pt; mso-element-wrap: around; mso-element-anchor-vertical: paragraph; mso-element-anchor-horizontal: page; mso-element-left: 64.0pt; mso-element-top: 5.8pt; mso-height-rule: exactly;\" align=\"center\"><span style=\"font-size: 10.5pt; font-family: Helvetica, sans-serif;\">\u00a0<\/span><\/p>\n<p class=\"MsoNormal\" style=\"margin-bottom: 0cm; text-align: center; line-height: normal; mso-element: frame; mso-element-frame-hspace: 7.05pt; mso-element-wrap: around; mso-element-anchor-vertical: paragraph; mso-element-anchor-horizontal: page; mso-element-left: 64.0pt; mso-element-top: 5.8pt; mso-height-rule: exactly;\" align=\"center\"><img decoding=\"async\" style=\"width: 282px;\" src=\"https:\/\/q3autoimports.com.br\/image\/catalog\/logo\/torques\/torque-do-cabecote-gm1.4.png\" \/><span style=\"font-size: 10.5pt; font-family: Helvetica, sans-serif;\">\u00a0<\/span><\/p>\n<p class=\"MsoNormal\" style=\"margin-bottom: 0cm; text-align: center; line-height: normal; mso-element: frame; mso-element-frame-hspace: 7.05pt; mso-element-wrap: around; mso-element-anchor-vertical: paragraph; mso-element-anchor-horizontal: page; mso-element-left: 64.0pt; mso-element-top: 5.8pt; mso-height-rule: exactly;\" align=\"center\"><span style=\"font-size: 10.5pt; font-family: Helvetica, sans-serif;\">\u00a0<\/span><\/p>\n<\/td>\n<\/tr>\n<tr>\n<td style=\"padding: 0cm 0cm 0cm 0cm;\" colspan=\"2\">\n<p class=\"MsoNormal\" style=\"margin-bottom: 0cm; line-height: normal; mso-element: frame; mso-element-frame-hspace: 7.05pt; mso-element-wrap: around; mso-element-anchor-vertical: paragraph; mso-element-anchor-horizontal: page; mso-element-left: 64.0pt; mso-element-top: 5.8pt; mso-height-rule: exactly;\"><span style=\"font-size: 10.5pt; font-family: Helvetica, sans-serif;\">Altura m\u00ednima do cabe\u00e7ote<\/span><\/p>\n<\/td>\n<td style=\"padding: 0cm 0cm 0cm 0cm;\" colspan=\"2\">\n<p class=\"MsoNormal\" style=\"margin-bottom: 0cm; line-height: normal; mso-element: frame; mso-element-frame-hspace: 7.05pt; mso-element-wrap: around; mso-element-anchor-vertical: paragraph; mso-element-anchor-horizontal: page; mso-element-left: 64.0pt; mso-element-top: 5.8pt; mso-height-rule: exactly;\"><span style=\"font-size: 10.5pt; font-family: Helvetica, sans-serif;\">95,2<\/span><\/p>\n<\/td>\n<td style=\"padding: 0cm 0cm 0cm 0cm;\" colspan=\"4\">\n<p class=\"MsoNormal\" style=\"margin-bottom: 0cm; line-height: normal; mso-element: frame; mso-element-frame-hspace: 7.05pt; mso-element-wrap: around; mso-element-anchor-vertical: paragraph; mso-element-anchor-horizontal: page; mso-element-left: 64.0pt; mso-element-top: 5.8pt; mso-height-rule: exactly;\"><span style=\"font-size: 10.5pt; font-family: Helvetica, sans-serif;\">Altura Padr\u00e3o (STD) do cabe\u00e7ote<\/span><\/p>\n<\/td>\n<td style=\"padding: 0cm 0cm 0cm 0cm;\"><\/td>\n<\/tr>\n<\/tbody>\n<\/table>\n<\/div>\n<div style=\"text-align: justify;\"><\/div>\n<p>&nbsp;<\/p>\n<div style=\"text-align: justify;\"><span style=\"font-family: Verdana;\">\u00a0<\/span><\/div>\n<div style=\"text-align: justify;\"><span style=\"font-family: Verdana;\">\u00a0<\/span><\/div>\n<div style=\"text-align: justify;\"><span style=\"font-family: Verdana;\">\u00a0<\/span><\/div>\n<div style=\"text-align: justify;\"><span style=\"font-family: Verdana;\">\u00a0<\/span><\/div>\n<div style=\"text-align: justify;\"><span style=\"font-family: Verdana;\">\u00a0<\/span><\/div>\n<div style=\"text-align: justify;\"><span style=\"font-family: Verdana;\">\u00a0<\/span><\/div>\n<div style=\"text-align: justify;\"><span style=\"font-family: Verdana;\">\u00a0<\/span><\/div>\n<div style=\"text-align: justify;\"><span style=\"font-family: Verdana;\">\u00a0<\/span><\/div>\n<div style=\"text-align: justify;\"><span style=\"font-family: Verdana;\">\u00a0<\/span><\/div>\n<div style=\"text-align: justify;\"><span style=\"font-family: Verdana;\">\u00a0<\/span><\/div>\n<div style=\"text-align: justify;\"><span style=\"font-family: Verdana;\">\u00a0<\/span><\/div>\n<div style=\"text-align: justify;\"><span style=\"font-family: Verdana;\">\u00a0<\/span><\/div>\n<div style=\"text-align: justify;\"><span style=\"font-family: Verdana;\">\u00a0<\/span><\/div>\n<div style=\"text-align: justify;\"><span style=\"font-family: Verdana;\">\u00a0<\/span><\/div>\n<div style=\"text-align: justify;\"><span style=\"font-family: Verdana;\">\u00a0<\/span><\/div>\n<div style=\"text-align: justify;\"><span style=\"font-family: Verdana;\">\u00a0<\/span><\/div>\n<div style=\"text-align: justify;\"><span style=\"font-family: Verdana;\">\u00a0<\/span><\/div>\n<div style=\"text-align: justify;\"><span style=\"font-family: Verdana;\">\u00a0<\/span><\/div>\n<div style=\"text-align: justify;\"><span style=\"font-family: Verdana;\">\u00a0<\/span><\/div>\n<div style=\"text-align: justify;\"><span style=\"font-family: Verdana;\">Na Q3 voc\u00ea encontra o melhor cabe\u00e7ote\u00a0Chevrolet Corsa 1.6 e 1.8 8 v\u00e1lvulas! Somos uma das marcas refer\u00eancia no mercado automobil\u00edstico sendo especializada na venda de cabe\u00e7otes novos. Se voc\u00ea est\u00e1 \u00e0 procura do cabe\u00e7ote\u00a0Chevrolet Corsa 1.6 e 1.8 8 v\u00e1lvulas, ent\u00e3o encontrou o lugar certo. Acompanhe a seguir todas as informa\u00e7\u00f5es deste produto. Em caso de d\u00favidas, entre em contato com a nossa equipe. Atendemos propriet\u00e1rios de ve\u00edculos e mec\u00e2nicas.<\/span><\/div>\n<p>&nbsp;<\/p>\n<div style=\"text-align: justify;\"><\/div>\n<div style=\"text-align: justify;\"><b>Acompanha pe\u00e7as para montagem:<\/b> n\u00e3o<\/div>\n<div style=\"text-align: justify;\"><b>Prazo de devolu\u00e7\u00e3o:<\/b> 7 dias<\/div>\n<div style=\"text-align: justify;\"><b>Local de envio:<\/b>\u00a0enviamos para todo o Brasil<\/div>\n<div style=\"text-align: justify;\"><b>Forma de envio:<\/b> via Correios (Sedex ou PAC), transporte a\u00e9reo e\/ou transportadora, dependendo da sua necessidade de agilidade na entrega. Para as regi\u00f5es de at\u00e9 200 km de S\u00e3o Paulo enviamos por motoboy.<\/div>\n<div style=\"text-align: justify;\"><b>Garantia:<\/b>\u00a03 meses<\/div>\n<div style=\"text-align: justify;\"><\/div>\n<div style=\"text-align: justify;\"><b>Observa\u00e7\u00f5es Gerais:<\/b><\/div>\n<p>&nbsp;<\/p>\n<div style=\"text-align: justify;\"><span style=\"font-family: Verdana;\">Para realizar a montagem, ser\u00e1 necess\u00e1ria a compra de pe\u00e7as novas ou utiliza\u00e7\u00e3o de pe\u00e7as que j\u00e1 possua.<\/span><\/div>\n<p>&nbsp;<\/p>\n<div style=\"text-align: justify;\">N\u00e3o trocaremos pe\u00e7as que foram retificadas ou danificadas, portanto verifique o produto antes de mont\u00e1-lo.<\/div>\n<div style=\"text-align: justify;\">Consulte-nos caso tenha alguma d\u00favida quanto ao frete.<\/div>\n<div style=\"text-align: justify;\"><\/div>\n<div style=\"text-align: justify;\">Essa \u00e9 a sua grande oportunidade para comprar o melhor cabe\u00e7ote\u00a0Chevrolet Corsa 1.6 e 1.8 8 v\u00e1lvulas\u00a0do mercado. Se necessita de mais op\u00e7\u00f5es de pe\u00e7as, ent\u00e3o consulte toda a nossa linha de cabe\u00e7otes para carros <a href=\"https:\/\/q3autoimports.com.br\/chevrolet-cabecotes-novos\" target=\"_blank\" rel=\"noopener\">Chevrolet<\/a>, entre outros modelos da fabricante. Aproveite!<\/div>\n<p>&nbsp;<\/p>\n<p class=\"MsoNormal\">\n<p class=\"MsoNormal\">\n<p class=\"MsoNormal\">\n<p class=\"MsoNormal\">\n<p class=\"MsoNormal\">\n<p class=\"MsoNormal\">\n<p class=\"MsoNormal\">\n<p class=\"MsoNormal\">\n<p class=\"MsoNormal\">\n<p class=\"MsoNormal\">\n<p class=\"MsoNormal\">\n<p class=\"MsoNormal\">\n<p class=\"MsoNormal\">\n<p class=\"MsoNormal\">\n<p class=\"MsoNormal\">\n<p class=\"MsoNormal\">\n<p class=\"MsoNormal\">\n<p class=\"MsoNormal\">\n<p class=\"MsoNormal\">\n","protected":false},"excerpt":{"rendered":"<p>Sale of Chevrolet Corsa 1.6 and 1.8 8V Large Tappet Cylinder Head The Chevrolet Corsa 1.6 and 1.8 8 valve cylinder head,<\/p>","protected":false},"featured_media":10746,"comment_status":"open","ping_status":"closed","template":"","meta":[],"product_cat":[125,182],"product_tag":[576],"class_list":["post-7255","product","type-product","status-publish","has-post-thumbnail","hentry","product_cat-chevrolet-cabecotes-novos","product_cat-cabecotes-novos","product_tag-cabecote-gm-chevrolet-corsa-1-6-1-8-8v-novo"],"_links":{"self":[{"href":"https:\/\/q3autoimports.com.br\/en\/wp-json\/wp\/v2\/product\/7255","targetHints":{"allow":["GET"]}}],"collection":[{"href":"https:\/\/q3autoimports.com.br\/en\/wp-json\/wp\/v2\/product"}],"about":[{"href":"https:\/\/q3autoimports.com.br\/en\/wp-json\/wp\/v2\/types\/product"}],"replies":[{"embeddable":true,"href":"https:\/\/q3autoimports.com.br\/en\/wp-json\/wp\/v2\/comments?post=7255"}],"wp:featuredmedia":[{"embeddable":true,"href":"https:\/\/q3autoimports.com.br\/en\/wp-json\/wp\/v2\/media\/10746"}],"wp:attachment":[{"href":"https:\/\/q3autoimports.com.br\/en\/wp-json\/wp\/v2\/media?parent=7255"}],"wp:term":[{"taxonomy":"product_cat","embeddable":true,"href":"https:\/\/q3autoimports.com.br\/en\/wp-json\/wp\/v2\/product_cat?post=7255"},{"taxonomy":"product_tag","embeddable":true,"href":"https:\/\/q3autoimports.com.br\/en\/wp-json\/wp\/v2\/product_tag?post=7255"}],"curies":[{"name":"wp","href":"https:\/\/api.w.org\/{rel}","templated":true}]}}