{"id":7272,"date":"2019-05-31T10:58:03","date_gmt":"2019-05-31T10:58:03","guid":{"rendered":"https:\/\/q3autoimports.com.br\/produto\/cabecote-nissan-frontier-2-5-16v-170cv-144cv-2004-ate-2013\/"},"modified":"2024-09-09T13:21:50","modified_gmt":"2024-09-09T13:21:50","slug":"cabecote-nissan-frontier-2-5-16v-170cv-144cv-2004-ate-2013","status":"publish","type":"product","link":"https:\/\/q3autoimports.com.br\/en\/cabecote-nissan-frontier-2-5-16v-170cv-144cv-2004-ate-2013\/","title":{"rendered":"Cabe\u00e7ote Nissan Frontier 2.5 16V 170cv \/ 144cv 2004 At\u00e9 2013"},"content":{"rendered":"<p class=\"MsoNormal\"><span style=\"font-family: Verdana;\"><b>Venda de Cabe\u00e7ote Nissan Frontier 2.5 16V 170cv \/ 144cv 2004 a 2013<\/b><\/span><\/p>\n<p class=\"MsoNormal\"><span style=\"font-family: Verdana;\"><b>\u00a0<\/b><\/span><\/p>\n<p class=\"MsoNormal\"><span style=\"font-family: Verdana;\">THE <b>cabe\u00e7ote Nissan Frontier 2.5 16 v\u00e1lvulas 170Cv \/ 144Cv<\/b>, fits models from 2004 to 2013. The cylinder head has a standard original height of <b>154.10 mm<\/b>This product is new and applies to vehicles <b>Frontie<\/b>r e <b>Pathifinder<\/b> from the automaker Nissan. High-quality and durable product, providing greater safety for you and your vehicle.<\/span><\/p>\n<p class=\"MsoNormal\">\n<p class=\"MsoNormal\"><span style=\"font-family: Verdana;\"><b>Technical specifications:<\/b><\/span><\/p>\n<p class=\"MsoNormal\"><span style=\"font-family: Verdana;\"><b> Height: <\/b>154,10 mm standard a 153,90 m\u00ednima<br \/>\n<b> Assembler: <\/b>Nissan<br \/>\n<b> Engine: <\/b>2.5 16V YD25<br \/>\n<b> Year: <\/b>2004 At\u00e9 2013<br \/>\n<b> Fuel<\/b>: Diesel<br \/>\n<b> Mark:<\/b> Q3auto imports<br \/>\n<b> Part number:<\/b> 908510<br \/>\nOE NO.:<br \/>\n11039EB30A<br \/>\n11039EC00A<br \/>\n11040EB300<br \/>\n11040EB30A<br \/>\n11040EC00A<br \/>\n11040EC00C<\/p>\n<p><\/span><\/p>\n<table class=\"MsoTableGrid\" style=\"width: 533.85pt; border: none;\" border=\"1\" width=\"712\" cellspacing=\"0\" cellpadding=\"0\">\n<tbody>\n<tr style=\"mso-yfti-irow: 0; mso-yfti-firstrow: yes; height: 15.0pt;\">\n<td style=\"width: 375.4pt; border: solid windowtext 1.0pt; mso-border-alt: solid windowtext .5pt; padding: 0cm 5.4pt 0cm 5.4pt; height: 15.0pt;\" valign=\"top\" nowrap=\"nowrap\" width=\"501\">\n<h5 style=\"margin-bottom: 0cm; line-height: normal;\">Application<\/h5>\n<p class=\"MsoNormal\" style=\"margin-bottom: 0cm; line-height: normal;\">\n<\/td>\n<td style=\"width: 63.8pt; border: solid windowtext 1.0pt; border-left: none; mso-border-left-alt: solid windowtext .5pt; mso-border-alt: solid windowtext .5pt; padding: 0cm 5.4pt 0cm 5.4pt; height: 15.0pt;\" valign=\"top\" nowrap=\"nowrap\" width=\"85\">\n<h5 style=\"margin-bottom: 0cm; line-height: normal;\">Year<\/h5>\n<p class=\"MsoNormal\" style=\"margin-bottom: 0cm; line-height: normal;\">\n<\/td>\n<td style=\"width: 94.65pt; border: solid windowtext 1.0pt; border-left: none; mso-border-left-alt: solid windowtext .5pt; mso-border-alt: solid windowtext .5pt; padding: 0cm 5.4pt 0cm 5.4pt; height: 15.0pt;\" valign=\"top\" nowrap=\"nowrap\" width=\"126\">\n<h5 style=\"margin-bottom: 0cm; line-height: normal;\">Fuel<\/h5>\n<p class=\"MsoNormal\" style=\"margin-bottom: 0cm; line-height: normal;\">\n<\/td>\n<\/tr>\n<tr style=\"mso-yfti-irow: 1; height: 15.0pt;\">\n<td style=\"width: 375.4pt; border: solid windowtext 1.0pt; border-top: none; mso-border-top-alt: solid windowtext .5pt; mso-border-alt: solid windowtext .5pt; padding: 0cm 5.4pt 0cm 5.4pt; height: 15.0pt;\" valign=\"top\" nowrap=\"nowrap\" width=\"501\">\n<h5 style=\"margin-bottom: 0cm; line-height: normal;\">CABE\u00c7OTE NISSAN FRONTIER\u00a0 2.5 16V CD SE 4X4 YD25ETI 2.5 16V 144Cv<\/h5>\n<p class=\"MsoNormal\" style=\"margin-bottom: 0cm; line-height: normal;\">\n<\/td>\n<td style=\"width: 63.8pt; border-top: none; border-left: none; border-bottom: solid windowtext 1.0pt; border-right: solid windowtext 1.0pt; mso-border-top-alt: solid windowtext .5pt; mso-border-left-alt: solid windowtext .5pt; mso-border-alt: solid windowtext .5pt; padding: 0cm 5.4pt 0cm 5.4pt; height: 15.0pt;\" valign=\"top\" nowrap=\"nowrap\" width=\"85\">\n<h5 style=\"margin-bottom: 0cm; line-height: normal;\">2008-2013<\/h5>\n<p class=\"MsoNormal\" style=\"margin-bottom: 0cm; line-height: normal;\">\n<\/td>\n<td style=\"width: 94.65pt; border-top: none; border-left: none; border-bottom: solid windowtext 1.0pt; border-right: solid windowtext 1.0pt; mso-border-top-alt: solid windowtext .5pt; mso-border-left-alt: solid windowtext .5pt; mso-border-alt: solid windowtext .5pt; padding: 0cm 5.4pt 0cm 5.4pt; height: 15.0pt;\" valign=\"top\" nowrap=\"nowrap\" width=\"126\">\n<h5 style=\"margin-bottom: 0cm; line-height: normal;\">Diesel<\/h5>\n<p class=\"MsoNormal\" style=\"margin-bottom: 0cm; line-height: normal;\">\n<\/td>\n<\/tr>\n<tr style=\"mso-yfti-irow: 2; height: 15.0pt;\">\n<td style=\"width: 375.4pt; border: solid windowtext 1.0pt; border-top: none; mso-border-top-alt: solid windowtext .5pt; mso-border-alt: solid windowtext .5pt; padding: 0cm 5.4pt 0cm 5.4pt; height: 15.0pt;\" valign=\"top\" nowrap=\"nowrap\" width=\"501\">\n<h5 style=\"margin-bottom: 0cm; line-height: normal;\">CABE\u00c7OTE NISSAN FRONTIER\u00a0 2.5 16V CD XE 4X4 YD25ETI 2.5 16V 144Cv<\/h5>\n<p class=\"MsoNormal\" style=\"margin-bottom: 0cm; line-height: normal;\">\n<\/td>\n<td style=\"width: 63.8pt; border-top: none; border-left: none; border-bottom: solid windowtext 1.0pt; border-right: solid windowtext 1.0pt; mso-border-top-alt: solid windowtext .5pt; mso-border-left-alt: solid windowtext .5pt; mso-border-alt: solid windowtext .5pt; padding: 0cm 5.4pt 0cm 5.4pt; height: 15.0pt;\" valign=\"top\" nowrap=\"nowrap\" width=\"85\">\n<h5 style=\"margin-bottom: 0cm; line-height: normal;\">2008-2013<\/h5>\n<p class=\"MsoNormal\" style=\"margin-bottom: 0cm; line-height: normal;\">\n<\/td>\n<td style=\"width: 94.65pt; border-top: none; border-left: none; border-bottom: solid windowtext 1.0pt; border-right: solid windowtext 1.0pt; mso-border-top-alt: solid windowtext .5pt; mso-border-left-alt: solid windowtext .5pt; mso-border-alt: solid windowtext .5pt; padding: 0cm 5.4pt 0cm 5.4pt; height: 15.0pt;\" valign=\"top\" nowrap=\"nowrap\" width=\"126\">\n<h5 style=\"margin-bottom: 0cm; line-height: normal;\">Diesel<\/h5>\n<p class=\"MsoNormal\" style=\"margin-bottom: 0cm; line-height: normal;\">\n<\/td>\n<\/tr>\n<tr style=\"mso-yfti-irow: 3; height: 15.0pt;\">\n<td style=\"width: 375.4pt; border: solid windowtext 1.0pt; border-top: none; mso-border-top-alt: solid windowtext .5pt; mso-border-alt: solid windowtext .5pt; padding: 0cm 5.4pt 0cm 5.4pt; height: 15.0pt;\" valign=\"top\" nowrap=\"nowrap\" width=\"501\">\n<h5 style=\"margin-bottom: 0cm; line-height: normal;\">CABE\u00c7OTE NISSAN FRONTIER\u00a0 2.5 16V SL 4X4 YD25ETI 2.5 16V 163 Cv<\/h5>\n<p class=\"MsoNormal\" style=\"margin-bottom: 0cm; line-height: normal;\">\n<\/td>\n<td style=\"width: 63.8pt; border-top: none; border-left: none; border-bottom: solid windowtext 1.0pt; border-right: solid windowtext 1.0pt; mso-border-top-alt: solid windowtext .5pt; mso-border-left-alt: solid windowtext .5pt; mso-border-alt: solid windowtext .5pt; padding: 0cm 5.4pt 0cm 5.4pt; height: 15.0pt;\" valign=\"top\" nowrap=\"nowrap\" width=\"85\">\n<h5 style=\"margin-bottom: 0cm; line-height: normal;\">2012-2015<\/h5>\n<p class=\"MsoNormal\" style=\"margin-bottom: 0cm; line-height: normal;\">\n<\/td>\n<td style=\"width: 94.65pt; border-top: none; border-left: none; border-bottom: solid windowtext 1.0pt; border-right: solid windowtext 1.0pt; mso-border-top-alt: solid windowtext .5pt; mso-border-left-alt: solid windowtext .5pt; mso-border-alt: solid windowtext .5pt; padding: 0cm 5.4pt 0cm 5.4pt; height: 15.0pt;\" valign=\"top\" nowrap=\"nowrap\" width=\"126\">\n<h5 style=\"margin-bottom: 0cm; line-height: normal;\">Diesel<\/h5>\n<p class=\"MsoNormal\" style=\"margin-bottom: 0cm; line-height: normal;\">\n<\/td>\n<\/tr>\n<tr style=\"mso-yfti-irow: 4; height: 15.0pt;\">\n<td style=\"width: 375.4pt; border: solid windowtext 1.0pt; border-top: none; mso-border-top-alt: solid windowtext .5pt; mso-border-alt: solid windowtext .5pt; padding: 0cm 5.4pt 0cm 5.4pt; height: 15.0pt;\" valign=\"top\" nowrap=\"nowrap\" width=\"501\">\n<h5 style=\"margin-bottom: 0cm; line-height: normal;\">CABE\u00c7OTE NISSAN FRONTIER\u00a0 2.5 16V SV 4X2 YD25ETI 2.5 16V 163Cv<\/h5>\n<p class=\"MsoNormal\" style=\"margin-bottom: 0cm; line-height: normal;\">\n<\/td>\n<td style=\"width: 63.8pt; border-top: none; border-left: none; border-bottom: solid windowtext 1.0pt; border-right: solid windowtext 1.0pt; mso-border-top-alt: solid windowtext .5pt; mso-border-left-alt: solid windowtext .5pt; mso-border-alt: solid windowtext .5pt; padding: 0cm 5.4pt 0cm 5.4pt; height: 15.0pt;\" valign=\"top\" nowrap=\"nowrap\" width=\"85\">\n<h5 style=\"margin-bottom: 0cm; line-height: normal;\">2012-2015<\/h5>\n<p class=\"MsoNormal\" style=\"margin-bottom: 0cm; line-height: normal;\">\n<\/td>\n<td style=\"width: 94.65pt; border-top: none; border-left: none; border-bottom: solid windowtext 1.0pt; border-right: solid windowtext 1.0pt; mso-border-top-alt: solid windowtext .5pt; mso-border-left-alt: solid windowtext .5pt; mso-border-alt: solid windowtext .5pt; padding: 0cm 5.4pt 0cm 5.4pt; height: 15.0pt;\" valign=\"top\" nowrap=\"nowrap\" width=\"126\">\n<h5 style=\"margin-bottom: 0cm; line-height: normal;\">Diesel<\/h5>\n<p class=\"MsoNormal\" style=\"margin-bottom: 0cm; line-height: normal;\">\n<\/td>\n<\/tr>\n<tr style=\"mso-yfti-irow: 5; height: 15.0pt;\">\n<td style=\"width: 375.4pt; border: solid windowtext 1.0pt; border-top: none; mso-border-top-alt: solid windowtext .5pt; mso-border-alt: solid windowtext .5pt; padding: 0cm 5.4pt 0cm 5.4pt; height: 15.0pt;\" valign=\"top\" nowrap=\"nowrap\" width=\"501\">\n<h5 style=\"margin-bottom: 0cm; line-height: normal;\"><span lang=\"EN-US\">CABE\u00c7OTE NISSAN FRONTIER 2.5 16V SL 4X4 AT YD25ETI 2.5 16V 163Cv<\/span><\/h5>\n<\/td>\n<td style=\"width: 63.8pt; border-top: none; border-left: none; border-bottom: solid windowtext 1.0pt; border-right: solid windowtext 1.0pt; mso-border-top-alt: solid windowtext .5pt; mso-border-left-alt: solid windowtext .5pt; mso-border-alt: solid windowtext .5pt; padding: 0cm 5.4pt 0cm 5.4pt; height: 15.0pt;\" valign=\"top\" nowrap=\"nowrap\" width=\"85\">\n<h5 style=\"margin-bottom: 0cm; line-height: normal;\">2015-2019<\/h5>\n<p class=\"MsoNormal\" style=\"margin-bottom: 0cm; line-height: normal;\">\n<\/td>\n<td style=\"width: 94.65pt; border-top: none; border-left: none; border-bottom: solid windowtext 1.0pt; border-right: solid windowtext 1.0pt; mso-border-top-alt: solid windowtext .5pt; mso-border-left-alt: solid windowtext .5pt; mso-border-alt: solid windowtext .5pt; padding: 0cm 5.4pt 0cm 5.4pt; height: 15.0pt;\" valign=\"top\" nowrap=\"nowrap\" width=\"126\">\n<h5 style=\"margin-bottom: 0cm; line-height: normal;\">Diesel<\/h5>\n<p class=\"MsoNormal\" style=\"margin-bottom: 0cm; line-height: normal;\">\n<\/td>\n<\/tr>\n<tr style=\"mso-yfti-irow: 6; height: 15.0pt;\">\n<td style=\"width: 375.4pt; border: solid windowtext 1.0pt; border-top: none; mso-border-top-alt: solid windowtext .5pt; mso-border-alt: solid windowtext .5pt; padding: 0cm 5.4pt 0cm 5.4pt; height: 15.0pt;\" valign=\"top\" nowrap=\"nowrap\" width=\"501\">\n<h5 style=\"margin-bottom: 0cm; line-height: normal;\">CABE\u00c7OTE NISSAN FRONTIER 2.5 16V CD SE TDI 4X4 YD25ETI 2.5 16V 163Cv<\/h5>\n<p class=\"MsoNormal\" style=\"margin-bottom: 0cm; line-height: normal;\">\n<\/td>\n<td style=\"width: 63.8pt; border-top: none; border-left: none; border-bottom: solid windowtext 1.0pt; border-right: solid windowtext 1.0pt; mso-border-top-alt: solid windowtext .5pt; mso-border-left-alt: solid windowtext .5pt; mso-border-alt: solid windowtext .5pt; padding: 0cm 5.4pt 0cm 5.4pt; height: 15.0pt;\" valign=\"top\" nowrap=\"nowrap\" width=\"85\">\n<h5 style=\"margin-bottom: 0cm; line-height: normal;\">2013-2015<\/h5>\n<p class=\"MsoNormal\" style=\"margin-bottom: 0cm; line-height: normal;\">\n<\/td>\n<td style=\"width: 94.65pt; border-top: none; border-left: none; border-bottom: solid windowtext 1.0pt; border-right: solid windowtext 1.0pt; mso-border-top-alt: solid windowtext .5pt; mso-border-left-alt: solid windowtext .5pt; mso-border-alt: solid windowtext .5pt; padding: 0cm 5.4pt 0cm 5.4pt; height: 15.0pt;\" valign=\"top\" nowrap=\"nowrap\" width=\"126\">\n<h5 style=\"margin-bottom: 0cm; line-height: normal;\">Diesel<\/h5>\n<p class=\"MsoNormal\" style=\"margin-bottom: 0cm; line-height: normal;\">\n<\/td>\n<\/tr>\n<tr style=\"mso-yfti-irow: 7; height: 15.0pt;\">\n<td style=\"width: 375.4pt; border: solid windowtext 1.0pt; border-top: none; mso-border-top-alt: solid windowtext .5pt; mso-border-alt: solid windowtext .5pt; padding: 0cm 5.4pt 0cm 5.4pt; height: 15.0pt;\" valign=\"top\" nowrap=\"nowrap\" width=\"501\">\n<h5 style=\"margin-bottom: 0cm; line-height: normal;\"><span lang=\"EN-US\">CABE\u00c7OTE NISSAN FRONTIER\u00a0 2.5 16V SV ATTACK 4X4 AT YD25ETI 2.5 16V 163Cv<\/span><\/h5>\n<\/td>\n<td style=\"width: 63.8pt; border-top: none; border-left: none; border-bottom: solid windowtext 1.0pt; border-right: solid windowtext 1.0pt; mso-border-top-alt: solid windowtext .5pt; mso-border-left-alt: solid windowtext .5pt; mso-border-alt: solid windowtext .5pt; padding: 0cm 5.4pt 0cm 5.4pt; height: 15.0pt;\" valign=\"top\" nowrap=\"nowrap\" width=\"85\">\n<h5 style=\"margin-bottom: 0cm; line-height: normal;\">2015-2016<\/h5>\n<p class=\"MsoNormal\" style=\"margin-bottom: 0cm; line-height: normal;\">\n<\/td>\n<td style=\"width: 94.65pt; border-top: none; border-left: none; border-bottom: solid windowtext 1.0pt; border-right: solid windowtext 1.0pt; mso-border-top-alt: solid windowtext .5pt; mso-border-left-alt: solid windowtext .5pt; mso-border-alt: solid windowtext .5pt; padding: 0cm 5.4pt 0cm 5.4pt; height: 15.0pt;\" valign=\"top\" nowrap=\"nowrap\" width=\"126\">\n<h5 style=\"margin-bottom: 0cm; line-height: normal;\">Diesel<\/h5>\n<p class=\"MsoNormal\" style=\"margin-bottom: 0cm; line-height: normal;\">\n<\/td>\n<\/tr>\n<tr style=\"mso-yfti-irow: 8; mso-yfti-lastrow: yes; height: 15.0pt;\">\n<td style=\"width: 375.4pt; border: solid windowtext 1.0pt; border-top: none; mso-border-top-alt: solid windowtext .5pt; mso-border-alt: solid windowtext .5pt; padding: 0cm 5.4pt 0cm 5.4pt; height: 15.0pt;\" valign=\"top\" nowrap=\"nowrap\" width=\"501\">\n<h5 style=\"margin-bottom: 0cm; line-height: normal;\">CABE\u00c7OTE NISSAN FRONTIER LE\u00a0 2.5 16V YD25ETI 2.5 16V 172Cv<\/h5>\n<p class=\"MsoNormal\" style=\"margin-bottom: 0cm; line-height: normal;\">\n<\/td>\n<td style=\"width: 63.8pt; border-top: none; border-left: none; border-bottom: solid windowtext 1.0pt; border-right: solid windowtext 1.0pt; mso-border-top-alt: solid windowtext .5pt; mso-border-left-alt: solid windowtext .5pt; mso-border-alt: solid windowtext .5pt; padding: 0cm 5.4pt 0cm 5.4pt; height: 15.0pt;\" valign=\"top\" nowrap=\"nowrap\" width=\"85\">\n<h5 style=\"margin-bottom: 0cm; line-height: normal;\">2007-2013<\/h5>\n<p class=\"MsoNormal\" style=\"margin-bottom: 0cm; line-height: normal;\">\n<\/td>\n<td style=\"width: 94.65pt; border-top: none; border-left: none; border-bottom: solid windowtext 1.0pt; border-right: solid windowtext 1.0pt; mso-border-top-alt: solid windowtext .5pt; mso-border-left-alt: solid windowtext .5pt; mso-border-alt: solid windowtext .5pt; padding: 0cm 5.4pt 0cm 5.4pt; height: 15.0pt;\" valign=\"top\" nowrap=\"nowrap\" width=\"126\">\n<h5 style=\"margin-bottom: 0cm; line-height: normal;\">Diesel<\/h5>\n<p class=\"MsoNormal\" style=\"margin-bottom: 0cm; line-height: normal;\">\n<\/td>\n<\/tr>\n<\/tbody>\n<\/table>\n<p class=\"MsoNormal\" style=\"text-align: justify;\"><span style=\"font-family: Verdana;\">\u00a0<\/span><\/p>\n<p class=\"MsoNormal\" style=\"text-align: justify;\"><span style=\"font-family: Verdana;\">Na Q3 voc\u00ea encontra o melhor c<b>abe\u00e7ote Nissan Frontier 2.5 16V 170cv \/ 144cv<\/b>! We are one of the leading brands in the automotive market, specializing in the sale of new cylinder heads. If you are looking for <b>cabe\u00e7ote Nissan Frontier 2.5 16V 170cv \/ 144cv<\/b>, then you&#039;ve come to the right place. Read on for all the information about this product. If you have any questions, please contact our team. We serve vehicle owners and mechanics.<\/span><\/p>\n<p class=\"MsoNormal\" style=\"text-align: justify;\">\n<p class=\"MsoNormal\"><span style=\"font-family: Verdana;\"><b>Includes parts for assembly: <\/b>no<\/span><\/p>\n<p class=\"MsoNormal\"><span style=\"font-family: Verdana;\"><b>Return period:<\/b> 7 days<\/span><\/p>\n<p class=\"MsoNormal\"><span style=\"font-family: Verdana;\"><b>Shipping location:<\/b> We ship to all of Brazil<\/span><\/p>\n<p class=\"MsoNormal\"><span style=\"font-family: Verdana;\"><b>Shipping method: <\/b>We ship via Brazilian Post (Sedex or PAC), air freight, and\/or courier, depending on your needs for faster delivery. For regions up to 200 km from S\u00e3o Paulo, we ship by motorcycle courier.<\/span><\/p>\n<p class=\"MsoNormal\"><span style=\"font-family: Verdana;\"><b>Guarantee:<\/b> 3 months<\/span><\/p>\n<p class=\"MsoNormal\">\n<p class=\"MsoNormal\"><span style=\"font-family: Verdana;\"><b>General Observations:<\/b><\/span><\/p>\n<p class=\"MsoNormal\"><span style=\"font-family: Verdana;\"><b>\u00a0<\/b><\/span><\/p>\n<p class=\"MsoNormal\"><span style=\"font-family: Verdana;\">To carry out the assembly, you will need to purchase new parts or use parts you already have.<\/span><\/p>\n<p class=\"MsoNormal\"><span style=\"font-family: Verdana;\">We will not replace parts that have been reworked or damaged, so please inspect the product before assembling.<\/span><\/p>\n<p class=\"MsoNormal\"><span style=\"font-family: Verdana;\">Please contact us if you have any questions regarding shipping.<\/span><\/p>\n<p class=\"MsoNormal\"><span style=\"font-family: Verdana;\">\u00a0<\/span><\/p>\n<p class=\"MsoNormal\"><span style=\"font-family: Verdana; color: inherit;\">This is your great opportunity to buy the best <b>cabe\u00e7ote Nissan Frontier 2.5 16V 170cv \/ 144cv<\/b> Novo. Se necessita de mais op\u00e7\u00f5es de pe\u00e7as, ent\u00e3o consulte toda a nossa linha de cabe\u00e7otes para ve\u00edculos da montadora Nissan, entre outros modelos das fabricantes. Aproveite!<\/span><\/p>\n<p class=\"MsoNormal\">","protected":false},"excerpt":{"rendered":"<p>Venda de Cabe\u00e7ote Nissan Frontier 2.5 16V 170cv \/ 144cv 2004 a 2013 \u00a0 O cabe\u00e7ote Nissan Frontier 2.5 16<\/p>","protected":false},"featured_media":12344,"comment_status":"open","ping_status":"closed","template":"","meta":[],"product_cat":[182],"product_tag":[590],"class_list":["post-7272","product","type-product","status-publish","has-post-thumbnail","hentry","product_cat-cabecotes-novos","product_tag-cabecote-nissan-frontier-2-5-16v-170cv-144cv-2004-ate-2013-produto-da-marca-amc"],"_links":{"self":[{"href":"https:\/\/q3autoimports.com.br\/en\/wp-json\/wp\/v2\/product\/7272","targetHints":{"allow":["GET"]}}],"collection":[{"href":"https:\/\/q3autoimports.com.br\/en\/wp-json\/wp\/v2\/product"}],"about":[{"href":"https:\/\/q3autoimports.com.br\/en\/wp-json\/wp\/v2\/types\/product"}],"replies":[{"embeddable":true,"href":"https:\/\/q3autoimports.com.br\/en\/wp-json\/wp\/v2\/comments?post=7272"}],"wp:featuredmedia":[{"embeddable":true,"href":"https:\/\/q3autoimports.com.br\/en\/wp-json\/wp\/v2\/media\/12344"}],"wp:attachment":[{"href":"https:\/\/q3autoimports.com.br\/en\/wp-json\/wp\/v2\/media?parent=7272"}],"wp:term":[{"taxonomy":"product_cat","embeddable":true,"href":"https:\/\/q3autoimports.com.br\/en\/wp-json\/wp\/v2\/product_cat?post=7272"},{"taxonomy":"product_tag","embeddable":true,"href":"https:\/\/q3autoimports.com.br\/en\/wp-json\/wp\/v2\/product_tag?post=7272"}],"curies":[{"name":"wp","href":"https:\/\/api.w.org\/{rel}","templated":true}]}}