{"id":7289,"date":"2019-06-25T16:39:23","date_gmt":"2019-06-25T16:39:23","guid":{"rendered":"https:\/\/q3autoimports.com.br\/produto\/cabecote-audi-a3-2-0-16v-motor-tsfi-novo\/"},"modified":"2024-09-09T13:21:46","modified_gmt":"2024-09-09T13:21:46","slug":"head-audi-a3-2-0-16v-new-tsfi-engine","status":"publish","type":"product","link":"https:\/\/q3autoimports.com.br\/en\/head-audi-a3-2-0-16v-new-tsfi-engine\/","title":{"rendered":"Audi A3 2.0 16V TSFI engine cylinder head New"},"content":{"rendered":"<p class=\"MsoNormal\" style=\"text-align: justify;\"><span style=\"font-family: Verdana;\"><b>Veda de cabe\u00e7ote Audi A3 2.0 16V motor TSFI Novo<\/b><\/span><\/p>\n<p class=\"MsoNormal\" style=\"text-align: justify;\"><span style=\"font-family: Verdana;\">O cabe\u00e7ote do Audi A3 2.0 16 v\u00e1lvulas, serve nos modelos a partir do ano de 2005 at\u00e9 o ano de 2011. O cabe\u00e7ote possui altura original standard de 139,30 mm. Esse produto \u00e9 novo e aplica-se nos ve\u00edculos Audi A3, Audi A4 e Audi TT da montadora Audi. Produto de alta qualidade e durabilidade, proporcionando mais seguran\u00e7a para voc\u00ea e seu ve\u00edculo.<\/span><\/p>\n<p class=\"MsoNormal\" style=\"text-align: justify;\"><span style=\"font-family: Verdana;\">\u00a0<\/span><\/p>\n<p class=\"MsoNormal\" style=\"line-height: normal; mso-outline-level: 4; margin: 7.5pt 0cm 7.5pt 0cm;\"><b><span style=\"font-size: 11.5pt; font-family: 'Verdana',sans-serif; mso-fareast-font-family: 'Times New Roman'; mso-bidi-font-family: 'Times New Roman'; mso-fareast-language: PT-BR;\">Tabela de altura Cabe\u00e7ote Audi A3 2.0 FSi \/ TSFi<\/span><\/b><\/p>\n<table class=\"MsoTable15Plain1\" style=\"width: 311.6pt; border: none;\" border=\"1\" width=\"415\" cellspacing=\"0\" cellpadding=\"0\">\n<tbody>\n<tr style=\"mso-yfti-irow: -1; mso-yfti-firstrow: yes; mso-yfti-lastfirstrow: yes; height: 27.35pt;\">\n<td style=\"width: 311.6pt; border: solid #BFBFBF 1.0pt; mso-border-themecolor: background1; mso-border-themeshade: 191; mso-border-alt: solid #BFBFBF .5pt; padding: 0cm 5.4pt 0cm 5.4pt; height: 27.35pt;\" colspan=\"3\" valign=\"top\" width=\"415\">\n<p class=\"MsoNormal\" style=\"margin-bottom: 0cm; text-align: center; line-height: normal; mso-yfti-cnfc: 5;\" align=\"center\"><b><span style=\"font-size: 12.0pt; font-family: 'Times New Roman',serif; mso-fareast-font-family: 'Times New Roman'; mso-fareast-language: PT-BR;\">Altura do Cabe\u00e7ote Audi A3 2.0 16V FSi \/ TSFi<\/span><\/b><\/p>\n<p class=\"MsoNormal\" style=\"margin-bottom: 0cm; line-height: normal; mso-yfti-cnfc: 5;\"><span style=\"font-size: 12.0pt; font-family: 'Times New Roman',serif; mso-fareast-font-family: 'Times New Roman'; mso-fareast-language: PT-BR;\">\u00a0<\/span><\/p>\n<\/td>\n<\/tr>\n<tr style=\"mso-yfti-irow: 0; height: 33.65pt;\">\n<td style=\"border: solid #BFBFBF 1.0pt; mso-border-themecolor: background1; mso-border-themeshade: 191; border-top: none; mso-border-top-alt: solid #BFBFBF .5pt; mso-border-top-themecolor: background1; mso-border-top-themeshade: 191; mso-border-alt: solid #BFBFBF .5pt; background: #F2F2F2; mso-background-themecolor: background1; mso-background-themeshade: 242; padding: 0cm 5.4pt 0cm 5.4pt; height: 33.65pt;\" valign=\"top\">\n<p class=\"MsoNormal\" style=\"margin-bottom: 0cm; line-height: normal; mso-yfti-cnfc: 68;\"><b><span style=\"font-size: 12pt; font-family: 'Times New Roman', serif;\">Modelo<\/span><\/b><b><\/b><\/p>\n<\/td>\n<td style=\"width: 99.6pt; border-top: none; border-left: none; border-bottom: solid #BFBFBF 1.0pt; mso-border-bottom-themecolor: background1; mso-border-bottom-themeshade: 191; border-right: solid #BFBFBF 1.0pt; mso-border-right-themecolor: background1; mso-border-right-themeshade: 191; mso-border-top-alt: solid #BFBFBF .5pt; mso-border-top-themecolor: background1; mso-border-top-themeshade: 191; mso-border-left-alt: solid #BFBFBF .5pt; mso-border-left-themecolor: background1; mso-border-left-themeshade: 191; mso-border-alt: solid #BFBFBF .5pt; mso-border-themecolor: background1; mso-border-themeshade: 191; background: #F2F2F2; mso-background-themecolor: background1; mso-background-themeshade: 242; padding: 0cm 5.4pt 0cm 5.4pt; height: 33.65pt;\" valign=\"top\" width=\"133\">\n<p class=\"MsoNormal\" style=\"margin-bottom: 0cm; line-height: normal; mso-yfti-cnfc: 64;\"><b><span style=\"font-size: 12pt; font-family: 'Times New Roman', serif;\">\u00a0Altura Standard<\/span><\/b><b><\/b><\/p>\n<\/td>\n<td style=\"width: 111.25pt; border-top: none; border-left: none; border-bottom: solid #BFBFBF 1.0pt; mso-border-bottom-themecolor: background1; mso-border-bottom-themeshade: 191; border-right: solid #BFBFBF 1.0pt; mso-border-right-themecolor: background1; mso-border-right-themeshade: 191; mso-border-top-alt: solid #BFBFBF .5pt; mso-border-top-themecolor: background1; mso-border-top-themeshade: 191; mso-border-left-alt: solid #BFBFBF .5pt; mso-border-left-themecolor: background1; mso-border-left-themeshade: 191; mso-border-alt: solid #BFBFBF .5pt; mso-border-themecolor: background1; mso-border-themeshade: 191; background: #F2F2F2; mso-background-themecolor: background1; mso-background-themeshade: 242; padding: 0cm 5.4pt 0cm 5.4pt; height: 33.65pt;\" valign=\"top\" width=\"148\">\n<p class=\"MsoNormal\" style=\"margin-bottom: 0cm; text-align: center; line-height: normal; mso-yfti-cnfc: 64;\" align=\"center\"><b><span style=\"font-size: 10.5pt; font-family: Helvetica, sans-serif;\">Altura M\u00ednima<\/span><\/b><\/p>\n<\/td>\n<\/tr>\n<tr style=\"mso-yfti-irow: 1; mso-yfti-lastrow: yes; height: 33.65pt;\">\n<td style=\"border: solid #BFBFBF 1.0pt; mso-border-themecolor: background1; mso-border-themeshade: 191; border-top: none; mso-border-top-alt: solid #BFBFBF .5pt; mso-border-top-themecolor: background1; mso-border-top-themeshade: 191; mso-border-alt: solid #BFBFBF .5pt; padding: 0cm 5.4pt 0cm 5.4pt; height: 33.65pt;\" valign=\"top\">\n<p class=\"MsoNormal\" style=\"margin-bottom: 0cm; line-height: normal; mso-yfti-cnfc: 4;\"><b><span style=\"font-size: 10.5pt; font-family: Verdana, sans-serif; background-image: initial; background-position: initial; background-size: initial; background-repeat: initial; background-attachment: initial; background-origin: initial; background-clip: initial;\">BWA \/ BGB \/ BHZ \/ BZC)<\/span><\/b><b><\/b><\/p>\n<\/td>\n<td style=\"width: 99.6pt; border-top: none; border-left: none; border-bottom: solid #BFBFBF 1.0pt; mso-border-bottom-themecolor: background1; mso-border-bottom-themeshade: 191; border-right: solid #BFBFBF 1.0pt; mso-border-right-themecolor: background1; mso-border-right-themeshade: 191; mso-border-top-alt: solid #BFBFBF .5pt; mso-border-top-themecolor: background1; mso-border-top-themeshade: 191; mso-border-left-alt: solid #BFBFBF .5pt; mso-border-left-themecolor: background1; mso-border-left-themeshade: 191; mso-border-alt: solid #BFBFBF .5pt; mso-border-themecolor: background1; mso-border-themeshade: 191; padding: 0cm 5.4pt 0cm 5.4pt; height: 33.65pt;\" valign=\"top\" width=\"133\">\n<p class=\"MsoNormal\" style=\"margin-bottom: 0cm; line-height: normal;\"><span style=\"font-size: 10.5pt; font-family: Verdana, sans-serif; background-image: initial; background-position: initial; background-size: initial; background-repeat: initial; background-attachment: initial; background-origin: initial; background-clip: initial;\">139,30 mm<\/span><b><\/b><\/p>\n<\/td>\n<td style=\"width: 111.25pt; border-top: none; border-left: none; border-bottom: solid #BFBFBF 1.0pt; mso-border-bottom-themecolor: background1; mso-border-bottom-themeshade: 191; border-right: solid #BFBFBF 1.0pt; mso-border-right-themecolor: background1; mso-border-right-themeshade: 191; mso-border-top-alt: solid #BFBFBF .5pt; mso-border-top-themecolor: background1; mso-border-top-themeshade: 191; mso-border-left-alt: solid #BFBFBF .5pt; mso-border-left-themecolor: background1; mso-border-left-themeshade: 191; mso-border-alt: solid #BFBFBF .5pt; mso-border-themecolor: background1; mso-border-themeshade: 191; padding: 0cm 5.4pt 0cm 5.4pt; height: 33.65pt;\" valign=\"top\" width=\"148\">\n<p class=\"MsoNormal\" style=\"margin-bottom: 0cm; text-align: center; line-height: normal;\" align=\"center\"><span style=\"font-size: 10.5pt; font-family: Verdana, sans-serif; background-image: initial; background-position: initial; background-size: initial; background-repeat: initial; background-attachment: initial; background-origin: initial; background-clip: initial;\">138,80 mm<\/span><b><\/b><\/p>\n<\/td>\n<\/tr>\n<\/tbody>\n<\/table>\n<p class=\"MsoNormal\">\n<p class=\"MsoNormal\"><span style=\"color: #333333; font-weight: bold; text-align: justify; font-family: Verdana;\">Especifica\u00e7\u00e3o do\u00a0<\/span><span style=\"color: #333333; font-weight: bold; text-align: justify; font-family: Verdana;\">Cabe\u00e7ote Audi 2.0 16V TSFI<\/span><\/p>\n<div style=\"text-align: justify;\"><span style=\"font-family: Verdana;\">\u00a0<\/span><\/div>\n<p>&nbsp;<\/p>\n<div style=\"text-align: justify;\"><span style=\"color: inherit;\"><b>Altura Std:\u00a0<\/b> 139,30 mm\/ m\u00ednima 138,80 mm<\/span><\/div>\n<div style=\"text-align: justify;\"><span style=\"color: inherit;\"><b>Motor: <\/b>2.0 16V TFSI<\/span><\/div>\n<div style=\"text-align: justify;\"><span style=\"color: inherit;\"><b>Ano: <\/b>2005 a 2011<\/span><\/div>\n<div style=\"text-align: justify;\"><span style=\"color: inherit; font-family: Verdana;\"><b>Motor:<\/b>\u00a0<\/span><span style=\"color: inherit; font-family: RobotoLight; font-size: 14px;\">MOTOR BWA \/ BGB \/ BHZ \/ BZC)<\/span><\/div>\n<p>&nbsp;<\/p>\n<div style=\"text-align: justify;\"><span style=\"color: inherit;\"><b>Marca:<\/b> Q3 auto imports<\/span><\/div>\n<div style=\"text-align: justify;\"><span style=\"color: inherit;\"><b>N\u00famero Original:<\/b> 06D103351D, 06F103063P, 06F103063PX, 06F103265BX, 06F103265DX, 06F103351<\/span><\/div>\n<p>&nbsp;<\/p>\n<p class=\"MsoNormal\" style=\"text-align: justify;\"><span style=\"font-family: Verdana;\">\u00a0<\/span><\/p>\n<p class=\"MsoNormal\">\n<p class=\"MsoNormal\"><span style=\"color: #333333; font-weight: bold; text-align: justify; font-family: Verdana;\">Para quais motores servem o cabe\u00e7ote\u00a0<\/span><span style=\"color: #333333; font-family: inherit; font-weight: bold; text-align: justify;\">Audi 2.0 16V\u00a0<\/span><\/p>\n<div style=\"text-align: justify;\"><span style=\"font-family: Verdana; color: inherit;\">CABE\u00c7OTE Audi A3 2.0 16V Motor TSFI 2005-2006-2007-2008-2009-2010-2011<\/span><\/div>\n<div style=\"text-align: justify;\"><span style=\"font-family: Verdana; color: inherit;\">\u00a0<\/span><\/div>\n<p>&nbsp;<\/p>\n<div style=\"text-align: justify;\"><span style=\"color: inherit;\">CABE\u00c7OTE Audi A4 2.0 16V Motor TSFI 2005-2006-2007-2008-2009-2010-2011<\/span><\/div>\n<div style=\"text-align: justify;\"><span style=\"color: inherit;\">\u00a0<\/span><\/div>\n<div style=\"text-align: justify;\"><span style=\"color: inherit;\">CABE\u00c7OTE Audi TT 2.0 16V Motor TSFI 2005-2006-2007-2008-2009-2010-2011<\/span><\/div>\n<div style=\"text-align: justify;\"><span style=\"color: inherit;\">\u00a0<\/span><\/div>\n<div style=\"text-align: justify;\">\n<div align=\"center\"><\/div>\n<p class=\"MsoNormal\"><b>Torque do cabe\u00e7ote motor Audi 16V\u00a0<\/b><\/p>\n<p class=\"MsoNormal\" style=\"margin-bottom: 0cm; line-height: normal;\"><span style=\"font-size: 10.5pt; font-family: 'Arial',sans-serif; mso-fareast-font-family: 'Times New Roman'; color: #333333; mso-fareast-language: PT-BR;\"> <!-- [if !supportLineBreakNewLine]--><br \/>\n<!--[endif]--><\/span><\/p>\n<table class=\"MsoNormalTable\" style=\"width: 412.5pt; margin-left: 11.75pt; background: white;\" border=\"1\" width=\"550\" cellspacing=\"0\" cellpadding=\"0\">\n<tbody>\n<tr style=\"mso-yfti-irow: 0; mso-yfti-firstrow: yes; height: 22.5pt;\">\n<td style=\"padding: 0cm 0cm 0cm 0cm; height: 22.5pt;\" colspan=\"9\">\n<p class=\"MsoNormal\" style=\"margin-bottom: 0cm; text-align: center; line-height: normal;\" align=\"center\"><b><span style=\"font-size: 10.5pt; font-family: 'Arial',sans-serif; mso-fareast-font-family: 'Times New Roman'; color: #333333; mso-fareast-language: PT-BR;\">Torque do cabe\u00e7ote Audi 16V <\/span><\/b><\/p>\n<\/td>\n<\/tr>\n<tr>\n<td style=\"padding: 0cm 0cm 0cm 0cm;\">\n<p class=\"MsoNormal\" style=\"margin-bottom: 0cm; line-height: normal;\"><b><span style=\"font-size: 10.5pt; font-family: 'Arial',sans-serif; mso-fareast-font-family: 'Times New Roman'; color: #333333; mso-fareast-language: PT-BR;\">Tabela de Torque<\/span><\/b><\/p>\n<\/td>\n<td style=\"padding: 0cm 0cm 0cm 0cm;\">\n<p class=\"MsoNormal\" style=\"margin-bottom: 0cm; text-align: center; line-height: normal;\" align=\"center\"><b><span style=\"font-size: 10.5pt; font-family: 'Arial',sans-serif; mso-fareast-font-family: 'Times New Roman'; color: #333333; mso-fareast-language: PT-BR;\">Nm<\/span><\/b><\/p>\n<\/td>\n<td style=\"padding: 0cm 0cm 0cm 0cm;\" colspan=\"7\">\n<p class=\"MsoNormal\" style=\"margin-bottom: 0cm; text-align: center; line-height: normal;\" align=\"center\"><b><span style=\"font-size: 10.5pt; font-family: 'Arial',sans-serif; mso-fareast-font-family: 'Times New Roman'; color: #333333; mso-fareast-language: PT-BR;\">(+) Angular <\/span><\/b><b><span style=\"font-size: 10.5pt; font-family: 'Cambria Math',serif; mso-fareast-font-family: 'Times New Roman'; mso-bidi-font-family: 'Cambria Math'; color: #333333; mso-fareast-language: PT-BR;\">\u2220<\/span><\/b><\/p>\n<\/td>\n<\/tr>\n<tr>\n<td style=\"width: 90.45pt; padding: 0cm 0cm 0cm 0cm;\" width=\"121\">\n<p class=\"MsoNormal\" style=\"margin-bottom: 0cm; line-height: normal;\"><span style=\"font-size: 10.5pt; font-family: 'Arial',sans-serif; mso-fareast-font-family: 'Times New Roman'; color: #333333; mso-fareast-language: PT-BR;\">Etapas<\/span><\/p>\n<\/td>\n<td style=\"width: 41.1pt; padding: 0cm 0cm 0cm 0cm;\" width=\"55\">\n<p class=\"MsoNormal\" style=\"margin-bottom: 0cm; text-align: center; line-height: normal;\" align=\"center\"><span style=\"font-size: 10.5pt; font-family: 'Arial',sans-serif; mso-fareast-font-family: 'Times New Roman'; color: #333333; mso-fareast-language: PT-BR;\">1<\/span><\/p>\n<\/td>\n<td style=\"width: 39.25pt; padding: 0cm 0cm 0cm 0cm;\" width=\"52\">\n<p class=\"MsoNormal\" style=\"margin-bottom: 0cm; text-align: center; line-height: normal;\" align=\"center\"><span style=\"font-size: 10.5pt; font-family: 'Arial',sans-serif; mso-fareast-font-family: 'Times New Roman'; color: #333333; mso-fareast-language: PT-BR;\">2<\/span><\/p>\n<\/td>\n<td style=\"width: 39.25pt; padding: 0cm 0cm 0cm 0cm;\" width=\"52\">\n<p class=\"MsoNormal\" style=\"margin-bottom: 0cm; text-align: center; line-height: normal;\" align=\"center\"><span style=\"font-size: 10.5pt; font-family: 'Arial',sans-serif; mso-fareast-font-family: 'Times New Roman'; color: #333333; mso-fareast-language: PT-BR;\">3<\/span><\/p>\n<\/td>\n<td style=\"width: 40.8pt; padding: 0cm 0cm 0cm 0cm;\" width=\"54\">\n<p class=\"MsoNormal\" style=\"margin-bottom: 0cm; text-align: center; line-height: normal;\" align=\"center\"><span style=\"font-size: 10.5pt; font-family: 'Arial',sans-serif; mso-fareast-font-family: 'Times New Roman'; color: #333333; mso-fareast-language: PT-BR;\">4<\/span><\/p>\n<\/td>\n<td style=\"width: 40.8pt; padding: 0cm 0cm 0cm 0cm;\" width=\"54\">\n<p class=\"MsoNormal\" style=\"margin-bottom: 0cm; text-align: center; line-height: normal;\" align=\"center\"><span style=\"font-size: 10.5pt; font-family: 'Arial',sans-serif; mso-fareast-font-family: 'Times New Roman'; color: #333333; mso-fareast-language: PT-BR;\">5<\/span><\/p>\n<\/td>\n<td style=\"width: 40.8pt; padding: 0cm 0cm 0cm 0cm;\" width=\"54\">\n<p class=\"MsoNormal\" style=\"margin-bottom: 0cm; text-align: center; line-height: normal;\" align=\"center\"><span style=\"font-size: 10.5pt; font-family: 'Arial',sans-serif; mso-fareast-font-family: 'Times New Roman'; color: #333333; mso-fareast-language: PT-BR;\">6<\/span><\/p>\n<\/td>\n<td style=\"width: 40.8pt; padding: 0cm 0cm 0cm 0cm;\" width=\"54\">\n<p class=\"MsoNormal\" style=\"margin-bottom: 0cm; text-align: center; line-height: normal;\" align=\"center\"><span style=\"font-size: 10.5pt; font-family: 'Arial',sans-serif; mso-fareast-font-family: 'Times New Roman'; color: #333333; mso-fareast-language: PT-BR;\">7<\/span><\/p>\n<\/td>\n<td style=\"width: 39.25pt; padding: 0cm 0cm 0cm 0cm;\" width=\"52\">\n<p class=\"MsoNormal\" style=\"margin-bottom: 0cm; text-align: center; line-height: normal;\" align=\"center\"><span style=\"font-size: 10.5pt; font-family: 'Arial',sans-serif; mso-fareast-font-family: 'Times New Roman'; color: #333333; mso-fareast-language: PT-BR;\">8<\/span><\/p>\n<\/td>\n<\/tr>\n<tr>\n<td style=\"padding: 0cm 0cm 0cm 0cm;\">\n<p class=\"MsoNormal\" style=\"margin-bottom: 0cm; line-height: normal;\"><span style=\"font-size: 10.5pt; font-family: 'Arial',sans-serif; mso-fareast-font-family: 'Times New Roman'; color: #333333; mso-fareast-language: PT-BR;\">Parafusos<\/span><\/p>\n<\/td>\n<td style=\"padding: 0cm 0cm 0cm 0cm;\">\n<p class=\"MsoNormal\" style=\"margin-bottom: 0cm; text-align: center; line-height: normal;\" align=\"center\"><span style=\"font-size: 10.5pt; font-family: 'Arial',sans-serif; mso-fareast-font-family: 'Times New Roman'; color: #333333; mso-fareast-language: PT-BR;\">60 Nm<\/span><\/p>\n<\/td>\n<td style=\"padding: 0cm 0cm 0cm 0cm;\">\n<p class=\"MsoNormal\" style=\"margin-bottom: 0cm; text-align: center; line-height: normal;\" align=\"center\"><span style=\"font-size: 10.5pt; font-family: 'Arial',sans-serif; mso-fareast-font-family: 'Times New Roman'; color: #333333; mso-fareast-language: PT-BR;\">90\u00ba<\/span><\/p>\n<\/td>\n<td style=\"padding: 0cm 0cm 0cm 0cm;\">\n<p class=\"MsoNormal\" style=\"margin-bottom: 0cm; text-align: center; line-height: normal;\" align=\"center\"><span style=\"font-size: 10.5pt; font-family: 'Arial',sans-serif; mso-fareast-font-family: 'Times New Roman'; color: #333333; mso-fareast-language: PT-BR;\">90\u00ba<\/span><\/p>\n<\/td>\n<td style=\"padding: 0cm 0cm 0cm 0cm;\"><\/td>\n<td style=\"padding: 0cm 0cm 0cm 0cm;\"><\/td>\n<td style=\"padding: 0cm 0cm 0cm 0cm;\"><\/td>\n<td style=\"padding: 0cm 0cm 0cm 0cm;\"><\/td>\n<td style=\"padding: 0cm 0cm 0cm 0cm;\"><\/td>\n<\/tr>\n<tr>\n<td style=\"padding: 0cm 0cm 0cm 0cm;\" colspan=\"9\">\n<p class=\"MsoNormal\" style=\"margin-bottom: 0cm; text-align: center; line-height: normal;\" align=\"center\"><b><span style=\"font-size: 10.5pt; font-family: 'Arial',sans-serif; mso-fareast-font-family: 'Times New Roman'; color: #333333; mso-fareast-language: PT-BR;\">Sequ\u00eancia de Aperto<\/span><\/b><\/p>\n<p class=\"MsoNormal\" style=\"margin-bottom: 0cm; text-align: center; line-height: normal;\" align=\"center\"><img decoding=\"async\" style=\"width: 282px;\" src=\"https:\/\/q3autoimports.com.br\/image\/catalog\/logo\/torques\/torque-do-cabecote-audi-.png\" \/><b><span style=\"font-size: 10.5pt; font-family: 'Arial',sans-serif; mso-fareast-font-family: 'Times New Roman'; color: #333333; mso-fareast-language: PT-BR;\">\u00a0<\/span><\/b><\/p>\n<p class=\"MsoNormal\" style=\"margin-bottom: 0cm; text-align: center; line-height: normal;\" align=\"center\"><b><span style=\"font-size: 10.5pt; font-family: 'Arial',sans-serif; mso-fareast-font-family: 'Times New Roman'; color: #333333; mso-fareast-language: PT-BR; mso-no-proof: yes;\"><!-- [if gte vml 1]><v:shapetype id=\"_x0000_t75\" coordsize=\"21600,21600\" o:spt=\"75\" o:preferrelative=\"t\" path=\"m@4@5l@4@11@9@11@9@5xe\" filled=\"f\" stroked=\"f\">    <v:stroke joinstyle=\"miter\"><\/v:stroke>    <v:formulas>     <v:f eqn=\"if lineDrawn pixelLineWidth 0\"><\/v:f>     <v:f eqn=\"sum @0 1 0\"><\/v:f>     <v:f eqn=\"sum 0 0 @1\"><\/v:f>     <v:f eqn=\"prod @2 1 2\"><\/v:f>     <v:f eqn=\"prod @3 21600 pixelWidth\"><\/v:f>     <v:f eqn=\"prod @3 21600 pixelHeight\"><\/v:f>     <v:f eqn=\"sum @0 0 1\"><\/v:f>     <v:f eqn=\"prod @6 1 2\"><\/v:f>     <v:f eqn=\"prod @7 21600 pixelWidth\"><\/v:f>     <v:f eqn=\"sum @8 21600 0\"><\/v:f>     <v:f eqn=\"prod @7 21600 pixelHeight\"><\/v:f>     <v:f eqn=\"sum @10 21600 0\"><\/v:f>    <\/v:formulas>    <v:path o:extrusionok=\"f\" gradientshapeok=\"t\" o:connecttype=\"rect\"><\/v:path>    <o:lock v:ext=\"edit\" aspectratio=\"t\"><\/o:lock>   <\/v:shapetype><v:shape id=\"Imagem_x0020_4\" o:spid=\"_x0000_i1025\" type=\"#_x0000_t75\" style='width:211.5pt;height:89.25pt;visibility:visible;mso-wrap-style:square'>    <v:imagedata src=\"file:\/\/\/C:\/Users\/Pc\/AppData\/Local\/Temp\/msohtmlclip1\/01\/clip_image001.png\" o:title=\"\"><\/v:imagedata>   <\/v:shape><![endif]--><!-- [if !vml]--><!--[endif]--><\/span><\/b><b><\/b><\/p>\n<p class=\"MsoNormal\" style=\"margin-bottom: 0cm; text-align: center; line-height: normal;\" align=\"center\"><span style=\"font-size: 10.5pt; font-family: 'Arial',sans-serif; mso-fareast-font-family: 'Times New Roman'; color: #333333; mso-fareast-language: PT-BR;\">\u00a0<\/span><\/p>\n<\/td>\n<\/tr>\n<tr>\n<td style=\"padding: 0cm 0cm 0cm 0cm;\" colspan=\"2\">\n<p class=\"MsoNormal\" style=\"margin-bottom: 0cm; line-height: normal;\"><span style=\"font-size: 10.5pt; font-family: 'Arial',sans-serif; mso-fareast-font-family: 'Times New Roman'; color: #333333; mso-fareast-language: PT-BR;\">Altura m\u00ednima do cabe\u00e7ote<\/span><\/p>\n<\/td>\n<td style=\"padding: 0cm 0cm 0cm 0cm;\" colspan=\"2\">\n<p class=\"MsoNormal\" style=\"margin-bottom: 0cm; line-height: normal;\"><span style=\"font-size: 10.5pt; font-family: 'Arial',sans-serif; mso-fareast-font-family: 'Times New Roman'; color: #333333; mso-fareast-language: PT-BR;\">139<\/span><\/p>\n<\/td>\n<td style=\"padding: 0cm 0cm 0cm 0cm;\" colspan=\"4\">\n<p class=\"MsoNormal\" style=\"margin-bottom: 0cm; line-height: normal;\"><span style=\"font-size: 10.5pt; font-family: 'Arial',sans-serif; mso-fareast-font-family: 'Times New Roman'; color: #333333; mso-fareast-language: PT-BR;\">Altura Padr\u00e3o (STD) do cabe\u00e7ote<\/span><\/p>\n<\/td>\n<td style=\"padding: 0cm 0cm 0cm 0cm;\"><\/td>\n<\/tr>\n<\/tbody>\n<\/table>\n<p class=\"MsoNormal\">\n<\/div>\n<p>&nbsp;<\/p>\n<div style=\"text-align: justify;\"><span style=\"font-family: Verdana;\">\u00a0<\/span><\/div>\n<p>&nbsp;<\/p>\n<div style=\"text-align: justify;\"><span style=\"color: inherit;\">Encontre aqui o melhor cabe\u00e7ote do Audi A3 2.0 16V! A Q3 \u00e9 uma das marcas mais relevantes do mercado quando se trata de cabe\u00e7otes novos. Se voc\u00ea est\u00e1 \u00e0 procura do cabe\u00e7ote Audi A3 2.0 16V Novo, ent\u00e3o est\u00e1 no lugar certo. Em caso de d\u00favidas, entre em contato com a nossa equipe. Atendemos propriet\u00e1rios de ve\u00edculos e mec\u00e2nicas.<\/span><\/div>\n<p>&nbsp;<\/p>\n<div style=\"text-align: justify;\"><span style=\"font-family: Verdana; color: inherit;\"><b>Acompanha pe\u00e7as para montagem:<\/b> n\u00e3o<\/span><\/div>\n<p>&nbsp;<\/p>\n<div style=\"text-align: justify;\"><span style=\"color: inherit;\"><b>Prazo de devolu\u00e7\u00e3o:<\/b> 7 dias<\/span><\/div>\n<div style=\"text-align: justify;\"><span style=\"color: inherit;\"><b>Local de envio:<\/b> Enviamos para todo o Brasil<\/span><\/div>\n<div style=\"text-align: justify;\"><span style=\"color: inherit;\"><b>Forma de envio:<\/b> via Correios (Sedex ou PAC), transporte a\u00e9reo e\/ou transportadora, dependendo da sua necessidade de agilidade na entrega. Para as regi\u00f5es de at\u00e9 200 km de S\u00e3o Paulo enviamos por motoboy.<\/span><\/div>\n<div style=\"text-align: justify;\"><span style=\"color: inherit;\"><b>Garantia:<\/b>\u00a03 meses<\/span><\/div>\n<p>&nbsp;<\/p>\n<div style=\"text-align: justify;\"><span style=\"font-family: Verdana; color: inherit;\"><b>Observa\u00e7\u00f5es Gerais:<\/b><\/span><\/div>\n<p>&nbsp;<\/p>\n<div style=\"text-align: justify;\"><span style=\"color: inherit;\">Para realizar a montagem, ser\u00e1 necess\u00e1ria a compra de pe\u00e7as novas ou utiliza\u00e7\u00e3o de pe\u00e7as que j\u00e1 possua.<\/span><\/div>\n<div style=\"text-align: justify;\"><span style=\"color: inherit;\">N\u00e3o trocaremos pe\u00e7as que foram retificadas ou danificadas, portanto verifique o produto antes de mont\u00e1-lo.<\/span><\/div>\n<div style=\"text-align: justify;\"><span style=\"color: inherit;\">\u00a0<\/span><\/div>\n<p>&nbsp;<\/p>\n<p class=\"MsoNormal\" style=\"text-align: justify;\"><span style=\"font-family: Verdana;\">Consulte-nos caso tenha alguma d\u00favida quanto ao frete. Essa \u00e9 a sua grande oportunidade para comprar o melhor\u00a0cabe\u00e7ote Audi A3 2.0 16V do mercado. Se necessita de mais op\u00e7\u00f5es de pe\u00e7as, ent\u00e3o consulte toda a nossa linha de cabe\u00e7otes <a href=\"https:\/\/q3autoimports.com.br\/cabecote-audi\" target=\"_blank\" rel=\"noopener\">Audi<\/a>, entre outros modelos da fabricante. Aproveite!<\/span><\/p>\n","protected":false},"excerpt":{"rendered":"<p>Audi A3 2.0 16V cylinder head seal TSFI engine New The cylinder head of the Audi A3 2.0 16 valves, fits the<\/p>","protected":false},"featured_media":11001,"comment_status":"open","ping_status":"closed","template":"","meta":[],"product_cat":[130,182],"product_tag":[607],"class_list":["post-7289","product","type-product","status-publish","has-post-thumbnail","hentry","product_cat-cabecote-audi","product_cat-cabecotes-novos","product_tag-cabecote-audi-a3-2-0-16v-motor-tsfi-novo"],"_links":{"self":[{"href":"https:\/\/q3autoimports.com.br\/en\/wp-json\/wp\/v2\/product\/7289","targetHints":{"allow":["GET"]}}],"collection":[{"href":"https:\/\/q3autoimports.com.br\/en\/wp-json\/wp\/v2\/product"}],"about":[{"href":"https:\/\/q3autoimports.com.br\/en\/wp-json\/wp\/v2\/types\/product"}],"replies":[{"embeddable":true,"href":"https:\/\/q3autoimports.com.br\/en\/wp-json\/wp\/v2\/comments?post=7289"}],"wp:featuredmedia":[{"embeddable":true,"href":"https:\/\/q3autoimports.com.br\/en\/wp-json\/wp\/v2\/media\/11001"}],"wp:attachment":[{"href":"https:\/\/q3autoimports.com.br\/en\/wp-json\/wp\/v2\/media?parent=7289"}],"wp:term":[{"taxonomy":"product_cat","embeddable":true,"href":"https:\/\/q3autoimports.com.br\/en\/wp-json\/wp\/v2\/product_cat?post=7289"},{"taxonomy":"product_tag","embeddable":true,"href":"https:\/\/q3autoimports.com.br\/en\/wp-json\/wp\/v2\/product_tag?post=7289"}],"curies":[{"name":"wp","href":"https:\/\/api.w.org\/{rel}","templated":true}]}}