{"id":7366,"date":"2019-10-15T19:59:35","date_gmt":"2019-10-15T19:59:35","guid":{"rendered":"https:\/\/q3autoimports.com.br\/produto\/cabecote-toyota-corolla-1-8-16v-bloco-1zz-novo\/"},"modified":"2024-09-09T13:17:34","modified_gmt":"2024-09-09T13:17:34","slug":"toyota-corolla-1-8-16v-cylinder-head-new-1zz-block","status":"publish","type":"product","link":"https:\/\/q3autoimports.com.br\/en\/toyota-corolla-1-8-16v-cylinder-head-new-1zz-block\/","title":{"rendered":"Toyota Corolla 1.8 16v Cylinder Head 1ZZ Block New"},"content":{"rendered":"<p class=\"MsoNormal\" style=\"text-align: justify;\"><span style=\"font-family: Verdana;\"><b>Venda de Cabe\u00e7ote Toyota Corolla 1.8 16V Motor 1zz &#8211; Somente para motores Flex.<\/b><\/span><\/p>\n<p class=\"MsoNormal\" style=\"text-align: justify;\"><span style=\"font-family: Verdana;\">O cabe\u00e7ote da Toyota Corolla 1.8 16V, serve nos modelos FLEX. O cabe\u00e7ote possui altura original standard de\u00a0115,00 mm. Esse produto \u00e9 novo e aplica-se nos ve\u00edculos Corolla e Fielder da montadora Toyota. Produto de alta qualidade e durabilidade, proporcionando mais seguran\u00e7a para voc\u00ea e seu ve\u00edculo.<\/span><\/p>\n<p class=\"MsoNormal\" style=\"text-align: justify;\"><span style=\"color: #333333; font-family: Verdana; font-weight: bold;\">Especifica\u00e7\u00e3o do\u00a0<\/span><span style=\"color: #333333; font-family: Verdana; font-weight: bold;\">Cabe\u00e7ote Toyota Corolla 1.8 16V\u00a0<\/span><\/p>\n<div style=\"text-align: justify;\"><span style=\"font-family: Verdana; color: inherit;\">Especifica\u00e7\u00e3o t\u00e9cnica:<\/span><\/div>\n<p>&nbsp;<\/p>\n<div style=\"text-align: justify;\"><span style=\"color: inherit;\">Altura Std: 115,00 mm<\/span><\/div>\n<div style=\"text-align: justify;\"><span style=\"color: inherit;\">Marca: Q3 auto imports<\/span><\/div>\n<div style=\"text-align: justify;\"><span style=\"color: inherit;\">Motor: 1.8 16v<\/span><\/div>\n<div style=\"text-align: justify;\"><span style=\"color: inherit;\">Produto Novo<\/span><\/div>\n<div style=\"text-align: justify;\"><\/div>\n<div style=\"text-align: justify;\"><span style=\"color: #333333; font-weight: bold;\">Para quais motores servem o cabe\u00e7ote Corolla 1.8<\/span><\/div>\n<p>&nbsp;<\/p>\n<div style=\"text-align: justify;\"><\/div>\n<p>&nbsp;<\/p>\n<div style=\"text-align: justify;\"><span style=\"color: inherit;\">\u2022 Cabe\u00e7ote Toyota Corolla 1.8 16v 1zz 2002-2003-2004-2005-2006-2007-2008-2009-2010-2011-2012-2013-2014-2015-2016<\/span><\/div>\n<div style=\"text-align: justify;\"><span style=\"color: inherit;\">\u00a0<\/span><\/div>\n<div style=\"text-align: justify;\"><span style=\"color: inherit;\">\u2022 Cabe\u00e7ote Toyota Fielder 1.8 16v 1zz\u00a0<\/span><span style=\"color: inherit;\">2002-2003-2004-2005-2006-2007-2008-2009-2010-2011-2012-2013-2014-2015-2016<\/span><\/div>\n<div><span style=\"color: inherit;\">\u00a0<\/span><\/div>\n<div>\n<table class=\"MsoNormalTable\" style=\"width: 412.5pt; background: white; margin-left: 4.8pt; margin-right: 4.8pt;\" border=\"1\" width=\"550\" cellspacing=\"0\" cellpadding=\"0\" align=\"left\">\n<tbody>\n<tr style=\"mso-yfti-irow: 0; mso-yfti-firstrow: yes; height: 22.5pt;\">\n<td style=\"padding: 0cm 0cm 0cm 0cm; height: 22.5pt;\" colspan=\"9\">\n<p class=\"MsoNormal\" style=\"margin-bottom: 0cm; text-align: center; line-height: normal; mso-element: frame; mso-element-frame-hspace: 7.05pt; mso-element-wrap: around; mso-element-anchor-horizontal: margin; mso-element-top: -15.55pt; mso-height-rule: exactly;\" align=\"center\"><b><span style=\"font-size: 10.5pt; font-family: 'Helvetica',sans-serif; mso-fareast-font-family: 'Times New Roman'; color: #333333; mso-fareast-language: PT-BR;\">Torque do cabe\u00e7ote Corolla 1.8L 16v Gasolina<\/span><\/b><\/p>\n<\/td>\n<\/tr>\n<tr>\n<td style=\"padding: 0cm 0cm 0cm 0cm;\">\n<p class=\"MsoNormal\" style=\"margin-bottom: 0cm; line-height: normal; mso-element: frame; mso-element-frame-hspace: 7.05pt; mso-element-wrap: around; mso-element-anchor-horizontal: margin; mso-element-top: -15.55pt; mso-height-rule: exactly;\"><b><span style=\"font-size: 10.5pt; font-family: 'Helvetica',sans-serif; mso-fareast-font-family: 'Times New Roman'; color: #333333; mso-fareast-language: PT-BR;\">Tabela de Torque<\/span><\/b><\/p>\n<\/td>\n<td style=\"padding: 0cm 0cm 0cm 0cm;\">\n<p class=\"MsoNormal\" style=\"margin-bottom: 0cm; text-align: center; line-height: normal; mso-element: frame; mso-element-frame-hspace: 7.05pt; mso-element-wrap: around; mso-element-anchor-horizontal: margin; mso-element-top: -15.55pt; mso-height-rule: exactly;\" align=\"center\"><b><span style=\"font-size: 10.5pt; font-family: 'Helvetica',sans-serif; mso-fareast-font-family: 'Times New Roman'; color: #333333; mso-fareast-language: PT-BR;\">Nm<\/span><\/b><\/p>\n<\/td>\n<td style=\"padding: 0cm 0cm 0cm 0cm;\" colspan=\"7\">\n<p class=\"MsoNormal\" style=\"margin-bottom: 0cm; text-align: center; line-height: normal; mso-element: frame; mso-element-frame-hspace: 7.05pt; mso-element-wrap: around; mso-element-anchor-horizontal: margin; mso-element-top: -15.55pt; mso-height-rule: exactly;\" align=\"center\"><b><span style=\"font-size: 10.5pt; font-family: 'Helvetica',sans-serif; mso-fareast-font-family: 'Times New Roman'; color: #333333; mso-fareast-language: PT-BR;\">(+) Angular <\/span><\/b><b><span style=\"font-size: 10.5pt; font-family: 'Cambria Math',serif; mso-fareast-font-family: 'Times New Roman'; mso-bidi-font-family: 'Cambria Math'; color: #333333; mso-fareast-language: PT-BR;\">\u2220<\/span><\/b><\/p>\n<\/td>\n<\/tr>\n<tr>\n<td style=\"width: 90.45pt; padding: 0cm 0cm 0cm 0cm;\" width=\"121\">\n<p class=\"MsoNormal\" style=\"margin-bottom: 0cm; line-height: normal; mso-element: frame; mso-element-frame-hspace: 7.05pt; mso-element-wrap: around; mso-element-anchor-horizontal: margin; mso-element-top: -15.55pt; mso-height-rule: exactly;\"><span style=\"font-size: 10.5pt; font-family: 'Helvetica',sans-serif; mso-fareast-font-family: 'Times New Roman'; color: #333333; mso-fareast-language: PT-BR;\">Etapas<\/span><\/p>\n<\/td>\n<td style=\"width: 41.1pt; padding: 0cm 0cm 0cm 0cm;\" width=\"55\">\n<p class=\"MsoNormal\" style=\"margin-bottom: 0cm; text-align: center; line-height: normal; mso-element: frame; mso-element-frame-hspace: 7.05pt; mso-element-wrap: around; mso-element-anchor-horizontal: margin; mso-element-top: -15.55pt; mso-height-rule: exactly;\" align=\"center\"><span style=\"font-size: 10.5pt; font-family: 'Helvetica',sans-serif; mso-fareast-font-family: 'Times New Roman'; color: #333333; mso-fareast-language: PT-BR;\">1<\/span><\/p>\n<\/td>\n<td style=\"width: 39.25pt; padding: 0cm 0cm 0cm 0cm;\" width=\"52\">\n<p class=\"MsoNormal\" style=\"margin-bottom: 0cm; text-align: center; line-height: normal; mso-element: frame; mso-element-frame-hspace: 7.05pt; mso-element-wrap: around; mso-element-anchor-horizontal: margin; mso-element-top: -15.55pt; mso-height-rule: exactly;\" align=\"center\"><span style=\"font-size: 10.5pt; font-family: 'Helvetica',sans-serif; mso-fareast-font-family: 'Times New Roman'; color: #333333; mso-fareast-language: PT-BR;\">2<\/span><\/p>\n<\/td>\n<td style=\"width: 39.25pt; padding: 0cm 0cm 0cm 0cm;\" width=\"52\">\n<p class=\"MsoNormal\" style=\"margin-bottom: 0cm; text-align: center; line-height: normal; mso-element: frame; mso-element-frame-hspace: 7.05pt; mso-element-wrap: around; mso-element-anchor-horizontal: margin; mso-element-top: -15.55pt; mso-height-rule: exactly;\" align=\"center\"><span style=\"font-size: 10.5pt; font-family: 'Helvetica',sans-serif; mso-fareast-font-family: 'Times New Roman'; color: #333333; mso-fareast-language: PT-BR;\">3<\/span><\/p>\n<\/td>\n<td style=\"width: 40.8pt; padding: 0cm 0cm 0cm 0cm;\" width=\"54\">\n<p class=\"MsoNormal\" style=\"margin-bottom: 0cm; text-align: center; line-height: normal; mso-element: frame; mso-element-frame-hspace: 7.05pt; mso-element-wrap: around; mso-element-anchor-horizontal: margin; mso-element-top: -15.55pt; mso-height-rule: exactly;\" align=\"center\"><span style=\"font-size: 10.5pt; font-family: 'Helvetica',sans-serif; mso-fareast-font-family: 'Times New Roman'; color: #333333; mso-fareast-language: PT-BR;\">4<\/span><\/p>\n<\/td>\n<td style=\"width: 40.8pt; padding: 0cm 0cm 0cm 0cm;\" width=\"54\">\n<p class=\"MsoNormal\" style=\"margin-bottom: 0cm; text-align: center; line-height: normal; mso-element: frame; mso-element-frame-hspace: 7.05pt; mso-element-wrap: around; mso-element-anchor-horizontal: margin; mso-element-top: -15.55pt; mso-height-rule: exactly;\" align=\"center\"><span style=\"font-size: 10.5pt; font-family: 'Helvetica',sans-serif; mso-fareast-font-family: 'Times New Roman'; color: #333333; mso-fareast-language: PT-BR;\">5<\/span><\/p>\n<\/td>\n<td style=\"width: 40.8pt; padding: 0cm 0cm 0cm 0cm;\" width=\"54\">\n<p class=\"MsoNormal\" style=\"margin-bottom: 0cm; text-align: center; line-height: normal; mso-element: frame; mso-element-frame-hspace: 7.05pt; mso-element-wrap: around; mso-element-anchor-horizontal: margin; mso-element-top: -15.55pt; mso-height-rule: exactly;\" align=\"center\"><span style=\"font-size: 10.5pt; font-family: 'Helvetica',sans-serif; mso-fareast-font-family: 'Times New Roman'; color: #333333; mso-fareast-language: PT-BR;\">6<\/span><\/p>\n<\/td>\n<td style=\"width: 40.8pt; padding: 0cm 0cm 0cm 0cm;\" width=\"54\">\n<p class=\"MsoNormal\" style=\"margin-bottom: 0cm; text-align: center; line-height: normal; mso-element: frame; mso-element-frame-hspace: 7.05pt; mso-element-wrap: around; mso-element-anchor-horizontal: margin; mso-element-top: -15.55pt; mso-height-rule: exactly;\" align=\"center\"><span style=\"font-size: 10.5pt; font-family: 'Helvetica',sans-serif; mso-fareast-font-family: 'Times New Roman'; color: #333333; mso-fareast-language: PT-BR;\">7<\/span><\/p>\n<\/td>\n<td style=\"width: 39.25pt; padding: 0cm 0cm 0cm 0cm;\" width=\"52\">\n<p class=\"MsoNormal\" style=\"margin-bottom: 0cm; text-align: center; line-height: normal; mso-element: frame; mso-element-frame-hspace: 7.05pt; mso-element-wrap: around; mso-element-anchor-horizontal: margin; mso-element-top: -15.55pt; mso-height-rule: exactly;\" align=\"center\"><span style=\"font-size: 10.5pt; font-family: 'Helvetica',sans-serif; mso-fareast-font-family: 'Times New Roman'; color: #333333; mso-fareast-language: PT-BR;\">8<\/span><\/p>\n<\/td>\n<\/tr>\n<tr>\n<td style=\"padding: 0cm 0cm 0cm 0cm;\">\n<p class=\"MsoNormal\" style=\"margin-bottom: 0cm; line-height: normal; mso-element: frame; mso-element-frame-hspace: 7.05pt; mso-element-wrap: around; mso-element-anchor-horizontal: margin; mso-element-top: -15.55pt; mso-height-rule: exactly;\"><span style=\"font-size: 10.5pt; font-family: 'Helvetica',sans-serif; mso-fareast-font-family: 'Times New Roman'; color: #333333; mso-fareast-language: PT-BR;\">Parafusos<\/span><\/p>\n<\/td>\n<td style=\"padding: 0cm 0cm 0cm 0cm;\">\n<p class=\"MsoNormal\" style=\"margin-bottom: 0cm; text-align: center; line-height: normal; mso-element: frame; mso-element-frame-hspace: 7.05pt; mso-element-wrap: around; mso-element-anchor-horizontal: margin; mso-element-top: -15.55pt; mso-height-rule: exactly;\" align=\"center\"><span style=\"font-size: 10.5pt; font-family: 'Helvetica',sans-serif; mso-fareast-font-family: 'Times New Roman'; color: #333333; mso-fareast-language: PT-BR;\">29 Nm<\/span><\/p>\n<\/td>\n<td style=\"padding: 0cm 0cm 0cm 0cm;\">\n<p class=\"MsoNormal\" style=\"margin-bottom: 0cm; text-align: center; line-height: normal; mso-element: frame; mso-element-frame-hspace: 7.05pt; mso-element-wrap: around; mso-element-anchor-horizontal: margin; mso-element-top: -15.55pt; mso-height-rule: exactly;\" align=\"center\"><span style=\"font-size: 10.5pt; font-family: 'Helvetica',sans-serif; mso-fareast-font-family: 'Times New Roman'; color: #333333; mso-fareast-language: PT-BR;\">90\u00ba<\/span><\/p>\n<\/td>\n<td style=\"width: 39.25pt; padding: 0cm 0cm 0cm 0cm;\" width=\"52\">\n<p class=\"MsoNormal\" style=\"margin-bottom: 0cm; text-align: center; line-height: normal; mso-element: frame; mso-element-frame-hspace: 7.05pt; mso-element-wrap: around; mso-element-anchor-horizontal: margin; mso-element-top: -15.55pt; mso-height-rule: exactly;\" align=\"center\"><span style=\"font-size: 10.5pt; font-family: 'Helvetica',sans-serif; mso-fareast-font-family: 'Times New Roman'; color: #333333; mso-fareast-language: PT-BR;\">90\u00ba<\/span><\/p>\n<\/td>\n<td style=\"width: 40.8pt; padding: 0cm 0cm 0cm 0cm;\" width=\"54\"><\/td>\n<td style=\"width: 40.8pt; padding: 0cm 0cm 0cm 0cm;\" width=\"54\"><\/td>\n<td style=\"padding: 0cm 0cm 0cm 0cm;\"><\/td>\n<td style=\"padding: 0cm 0cm 0cm 0cm;\"><\/td>\n<td style=\"padding: 0cm 0cm 0cm 0cm;\"><\/td>\n<\/tr>\n<tr>\n<td style=\"padding: 0cm 0cm 0cm 0cm;\" colspan=\"9\">\n<p class=\"MsoNormal\" style=\"margin-bottom: 0cm; text-align: center; line-height: normal; mso-element: frame; mso-element-frame-hspace: 7.05pt; mso-element-wrap: around; mso-element-anchor-horizontal: margin; mso-element-top: -15.55pt; mso-height-rule: exactly;\" align=\"center\"><b><span style=\"font-size: 10.5pt; font-family: 'Helvetica',sans-serif; mso-fareast-font-family: 'Times New Roman'; color: #333333; mso-fareast-language: PT-BR;\">Sequ\u00eancia de Aperto<\/span><\/b><span style=\"font-size: 10.5pt; font-family: 'Helvetica',sans-serif; mso-fareast-font-family: 'Times New Roman'; color: #333333; mso-fareast-language: PT-BR;\"><br \/>\n<!-- [if !supportLineBreakNewLine]--><br \/>\n<!--[endif]--><\/span><\/p>\n<p class=\"MsoNormal\" style=\"margin-bottom: 0cm; text-align: center; line-height: normal; mso-element: frame; mso-element-frame-hspace: 7.05pt; mso-element-wrap: around; mso-element-anchor-horizontal: margin; mso-element-top: -15.55pt; mso-height-rule: exactly;\" align=\"center\"><span style=\"font-size: 10.5pt; font-family: 'Helvetica',sans-serif; mso-fareast-font-family: 'Times New Roman'; color: #333333; mso-fareast-language: PT-BR; mso-no-proof: yes;\">\u00a0<\/span><img decoding=\"async\" style=\"width: 266px;\" src=\"https:\/\/q3autoimports.com.br\/wp-content\/uploads\/2018\/07\/torque-do-cabecote-corolla-novo.png\" \/><\/p>\n<p class=\"MsoNormal\" style=\"margin-bottom: 0cm; text-align: center; line-height: normal; mso-element: frame; mso-element-frame-hspace: 7.05pt; mso-element-wrap: around; mso-element-anchor-horizontal: margin; mso-element-top: -15.55pt; mso-height-rule: exactly;\" align=\"center\"><span style=\"font-size: 10.5pt; font-family: 'Helvetica',sans-serif; mso-fareast-font-family: 'Times New Roman'; color: #333333; mso-fareast-language: PT-BR; mso-no-proof: yes;\">\u00a0<\/span><span style=\"color: #333333; font-family: Helvetica, sans-serif; font-size: 10.5pt;\">\u00a0<\/span><\/p>\n<\/td>\n<\/tr>\n<tr>\n<td style=\"padding: 0cm 0cm 0cm 0cm;\" colspan=\"2\">\n<p class=\"MsoNormal\" style=\"margin-bottom: 0cm; line-height: normal; mso-element: frame; mso-element-frame-hspace: 7.05pt; mso-element-wrap: around; mso-element-anchor-horizontal: margin; mso-element-top: -15.55pt; mso-height-rule: exactly;\"><span style=\"font-size: 10.5pt; font-family: 'Helvetica',sans-serif; mso-fareast-font-family: 'Times New Roman'; color: #333333; mso-fareast-language: PT-BR;\">Altura m\u00ednima do cabe\u00e7ote<\/span><\/p>\n<\/td>\n<td style=\"padding: 0cm 0cm 0cm 0cm;\" colspan=\"2\"><\/td>\n<td style=\"padding: 0cm 0cm 0cm 0cm;\" colspan=\"4\">\n<p class=\"MsoNormal\" style=\"margin-bottom: 0cm; line-height: normal; mso-element: frame; mso-element-frame-hspace: 7.05pt; mso-element-wrap: around; mso-element-anchor-horizontal: margin; mso-element-top: -15.55pt; mso-height-rule: exactly;\"><span style=\"font-size: 10.5pt; font-family: 'Helvetica',sans-serif; mso-fareast-font-family: 'Times New Roman'; color: #333333; mso-fareast-language: PT-BR;\">Altura Padr\u00e3o (STD) do cabe\u00e7ote<\/span><\/p>\n<\/td>\n<td style=\"padding: 0cm 0cm 0cm 0cm;\"><\/td>\n<\/tr>\n<\/tbody>\n<\/table>\n<\/div>\n<div><span style=\"color: inherit;\">\u00a0<\/span><\/div>\n<div><\/div>\n<p>&nbsp;<\/p>\n<div style=\"text-align: justify;\"><span style=\"font-family: Verdana; color: inherit;\">\u00a0<\/span><\/div>\n<div style=\"text-align: justify;\"><span style=\"font-family: Verdana; color: inherit;\">\u00a0<\/span><\/div>\n<div style=\"text-align: justify;\"><span style=\"font-family: Verdana; color: inherit;\">\u00a0<\/span><\/div>\n<div style=\"text-align: justify;\"><span style=\"font-family: Verdana; color: inherit;\">\u00a0<\/span><\/div>\n<div style=\"text-align: justify;\"><span style=\"font-family: Verdana; color: inherit;\">\u00a0<\/span><\/div>\n<div style=\"text-align: justify;\"><span style=\"font-family: Verdana; color: inherit;\">\u00a0<\/span><\/div>\n<div style=\"text-align: justify;\"><span style=\"font-family: Verdana; color: inherit;\">\u00a0<\/span><\/div>\n<div style=\"text-align: justify;\"><span style=\"font-family: Verdana; color: inherit;\">\u00a0<\/span><\/div>\n<div style=\"text-align: justify;\"><span style=\"font-family: Verdana; color: inherit;\">\u00a0<\/span><\/div>\n<div style=\"text-align: justify;\"><span style=\"font-family: Verdana; color: inherit;\">\u00a0<\/span><\/div>\n<div style=\"text-align: justify;\"><span style=\"font-family: Verdana; color: inherit;\">\u00a0<\/span><\/div>\n<div style=\"text-align: justify;\"><span style=\"font-family: Verdana; color: inherit;\">\u00a0<\/span><\/div>\n<div style=\"text-align: justify;\"><span style=\"font-family: Verdana; color: inherit;\">\u00a0<\/span><\/div>\n<div style=\"text-align: justify;\"><span style=\"font-family: Verdana; color: inherit;\">\u00a0<\/span><\/div>\n<div style=\"text-align: justify;\"><span style=\"font-family: Verdana; color: inherit;\">\u00a0<\/span><\/div>\n<div style=\"text-align: justify;\"><span style=\"font-family: Verdana; color: inherit;\">\u00a0<\/span><\/div>\n<div style=\"text-align: justify;\"><span style=\"font-family: Verdana; color: inherit;\">Na Q3 voc\u00ea encontra o melhor cabe\u00e7ote\u00a0Toyota Corolla 1.8 16V! Somos uma das marcas refer\u00eancia no mercado automobil\u00edstico sendo especializada na venda de cabe\u00e7otes novos. Se voc\u00ea est\u00e1 \u00e0 procura do cabe\u00e7ote\u00a0do Toyota Corolla 1.8 16V, ent\u00e3o encontrou o lugar certo. Acompanhe a seguir todas as informa\u00e7\u00f5es deste produto. Em caso de d\u00favidas, entre em contato com a nossa equipe. Atendemos propriet\u00e1rios de ve\u00edculos e mec\u00e2nicas.<\/span><\/div>\n<p>&nbsp;<\/p>\n<div style=\"text-align: justify;\"><span style=\"color: inherit;\">\u00a0<\/span><\/div>\n<div style=\"text-align: justify;\"><span style=\"color: inherit;\"><b>Acompanha pe\u00e7as para montagem:<\/b> n\u00e3o<\/span><\/div>\n<div style=\"text-align: justify;\"><span style=\"color: inherit;\"><b>Prazo de devolu\u00e7\u00e3o:<\/b> 7 dias<\/span><\/div>\n<div style=\"text-align: justify;\"><span style=\"color: inherit;\"><b>Local de envio:<\/b> Enviamos para todo o Brasil<\/span><\/div>\n<div style=\"text-align: justify;\"><span style=\"color: inherit;\"><b>Forma de envio:<\/b> via Correios (Sedex ou PAC), transporte a\u00e9reo e\/ou transportadora, dependendo da sua necessidade de agilidade na entrega. Para as regi\u00f5es de at\u00e9 200 km de S\u00e3o Paulo enviamos por motoboy.<\/span><\/div>\n<div style=\"text-align: justify;\"><span style=\"color: inherit;\"><b>Garantia:<\/b>\u00a03 meses<\/span><\/div>\n<div style=\"text-align: justify;\"><span style=\"color: inherit;\">\u00a0<\/span><\/div>\n<div style=\"text-align: justify;\"><span style=\"color: inherit;\"><b>Observa\u00e7\u00f5es Gerais:<\/b><\/span><\/div>\n<div style=\"text-align: justify;\"><span style=\"color: inherit;\">Para realizar a montagem, ser\u00e1 necess\u00e1ria a compra de pe\u00e7as novas ou utiliza\u00e7\u00e3o de pe\u00e7as que j\u00e1 possua.<\/span><\/div>\n<div style=\"text-align: justify;\"><span style=\"color: inherit;\">N\u00e3o trocaremos pe\u00e7as que foram retificadas ou danificadas, portanto verifique o produto antes de mont\u00e1-lo.\u00a0 \u00a0 \u00a0 \u00a0 \u00a0<\/span><\/div>\n<div style=\"text-align: justify;\"><span style=\"color: inherit;\">Consulte-nos caso tenha alguma d\u00favida quanto ao frete.<\/span><\/div>\n<div style=\"text-align: justify;\"><span style=\"color: inherit;\">\u00a0<\/span><\/div>\n<div style=\"text-align: justify;\"><span style=\"color: inherit;\">Essa \u00e9 a sua grande oportunidade para comprar o melhor cabe\u00e7ote\u00a0Toyota Corolla 1.8 16V\u00a0do mercado. Se necessita de mais op\u00e7\u00f5es de pe\u00e7as, ent\u00e3o consulte toda a nossa linha de cabe\u00e7otes para carros <a href=\"https:\/\/q3autoimports.com.br\/toyota-cabecotes-novos\" target=\"_blank\" rel=\"noopener\">Toyota<\/a>, entre outros modelos da fabricante. Aproveite!<\/span><\/div>\n<p>&nbsp;<\/p>\n","protected":false},"excerpt":{"rendered":"<p>Sale of Toyota Corolla 1.8 16V 1zz Engine Cylinder Head - Only for Flex engines. The Toyota Corolla 1.8 cylinder head<\/p>","protected":false},"featured_media":11009,"comment_status":"open","ping_status":"closed","template":"","meta":[],"product_cat":[129],"product_tag":[271,199,193,270,200,269],"class_list":["post-7366","product","type-product","status-publish","has-post-thumbnail","hentry","product_cat-toyota-cabecotes-novos","product_tag-1-8","product_tag-16v","product_tag-cabecote","product_tag-corolla","product_tag-novo","product_tag-toyota"],"_links":{"self":[{"href":"https:\/\/q3autoimports.com.br\/en\/wp-json\/wp\/v2\/product\/7366","targetHints":{"allow":["GET"]}}],"collection":[{"href":"https:\/\/q3autoimports.com.br\/en\/wp-json\/wp\/v2\/product"}],"about":[{"href":"https:\/\/q3autoimports.com.br\/en\/wp-json\/wp\/v2\/types\/product"}],"replies":[{"embeddable":true,"href":"https:\/\/q3autoimports.com.br\/en\/wp-json\/wp\/v2\/comments?post=7366"}],"wp:featuredmedia":[{"embeddable":true,"href":"https:\/\/q3autoimports.com.br\/en\/wp-json\/wp\/v2\/media\/11009"}],"wp:attachment":[{"href":"https:\/\/q3autoimports.com.br\/en\/wp-json\/wp\/v2\/media?parent=7366"}],"wp:term":[{"taxonomy":"product_cat","embeddable":true,"href":"https:\/\/q3autoimports.com.br\/en\/wp-json\/wp\/v2\/product_cat?post=7366"},{"taxonomy":"product_tag","embeddable":true,"href":"https:\/\/q3autoimports.com.br\/en\/wp-json\/wp\/v2\/product_tag?post=7366"}],"curies":[{"name":"wp","href":"https:\/\/api.w.org\/{rel}","templated":true}]}}