{"id":7377,"date":"2020-01-30T18:24:44","date_gmt":"2020-01-30T18:24:44","guid":{"rendered":"https:\/\/q3autoimports.com.br\/produto\/cabecote-chevrolet-gm-corsa-1-8-8v-roletado-flex-de-2006-a-2010-original-novo-93376337\/"},"modified":"2024-09-09T13:17:25","modified_gmt":"2024-09-09T13:17:25","slug":"chevrolet-gm-corsa-1-8-8v-roulette-flex-head-from-2006-to-2010-new-original-93376337","status":"publish","type":"product","link":"https:\/\/q3autoimports.com.br\/en\/chevrolet-gm-corsa-1-8-8v-roulette-flex-head-from-2006-to-2010-new-original-93376337\/","title":{"rendered":"Chevrolet-Gm Corsa 1.8 8v Flex cylinder head from 2006 to 2010 original NEW (93376337)"},"content":{"rendered":"<p class=\"MsoNormal\"><span style=\"font-family: Verdana;\"><b>Venda de\u00a0Cabe\u00e7ote Chevrolet Corsa 1.8 8v Roletado Flex Original<\/b><\/span><\/p>\n<p class=\"MsoNormal\"><span style=\"font-family: Verdana;\"><b>\u00a0<\/b><\/span><\/p>\n<p class=\"MsoNormal\"><span style=\"font-family: Verdana;\">O <b>cabe\u00e7ote do Chevrolet Corsa 1.8 8 v\u00e1lvulas Roletado Flex Original<\/b>, serve nos modelos a partir do ano de 2006 at\u00e9 o ano de 2012. O cabe\u00e7ote possui altura original standard de <b>96,00 mm<\/b>. Esse produto \u00e9 novo e aplica-se nos ve\u00edculos <b>Corsa, Montada, Meriva, Cobalt e Spin<\/b> da montadora Chevrolet. Produto de alta qualidade e durabilidade, proporcionando mais seguran\u00e7a para voc\u00ea e seu ve\u00edculo.<\/span><\/p>\n<p class=\"MsoNormal\">\n<p class=\"MsoNormal\"><span style=\"color: #333333; text-align: justify; font-weight: bold; font-family: Verdana;\">Especifica\u00e7\u00e3o do\u00a0<\/span><span style=\"color: #333333; text-align: justify; font-weight: bold; font-family: Verdana;\">Cabe\u00e7ote GM Corsa 1.8 8V Flex<\/span><\/p>\n<p class=\"MsoNormal\"><span style=\"font-family: Verdana;\"><b>Marca:<\/b> Original GM<br \/>\n<b> Montadora:<\/b> Chevrolet<br \/>\n<b> Motor:\u00a0<\/b><\/span><span style=\"color: #333333; font-family: RobotoLight; font-size: 14px; text-align: justify;\">C18NE Flexpower<\/span><span style=\"font-family: Verdana;\"><br \/>\n<b> Combust\u00edvel:<\/b> \u00a0Flex<br \/>\n<b> Ano:<\/b> 2006 a 2012<br \/>\n<b> Altura Std Corsa:<\/b> 96,00 mm \/ m\u00ednima 95,00 mm<br \/>\n<b> N\u00famero da pe\u00e7a:<\/b> 93376337<\/span><\/p>\n<p class=\"MsoNormal\">\n<p class=\"MsoNormal\"><span style=\"color: #333333; font-family: Verdana; text-align: justify; font-weight: bold;\">Para quais motores servem o cabe\u00e7ote\u00a0<\/span><span style=\"color: #333333; font-family: inherit; text-align: justify; font-weight: bold;\">GM Corsa 1.8 8V<\/span><\/p>\n<p class=\"MsoNormal\">\n<ul>\n<li><span style=\"font-family: Verdana;\">Cabe\u00e7ote Chevrolet Corsa Novo 1.8 8v Flex ano 2006-2007-2008-2009-2010-2011-2012<\/span><\/li>\n<\/ul>\n<ul>\n<li><span style=\"font-family: Verdana;\">Cabe\u00e7ote Chevrolet Montana 1.8 8v Flex ano 2006-2007-2008-2009-2010<\/span><\/li>\n<\/ul>\n<ul>\n<li><span style=\"font-family: Verdana;\">Cabe\u00e7ote Chevrolet Meriva 1.8 8v Flex ano 2006-2007-2008-2009-2010-2011-2012<\/span><\/li>\n<\/ul>\n<ul>\n<li><span style=\"font-family: Verdana;\">Cabe\u00e7ote Chevrolet Cobalt 1.8 8v Flex ano 2013-2014-2015-2016-2017-2018-2019<\/span><\/li>\n<\/ul>\n<ul>\n<li><span style=\"font-family: Verdana;\">Cabe\u00e7ote Chevrolet Spin 1.8 8v Flex ano 2013-2014-2015-2016-2017-2018-2019<\/span><\/li>\n<\/ul>\n<p class=\"MsoNormal\"><span style=\"font-family: Verdana;\">\u00a0<\/span><\/p>\n<div style=\"text-align: justify;\"><span style=\"font-family: Verdana; color: inherit;\"><span style=\"font-weight: bold;\">Tabela de torque do cabe\u00e7ote GM Corsa 1.8 8V\u00a0<\/span><\/span><\/div>\n<p>&nbsp;<\/p>\n<div style=\"text-align: justify;\">\n<p>&nbsp;<\/p>\n<table class=\"MsoNormalTable\" style=\"background: white; width: 412.5pt; margin-left: -0.4pt;\" border=\"1\" width=\"550\" cellspacing=\"0\" cellpadding=\"0\">\n<tbody>\n<tr style=\"height: 22.5pt;\">\n<td style=\"padding: 0cm; height: 22.5pt;\" colspan=\"9\">\n<p class=\"MsoNormal\" style=\"margin-bottom: 0cm; font-size: 1em; text-align: center; line-height: normal;\" align=\"center\"><span style=\"font-size: 10.5pt; font-family: Helvetica, sans-serif;\">Torque do cabe\u00e7ote GM 1.8 8V<\/span><\/p>\n<\/td>\n<\/tr>\n<tr>\n<td style=\"padding: 0cm; width: 99.25pt;\" width=\"132\">\n<p class=\"MsoNormal\" style=\"margin-bottom: 0cm; font-size: 1em; line-height: normal;\"><span style=\"font-weight: bold;\"><span style=\"font-size: 10.5pt; font-family: Helvetica, sans-serif;\">Tabela de Torque<\/span><\/span><\/p>\n<\/td>\n<td style=\"padding: 0cm; width: 26.1pt;\" width=\"35\">\n<p class=\"MsoNormal\" style=\"margin-bottom: 0cm; font-size: 1em; text-align: center; line-height: normal;\" align=\"center\"><span style=\"font-weight: bold;\"><span style=\"font-size: 10.5pt; font-family: Helvetica, sans-serif;\">Nm<\/span><\/span><\/p>\n<\/td>\n<td style=\"padding: 0cm;\" colspan=\"7\">\n<p class=\"MsoNormal\" style=\"margin-bottom: 0cm; font-size: 1em; text-align: center; line-height: normal;\" align=\"center\"><span style=\"font-weight: bold;\"><span style=\"font-size: 10.5pt; font-family: Helvetica, sans-serif;\">(+) Angular\u00a0<\/span><\/span><span style=\"font-weight: bold;\"><span style=\"font-size: 10.5pt; font-family: 'Cambria Math', serif;\">\u2220<\/span><\/span><\/p>\n<\/td>\n<\/tr>\n<tr>\n<td style=\"padding: 0cm; width: 99.25pt;\" width=\"132\">\n<p class=\"MsoNormal\" style=\"margin-bottom: 0cm; font-size: 1em; line-height: normal;\"><span style=\"font-size: 10.5pt; font-family: Helvetica, sans-serif;\">Etapas<\/span><\/p>\n<\/td>\n<td style=\"padding: 0cm; width: 26.1pt;\" width=\"35\">\n<p class=\"MsoNormal\" style=\"margin-bottom: 0cm; font-size: 1em; text-align: center; line-height: normal;\" align=\"center\"><span style=\"font-size: 10.5pt; font-family: Helvetica, sans-serif;\">1<\/span><\/p>\n<\/td>\n<td style=\"padding: 0cm; width: 37.15pt;\" width=\"50\">\n<p class=\"MsoNormal\" style=\"margin-bottom: 0cm; font-size: 1em; text-align: center; line-height: normal;\" align=\"center\"><span style=\"font-size: 10.5pt; font-family: Helvetica, sans-serif;\">2<\/span><\/p>\n<\/td>\n<td style=\"padding: 0cm; width: 37.1pt;\" width=\"49\">\n<p class=\"MsoNormal\" style=\"margin-bottom: 0cm; font-size: 1em; text-align: center; line-height: normal;\" align=\"center\"><span style=\"font-size: 10.5pt; font-family: Helvetica, sans-serif;\">3<\/span><\/p>\n<\/td>\n<td style=\"padding: 0cm; width: 60.4pt;\" width=\"81\">\n<p class=\"MsoNormal\" style=\"margin-bottom: 0cm; font-size: 1em; text-align: center; line-height: normal;\" align=\"center\"><span style=\"font-size: 10.5pt; font-family: Helvetica, sans-serif;\">4<\/span><\/p>\n<\/td>\n<td style=\"padding: 0cm; width: 41.95pt;\" width=\"56\">\n<p class=\"MsoNormal\" style=\"margin-bottom: 0cm; font-size: 1em; text-align: center; line-height: normal;\" align=\"center\"><span style=\"font-size: 10.5pt; font-family: Helvetica, sans-serif;\">5<\/span><\/p>\n<\/td>\n<td style=\"padding: 0cm; width: 36.85pt;\" width=\"49\">\n<p class=\"MsoNormal\" style=\"margin-bottom: 0cm; font-size: 1em; text-align: center; line-height: normal;\" align=\"center\"><span style=\"font-size: 10.5pt; font-family: Helvetica, sans-serif;\">6<\/span><\/p>\n<\/td>\n<td style=\"padding: 0cm; width: 36.85pt;\" width=\"49\">\n<p class=\"MsoNormal\" style=\"margin-bottom: 0cm; font-size: 1em; text-align: center; line-height: normal;\" align=\"center\"><span style=\"font-size: 10.5pt; font-family: Helvetica, sans-serif;\">7<\/span><\/p>\n<\/td>\n<td style=\"padding: 0cm; width: 36.85pt;\" width=\"49\">\n<p class=\"MsoNormal\" style=\"margin-bottom: 0cm; font-size: 1em; text-align: center; line-height: normal;\" align=\"center\"><span style=\"font-size: 10.5pt; font-family: Helvetica, sans-serif;\">8<\/span><\/p>\n<\/td>\n<\/tr>\n<tr>\n<td style=\"padding: 0cm; width: 99.25pt;\" width=\"132\">\n<p class=\"MsoNormal\" style=\"margin-bottom: 0cm; font-size: 1em; line-height: normal;\"><span style=\"font-size: 10.5pt; font-family: Helvetica, sans-serif;\">Parafusos<\/span><\/p>\n<\/td>\n<td style=\"padding: 0cm; width: 26.1pt;\" width=\"35\">\n<p class=\"MsoNormal\" style=\"margin-bottom: 0cm; font-size: 1em; text-align: center; line-height: normal;\" align=\"center\"><span style=\"font-size: 10.5pt; font-family: Helvetica, sans-serif;\">25 Nm<\/span><\/p>\n<\/td>\n<td style=\"padding: 0cm;\">\n<p class=\"MsoNormal\" style=\"margin-bottom: 0cm; font-size: 1em; text-align: center; line-height: normal;\" align=\"center\"><span style=\"font-size: 10.5pt; font-family: Helvetica, sans-serif;\">90\u00ba<\/span><\/p>\n<\/td>\n<td style=\"padding: 0cm;\">\n<p class=\"MsoNormal\" style=\"margin-bottom: 0cm; font-size: 1em; text-align: center; line-height: normal;\" align=\"center\"><span style=\"font-size: 10.5pt; font-family: Helvetica, sans-serif;\">90\u00ba<\/span><\/p>\n<\/td>\n<td style=\"padding: 0cm;\">\n<p class=\"MsoNormal\" style=\"margin-bottom: 0cm; font-size: 1em; text-align: center; line-height: normal;\" align=\"center\"><span style=\"font-size: 10.5pt; font-family: Helvetica, sans-serif;\">10\u00ba\/90\u00ba(16V)<\/span><\/p>\n<\/td>\n<td style=\"padding: 0cm;\">\n<p class=\"MsoNormal\" style=\"margin-bottom: 0cm; font-size: 1em; text-align: center; line-height: normal;\" align=\"center\"><span style=\"font-size: 10.5pt; font-family: Helvetica, sans-serif;\">45\u00ba(16V)<\/span><\/p>\n<\/td>\n<td style=\"padding: 0cm;\"><\/td>\n<td style=\"padding: 0cm;\"><\/td>\n<td style=\"padding: 0cm;\"><\/td>\n<\/tr>\n<tr>\n<td style=\"padding: 0cm;\" colspan=\"9\">\n<p class=\"MsoNormal\" style=\"margin-bottom: 0cm; font-size: 1em; text-align: center; line-height: normal;\" align=\"center\"><span style=\"font-weight: bold;\"><span style=\"font-size: 10.5pt; font-family: Helvetica, sans-serif;\">Sequ\u00eancia de Aperto do cabe\u00e7ote GM 1.8<\/span><\/span><\/p>\n<p class=\"MsoNormal\" style=\"margin-bottom: 0cm; font-size: 1em; text-align: center; line-height: normal;\" align=\"center\"><span style=\"font-weight: bold;\"><span style=\"font-size: 10.5pt; font-family: Helvetica, sans-serif;\">\u00a0<\/span><\/span><\/p>\n<p class=\"MsoNormal\" style=\"margin-bottom: 0cm; font-size: 1em; text-align: center; line-height: normal;\" align=\"center\"><img decoding=\"async\" style=\"width: 282px;\" src=\"https:\/\/q3autoimports.com.br\/image\/catalog\/logo\/torques\/torque-do-cabecote-gm1.4.png\" \/><span style=\"font-size: 10.5pt; font-family: Helvetica, sans-serif;\">\u00a0<\/span><\/p>\n<p class=\"MsoNormal\" style=\"margin-bottom: 0cm; font-size: 1em; text-align: center; line-height: normal;\" align=\"center\">\n<\/td>\n<\/tr>\n<tr>\n<td style=\"padding: 0cm;\" colspan=\"2\">\n<p class=\"MsoNormal\" style=\"margin-bottom: 0cm; font-size: 1em; line-height: normal;\"><span style=\"font-size: 10.5pt; font-family: Helvetica, sans-serif;\">Altura m\u00ednima do cabe\u00e7ote<\/span><\/p>\n<\/td>\n<td style=\"padding: 0cm;\" colspan=\"2\">\n<p class=\"MsoNormal\" style=\"margin-bottom: 0cm; font-size: 1em; line-height: normal;\"><span style=\"font-size: 10.5pt; font-family: Helvetica, sans-serif;\">N\u00e3o Retificar<\/span><\/p>\n<\/td>\n<td style=\"padding: 0cm;\" colspan=\"4\">\n<p class=\"MsoNormal\" style=\"margin-bottom: 0cm; font-size: 1em; line-height: normal;\"><span style=\"font-size: 10.5pt; font-family: Helvetica, sans-serif;\">Altura Padr\u00e3o (STD) do cabe\u00e7ote<\/span><\/p>\n<\/td>\n<td style=\"padding: 0cm;\"><\/td>\n<\/tr>\n<\/tbody>\n<\/table>\n<\/div>\n<p>&nbsp;<\/p>\n<p class=\"MsoNormal\"><span style=\"font-family: Verdana;\"><br \/>\n<!-- [if !supportLineBreakNewLine]--><br \/>\n<!--[endif]--><\/span><\/p>\n<p class=\"MsoNormal\"><span style=\"font-family: Verdana;\">Encontre aqui o melhor <b>cabe\u00e7ote da Chevrolet Corsa 1.8 8 v\u00e1lvulas Roletado Flex Original<\/b>! A Q3 \u00e9 uma das marcas mais relevantes do mercado quando se trata de cabe\u00e7otes novos. Se voc\u00ea est\u00e1 \u00e0 procura do<b> cabe\u00e7ote Chevrolet Corsa 1.8 8 v\u00e1lvulas Roletado Flex Original<\/b>, ent\u00e3o est\u00e1 no lugar certo. Em caso de d\u00favidas, entre em contato com a nossa equipe. Atendemos propriet\u00e1rios de ve\u00edculos e mec\u00e2nicas.<\/span><\/p>\n<p class=\"MsoNormal\">\n<p class=\"MsoNormal\"><span style=\"font-family: Verdana;\"><b>Acompanha pe\u00e7as para montagem:<\/b> n\u00e3o<\/span><\/p>\n<p class=\"MsoNormal\"><span style=\"font-family: Verdana;\"><b>Prazo de devolu\u00e7\u00e3o:<\/b> 7 dias<\/span><\/p>\n<p class=\"MsoNormal\"><span style=\"font-family: Verdana;\"><b>Local de envio: <\/b>enviamos para todo o Brasil<\/span><\/p>\n<p class=\"MsoNormal\"><span style=\"font-family: Verdana;\"><b>Forma de envio: <\/b>via Correios (Sedex ou PAC), transporte a\u00e9reo e\/ou transportadora, dependendo da sua necessidade de agilidade na entrega. Para as regi\u00f5es de at\u00e9 200 km de S\u00e3o Paulo enviamos por motoboy.<\/span><\/p>\n<p class=\"MsoNormal\"><span style=\"font-family: Verdana;\"><b>Garantia:<\/b>\u00a03 meses<\/span><\/p>\n<p class=\"MsoNormal\">\n<p class=\"MsoNormal\"><span style=\"font-family: Verdana;\"><b>Observa\u00e7\u00f5es Gerais:<\/b><\/span><\/p>\n<p class=\"MsoNormal\"><span style=\"font-family: Verdana;\">Para realizar a montagem, ser\u00e1 necess\u00e1ria a compra de pe\u00e7as novas ou utiliza\u00e7\u00e3o de pe\u00e7as que j\u00e1 possua.<\/span><\/p>\n<p class=\"MsoNormal\"><span style=\"font-family: Verdana;\">N\u00e3o trocaremos pe\u00e7as que foram retificadas ou danificadas, portanto verifique o produto antes de mont\u00e1-lo.<\/span><\/p>\n<p class=\"MsoNormal\"><span style=\"font-family: Verdana;\">Consulte-nos caso tenha alguma d\u00favida quanto ao frete.<\/span><\/p>\n<p class=\"MsoNormal\">\n<p class=\"MsoNormal\"><span style=\"font-family: Verdana;\">Essa \u00e9 a sua grande oportunidade para comprar o melhor\u00a0<b>cabe\u00e7ote Chevrolet Corsa 1.8 8 v\u00e1lvulas Roletado Flex Original <\/b>do mercado. Se necessita de mais op\u00e7\u00f5es de pe\u00e7as, ent\u00e3o consulte toda a nossa linha de cabe\u00e7otes<a href=\"https:\/\/q3autoimports.com.br\/chevrolet-cabecotes-novos\" target=\"_blank\" rel=\"noopener\"> Chevrolet<\/a>, entre outros modelos da fabricante. Aproveite!<\/span><\/p>\n","protected":false},"excerpt":{"rendered":"<p>Sale of Chevrolet Corsa 1.8 8v Roller Flex Original Cylinder Head The Chevrolet Corsa 1.8 8 valves Roller Flex cylinder head<\/p>","protected":false},"featured_media":10946,"comment_status":"open","ping_status":"closed","template":"","meta":[],"product_cat":[125,182],"product_tag":[687],"class_list":["post-7377","product","type-product","status-publish","has-post-thumbnail","hentry","product_cat-chevrolet-cabecotes-novos","product_cat-cabecotes-novos","product_tag-cabecote-chevrolet-gm-corsa-1-8-8v-roletado-flex-de-2006-a-2010-original-novo-93376337"],"_links":{"self":[{"href":"https:\/\/q3autoimports.com.br\/en\/wp-json\/wp\/v2\/product\/7377","targetHints":{"allow":["GET"]}}],"collection":[{"href":"https:\/\/q3autoimports.com.br\/en\/wp-json\/wp\/v2\/product"}],"about":[{"href":"https:\/\/q3autoimports.com.br\/en\/wp-json\/wp\/v2\/types\/product"}],"replies":[{"embeddable":true,"href":"https:\/\/q3autoimports.com.br\/en\/wp-json\/wp\/v2\/comments?post=7377"}],"wp:featuredmedia":[{"embeddable":true,"href":"https:\/\/q3autoimports.com.br\/en\/wp-json\/wp\/v2\/media\/10946"}],"wp:attachment":[{"href":"https:\/\/q3autoimports.com.br\/en\/wp-json\/wp\/v2\/media?parent=7377"}],"wp:term":[{"taxonomy":"product_cat","embeddable":true,"href":"https:\/\/q3autoimports.com.br\/en\/wp-json\/wp\/v2\/product_cat?post=7377"},{"taxonomy":"product_tag","embeddable":true,"href":"https:\/\/q3autoimports.com.br\/en\/wp-json\/wp\/v2\/product_tag?post=7377"}],"curies":[{"name":"wp","href":"https:\/\/api.w.org\/{rel}","templated":true}]}}