{"id":7381,"date":"2020-03-12T13:30:45","date_gmt":"2020-03-12T13:30:45","guid":{"rendered":"https:\/\/q3autoimports.com.br\/produto\/cabecote-chevrolet-astra-2-0-2-2-e-2-4-16v-1998-ate-2005-novo\/"},"modified":"2024-09-09T13:17:23","modified_gmt":"2024-09-09T13:17:23","slug":"head-chevrolet-astra-2-0-2-2-and-2-4-16v-1998-to-2005-new","status":"publish","type":"product","link":"https:\/\/q3autoimports.com.br\/en\/head-chevrolet-astra-2-0-2-2-and-2-4-16v-1998-to-2005-new\/","title":{"rendered":"Chevrolet Astra 2.0 2.2 and 2.4 16V Cylinder Head 1998 to 2005 New"},"content":{"rendered":"<p class=\"MsoNormal\"><span style=\"font-family: Verdana;\"><b>Venda de Cabe\u00e7ote Chevrolet Astra 2.0, 2.2 e 2.4 16 v\u00e1lvulas.<\/b><\/span><\/p>\n<p class=\"MsoNormal\"><span style=\"font-family: Verdana;\">O cabe\u00e7ote da Chevrolet Astra 2.0 16 v\u00e1lvulas, serve nos modelos a partir do ano de 1998 at\u00e9 o ano de 2005. O cabe\u00e7ote possui altura original standard de\u00a0134,00mm. Esse produto \u00e9 novo e aplica-se nos Vectra, Astra e Zafira da montadora Chevrolet. Produto de alta qualidade e durabilidade, proporcionando mais seguran\u00e7a para voc\u00ea e seu ve\u00edculo.<\/span><\/p>\n<p class=\"MsoNormal\"><span style=\"font-family: Verdana;\">\u00a0<\/span><\/p>\n<p class=\"MsoNormal\" style=\"margin: 7.5pt 0cm; font-size: 1em; line-height: normal;\"><span style=\"font-weight: bold;\"><span style=\"font-size: 11.5pt; font-family: Verdana, sans-serif;\">Tabela de altura Cabe\u00e7ote Chevrolet Astra 16V<\/span><\/span><\/p>\n<table class=\"MsoTable15Plain1\" style=\"width: 311.6pt; border: none;\" border=\"1\" width=\"415\" cellspacing=\"0\" cellpadding=\"0\">\n<tbody>\n<tr style=\"height: 27.35pt;\">\n<td style=\"padding: 0cm 5.4pt; width: 311.6pt; border: 1pt solid #bfbfbf; height: 27.35pt;\" colspan=\"3\" valign=\"top\" width=\"415\">\n<p class=\"MsoNormal\" style=\"margin-bottom: 0cm; font-size: 1em; text-align: center; line-height: normal;\" align=\"center\"><span style=\"font-weight: bold;\"><span style=\"font-size: 12pt; font-family: 'Times New Roman', serif;\">Altura do cabe\u00e7ote GM\u00a0 Astra 2.0 e 2.2 e 2.4 16V<\/span><\/span><\/p>\n<p class=\"MsoNormal\" style=\"margin-bottom: 0cm; font-size: 1em; line-height: normal;\"><span style=\"font-size: 12pt; font-family: 'Times New Roman', serif;\">\u00a0<\/span><\/p>\n<\/td>\n<\/tr>\n<tr style=\"height: 33.65pt;\">\n<td style=\"padding: 0cm 5.4pt; border-right: 1pt solid #bfbfbf; border-bottom: 1pt solid #bfbfbf; border-left: 1pt solid #bfbfbf; border-image: initial; border-top: none; background: #f2f2f2; height: 33.65pt;\" valign=\"top\">\n<p class=\"MsoNormal\" style=\"margin-bottom: 0cm; font-size: 1em; line-height: normal;\"><span style=\"font-weight: bold;\"><span style=\"font-size: 12pt; font-family: 'Times New Roman', serif;\">Modelo<\/span><\/span><\/p>\n<\/td>\n<td style=\"padding: 0cm 5.4pt; width: 99.6pt; border-top: none; border-left: none; border-bottom: 1pt solid #bfbfbf; border-right: 1pt solid #bfbfbf; background: #f2f2f2; height: 33.65pt;\" valign=\"top\" width=\"133\">\n<p class=\"MsoNormal\" style=\"margin-bottom: 0cm; font-size: 1em; line-height: normal;\"><span style=\"font-weight: bold;\"><span style=\"font-size: 12pt; font-family: 'Times New Roman', serif;\">\u00a0Altura Standard<\/span><\/span><\/p>\n<\/td>\n<td style=\"padding: 0cm 5.4pt; width: 111.25pt; border-top: none; border-left: none; border-bottom: 1pt solid #bfbfbf; border-right: 1pt solid #bfbfbf; background: #f2f2f2; height: 33.65pt;\" valign=\"top\" width=\"148\">\n<p class=\"MsoNormal\" style=\"margin-bottom: 0cm; font-size: 1em; text-align: center; line-height: normal;\" align=\"center\"><span style=\"font-weight: bold;\"><span style=\"font-size: 10.5pt; font-family: Helvetica, sans-serif;\">Altura M\u00ednima<\/span><\/span><\/p>\n<\/td>\n<\/tr>\n<tr style=\"height: 33.65pt;\">\n<td style=\"padding: 0cm 5.4pt; border-right: 1pt solid #bfbfbf; border-bottom: 1pt solid #bfbfbf; border-left: 1pt solid #bfbfbf; border-image: initial; border-top: none; height: 33.65pt;\" valign=\"top\">\n<p class=\"MsoNormal\" style=\"margin-bottom: 0cm; font-size: 1em; line-height: normal;\"><span style=\"font-weight: bold;\"><span style=\"font-size: 10.5pt; font-family: Verdana, sans-serif; background-image: initial; background-position: initial; background-size: initial; background-repeat: initial; background-attachment: initial; background-origin: initial; background-clip: initial;\">Motor C20XE<\/span><\/span><\/p>\n<\/td>\n<td style=\"padding: 0cm 5.4pt; width: 99.6pt; border-top: none; border-left: none; border-bottom: 1pt solid #bfbfbf; border-right: 1pt solid #bfbfbf; height: 33.65pt;\" valign=\"top\" width=\"133\">\n<p class=\"MsoNormal\" style=\"margin-bottom: 0cm; font-size: 1em; line-height: normal;\"><span style=\"font-size: 10.5pt; font-family: Verdana, sans-serif; background-image: initial; background-position: initial; background-size: initial; background-repeat: initial; background-attachment: initial; background-origin: initial; background-clip: initial;\">134,00 mm<\/span><\/p>\n<\/td>\n<td style=\"padding: 0cm 5.4pt; width: 111.25pt; border-top: none; border-left: none; border-bottom: 1pt solid #bfbfbf; border-right: 1pt solid #bfbfbf; height: 33.65pt;\" valign=\"top\" width=\"148\">\n<p class=\"MsoNormal\" style=\"margin-bottom: 0cm; font-size: 1em; text-align: center; line-height: normal;\" align=\"center\"><span style=\"font-size: 10.5pt; font-family: Verdana, sans-serif; background-image: initial; background-position: initial; background-size: initial; background-repeat: initial; background-attachment: initial; background-origin: initial; background-clip: initial;\">133,50 mm<\/span><\/p>\n<div><span style=\"font-size: 10.5pt; font-family: Verdana, sans-serif; background-image: initial; background-position: initial; background-size: initial; background-repeat: initial; background-attachment: initial; background-origin: initial; background-clip: initial;\">\u00a0<\/span><\/div>\n<\/td>\n<\/tr>\n<\/tbody>\n<\/table>\n<p class=\"MsoNormal\"><span style=\"font-family: Verdana;\"><b>\u00a0<\/b><\/span><\/p>\n<p class=\"MsoNormal\"><span style=\"font-family: Verdana;\"><b>Especifica\u00e7\u00e3o t\u00e9cnica:<\/b><\/span><\/p>\n<p class=\"MsoNormal\"><span style=\"font-family: Verdana;\"><b>Ano:<\/b> 1998 At\u00e9 2005<br \/>\n<b> Medida: <\/b>134,00 mm<br \/>\n<b> N\u00famero Original:<\/b> 93365319<br \/>\n<b> Montadora:<\/b> Chevrolet<br \/>\n<b> Motor:<\/b> 2.0 16V<br \/>\n<b> Produto:<\/b> Novo<\/span><\/p>\n<p class=\"MsoNormal\"><span style=\"font-family: Verdana;\">Serve nos Modelos:<br \/>\n\u2022 Cabe\u00e7ote GM Chevrolet Vectra 2.0 \/ 2.2 \/ 2.4 16v 1995-1996-1997-1998-1999-2000-2001-2002-2003-2004-2005-2006-2007-2008-2009-2010-2011<\/span><\/p>\n<p class=\"MsoNormal\"><span style=\"font-family: Verdana;\">\u2022 Cabe\u00e7ote GM Chevrolet Astra 2.0 &#8211; 2.2 &#8211; 2.4 16v 1998-1999-2000-2001-2002-2003-2004-2005<\/span><\/p>\n<p class=\"MsoNormal\"><span style=\"font-family: Verdana;\">\u2022 Cabe\u00e7ote GM Chevrolet Zafira 2.0 &#8211; 2.2 &#8211; 2.4 16v 2001-2002-2003-2004\u00a0<\/span><\/p>\n<p class=\"MsoNormal\"><span style=\"font-family: Verdana;\">\u00a0<\/span><\/p>\n<p class=\"MsoNormal\"><span style=\"font-family: Verdana;\"><b>Torque do Cabe\u00e7ote Chevrolet Astra 16V\u00a0<\/b><\/span><\/p>\n<table class=\"MsoNormalTable\" style=\"width: 412.5pt; margin-left: -0.4pt; background: white;\" border=\"1\" width=\"550\" cellspacing=\"0\" cellpadding=\"0\">\n<tbody>\n<tr style=\"mso-yfti-irow: 0; mso-yfti-firstrow: yes; height: 22.5pt;\">\n<td style=\"padding: 0cm 0cm 0cm 0cm; height: 22.5pt;\" colspan=\"9\">\n<p class=\"MsoNormal\" style=\"margin-bottom: 0cm; text-align: center; line-height: normal;\" align=\"center\"><span style=\"font-size: 10.5pt; font-family: 'Helvetica',sans-serif; mso-fareast-font-family: 'Times New Roman'; color: #333333; mso-fareast-language: PT-BR;\"><b>Torque do cabe\u00e7ote Astra, Vectra e Zafira 16V<\/b><\/span><\/p>\n<\/td>\n<\/tr>\n<tr>\n<td style=\"padding: 0cm 0cm 0cm 0cm;\">\n<p class=\"MsoNormal\" style=\"margin-bottom: 0cm; line-height: normal;\"><b><span style=\"font-size: 10.5pt; font-family: 'Helvetica',sans-serif; mso-fareast-font-family: 'Times New Roman'; color: #333333; mso-fareast-language: PT-BR;\">Tabela de Torque<\/span><\/b><\/p>\n<\/td>\n<td style=\"padding: 0cm 0cm 0cm 0cm;\">\n<p class=\"MsoNormal\" style=\"margin-bottom: 0cm; text-align: center; line-height: normal;\" align=\"center\"><b><span style=\"font-size: 10.5pt; font-family: 'Helvetica',sans-serif; mso-fareast-font-family: 'Times New Roman'; color: #333333; mso-fareast-language: PT-BR;\">Nm<\/span><\/b><\/p>\n<\/td>\n<td style=\"padding: 0cm 0cm 0cm 0cm;\" colspan=\"7\">\n<p class=\"MsoNormal\" style=\"margin-bottom: 0cm; text-align: center; line-height: normal;\" align=\"center\"><b><span style=\"font-size: 10.5pt; font-family: 'Helvetica',sans-serif; mso-fareast-font-family: 'Times New Roman'; color: #333333; mso-fareast-language: PT-BR;\">(+) Angular <\/span><\/b><b><span style=\"font-size: 10.5pt; font-family: 'Cambria Math',serif; mso-fareast-font-family: 'Times New Roman'; mso-bidi-font-family: 'Cambria Math'; color: #333333; mso-fareast-language: PT-BR;\">\u2220<\/span><\/b><\/p>\n<\/td>\n<\/tr>\n<tr>\n<td style=\"width: 66.3pt; padding: 0cm 0cm 0cm 0cm;\" width=\"88\">\n<p class=\"MsoNormal\" style=\"margin-bottom: 0cm; line-height: normal;\"><span style=\"font-size: 10.5pt; font-family: 'Helvetica',sans-serif; mso-fareast-font-family: 'Times New Roman'; color: #333333; mso-fareast-language: PT-BR;\">Etapas<\/span><\/p>\n<\/td>\n<td style=\"width: 55.6pt; padding: 0cm 0cm 0cm 0cm;\" width=\"74\">\n<p class=\"MsoNormal\" style=\"margin-bottom: 0cm; text-align: center; line-height: normal;\" align=\"center\"><span style=\"font-size: 10.5pt; font-family: 'Helvetica',sans-serif; mso-fareast-font-family: 'Times New Roman'; color: #333333; mso-fareast-language: PT-BR;\">1<\/span><\/p>\n<\/td>\n<td style=\"width: 42.4pt; padding: 0cm 0cm 0cm 0cm;\" width=\"57\">\n<p class=\"MsoNormal\" style=\"margin-bottom: 0cm; text-align: center; line-height: normal;\" align=\"center\"><span style=\"font-size: 10.5pt; font-family: 'Helvetica',sans-serif; mso-fareast-font-family: 'Times New Roman'; color: #333333; mso-fareast-language: PT-BR;\">2<\/span><\/p>\n<\/td>\n<td style=\"width: 42.4pt; padding: 0cm 0cm 0cm 0cm;\" width=\"57\">\n<p class=\"MsoNormal\" style=\"margin-bottom: 0cm; text-align: center; line-height: normal;\" align=\"center\"><span style=\"font-size: 10.5pt; font-family: 'Helvetica',sans-serif; mso-fareast-font-family: 'Times New Roman'; color: #333333; mso-fareast-language: PT-BR;\">3<\/span><\/p>\n<\/td>\n<td style=\"width: 42.4pt; padding: 0cm 0cm 0cm 0cm;\" width=\"57\">\n<p class=\"MsoNormal\" style=\"margin-bottom: 0cm; text-align: center; line-height: normal;\" align=\"center\"><span style=\"font-size: 10.5pt; font-family: 'Helvetica',sans-serif; mso-fareast-font-family: 'Times New Roman'; color: #333333; mso-fareast-language: PT-BR;\">4<\/span><\/p>\n<\/td>\n<td style=\"width: 58.75pt; padding: 0cm 0cm 0cm 0cm;\" width=\"78\">\n<p class=\"MsoNormal\" style=\"margin-bottom: 0cm; text-align: center; line-height: normal;\" align=\"center\"><span style=\"font-size: 10.5pt; font-family: 'Helvetica',sans-serif; mso-fareast-font-family: 'Times New Roman'; color: #333333; mso-fareast-language: PT-BR;\">5<\/span><\/p>\n<\/td>\n<td style=\"width: 58.75pt; padding: 0cm 0cm 0cm 0cm;\" width=\"78\">\n<p class=\"MsoNormal\" style=\"margin-bottom: 0cm; text-align: center; line-height: normal;\" align=\"center\"><span style=\"font-size: 10.5pt; font-family: 'Helvetica',sans-serif; mso-fareast-font-family: 'Times New Roman'; color: #333333; mso-fareast-language: PT-BR;\">6<\/span><\/p>\n<\/td>\n<td style=\"width: 22.95pt; padding: 0cm 0cm 0cm 0cm;\" width=\"31\">\n<p class=\"MsoNormal\" style=\"margin-bottom: 0cm; text-align: center; line-height: normal;\" align=\"center\"><span style=\"font-size: 10.5pt; font-family: 'Helvetica',sans-serif; mso-fareast-font-family: 'Times New Roman'; color: #333333; mso-fareast-language: PT-BR;\">7<\/span><\/p>\n<\/td>\n<td style=\"width: 22.95pt; padding: 0cm 0cm 0cm 0cm;\" width=\"31\">\n<p class=\"MsoNormal\" style=\"margin-bottom: 0cm; text-align: center; line-height: normal;\" align=\"center\"><span style=\"font-size: 10.5pt; font-family: 'Helvetica',sans-serif; mso-fareast-font-family: 'Times New Roman'; color: #333333; mso-fareast-language: PT-BR;\">8<\/span><\/p>\n<\/td>\n<\/tr>\n<tr>\n<td style=\"padding: 0cm 0cm 0cm 0cm;\">\n<p class=\"MsoNormal\" style=\"margin-bottom: 0cm; line-height: normal;\"><span style=\"font-size: 10.5pt; font-family: 'Helvetica',sans-serif; mso-fareast-font-family: 'Times New Roman'; color: #333333; mso-fareast-language: PT-BR;\">Parafusos<\/span><\/p>\n<\/td>\n<td style=\"padding: 0cm 0cm 0cm 0cm;\">\n<p class=\"MsoNormal\" style=\"margin-bottom: 0cm; text-align: center; line-height: normal;\" align=\"center\"><span style=\"font-size: 10.5pt; font-family: 'Helvetica',sans-serif; mso-fareast-font-family: 'Times New Roman'; color: #333333; mso-fareast-language: PT-BR;\">25 Nm (Frio)<\/span><\/p>\n<\/td>\n<td style=\"padding: 0cm 0cm 0cm 0cm;\">\n<p class=\"MsoNormal\" style=\"margin-bottom: 0cm; text-align: center; line-height: normal;\" align=\"center\"><span style=\"font-size: 10.5pt; font-family: 'Helvetica',sans-serif; mso-fareast-font-family: 'Times New Roman'; color: #333333; mso-fareast-language: PT-BR;\">65\u00b0 (Frio)<\/span><\/p>\n<\/td>\n<td style=\"padding: 0cm 0cm 0cm 0cm;\">\n<p class=\"MsoNormal\" style=\"margin-bottom: 0cm; text-align: center; line-height: normal;\" align=\"center\"><span style=\"font-size: 10.5pt; font-family: 'Helvetica',sans-serif; mso-fareast-font-family: 'Times New Roman'; color: #333333; mso-fareast-language: PT-BR;\">65\u00b0 (Frio)<\/span><\/p>\n<\/td>\n<td style=\"padding: 0cm 0cm 0cm 0cm;\">\n<p class=\"MsoNormal\" style=\"margin-bottom: 0cm; text-align: center; line-height: normal;\" align=\"center\"><span style=\"font-size: 10.5pt; font-family: 'Helvetica',sans-serif; mso-fareast-font-family: 'Times New Roman'; color: #333333; mso-fareast-language: PT-BR;\">65\u00b0 (Frio)<\/span><\/p>\n<\/td>\n<td style=\"padding: 0cm 0cm 0cm 0cm;\">\n<p class=\"MsoNormal\" style=\"margin-bottom: 0cm; text-align: center; line-height: normal;\" align=\"center\"><span style=\"font-size: 10.5pt; font-family: 'Helvetica',sans-serif; mso-fareast-font-family: 'Times New Roman'; color: #333333; mso-fareast-language: PT-BR;\">30\u00b0 (Quente)<\/span><\/p>\n<\/td>\n<td style=\"padding: 0cm 0cm 0cm 0cm;\">\n<p class=\"MsoNormal\" style=\"margin-bottom: 0cm; text-align: center; line-height: normal;\" align=\"center\"><span style=\"font-size: 10.5pt; font-family: 'Helvetica',sans-serif; mso-fareast-font-family: 'Times New Roman'; color: #333333; mso-fareast-language: PT-BR;\">45\u00b0 (Quente)<\/span><\/p>\n<\/td>\n<td style=\"padding: 0cm 0cm 0cm 0cm;\"><\/td>\n<td style=\"padding: 0cm 0cm 0cm 0cm;\"><\/td>\n<\/tr>\n<tr>\n<td style=\"padding: 0cm 0cm 0cm 0cm;\" colspan=\"9\">\n<p class=\"MsoNormal\" style=\"margin-bottom: 0cm; text-align: center; line-height: normal;\" align=\"center\"><b><span style=\"font-size: 10.5pt; font-family: 'Helvetica',sans-serif; mso-fareast-font-family: 'Times New Roman'; color: #333333; mso-fareast-language: PT-BR;\">Sequ\u00eancia de Aperto<\/span><\/b><span style=\"font-size: 10.5pt; font-family: 'Helvetica',sans-serif; mso-fareast-font-family: 'Times New Roman'; color: #333333; mso-fareast-language: PT-BR;\"><br \/>\n<!-- [if !supportLineBreakNewLine]--><br \/>\n<!--[endif]--><\/span><\/p>\n<p class=\"MsoNormal\" style=\"margin-bottom: 0cm; text-align: center; line-height: normal;\" align=\"center\"><img decoding=\"async\" style=\"width: 282px;\" src=\"https:\/\/q3autoimports.com.br\/image\/catalog\/logo\/torques\/torque-do-cabecote-gm-16v.png\" \/><span style=\"font-size: 10.5pt; font-family: 'Helvetica',sans-serif; mso-fareast-font-family: 'Times New Roman'; color: #333333; mso-fareast-language: PT-BR; mso-no-proof: yes;\">\u00a0<\/span><\/p>\n<p class=\"MsoNormal\" style=\"margin-bottom: 0cm; text-align: center; line-height: normal;\" align=\"center\"><span style=\"font-size: 10.5pt; font-family: 'Helvetica',sans-serif; mso-fareast-font-family: 'Times New Roman'; color: #333333; mso-fareast-language: PT-BR; mso-no-proof: yes;\">\u00a0<\/span><span style=\"color: #333333; font-family: Helvetica, sans-serif; font-size: 10.5pt;\">\u00a0<\/span><span style=\"color: #333333; font-family: Helvetica, sans-serif; font-size: 10.5pt;\">\u00a0<\/span><\/p>\n<\/td>\n<\/tr>\n<tr>\n<td style=\"padding: 0cm 0cm 0cm 0cm;\" colspan=\"2\">\n<p class=\"MsoNormal\" style=\"margin-bottom: 0cm; line-height: normal;\"><span style=\"font-size: 10.5pt; font-family: 'Helvetica',sans-serif; mso-fareast-font-family: 'Times New Roman'; color: #333333; mso-fareast-language: PT-BR;\">Altura m\u00ednima do cabe\u00e7ote<\/span><\/p>\n<\/td>\n<td style=\"padding: 0cm 0cm 0cm 0cm;\" colspan=\"2\">\n<p class=\"MsoNormal\" style=\"margin-bottom: 0cm; line-height: normal;\"><span style=\"font-size: 10.5pt; font-family: 'Helvetica',sans-serif; mso-fareast-font-family: 'Times New Roman'; color: #333333; mso-fareast-language: PT-BR;\">N\u00e3o Retificar<\/span><\/p>\n<\/td>\n<td style=\"padding: 0cm 0cm 0cm 0cm;\" colspan=\"4\">\n<p class=\"MsoNormal\" style=\"margin-bottom: 0cm; line-height: normal;\"><span style=\"font-size: 10.5pt; font-family: 'Helvetica',sans-serif; mso-fareast-font-family: 'Times New Roman'; color: #333333; mso-fareast-language: PT-BR;\">Altura Padr\u00e3o (STD) do cabe\u00e7ote<\/span><\/p>\n<\/td>\n<td style=\"padding: 0cm 0cm 0cm 0cm;\"><\/td>\n<\/tr>\n<\/tbody>\n<\/table>\n<div align=\"center\"><\/div>\n<p class=\"MsoNormal\"><span style=\"font-family: Verdana;\"> <!-- [if !supportLineBreakNewLine]--> <!--[endif]--><\/span><\/p>\n<p class=\"MsoNormal\"><span style=\"font-family: Verdana;\">Na Q3 voc\u00ea encontra o melhor cabe\u00e7ote\u00a0Chevrolet Astra 2.0 16 v\u00e1lvulas! Somos uma das marcas refer\u00eancia no mercado automobil\u00edstico sendo especializada na venda de cabe\u00e7otes novos. Se voc\u00ea est\u00e1 \u00e0 procura do cabe\u00e7ote\u00a0Chevrolet Astra 2.0 16 v\u00e1lvulas, ent\u00e3o encontrou o lugar certo. Acompanhe a seguir todas as informa\u00e7\u00f5es deste produto. Em caso de d\u00favidas, entre em contato com a nossa equipe. Atendemos propriet\u00e1rios de ve\u00edculos e mec\u00e2nicas.<\/span><\/p>\n<p class=\"MsoNormal\"><span style=\"font-family: Verdana;\"><b>Acompanha pe\u00e7as para montagem:<\/b> n\u00e3o<\/span><\/p>\n<p class=\"MsoNormal\"><span style=\"font-family: Verdana;\"><b>Prazo de devolu\u00e7\u00e3o:<\/b> 7 dias<\/span><\/p>\n<p class=\"MsoNormal\"><span style=\"font-family: Verdana;\"><b>Local de envio: <\/b>Enviamos para todo o Brasil<\/span><\/p>\n<p class=\"MsoNormal\"><span style=\"font-family: Verdana;\"><b>Forma de envio: <\/b>via Correios (Sedex ou PAC), transporte a\u00e9reo e\/ou transportadora, dependendo da sua necessidade de agilidade na entrega. Para as regi\u00f5es de at\u00e9 200 km de S\u00e3o Paulo enviamos por motoboy.<\/span><\/p>\n<p class=\"MsoNormal\"><span style=\"font-family: Verdana;\"><b>Garantia: <\/b>3<b>\u00a0<\/b>meses<\/span><\/p>\n<p class=\"MsoNormal\"><span style=\"font-family: Verdana;\"><br \/>\n<!--[endif]--><\/span><\/p>\n<p class=\"MsoNormal\"><span style=\"font-family: Verdana;\"><b>Observa\u00e7\u00f5es Gerais:<\/b><\/span><\/p>\n<p class=\"MsoNormal\"><span style=\"font-family: Verdana;\">Para realizar a montagem, ser\u00e1 necess\u00e1ria a compra de pe\u00e7as novas ou utiliza\u00e7\u00e3o de pe\u00e7as que j\u00e1 possua.<\/span><\/p>\n<p class=\"MsoNormal\"><span style=\"font-family: Verdana;\">N\u00e3o trocaremos pe\u00e7as que foram retificadas ou danificadas, portanto verifique o produto antes de mont\u00e1-lo.<\/span><\/p>\n<p class=\"MsoNormal\"><span style=\"font-family: Verdana;\">Consulte-nos caso tenha alguma d\u00favida quanto ao frete.<\/span><\/p>\n<p class=\"MsoNormal\">\n<p class=\"MsoNormal\"><span style=\"font-family: Verdana;\">Essa \u00e9 a sua grande oportunidade para comprar o melhor\u00a0cabe\u00e7ote\u00a0Chevrolet Astra 2.0 16 v\u00e1lvulas\u00a0do mercado. Se necessita de mais op\u00e7\u00f5es de pe\u00e7as, ent\u00e3o consulte toda a nossa linha de cabe\u00e7otes para carros Chevrolet, entre outros modelos da fabricante. Aproveite!<\/span><\/p>\n","protected":false},"excerpt":{"rendered":"<p>Venda de Cabe\u00e7ote Chevrolet Astra 2.0, 2.2 e 2.4 16 v\u00e1lvulas. O cabe\u00e7ote da Chevrolet Astra 2.0 16 v\u00e1lvulas, serve<\/p>","protected":false},"featured_media":13874,"comment_status":"open","ping_status":"closed","template":"","meta":[],"product_cat":[182],"product_tag":[691],"class_list":["post-7381","product","type-product","status-publish","has-post-thumbnail","hentry","product_cat-cabecotes-novos","product_tag-cabecote-chevrolet-astra-2-0-2-2-e-2-4-16v-1998-ate-2005-novo"],"_links":{"self":[{"href":"https:\/\/q3autoimports.com.br\/en\/wp-json\/wp\/v2\/product\/7381","targetHints":{"allow":["GET"]}}],"collection":[{"href":"https:\/\/q3autoimports.com.br\/en\/wp-json\/wp\/v2\/product"}],"about":[{"href":"https:\/\/q3autoimports.com.br\/en\/wp-json\/wp\/v2\/types\/product"}],"replies":[{"embeddable":true,"href":"https:\/\/q3autoimports.com.br\/en\/wp-json\/wp\/v2\/comments?post=7381"}],"wp:featuredmedia":[{"embeddable":true,"href":"https:\/\/q3autoimports.com.br\/en\/wp-json\/wp\/v2\/media\/13874"}],"wp:attachment":[{"href":"https:\/\/q3autoimports.com.br\/en\/wp-json\/wp\/v2\/media?parent=7381"}],"wp:term":[{"taxonomy":"product_cat","embeddable":true,"href":"https:\/\/q3autoimports.com.br\/en\/wp-json\/wp\/v2\/product_cat?post=7381"},{"taxonomy":"product_tag","embeddable":true,"href":"https:\/\/q3autoimports.com.br\/en\/wp-json\/wp\/v2\/product_tag?post=7381"}],"curies":[{"name":"wp","href":"https:\/\/api.w.org\/{rel}","templated":true}]}}