{"id":7392,"date":"2020-06-15T16:29:30","date_gmt":"2020-06-15T16:29:30","guid":{"rendered":"https:\/\/q3autoimports.com.br\/produto\/cabecote-chevrolet-gm-cobalt-1-8-8v-roletado-flex-de-2013-a-2019-original-novo-93376337\/"},"modified":"2024-09-09T13:17:20","modified_gmt":"2024-09-09T13:17:20","slug":"chevrolet-gm-cobalt-1-8-8v-flex-roller-head-from-2013-to-2019-new-original-93376337","status":"publish","type":"product","link":"https:\/\/q3autoimports.com.br\/en\/chevrolet-gm-cobalt-1-8-8v-flex-roller-head-from-2013-to-2019-new-original-93376337\/","title":{"rendered":"Chevrolet-Gm Cobalt 1.8 8v Flex cylinder head from 2013 to 2019 original NEW (93376337)"},"content":{"rendered":"<p class=\"MsoNormal\" style=\"text-align: justify;\"><span style=\"font-family: Verdana;\"><b>Venda de\u00a0Cabe\u00e7ote Chevrolet Cobalt 1.8 8v Roletado Flex Original<\/b><\/span><\/p>\n<p class=\"MsoNormal\" style=\"text-align: justify;\"><span style=\"font-family: Verdana;\"><b>\u00a0<\/b><\/span><\/p>\n<p class=\"MsoNormal\" style=\"text-align: justify;\"><span style=\"font-family: Verdana;\">O <b>cabe\u00e7ote do Chevrolet Cobalt 1.8 8 v\u00e1lvulas<\/b> Roletado Flex Original, serve nos modelos a partir do ano de 2013 at\u00e9 o ano de 2019. O cabe\u00e7ote possui altura original standard de <b>96,00 mm. <\/b>Esse produto \u00e9 novo e aplica-se nos ve\u00edculos <b>Corsa, Montada, Meriva, Cobalt e Spin<\/b> da montadora Chevrolet. Produto de alta qualidade e durabilidade, proporcionando mais seguran\u00e7a para voc\u00ea e seu ve\u00edculo.<\/span><\/p>\n<p class=\"MsoNormal\" style=\"text-align: justify;\"><span style=\"font-family: Verdana;\">\u00a0<\/span><\/p>\n<p class=\"MsoNormal\" style=\"text-align: justify;\">\n<p class=\"MsoNormal\" style=\"text-align: justify;\"><span style=\"color: #333333; font-weight: bold; font-family: Verdana;\">Especifica\u00e7\u00e3o do\u00a0<\/span><span style=\"color: #333333; font-weight: bold; font-family: Verdana;\">Cabe\u00e7ote GM Cobalt 1.8 8V Flex<\/span><\/p>\n<p class=\"MsoNormal\">\n<div style=\"text-align: justify;\"><span style=\"font-family: Verdana;\"><span style=\"color: inherit;\"><b>Montadora:<\/b> Chevrolet<\/span><\/span><\/div>\n<div style=\"text-align: justify;\"><span style=\"font-family: Verdana;\"><span style=\"color: inherit;\"><b>Motor:<\/b>\u00a0<\/span><span style=\"font-family: RobotoLight; font-size: 14px; color: inherit;\">C18NE Flexpower<\/span><\/span><\/div>\n<p>&nbsp;<\/p>\n<div style=\"text-align: justify;\"><span style=\"color: inherit;\"><b>Combust\u00edvel:<\/b> \u00a0Flex<\/span><\/div>\n<div style=\"text-align: justify;\"><span style=\"color: inherit;\"><b>Ano:<\/b> 2013 a 2019<\/span><\/div>\n<div style=\"text-align: justify;\"><span style=\"color: inherit;\"><b>Altura STD Cobalt:<\/b> 96,00 mm \/ m\u00ednima 95,00 mm<\/span><\/div>\n<div style=\"text-align: justify;\"><span style=\"color: inherit;\"><b>N\u00famero da pe\u00e7a:<\/b> 93376337<\/span><\/div>\n<div style=\"text-align: justify;\"><span style=\"color: inherit;\"><b>Marca:<\/b> Original GM<\/span><\/div>\n<div style=\"text-align: justify;\"><span style=\"color: inherit;\">\u00a0<\/span><\/div>\n<div style=\"text-align: justify;\"><span style=\"color: #333333; font-weight: bold; font-family: Verdana;\">Para quais motores servem o cabe\u00e7ote\u00a0<\/span><span style=\"color: #333333; font-family: inherit; font-weight: bold;\">GM Cobalt 1.8 8V<\/span><\/div>\n<div style=\"text-align: justify;\"><span style=\"color: inherit;\">\u00a0<\/span><\/div>\n<p>&nbsp;<\/p>\n<ul>\n<li style=\"text-align: justify;\"><span style=\"font-family: Verdana;\">Cabe\u00e7ote Chevrolet Corsa Novo 1.8 8v Flex ano 2006-2007-2008-2009-2010-2011-2012<\/span><\/li>\n<\/ul>\n<ul>\n<li style=\"text-align: justify;\"><span style=\"font-family: Verdana;\">Cabe\u00e7ote Chevrolet Montana 1.8 8v Flex ano 2006-2007-2008-2009-2010<\/span><\/li>\n<\/ul>\n<ul>\n<li style=\"text-align: justify;\"><span style=\"font-family: Verdana;\">Cabe\u00e7ote Chevrolet Meriva 1.8 8v Flex ano 2006-2007-2008-2009-2010-2011-2012<\/span><\/li>\n<\/ul>\n<ul>\n<li style=\"text-align: justify;\"><span style=\"font-family: Verdana;\">Cabe\u00e7ote Chevrolet Cobalt 1.8 8v Flex ano 2013-2014-2015-2016-2017-2018-2019<\/span><\/li>\n<\/ul>\n<ul>\n<li style=\"text-align: justify;\"><span style=\"font-family: Verdana; color: inherit;\">Cabe\u00e7ote Chevrolet Spin 1.8 8v Flex ano 2013-2014-2015-2016-2017-2018-2019<\/span><\/li>\n<\/ul>\n<div style=\"text-align: justify;\"><span style=\"font-family: Verdana; color: inherit;\">\u00a0<\/span><\/div>\n<div style=\"text-align: justify;\"><span style=\"font-family: Verdana; color: inherit;\"><b>\u00a0<\/b><\/span><\/div>\n<div style=\"text-align: justify;\"><span style=\"font-family: Verdana; color: inherit;\"><b>Tabela de torque do cabe\u00e7ote GM Cobalt 1.8 8V\u00a0<\/b><\/span><\/div>\n<p>&nbsp;<\/p>\n<div style=\"text-align: justify;\">\n<p>&nbsp;<\/p>\n<table class=\"MsoNormalTable\" style=\"width: 412.5pt; margin-left: -0.4pt; background: white;\" border=\"1\" width=\"550\" cellspacing=\"0\" cellpadding=\"0\">\n<tbody>\n<tr style=\"mso-yfti-irow: 0; mso-yfti-firstrow: yes; height: 22.5pt;\">\n<td style=\"padding: 0cm 0cm 0cm 0cm; height: 22.5pt;\" colspan=\"9\">\n<p class=\"MsoNormal\" style=\"margin-bottom: 0cm; text-align: center; line-height: normal;\" align=\"center\"><span style=\"font-size: 10.5pt; font-family: 'Helvetica',sans-serif; mso-fareast-font-family: 'Times New Roman'; color: #333333; mso-fareast-language: PT-BR;\">Torque do cabe\u00e7ote GM 1.8 8V <\/span><\/p>\n<\/td>\n<\/tr>\n<tr>\n<td style=\"width: 99.25pt; padding: 0cm 0cm 0cm 0cm;\" width=\"132\">\n<p class=\"MsoNormal\" style=\"margin-bottom: 0cm; line-height: normal;\"><b><span style=\"font-size: 10.5pt; font-family: 'Helvetica',sans-serif; mso-fareast-font-family: 'Times New Roman'; color: #333333; mso-fareast-language: PT-BR;\">Tabela de Torque<\/span><\/b><\/p>\n<\/td>\n<td style=\"width: 26.1pt; padding: 0cm 0cm 0cm 0cm;\" width=\"35\">\n<p class=\"MsoNormal\" style=\"margin-bottom: 0cm; text-align: center; line-height: normal;\" align=\"center\"><b><span style=\"font-size: 10.5pt; font-family: 'Helvetica',sans-serif; mso-fareast-font-family: 'Times New Roman'; color: #333333; mso-fareast-language: PT-BR;\">Nm<\/span><\/b><\/p>\n<\/td>\n<td style=\"padding: 0cm 0cm 0cm 0cm;\" colspan=\"7\">\n<p class=\"MsoNormal\" style=\"margin-bottom: 0cm; text-align: center; line-height: normal;\" align=\"center\"><b><span style=\"font-size: 10.5pt; font-family: 'Helvetica',sans-serif; mso-fareast-font-family: 'Times New Roman'; color: #333333; mso-fareast-language: PT-BR;\">(+) Angular <\/span><\/b><b><span style=\"font-size: 10.5pt; font-family: 'Cambria Math',serif; mso-fareast-font-family: 'Times New Roman'; mso-bidi-font-family: 'Cambria Math'; color: #333333; mso-fareast-language: PT-BR;\">\u2220<\/span><\/b><\/p>\n<\/td>\n<\/tr>\n<tr>\n<td style=\"width: 99.25pt; padding: 0cm 0cm 0cm 0cm;\" width=\"132\">\n<p class=\"MsoNormal\" style=\"margin-bottom: 0cm; line-height: normal;\"><span style=\"font-size: 10.5pt; font-family: 'Helvetica',sans-serif; mso-fareast-font-family: 'Times New Roman'; color: #333333; mso-fareast-language: PT-BR;\">Etapas<\/span><\/p>\n<\/td>\n<td style=\"width: 26.1pt; padding: 0cm 0cm 0cm 0cm;\" width=\"35\">\n<p class=\"MsoNormal\" style=\"margin-bottom: 0cm; text-align: center; line-height: normal;\" align=\"center\"><span style=\"font-size: 10.5pt; font-family: 'Helvetica',sans-serif; mso-fareast-font-family: 'Times New Roman'; color: #333333; mso-fareast-language: PT-BR;\">1<\/span><\/p>\n<\/td>\n<td style=\"width: 37.15pt; padding: 0cm 0cm 0cm 0cm;\" width=\"50\">\n<p class=\"MsoNormal\" style=\"margin-bottom: 0cm; text-align: center; line-height: normal;\" align=\"center\"><span style=\"font-size: 10.5pt; font-family: 'Helvetica',sans-serif; mso-fareast-font-family: 'Times New Roman'; color: #333333; mso-fareast-language: PT-BR;\">2<\/span><\/p>\n<\/td>\n<td style=\"width: 37.1pt; padding: 0cm 0cm 0cm 0cm;\" width=\"49\">\n<p class=\"MsoNormal\" style=\"margin-bottom: 0cm; text-align: center; line-height: normal;\" align=\"center\"><span style=\"font-size: 10.5pt; font-family: 'Helvetica',sans-serif; mso-fareast-font-family: 'Times New Roman'; color: #333333; mso-fareast-language: PT-BR;\">3<\/span><\/p>\n<\/td>\n<td style=\"width: 60.4pt; padding: 0cm 0cm 0cm 0cm;\" width=\"81\">\n<p class=\"MsoNormal\" style=\"margin-bottom: 0cm; text-align: center; line-height: normal;\" align=\"center\"><span style=\"font-size: 10.5pt; font-family: 'Helvetica',sans-serif; mso-fareast-font-family: 'Times New Roman'; color: #333333; mso-fareast-language: PT-BR;\">4<\/span><\/p>\n<\/td>\n<td style=\"width: 41.95pt; padding: 0cm 0cm 0cm 0cm;\" width=\"56\">\n<p class=\"MsoNormal\" style=\"margin-bottom: 0cm; text-align: center; line-height: normal;\" align=\"center\"><span style=\"font-size: 10.5pt; font-family: 'Helvetica',sans-serif; mso-fareast-font-family: 'Times New Roman'; color: #333333; mso-fareast-language: PT-BR;\">5<\/span><\/p>\n<\/td>\n<td style=\"width: 36.85pt; padding: 0cm 0cm 0cm 0cm;\" width=\"49\">\n<p class=\"MsoNormal\" style=\"margin-bottom: 0cm; text-align: center; line-height: normal;\" align=\"center\"><span style=\"font-size: 10.5pt; font-family: 'Helvetica',sans-serif; mso-fareast-font-family: 'Times New Roman'; color: #333333; mso-fareast-language: PT-BR;\">6<\/span><\/p>\n<\/td>\n<td style=\"width: 36.85pt; padding: 0cm 0cm 0cm 0cm;\" width=\"49\">\n<p class=\"MsoNormal\" style=\"margin-bottom: 0cm; text-align: center; line-height: normal;\" align=\"center\"><span style=\"font-size: 10.5pt; font-family: 'Helvetica',sans-serif; mso-fareast-font-family: 'Times New Roman'; color: #333333; mso-fareast-language: PT-BR;\">7<\/span><\/p>\n<\/td>\n<td style=\"width: 36.85pt; padding: 0cm 0cm 0cm 0cm;\" width=\"49\">\n<p class=\"MsoNormal\" style=\"margin-bottom: 0cm; text-align: center; line-height: normal;\" align=\"center\"><span style=\"font-size: 10.5pt; font-family: 'Helvetica',sans-serif; mso-fareast-font-family: 'Times New Roman'; color: #333333; mso-fareast-language: PT-BR;\">8<\/span><\/p>\n<\/td>\n<\/tr>\n<tr>\n<td style=\"width: 99.25pt; padding: 0cm 0cm 0cm 0cm;\" width=\"132\">\n<p class=\"MsoNormal\" style=\"margin-bottom: 0cm; line-height: normal;\"><span style=\"font-size: 10.5pt; font-family: 'Helvetica',sans-serif; mso-fareast-font-family: 'Times New Roman'; color: #333333; mso-fareast-language: PT-BR;\">Parafusos<\/span><\/p>\n<\/td>\n<td style=\"width: 26.1pt; padding: 0cm 0cm 0cm 0cm;\" width=\"35\">\n<p class=\"MsoNormal\" style=\"margin-bottom: 0cm; text-align: center; line-height: normal;\" align=\"center\"><span style=\"font-size: 10.5pt; font-family: 'Helvetica',sans-serif; mso-fareast-font-family: 'Times New Roman'; color: #333333; mso-fareast-language: PT-BR;\">25 Nm<\/span><\/p>\n<\/td>\n<td style=\"padding: 0cm 0cm 0cm 0cm;\">\n<p class=\"MsoNormal\" style=\"margin-bottom: 0cm; text-align: center; line-height: normal;\" align=\"center\"><span style=\"font-size: 10.5pt; font-family: 'Helvetica',sans-serif; mso-fareast-font-family: 'Times New Roman'; color: #333333; mso-fareast-language: PT-BR;\">90\u00ba<\/span><\/p>\n<\/td>\n<td style=\"padding: 0cm 0cm 0cm 0cm;\">\n<p class=\"MsoNormal\" style=\"margin-bottom: 0cm; text-align: center; line-height: normal;\" align=\"center\"><span style=\"font-size: 10.5pt; font-family: 'Helvetica',sans-serif; mso-fareast-font-family: 'Times New Roman'; color: #333333; mso-fareast-language: PT-BR;\">90\u00ba<\/span><\/p>\n<\/td>\n<td style=\"padding: 0cm 0cm 0cm 0cm;\">\n<p class=\"MsoNormal\" style=\"margin-bottom: 0cm; text-align: center; line-height: normal;\" align=\"center\"><span style=\"font-size: 10.5pt; font-family: 'Helvetica',sans-serif; mso-fareast-font-family: 'Times New Roman'; color: #333333; mso-fareast-language: PT-BR;\">10\u00ba\/90\u00ba(16V)<\/span><\/p>\n<\/td>\n<td style=\"padding: 0cm 0cm 0cm 0cm;\">\n<p class=\"MsoNormal\" style=\"margin-bottom: 0cm; text-align: center; line-height: normal;\" align=\"center\"><span style=\"font-size: 10.5pt; font-family: 'Helvetica',sans-serif; mso-fareast-font-family: 'Times New Roman'; color: #333333; mso-fareast-language: PT-BR;\">45\u00ba(16V)<\/span><\/p>\n<\/td>\n<td style=\"padding: 0cm 0cm 0cm 0cm;\"><\/td>\n<td style=\"padding: 0cm 0cm 0cm 0cm;\"><\/td>\n<td style=\"padding: 0cm 0cm 0cm 0cm;\"><\/td>\n<\/tr>\n<tr>\n<td style=\"padding: 0cm 0cm 0cm 0cm;\" colspan=\"9\">\n<p class=\"MsoNormal\" style=\"margin-bottom: 0cm; text-align: center; line-height: normal;\" align=\"center\"><b><span style=\"font-size: 10.5pt; font-family: 'Helvetica',sans-serif; mso-fareast-font-family: 'Times New Roman'; color: #333333; mso-fareast-language: PT-BR;\">Sequ\u00eancia de Aperto do cabe\u00e7ote Gm 1.8<\/span><\/b><\/p>\n<p class=\"MsoNormal\" style=\"margin-bottom: 0cm; text-align: center; line-height: normal;\" align=\"center\"><b><span style=\"font-size: 10.5pt; font-family: 'Helvetica',sans-serif; mso-fareast-font-family: 'Times New Roman'; color: #333333; mso-fareast-language: PT-BR;\">\u00a0<\/span><\/b><\/p>\n<p class=\"MsoNormal\" style=\"margin-bottom: 0cm; text-align: center; line-height: normal;\" align=\"center\"><img decoding=\"async\" style=\"width: 282px;\" src=\"https:\/\/q3autoimports.com.br\/image\/catalog\/logo\/torques\/torque-do-cabecote-gm1.4.png\" \/><span style=\"font-size: 10.5pt; font-family: 'Helvetica',sans-serif; mso-fareast-font-family: 'Times New Roman'; color: #333333; mso-fareast-language: PT-BR; mso-no-proof: yes;\">\u00a0<\/span><\/p>\n<p class=\"MsoNormal\" style=\"margin-bottom: 0cm; text-align: center; line-height: normal;\" align=\"center\">\n<\/td>\n<\/tr>\n<tr>\n<td style=\"padding: 0cm 0cm 0cm 0cm;\" colspan=\"2\">\n<p class=\"MsoNormal\" style=\"margin-bottom: 0cm; line-height: normal;\"><span style=\"font-size: 10.5pt; font-family: 'Helvetica',sans-serif; mso-fareast-font-family: 'Times New Roman'; color: #333333; mso-fareast-language: PT-BR;\">Altura m\u00ednima do cabe\u00e7ote<\/span><\/p>\n<\/td>\n<td style=\"padding: 0cm 0cm 0cm 0cm;\" colspan=\"2\">\n<p class=\"MsoNormal\" style=\"margin-bottom: 0cm; line-height: normal;\"><span style=\"font-size: 10.5pt; font-family: 'Helvetica',sans-serif; mso-fareast-font-family: 'Times New Roman'; color: #333333; mso-fareast-language: PT-BR;\">N\u00e3o Retificar<\/span><\/p>\n<\/td>\n<td style=\"padding: 0cm 0cm 0cm 0cm;\" colspan=\"4\">\n<p class=\"MsoNormal\" style=\"margin-bottom: 0cm; line-height: normal;\"><span style=\"font-size: 10.5pt; font-family: 'Helvetica',sans-serif; mso-fareast-font-family: 'Times New Roman'; color: #333333; mso-fareast-language: PT-BR;\">Altura Padr\u00e3o (STD) do cabe\u00e7ote<\/span><\/p>\n<\/td>\n<td style=\"padding: 0cm 0cm 0cm 0cm;\"><\/td>\n<\/tr>\n<\/tbody>\n<\/table>\n<\/div>\n<p><!-- [if !supportLineBreakNewLine]--><\/p>\n<div style=\"text-align: justify;\"><\/div>\n<p><!--[endif]--><\/p>\n<p class=\"MsoNormal\" style=\"text-align: justify;\"><span style=\"font-family: Verdana;\">Encontre aqui o melhor<b> cabe\u00e7ote da Chevrolet Cobalt 1.8 8 v\u00e1lvulas<\/b> Roletado Flex Original! A Q3 \u00e9 uma das marcas mais relevantes do mercado quando se trata de cabe\u00e7otes novos. Se voc\u00ea est\u00e1 \u00e0 procura do <b>cabe\u00e7ote Chevrolet Cobalt 1.8 8 v\u00e1lvulas<\/b> Roletado Flex Original, ent\u00e3o est\u00e1 no lugar certo. Em caso de d\u00favidas, entre em contato com a nossa equipe. Atendemos propriet\u00e1rios de ve\u00edculos e mec\u00e2nicas.<\/span><\/p>\n<p class=\"MsoNormal\" style=\"text-align: justify;\">\n<p class=\"MsoNormal\" style=\"text-align: justify;\"><span style=\"font-family: Verdana;\"><b>Acompanha pe\u00e7as para montagem:<\/b> n\u00e3o<\/span><\/p>\n<p class=\"MsoNormal\" style=\"text-align: justify;\"><span style=\"font-family: Verdana;\"><b>Prazo de devolu\u00e7\u00e3o:<\/b> 7 dias<\/span><\/p>\n<p class=\"MsoNormal\" style=\"text-align: justify;\"><span style=\"font-family: Verdana;\"><b>Local de envio: <\/b>enviamos para todo o Brasil<\/span><\/p>\n<p class=\"MsoNormal\" style=\"text-align: justify;\"><span style=\"font-family: Verdana;\"><b>Forma de envio: <\/b>via Correios (Sedex ou PAC), transporte a\u00e9reo e\/ou transportadora, dependendo da sua necessidade de agilidade na entrega. Para as regi\u00f5es de at\u00e9 200 km de S\u00e3o Paulo enviamos por motoboy.<\/span><\/p>\n<p class=\"MsoNormal\" style=\"text-align: justify;\"><span style=\"font-family: Verdana;\"><b>Garantia:<\/b>\u00a03 meses<\/span><\/p>\n<p class=\"MsoNormal\" style=\"text-align: justify;\"><span style=\"font-family: Verdana;\">\u00a0<\/span><\/p>\n<p class=\"MsoNormal\" style=\"text-align: justify;\">\n<p class=\"MsoNormal\" style=\"text-align: justify;\"><span style=\"font-family: Verdana;\"><b>Observa\u00e7\u00f5es Gerais:<\/b><\/span><\/p>\n<p class=\"MsoNormal\" style=\"text-align: justify;\"><span style=\"font-family: Verdana;\">Para realizar a montagem, ser\u00e1 necess\u00e1ria a compra de pe\u00e7as novas ou utiliza\u00e7\u00e3o de pe\u00e7as que j\u00e1 possua.<\/span><\/p>\n<p class=\"MsoNormal\" style=\"text-align: justify;\"><span style=\"font-family: Verdana;\">N\u00e3o trocaremos pe\u00e7as que foram retificadas ou danificadas, portanto verifique o produto antes de mont\u00e1-lo.<\/span><\/p>\n<p class=\"MsoNormal\" style=\"text-align: justify;\"><span style=\"font-family: Verdana;\">Consulte-nos caso tenha alguma d\u00favida quanto ao frete.<\/span><\/p>\n<p class=\"MsoNormal\" style=\"text-align: justify;\"><span style=\"font-family: Verdana;\">\u00a0<\/span><\/p>\n<p class=\"MsoNormal\" style=\"text-align: justify;\">\n<p class=\"MsoNormal\" style=\"text-align: justify;\"><span style=\"font-family: Verdana;\">Essa \u00e9 a sua grande oportunidade para comprar o melhor\u00a0<b>cabe\u00e7ote Chevrolet Cobalt 1.8 8 v\u00e1lvulas Roletado Flex Origina<\/b>l do mercado. Se necessita de mais op\u00e7\u00f5es de pe\u00e7as, ent\u00e3o consulte toda a nossa linha de cabe\u00e7otes<a href=\"https:\/\/q3autoimports.com.br\/chevrolet-cabecotes-novos\" target=\"_blank\" rel=\"noopener\"> Chevrolet<\/a>, entre outros modelos da fabricante. Aproveite!<\/span><\/p>\n","protected":false},"excerpt":{"rendered":"<p>Sale of Chevrolet Cobalt 1.8 8v Roller Flex Original Cylinder Head The Chevrolet Cobalt 1.8 8 valves Roller Flex cylinder head<\/p>","protected":false},"featured_media":10946,"comment_status":"open","ping_status":"closed","template":"","meta":[],"product_cat":[125,182],"product_tag":[702],"class_list":["post-7392","product","type-product","status-publish","has-post-thumbnail","hentry","product_cat-chevrolet-cabecotes-novos","product_cat-cabecotes-novos","product_tag-cabecote-chevrolet-gm-cobalt-1-8-8v-roletado-flex-de-2013-a-2019-original-novo-93376337"],"_links":{"self":[{"href":"https:\/\/q3autoimports.com.br\/en\/wp-json\/wp\/v2\/product\/7392","targetHints":{"allow":["GET"]}}],"collection":[{"href":"https:\/\/q3autoimports.com.br\/en\/wp-json\/wp\/v2\/product"}],"about":[{"href":"https:\/\/q3autoimports.com.br\/en\/wp-json\/wp\/v2\/types\/product"}],"replies":[{"embeddable":true,"href":"https:\/\/q3autoimports.com.br\/en\/wp-json\/wp\/v2\/comments?post=7392"}],"wp:featuredmedia":[{"embeddable":true,"href":"https:\/\/q3autoimports.com.br\/en\/wp-json\/wp\/v2\/media\/10946"}],"wp:attachment":[{"href":"https:\/\/q3autoimports.com.br\/en\/wp-json\/wp\/v2\/media?parent=7392"}],"wp:term":[{"taxonomy":"product_cat","embeddable":true,"href":"https:\/\/q3autoimports.com.br\/en\/wp-json\/wp\/v2\/product_cat?post=7392"},{"taxonomy":"product_tag","embeddable":true,"href":"https:\/\/q3autoimports.com.br\/en\/wp-json\/wp\/v2\/product_tag?post=7392"}],"curies":[{"name":"wp","href":"https:\/\/api.w.org\/{rel}","templated":true}]}}