{"id":7409,"date":"2020-06-19T19:24:47","date_gmt":"2020-06-19T19:24:47","guid":{"rendered":"https:\/\/q3autoimports.com.br\/produto\/cabecote-chevrolet-celta-1-0-8v-vhc-vhce-flex-original-montado-tucho-roletado-novo\/"},"modified":"2024-09-09T13:16:08","modified_gmt":"2024-09-09T13:16:08","slug":"chevrolet-celta-1-0-8v-vhc-vhce-flex-original-cylinder-head-assembled-new-roller-tappet","status":"publish","type":"product","link":"https:\/\/q3autoimports.com.br\/en\/chevrolet-celta-1-0-8v-vhc-vhce-flex-original-cylinder-head-assembled-new-roller-tappet\/","title":{"rendered":"Chevrolet Celta 1.0 8V VHC\/VHCE Flex cylinder head original assembled New Roller Tacho"},"content":{"rendered":"<p class=\"MsoNormal\" style=\"text-align: justify;\"><span style=\"font-family: Verdana;\"><b>Venda de Cabe\u00e7ote Chevrolet Celta 1.0 8V original montado Tucho Roletado Novo<\/b><\/span><\/p>\n<p class=\"MsoNormal\" style=\"text-align: justify;\"><span style=\"font-family: Verdana;\">O <b>cabe\u00e7ote Chevrolet Celta 1.0 8 v\u00e1lvulas<\/b> original montado tucho roletado, serve nos modelos a partir do ano de 2007 at\u00e9 o ano de 2016. O cabe\u00e7ote possui altura original standard de <b>96,00\u00a0mm<\/b>. Esse produto \u00e9 novo e aplica-se nos ve\u00edculos <b>Prisma, Corsa, Celta, Corsa Classic e Onix<\/b> da montadora Chevrolet. Produto de alta qualidade e durabilidade, proporcionando mais seguran\u00e7a para voc\u00ea e seu ve\u00edculo.<\/span><\/p>\n<p class=\"MsoNormal\" style=\"text-align: justify;\">\n<p class=\"MsoNormal\"><span style=\"color: #333333; text-align: justify; font-weight: bold; font-family: Verdana;\">Especifica\u00e7\u00e3o do\u00a0<\/span><span style=\"color: #333333; text-align: justify; font-weight: bold; font-family: Verdana;\">Cabe\u00e7ote GM Celta 1.0 8V\u00a0<\/span><span style=\"font-family: Verdana;\"><br \/>\n<\/span><\/p>\n<div style=\"text-align: justify;\"><span style=\"font-family: Verdana;\"><span style=\"color: inherit;\"><b>Montadora:<\/b> Chevrolet<\/span><\/span><\/div>\n<div style=\"text-align: justify;\"><span style=\"font-family: Verdana;\"><span style=\"color: inherit;\"><b>Motor:<\/b> 1.0 Roletado<\/span><\/span><\/div>\n<div style=\"text-align: justify;\"><span style=\"font-family: Verdana;\"><span style=\"color: inherit;\"><b>Ano:<\/b> 2007 a 2016<\/span><\/span><\/div>\n<div style=\"text-align: justify;\"><span style=\"font-family: Verdana;\"><span style=\"color: inherit;\"><b>Altura:<\/b> 96,00\u00a0mm<\/span><\/span><\/div>\n<div style=\"text-align: justify;\"><span style=\"font-family: Verdana;\"><span style=\"color: inherit;\"><b>Marca: <\/b>GM Original<\/span><\/span><\/div>\n<div style=\"text-align: justify;\"><span style=\"font-family: Verdana;\"><span style=\"color: inherit;\"><b>N\u00famero da pe\u00e7a:<\/b> 93399242<\/span><\/span><\/div>\n<div style=\"text-align: justify;\"><span style=\"font-family: Verdana;\"><span style=\"color: inherit;\">\u00a0<\/span><\/span><\/div>\n<p>&nbsp;<\/p>\n<p class=\"MsoNormal\"><span style=\"color: #333333; text-align: justify; font-weight: bold; font-family: Verdana;\">Para quais motores servem o cabe\u00e7ote\u00a0<\/span><span style=\"color: #333333; font-family: inherit; text-align: justify; font-weight: bold;\">GM Celta 1.0 8V<\/span><\/p>\n<div style=\"text-align: justify;\"><span style=\"font-family: Verdana;\">\u00a0<\/span><\/div>\n<p>&nbsp;<\/p>\n<ul>\n<li style=\"text-align: justify;\"><span style=\"color: inherit;\">Cabe\u00e7ote Chevrolet Prisma 1.0 Flex VHC \/ VHCE ano 2008-2009-2010-2011-2012-2013-2014-2015-2016-2017-2018-2019<\/span><\/li>\n<\/ul>\n<ul>\n<li style=\"text-align: justify;\"><span style=\"font-family: Verdana;\">Cabe\u00e7ote Chevrolet Corsa Novo 1.0 Flex VHC \/ VHCE ano 2006-2007-2008-2009<\/span><\/li>\n<\/ul>\n<ul>\n<li style=\"text-align: justify;\"><span style=\"font-family: Verdana;\">Cabe\u00e7ote Chevrolet Celta 1.0 Flex VHC \/ VHCE ano 2007-2008-2009-2010-2011-2012-2013-2014-2015-2016<\/span><\/li>\n<\/ul>\n<ul>\n<li style=\"text-align: justify;\"><span style=\"font-family: Verdana;\">Cabe\u00e7ote Chevrolet Corsa Classic 1.0 Flex VHC \/ VHCE ano 2006-2007-2008-2009-2010-2011-2012-2013-2014-2015-2016-2017<\/span><\/li>\n<\/ul>\n<ul>\n<li style=\"text-align: justify;\"><span style=\"font-family: Verdana;\">Cabe\u00e7ote Chevrolet Onix 1.0 Flex VHC \/ VHCE ano 2013-2014-2015-2016-2017-2018-2019<\/span><\/li>\n<\/ul>\n<p>&nbsp;<\/p>\n<p class=\"MsoNormal\" style=\"text-align: justify;\">\n<p class=\"MsoNormal\" style=\"text-align: justify;\"><span style=\"font-family: Verdana;\"><b>Torque do cabe\u00e7ote Gm 1.0 8V\u00a0<\/b><\/span><\/p>\n<table class=\"MsoNormalTable\" style=\"width: 412.5pt; margin-left: -0.4pt; background: white;\" border=\"1\" width=\"550\" cellspacing=\"0\" cellpadding=\"0\">\n<tbody>\n<tr style=\"mso-yfti-irow: 0; mso-yfti-firstrow: yes; height: 22.5pt;\">\n<td style=\"padding: 0cm 0cm 0cm 0cm; height: 22.5pt;\" colspan=\"9\">\n<p class=\"MsoNormal\" style=\"margin-bottom: 0cm; text-align: center; line-height: normal;\" align=\"center\"><span style=\"font-size: 10.5pt; font-family: 'Helvetica',sans-serif; mso-fareast-font-family: 'Times New Roman'; color: #333333; mso-fareast-language: PT-BR;\"><b>Torque do cabe\u00e7ote Gm 1.0 8V <\/b><\/span><\/p>\n<\/td>\n<\/tr>\n<tr>\n<td style=\"padding: 0cm 0cm 0cm 0cm;\">\n<p class=\"MsoNormal\" style=\"margin-bottom: 0cm; line-height: normal;\"><b><span style=\"font-size: 10.5pt; font-family: 'Helvetica',sans-serif; mso-fareast-font-family: 'Times New Roman'; color: #333333; mso-fareast-language: PT-BR;\">Tabela de Torque<\/span><\/b><\/p>\n<\/td>\n<td style=\"padding: 0cm 0cm 0cm 0cm;\">\n<p class=\"MsoNormal\" style=\"margin-bottom: 0cm; text-align: center; line-height: normal;\" align=\"center\"><b><span style=\"font-size: 10.5pt; font-family: 'Helvetica',sans-serif; mso-fareast-font-family: 'Times New Roman'; color: #333333; mso-fareast-language: PT-BR;\">Nm<\/span><\/b><\/p>\n<\/td>\n<td style=\"padding: 0cm 0cm 0cm 0cm;\" colspan=\"7\">\n<p class=\"MsoNormal\" style=\"margin-bottom: 0cm; text-align: center; line-height: normal;\" align=\"center\"><b><span style=\"font-size: 10.5pt; font-family: 'Helvetica',sans-serif; mso-fareast-font-family: 'Times New Roman'; color: #333333; mso-fareast-language: PT-BR;\">(+) Angular <\/span><\/b><b><span style=\"font-size: 10.5pt; font-family: 'Cambria Math',serif; mso-fareast-font-family: 'Times New Roman'; mso-bidi-font-family: 'Cambria Math'; color: #333333; mso-fareast-language: PT-BR;\">\u2220<\/span><\/b><\/p>\n<\/td>\n<\/tr>\n<tr>\n<td style=\"width: 90.45pt; padding: 0cm 0cm 0cm 0cm;\" width=\"121\">\n<p class=\"MsoNormal\" style=\"margin-bottom: 0cm; line-height: normal;\"><span style=\"font-size: 10.5pt; font-family: 'Helvetica',sans-serif; mso-fareast-font-family: 'Times New Roman'; color: #333333; mso-fareast-language: PT-BR;\">Etapas<\/span><\/p>\n<\/td>\n<td style=\"width: 41.1pt; padding: 0cm 0cm 0cm 0cm;\" width=\"55\">\n<p class=\"MsoNormal\" style=\"margin-bottom: 0cm; text-align: center; line-height: normal;\" align=\"center\"><span style=\"font-size: 10.5pt; font-family: 'Helvetica',sans-serif; mso-fareast-font-family: 'Times New Roman'; color: #333333; mso-fareast-language: PT-BR;\">1<\/span><\/p>\n<\/td>\n<td style=\"width: 39.25pt; padding: 0cm 0cm 0cm 0cm;\" width=\"52\">\n<p class=\"MsoNormal\" style=\"margin-bottom: 0cm; text-align: center; line-height: normal;\" align=\"center\"><span style=\"font-size: 10.5pt; font-family: 'Helvetica',sans-serif; mso-fareast-font-family: 'Times New Roman'; color: #333333; mso-fareast-language: PT-BR;\">2<\/span><\/p>\n<\/td>\n<td style=\"width: 39.25pt; padding: 0cm 0cm 0cm 0cm;\" width=\"52\">\n<p class=\"MsoNormal\" style=\"margin-bottom: 0cm; text-align: center; line-height: normal;\" align=\"center\"><span style=\"font-size: 10.5pt; font-family: 'Helvetica',sans-serif; mso-fareast-font-family: 'Times New Roman'; color: #333333; mso-fareast-language: PT-BR;\">3<\/span><\/p>\n<\/td>\n<td style=\"width: 40.8pt; padding: 0cm 0cm 0cm 0cm;\" width=\"54\">\n<p class=\"MsoNormal\" style=\"margin-bottom: 0cm; text-align: center; line-height: normal;\" align=\"center\"><span style=\"font-size: 10.5pt; font-family: 'Helvetica',sans-serif; mso-fareast-font-family: 'Times New Roman'; color: #333333; mso-fareast-language: PT-BR;\">4<\/span><\/p>\n<\/td>\n<td style=\"width: 40.8pt; padding: 0cm 0cm 0cm 0cm;\" width=\"54\">\n<p class=\"MsoNormal\" style=\"margin-bottom: 0cm; text-align: center; line-height: normal;\" align=\"center\"><span style=\"font-size: 10.5pt; font-family: 'Helvetica',sans-serif; mso-fareast-font-family: 'Times New Roman'; color: #333333; mso-fareast-language: PT-BR;\">5<\/span><\/p>\n<\/td>\n<td style=\"width: 40.8pt; padding: 0cm 0cm 0cm 0cm;\" width=\"54\">\n<p class=\"MsoNormal\" style=\"margin-bottom: 0cm; text-align: center; line-height: normal;\" align=\"center\"><span style=\"font-size: 10.5pt; font-family: 'Helvetica',sans-serif; mso-fareast-font-family: 'Times New Roman'; color: #333333; mso-fareast-language: PT-BR;\">6<\/span><\/p>\n<\/td>\n<td style=\"width: 40.8pt; padding: 0cm 0cm 0cm 0cm;\" width=\"54\">\n<p class=\"MsoNormal\" style=\"margin-bottom: 0cm; text-align: center; line-height: normal;\" align=\"center\"><span style=\"font-size: 10.5pt; font-family: 'Helvetica',sans-serif; mso-fareast-font-family: 'Times New Roman'; color: #333333; mso-fareast-language: PT-BR;\">7<\/span><\/p>\n<\/td>\n<td style=\"width: 39.25pt; padding: 0cm 0cm 0cm 0cm;\" width=\"52\">\n<p class=\"MsoNormal\" style=\"margin-bottom: 0cm; text-align: center; line-height: normal;\" align=\"center\"><span style=\"font-size: 10.5pt; font-family: 'Helvetica',sans-serif; mso-fareast-font-family: 'Times New Roman'; color: #333333; mso-fareast-language: PT-BR;\">8<\/span><\/p>\n<\/td>\n<\/tr>\n<tr>\n<td style=\"padding: 0cm 0cm 0cm 0cm;\">\n<p class=\"MsoNormal\" style=\"margin-bottom: 0cm; line-height: normal;\"><span style=\"font-size: 10.5pt; font-family: 'Helvetica',sans-serif; mso-fareast-font-family: 'Times New Roman'; color: #333333; mso-fareast-language: PT-BR;\">Parafusos<\/span><\/p>\n<\/td>\n<td style=\"padding: 0cm 0cm 0cm 0cm;\">\n<p class=\"MsoNormal\" style=\"margin-bottom: 0cm; text-align: center; line-height: normal;\" align=\"center\"><span style=\"font-size: 10.5pt; font-family: 'Helvetica',sans-serif; mso-fareast-font-family: 'Times New Roman'; color: #333333; mso-fareast-language: PT-BR;\">25 Nm<\/span><\/p>\n<\/td>\n<td style=\"padding: 0cm 0cm 0cm 0cm;\">\n<p class=\"MsoNormal\" style=\"margin-bottom: 0cm; text-align: center; line-height: normal;\" align=\"center\"><span style=\"font-size: 10.5pt; font-family: 'Helvetica',sans-serif; mso-fareast-font-family: 'Times New Roman'; color: #333333; mso-fareast-language: PT-BR;\">90\u00ba<\/span><\/p>\n<\/td>\n<td style=\"padding: 0cm 0cm 0cm 0cm;\">\n<p class=\"MsoNormal\" style=\"margin-bottom: 0cm; text-align: center; line-height: normal;\" align=\"center\"><span style=\"font-size: 10.5pt; font-family: 'Helvetica',sans-serif; mso-fareast-font-family: 'Times New Roman'; color: #333333; mso-fareast-language: PT-BR;\">90\u00ba<\/span><\/p>\n<\/td>\n<td style=\"padding: 0cm 0cm 0cm 0cm;\">\n<p class=\"MsoNormal\" style=\"margin-bottom: 0cm; text-align: center; line-height: normal;\" align=\"center\"><span style=\"font-size: 10.5pt; font-family: 'Helvetica',sans-serif; mso-fareast-font-family: 'Times New Roman'; color: #333333; mso-fareast-language: PT-BR;\">10\u00ba<\/span><\/p>\n<\/td>\n<td style=\"padding: 0cm 0cm 0cm 0cm;\"><\/td>\n<td style=\"padding: 0cm 0cm 0cm 0cm;\"><\/td>\n<td style=\"padding: 0cm 0cm 0cm 0cm;\"><\/td>\n<td style=\"padding: 0cm 0cm 0cm 0cm;\"><\/td>\n<\/tr>\n<tr>\n<td style=\"padding: 0cm 0cm 0cm 0cm;\" colspan=\"9\">\n<p class=\"MsoNormal\" style=\"margin-bottom: 0cm; text-align: center; line-height: normal;\" align=\"center\"><b><span style=\"font-size: 10.5pt; font-family: 'Helvetica',sans-serif; mso-fareast-font-family: 'Times New Roman'; color: #333333; mso-fareast-language: PT-BR;\">Sequ\u00eancia de Aperto<\/span><\/b><span style=\"font-size: 10.5pt; font-family: 'Helvetica',sans-serif; mso-fareast-font-family: 'Times New Roman'; color: #333333; mso-fareast-language: PT-BR;\"><br \/>\n<!-- [if !supportLineBreakNewLine]--><br \/>\n<!--[endif]--><\/span><\/p>\n<p class=\"MsoNormal\" style=\"margin-bottom: 0cm; text-align: center; line-height: normal;\" align=\"center\"><span style=\"font-size: 10.5pt; font-family: 'Helvetica',sans-serif; mso-fareast-font-family: 'Times New Roman'; color: #333333; mso-fareast-language: PT-BR; mso-no-proof: yes;\">\u00a0<\/span><\/p>\n<p class=\"MsoNormal\" style=\"margin-bottom: 0cm; text-align: center; line-height: normal;\" align=\"center\"><img decoding=\"async\" style=\"width: 282px;\" src=\"https:\/\/q3autoimports.com.br\/image\/catalog\/logo\/torques\/torque-do-cabecote-gm1.4.png\" \/><span style=\"font-size: 10.5pt; font-family: 'Helvetica',sans-serif; mso-fareast-font-family: 'Times New Roman'; color: #333333; mso-fareast-language: PT-BR; mso-no-proof: yes;\">\u00a0<\/span><\/p>\n<p class=\"MsoNormal\" style=\"margin-bottom: 0cm; text-align: center; line-height: normal;\" align=\"center\"><span style=\"font-size: 10.5pt; font-family: 'Helvetica',sans-serif; mso-fareast-font-family: 'Times New Roman'; color: #333333; mso-fareast-language: PT-BR; mso-no-proof: yes;\"><br \/>\n<\/span><span style=\"color: #333333; font-family: Helvetica, sans-serif; font-size: 10.5pt;\">\u00a0<\/span><\/p>\n<\/td>\n<\/tr>\n<tr>\n<td style=\"padding: 0cm 0cm 0cm 0cm;\" colspan=\"2\">\n<p class=\"MsoNormal\" style=\"margin-bottom: 0cm; line-height: normal;\"><span style=\"font-size: 10.5pt; font-family: 'Helvetica',sans-serif; mso-fareast-font-family: 'Times New Roman'; color: #333333; mso-fareast-language: PT-BR;\">Altura m\u00ednima do cabe\u00e7ote<\/span><\/p>\n<\/td>\n<td style=\"padding: 0cm 0cm 0cm 0cm;\" colspan=\"2\">\n<p class=\"MsoNormal\" style=\"margin-bottom: 0cm; line-height: normal;\"><span style=\"font-size: 10.5pt; font-family: 'Helvetica',sans-serif; mso-fareast-font-family: 'Times New Roman'; color: #333333; mso-fareast-language: PT-BR;\">95<\/span><\/p>\n<\/td>\n<td style=\"padding: 0cm 0cm 0cm 0cm;\" colspan=\"4\">\n<p class=\"MsoNormal\" style=\"margin-bottom: 0cm; line-height: normal;\"><span style=\"font-size: 10.5pt; font-family: 'Helvetica',sans-serif; mso-fareast-font-family: 'Times New Roman'; color: #333333; mso-fareast-language: PT-BR;\">Altura Padr\u00e3o (STD) do cabe\u00e7ote<\/span><\/p>\n<\/td>\n<td style=\"padding: 0cm 0cm 0cm 0cm;\"><\/td>\n<\/tr>\n<\/tbody>\n<\/table>\n<p class=\"MsoNormal\" style=\"text-align: justify;\">\n<p class=\"MsoNormal\" style=\"text-align: justify;\"><span style=\"font-family: Verdana;\">\u00a0<\/span><\/p>\n<p class=\"MsoNormal\" style=\"text-align: justify;\"><span style=\"font-family: Verdana;\">Na Q3 voc\u00ea encontra o melhor cabe\u00e7ote <b>Chevrolet Celta 1.0 8V original<\/b> montado tucho roletado! Somos uma das marcas refer\u00eancia no mercado automobil\u00edstico sendo especializada na venda de cabe\u00e7otes novos. Se voc\u00ea est\u00e1 \u00e0 procura do cabe\u00e7ote <b>Chevrolet Celta 1.0 8V original <\/b>montado tucho roletado, ent\u00e3o encontrou o lugar certo. Acompanhe a seguir todas as informa\u00e7\u00f5es deste produto. Em caso de d\u00favidas, entre em contato com a nossa equipe. Atendemos propriet\u00e1rios de ve\u00edculos e mec\u00e2nicas.<\/span><\/p>\n<div style=\"text-align: justify;\"><span style=\"font-family: Verdana; color: inherit;\"><b>Acompanha pe\u00e7as para montagem: <\/b>n\u00e3o<\/span><\/div>\n<p>&nbsp;<\/p>\n<div style=\"text-align: justify;\"><span style=\"color: inherit;\"><b>Prazo de devolu\u00e7\u00e3o: <\/b>7 dias<\/span><\/div>\n<div style=\"text-align: justify;\"><span style=\"color: inherit;\"><b>Local de envio: <\/b>enviamos para todo o Brasil<\/span><\/div>\n<div style=\"text-align: justify;\"><span style=\"color: inherit;\"><b>Forma de envio:\u00a0<\/b>via Correios (Sedex ou PAC), transporte a\u00e9reo e\/ou transportadora, dependendo da sua necessidade de agilidade na entrega. Para as regi\u00f5es de at\u00e9 200 km de S\u00e3o Paulo enviamos por motoboy.<\/span><\/div>\n<div style=\"text-align: justify;\"><span style=\"color: inherit;\"><b>Garantia: 3<\/b>\u00a0meses<\/span><\/div>\n<div style=\"text-align: justify;\"><span style=\"color: inherit;\">\u00a0<\/span><\/div>\n<p>&nbsp;<\/p>\n<div style=\"text-align: justify;\"><span style=\"font-family: Verdana; color: inherit;\"><b>Observa\u00e7\u00f5es Gerais:<\/b><\/span><\/div>\n<p>&nbsp;<\/p>\n<div style=\"text-align: justify;\"><span style=\"color: inherit;\">Para realizar a montagem, ser\u00e1 necess\u00e1ria a compra de pe\u00e7as novas ou utiliza\u00e7\u00e3o de pe\u00e7as que j\u00e1 possua.<\/span><\/div>\n<div style=\"text-align: justify;\"><span style=\"color: inherit;\">N\u00e3o trocaremos pe\u00e7as que foram retificadas ou danificadas, portanto verifique o produto antes de mont\u00e1-lo.<\/span><\/div>\n<div style=\"text-align: justify;\"><span style=\"color: inherit;\">Consulte-nos caso tenha alguma d\u00favida quanto ao frete.<\/span><\/div>\n<div style=\"text-align: justify;\"><span style=\"color: inherit;\">\u00a0<\/span><\/div>\n<p>&nbsp;<\/p>\n<p class=\"MsoNormal\" style=\"text-align: justify;\"><span style=\"font-family: Verdana;\">Essa \u00e9 a sua grande oportunidade para comprar o melhor <b>cabe\u00e7ote Chevrolet Celta 1.0 8V original <\/b>montado tucho roletado Novo. Se necessita de mais op\u00e7\u00f5es de pe\u00e7as, ent\u00e3o consulte toda a nossa linha de cabe\u00e7otes para carros <a href=\"https:\/\/q3autoimports.com.br\/chevrolet-cabecotes-novos\" target=\"_blank\" rel=\"noopener\">Chevrolet<\/a>, entre outros modelos das fabricantes. Aproveite!<\/span><\/p>\n","protected":false},"excerpt":{"rendered":"<p>Sale of original Chevrolet Celta 1.0 8V cylinder head assembled New Roller Tacho The original Chevrolet Celta 1.0 8 valve cylinder head<\/p>","protected":false},"featured_media":10957,"comment_status":"open","ping_status":"closed","template":"","meta":[],"product_cat":[125,182],"product_tag":[718],"class_list":["post-7409","product","type-product","status-publish","has-post-thumbnail","hentry","product_cat-chevrolet-cabecotes-novos","product_cat-cabecotes-novos","product_tag-cabecote-chevrolet-celta-1-0-8v-vhc-vhce-flex-original-montado-tucho-roletado-novo"],"_links":{"self":[{"href":"https:\/\/q3autoimports.com.br\/en\/wp-json\/wp\/v2\/product\/7409","targetHints":{"allow":["GET"]}}],"collection":[{"href":"https:\/\/q3autoimports.com.br\/en\/wp-json\/wp\/v2\/product"}],"about":[{"href":"https:\/\/q3autoimports.com.br\/en\/wp-json\/wp\/v2\/types\/product"}],"replies":[{"embeddable":true,"href":"https:\/\/q3autoimports.com.br\/en\/wp-json\/wp\/v2\/comments?post=7409"}],"wp:featuredmedia":[{"embeddable":true,"href":"https:\/\/q3autoimports.com.br\/en\/wp-json\/wp\/v2\/media\/10957"}],"wp:attachment":[{"href":"https:\/\/q3autoimports.com.br\/en\/wp-json\/wp\/v2\/media?parent=7409"}],"wp:term":[{"taxonomy":"product_cat","embeddable":true,"href":"https:\/\/q3autoimports.com.br\/en\/wp-json\/wp\/v2\/product_cat?post=7409"},{"taxonomy":"product_tag","embeddable":true,"href":"https:\/\/q3autoimports.com.br\/en\/wp-json\/wp\/v2\/product_tag?post=7409"}],"curies":[{"name":"wp","href":"https:\/\/api.w.org\/{rel}","templated":true}]}}