{"id":7425,"date":"2020-06-26T18:55:12","date_gmt":"2020-06-26T18:55:12","guid":{"rendered":"https:\/\/q3autoimports.com.br\/produto\/cabecote-peugeot-boxer-2-3-16v-euro-3-diesel-502295001\/"},"modified":"2024-09-09T13:16:02","modified_gmt":"2024-09-09T13:16:02","slug":"cabecote-peugeot-boxer-2-3-16v-euro-3-diesel-502295001","status":"publish","type":"product","link":"https:\/\/q3autoimports.com.br\/en\/cabecote-peugeot-boxer-2-3-16v-euro-3-diesel-502295001\/","title":{"rendered":"Cabe\u00e7ote Peugeot Boxer 2.3 16v Euro 3 Diesel 502295001"},"content":{"rendered":"<h2><span style=\"font-family: Verdana;\"><b>Venda de Cabe\u00e7ote Peugeot Boxer\u00a0 2.3 16V Euro 3<\/b><\/span><\/h2>\n<h2><iframe class=\"note-video-clip\" src=\"\/\/www.youtube.com\/embed\/-sEoc15rK6c\" width=\"640\" height=\"360\" frameborder=\"0\"><\/iframe><span style=\"font-family: Verdana;\"><b>\u00a0<\/b><\/span><\/h2>\n<h4 style=\"text-align: justify;\"><span style=\"font-family: Verdana;\">O cabe\u00e7ote Peugeot Boxer 2.3 16 v\u00e1lvulas Euro 3, serve nos modelos a partir do ano de 2004 at\u00e9 o ano de 2014. O cabe\u00e7ote possui altura original standard de 112,10 mm. Esse produto \u00e9 novo e aplica-se nos ve\u00edculo Boxer montadora Peug<\/span>eot. Produto de alta qualidade e durabilidade, proporcionando mais seguran\u00e7a para voc\u00ea e seu ve\u00edculo.<\/h4>\n<p>&nbsp;<\/p>\n<h4><span style=\"font-family: Verdana;\"><b>Technical Specification:<\/b><\/span><\/h4>\n<h4><span style=\"font-family: Verdana;\"><b>\u00a0<\/b><\/span><\/h4>\n<h4><span style=\"font-family: Verdana;\"><b>Assembler:<\/b> Peugeot<\/span><\/h4>\n<h4><span style=\"font-family: Verdana;\"><b>Engine: <\/b>2.3 16v Multijet Turbo Diesel F1AE \/ Euro 3<\/span><\/h4>\n<h4><span style=\"font-family: Verdana;\"><b>Year: <\/b>2004 to 2014<\/span><\/h4>\n<h4><span style=\"font-family: Verdana;\"><b>Mark: <\/b>Q3 auto imports\u00a0<\/span><\/h4>\n<h4><span style=\"font-family: Verdana;\"><b>Height: <\/b>112.10mm standard \/ 111.90mm minimum<\/span><\/h4>\n<h4><span style=\"font-family: Verdana;\"><b>Product:<\/b> New<\/span><\/h4>\n<h4><span style=\"font-family: Verdana;\"><b>Part number:<\/b> 502295001<\/span><\/h4>\n<h4><span style=\"font-family: Verdana;\"><b>Model:<\/b> Euro 3<\/span><\/h4>\n<h4><span style=\"font-family: Verdana;\">\u00a0<\/span><\/h4>\n<h4><span style=\"font-family: Verdana;\"><b>Application:<\/b><\/span><\/h4>\n<h4><span style=\"font-family: Verdana;\"><b>\u00a0<\/b><\/span><\/h4>\n<ul>\n<li><span style=\"font-family: Verdana;\">Cylinder head Fiat Ducato 2.3 16V Multijet Euro 3 Turbo Diesel 2004-2005-2006-2007-2008-2009-2010-2011-2012-2013-2014<\/span><\/li>\n<\/ul>\n<ul>\n<li><span style=\"font-family: Verdana;\">Cylinder head Citroen Jumper 2.3 16V Multijet Euro 3 Turbo Diesel 2004-2005-2006-2007-2008-2009-2010-2011-2012-2013-2014<\/span><\/li>\n<\/ul>\n<ul>\n<li><span style=\"font-family: Verdana;\">Cylinder head Peugeot Boxer 2.3 16V Multijet Euro 3 Turbo Diesel 2004-2005-2006-2007-2008-2009-2010-2011-2012-2013-2014<\/span><\/li>\n<\/ul>\n<h4><span style=\"font-family: Verdana;\">\u00a0<\/span><\/h4>\n<h4 style=\"text-align: justify;\"><span style=\"font-family: Verdana;\">At Q3 you will find the best <b>cabe\u00e7ote Peugeot Boxer 2.3 16V Euro 3<\/b>! We are one of the leading brands in the automotive market, specializing in the sale of new cylinder heads. If you are looking for <b>cabe\u00e7ote Peugeot Boxer 2.3 16V Euro 3<\/b>, then you&#039;ve come to the right place. Read on for all the information about this product. If you have any questions, please contact our team. We serve vehicle owners and mechanics.<\/span><\/h4>\n<h4 style=\"text-align: justify;\"><span style=\"font-family: Verdana;\">\u00a0<\/span><\/h4>\n<h4 style=\"text-align: justify;\"><span style=\"font-family: Verdana;\"><b>Includes parts for assembly: <\/b>no<\/span><\/h4>\n<h4 style=\"text-align: justify;\"><span style=\"font-family: Verdana;\"><b>Return period: <\/b>7 days<\/span><\/h4>\n<h4 style=\"text-align: justify;\"><span style=\"font-family: Verdana;\"><b>Shipping location:<\/b> We ship to all of Brazil<\/span><\/h4>\n<h4 style=\"text-align: justify;\"><span style=\"font-family: Verdana;\"><b>Shipping method:<\/b> We ship via Brazilian Post (Sedex or PAC), air freight, and\/or courier, depending on your needs for faster delivery. For regions up to 200 km from S\u00e3o Paulo, we ship by motorcycle courier.<\/span><\/h4>\n<h4 style=\"text-align: justify;\"><span style=\"font-family: Verdana;\"><b>Guarantee:<\/b>\u00a03 months<\/span><\/h4>\n<h4 style=\"text-align: justify;\"><span style=\"font-family: Verdana;\">\u00a0<\/span><\/h4>\n<h4 style=\"text-align: justify;\"><span style=\"font-family: Verdana;\"><b>General Observations:<\/b><\/span><\/h4>\n<h4 style=\"text-align: justify;\"><span style=\"font-family: Verdana;\">To carry out the assembly, you will need to purchase new parts or use parts you already have.<\/span><\/h4>\n<h4 style=\"text-align: justify;\"><span style=\"font-family: Verdana;\">We will not replace parts that have been reworked or damaged, so please inspect the product before assembling.<\/span><\/h4>\n<h4 style=\"text-align: justify;\"><span style=\"font-family: Verdana;\">Please contact us if you have any questions regarding shipping.<\/span><\/h4>\n<h4 style=\"text-align: justify;\"><span style=\"font-family: Verdana;\">\u00a0<\/span><\/h4>\n<h4 style=\"text-align: justify;\"><span style=\"font-family: Verdana;\">This is your great opportunity to buy the best <b>cabe\u00e7ote Peugeot Boxer 2.3 16V Euro 3<\/b> Novo. Se necessita de mais op\u00e7\u00f5es de pe\u00e7as, ent\u00e3o consulte toda a nossa linha de cabe\u00e7otes para carros Peugeot, entre outros modelos das fabricantes. Aproveite!<\/span><\/h4>\n<div style=\"text-align: justify;\"><\/div>","protected":false},"excerpt":{"rendered":"<p>Venda de Cabe\u00e7ote Peugeot Boxer\u00a0 2.3 16V Euro 3 \u00a0 O cabe\u00e7ote Peugeot Boxer 2.3 16 v\u00e1lvulas Euro 3, serve<\/p>","protected":false},"featured_media":10959,"comment_status":"open","ping_status":"closed","template":"","meta":[],"product_cat":[182],"product_tag":[734],"class_list":["post-7425","product","type-product","status-publish","has-post-thumbnail","hentry","product_cat-cabecotes-novos","product_tag-cabecote-peugeot-boxer-2-3-16v-euro-3-diesel-produto-da-marca-amc"],"_links":{"self":[{"href":"https:\/\/q3autoimports.com.br\/en\/wp-json\/wp\/v2\/product\/7425","targetHints":{"allow":["GET"]}}],"collection":[{"href":"https:\/\/q3autoimports.com.br\/en\/wp-json\/wp\/v2\/product"}],"about":[{"href":"https:\/\/q3autoimports.com.br\/en\/wp-json\/wp\/v2\/types\/product"}],"replies":[{"embeddable":true,"href":"https:\/\/q3autoimports.com.br\/en\/wp-json\/wp\/v2\/comments?post=7425"}],"wp:featuredmedia":[{"embeddable":true,"href":"https:\/\/q3autoimports.com.br\/en\/wp-json\/wp\/v2\/media\/10959"}],"wp:attachment":[{"href":"https:\/\/q3autoimports.com.br\/en\/wp-json\/wp\/v2\/media?parent=7425"}],"wp:term":[{"taxonomy":"product_cat","embeddable":true,"href":"https:\/\/q3autoimports.com.br\/en\/wp-json\/wp\/v2\/product_cat?post=7425"},{"taxonomy":"product_tag","embeddable":true,"href":"https:\/\/q3autoimports.com.br\/en\/wp-json\/wp\/v2\/product_tag?post=7425"}],"curies":[{"name":"wp","href":"https:\/\/api.w.org\/{rel}","templated":true}]}}