{"id":7433,"date":"2020-07-03T16:21:45","date_gmt":"2020-07-03T16:21:45","guid":{"rendered":"https:\/\/q3autoimports.com.br\/produto\/cabecote-volkswagen-golf-2-0-16v-novo\/"},"modified":"2024-09-09T13:15:59","modified_gmt":"2024-09-09T13:15:59","slug":"volkswagen-golf-2-0-16v-head-new","status":"publish","type":"product","link":"https:\/\/q3autoimports.com.br\/en\/volkswagen-golf-2-0-16v-head-new\/","title":{"rendered":"New Volkswagen Golf 2.0 16V Cylinder Head"},"content":{"rendered":"<p class=\"MsoNormal\" style=\"text-align: justify;\"><span style=\"font-family: Verdana;\"><b>Venda de Cabe\u00e7ote Volkswagen Golf 2.0 16V Novo<\/b><\/span><\/p>\n<p class=\"MsoNormal\" style=\"text-align: justify;\"><span style=\"font-family: Verdana;\">O cabe\u00e7ote do Volkswagen Golf 2.0 16 v\u00e1lvulas, serve nos modelos a partir do ano de 2005 at\u00e9 o ano de 2011. O cabe\u00e7ote possui altura original standard de 139,30 mm. Esse produto \u00e9 novo e aplica-se nos ve\u00edculos Jetta, Passat, Bora e Golf da montadora Volkswagen. Produto de alta qualidade e durabilidade, proporcionando mais seguran\u00e7a para voc\u00ea e seu ve\u00edculo.<\/span><\/p>\n<p class=\"MsoNormal\" style=\"text-align: justify;\"><span style=\"font-family: Verdana;\">\u00a0<\/span><\/p>\n<p class=\"MsoNormal\" style=\"margin: 7.5pt 0cm; font-size: 1em; line-height: normal;\"><span style=\"color: #333333; font-family: Verdana, sans-serif;\"><span style=\"font-size: 11.5pt;\"><span style=\"font-weight: bold;\">Tabela de altura Cabe\u00e7ote\u00a0<\/span><\/span><span style=\"font-size: 15.3333px;\"><span style=\"font-weight: bold;\">Volkswagen<\/span><\/span><span style=\"font-size: 11.5pt;\"><span style=\"font-weight: bold;\">\u00a0Golf 2.0 FSi \/ TSFi<\/span><\/span><\/span><\/p>\n<table class=\"MsoTable15Plain1\" style=\"width: 311.6pt; border: none;\" border=\"1\" width=\"415\" cellspacing=\"0\" cellpadding=\"0\">\n<tbody>\n<tr style=\"height: 27.35pt;\">\n<td style=\"padding: 0cm 5.4pt; width: 311.6pt; border: 1pt solid #bfbfbf; height: 27.35pt;\" colspan=\"3\" valign=\"top\" width=\"415\">\n<p class=\"MsoNormal\" style=\"margin-bottom: 0cm; font-size: 1em; text-align: center; line-height: normal;\" align=\"center\"><span style=\"font-weight: bold;\"><span style=\"font-size: 12pt; font-family: 'Times New Roman', serif;\">Altura do Cabe\u00e7ote Volkswagen Golf\u00a0 2.0 16V FSi \/ TSFi<\/span><\/span><\/p>\n<p class=\"MsoNormal\" style=\"margin-bottom: 0cm; font-size: 1em; line-height: normal;\"><span style=\"font-size: 12pt; font-family: 'Times New Roman', serif;\">\u00a0<\/span><\/p>\n<\/td>\n<\/tr>\n<tr style=\"height: 33.65pt;\">\n<td style=\"padding: 0cm 5.4pt; border-right: 1pt solid #bfbfbf; border-bottom: 1pt solid #bfbfbf; border-left: 1pt solid #bfbfbf; border-image: initial; border-top: none; background: #f2f2f2; height: 33.65pt;\" valign=\"top\">\n<p class=\"MsoNormal\" style=\"margin-bottom: 0cm; font-size: 1em; line-height: normal;\"><span style=\"font-weight: bold;\"><span style=\"font-size: 12pt; font-family: 'Times New Roman', serif;\">Modelo<\/span><\/span><\/p>\n<\/td>\n<td style=\"padding: 0cm 5.4pt; width: 99.6pt; border-top: none; border-left: none; border-bottom: 1pt solid #bfbfbf; border-right: 1pt solid #bfbfbf; background: #f2f2f2; height: 33.65pt;\" valign=\"top\" width=\"133\">\n<p class=\"MsoNormal\" style=\"margin-bottom: 0cm; font-size: 1em; line-height: normal;\"><span style=\"font-weight: bold;\"><span style=\"font-size: 12pt; font-family: 'Times New Roman', serif;\">\u00a0Altura Standard<\/span><\/span><\/p>\n<\/td>\n<td style=\"padding: 0cm 5.4pt; width: 111.25pt; border-top: none; border-left: none; border-bottom: 1pt solid #bfbfbf; border-right: 1pt solid #bfbfbf; background: #f2f2f2; height: 33.65pt;\" valign=\"top\" width=\"148\">\n<p class=\"MsoNormal\" style=\"margin-bottom: 0cm; font-size: 1em; text-align: center; line-height: normal;\" align=\"center\"><span style=\"font-weight: bold;\"><span style=\"font-size: 10.5pt; font-family: Helvetica, sans-serif;\">Altura M\u00ednima<\/span><\/span><\/p>\n<\/td>\n<\/tr>\n<tr style=\"height: 33.65pt;\">\n<td style=\"padding: 0cm 5.4pt; border-right: 1pt solid #bfbfbf; border-bottom: 1pt solid #bfbfbf; border-left: 1pt solid #bfbfbf; border-image: initial; border-top: none; height: 33.65pt;\" valign=\"top\">\n<p class=\"MsoNormal\" style=\"margin-bottom: 0cm; font-size: 1em; line-height: normal;\"><span style=\"font-weight: bold;\"><span style=\"font-size: 10.5pt; font-family: Verdana, sans-serif; background-image: initial; background-position: initial; background-size: initial; background-repeat: initial; background-attachment: initial; background-origin: initial; background-clip: initial;\">BWA \/ BGB \/ BHZ \/ BZC)<\/span><\/span><\/p>\n<\/td>\n<td style=\"padding: 0cm 5.4pt; width: 99.6pt; border-top: none; border-left: none; border-bottom: 1pt solid #bfbfbf; border-right: 1pt solid #bfbfbf; height: 33.65pt;\" valign=\"top\" width=\"133\">\n<p class=\"MsoNormal\" style=\"margin-bottom: 0cm; font-size: 1em; line-height: normal;\"><span style=\"font-size: 10.5pt; font-family: Verdana, sans-serif; background-image: initial; background-position: initial; background-size: initial; background-repeat: initial; background-attachment: initial; background-origin: initial; background-clip: initial;\">139,30 mm<\/span><\/p>\n<\/td>\n<td style=\"padding: 0cm 5.4pt; width: 111.25pt; border-top: none; border-left: none; border-bottom: 1pt solid #bfbfbf; border-right: 1pt solid #bfbfbf; height: 33.65pt;\" valign=\"top\" width=\"148\">\n<p class=\"MsoNormal\" style=\"margin-bottom: 0cm; font-size: 1em; text-align: center; line-height: normal;\" align=\"center\"><span style=\"font-size: 10.5pt; font-family: Verdana, sans-serif; background-image: initial; background-position: initial; background-size: initial; background-repeat: initial; background-attachment: initial; background-origin: initial; background-clip: initial;\">138,80 mm<\/span><\/p>\n<div><span style=\"font-size: 10.5pt; font-family: Verdana, sans-serif; background-image: initial; background-position: initial; background-size: initial; background-repeat: initial; background-attachment: initial; background-origin: initial; background-clip: initial;\">\u00a0<\/span><\/div>\n<\/td>\n<\/tr>\n<\/tbody>\n<\/table>\n<p class=\"MsoNormal\" style=\"text-align: justify;\"><span style=\"color: #333333; font-family: Verdana; font-weight: bold;\">\u00a0<\/span><\/p>\n<p class=\"MsoNormal\" style=\"text-align: justify;\"><span style=\"color: #333333; font-family: Verdana; font-weight: bold;\">Especifica\u00e7\u00e3o do\u00a0<\/span><span style=\"color: #333333; font-family: Verdana; font-weight: bold;\">Cabe\u00e7ote Volkswagen Golf 2.0 16V\u00a0<\/span><\/p>\n<div style=\"text-align: justify;\"><span style=\"font-family: Verdana; color: inherit;\"><b>Montadora:<\/b> Volkswagen<\/span><\/div>\n<p>&nbsp;<\/p>\n<div style=\"text-align: justify;\"><span style=\"color: inherit;\"><b>Motor:<\/b> 2.0 16v FSI \/ TSFI\u00a0<\/span><\/div>\n<div style=\"text-align: justify;\"><span style=\"color: inherit;\"><b>Ano:<\/b> 2005 a 2011<\/span><\/div>\n<div style=\"text-align: justify;\"><span style=\"color: inherit;\"><b>Altura Std:<\/b> 139,30 mm \/ m\u00ednima 138,80 mm<\/span><\/div>\n<div style=\"text-align: justify;\"><span style=\"color: inherit;\"><b>Marca: <\/b>Q3 auto imports<\/span><\/div>\n<div style=\"text-align: justify;\"><span style=\"color: inherit;\"><b>N\u00famero Original: <\/b>06D103351D, 06F103063P, 06F103063PX, 06F103265BX, 06F103265DX, 06F103351<\/span><\/div>\n<div style=\"text-align: justify;\"><\/div>\n<p><!--[endif]--><\/p>\n<p class=\"MsoNormal\" style=\"text-align: justify;\"><span style=\"color: #333333; font-family: Verdana; font-weight: bold;\">Para quais motores servem o cabe\u00e7ote Golf 2.0 16V\u00a0<\/span><\/p>\n<div style=\"text-align: justify;\"><span style=\"font-family: Verdana; color: inherit;\">CABE\u00c7OTE VOLKSWAGEN JETTA 2.0 16V Motor FSI 2005-2006-2007-2008-2009-2010-2011<\/span><\/div>\n<div style=\"text-align: justify;\"><span style=\"font-family: Verdana; color: inherit;\">\u00a0<\/span><\/div>\n<p>&nbsp;<\/p>\n<div style=\"text-align: justify;\"><span style=\"color: inherit;\">CABE\u00c7OTE VOLKSWAGEN PASSAT 2.0 16V Motor FSI 2005-2006-2007-2008-2009-2010-2011<\/span><\/div>\n<div style=\"text-align: justify;\"><span style=\"color: inherit;\">\u00a0<\/span><\/div>\n<div style=\"text-align: justify;\"><span style=\"color: inherit;\">CABE\u00c7OTE VOLKSWAGEN BORA 2.0 16V (-) &#8211; Motor: FSI 2005-2006-2007-2008-2009-2010-2011<\/span><\/div>\n<div style=\"text-align: justify;\"><span style=\"color: inherit;\">\u00a0<\/span><\/div>\n<div style=\"text-align: justify;\"><span style=\"color: inherit;\">CABE\u00c7OTE VOLKSWAGEN GOLF 2.0 16V 2005-2006-2007-2008-2009-2010-2011<\/span><\/div>\n<div style=\"text-align: justify;\"><span style=\"color: inherit;\">\u00a0<\/span><\/div>\n<div style=\"text-align: justify;\">\n<div style=\"color: #333333;\"><span style=\"color: inherit;\"><span style=\"font-weight: bold;\">Torque do cabe\u00e7ote motor Volkswagen Golf 16V<\/span>\u00a0<\/span><\/div>\n<div style=\"color: #333333;\"><span style=\"color: inherit;\">\u00a0<\/span><\/div>\n<div style=\"color: #333333;\"><\/div>\n<table class=\"MsoNormalTable\" style=\"background: white; color: #333333; width: 412.5pt; margin-left: 11.75pt;\" border=\"1\" width=\"550\" cellspacing=\"0\" cellpadding=\"0\">\n<tbody>\n<tr style=\"height: 22.5pt;\">\n<td style=\"padding: 0cm; height: 22.5pt;\" colspan=\"9\">\n<p class=\"MsoNormal\" style=\"margin-bottom: 0cm; font-size: 1em; text-align: center; line-height: normal;\" align=\"center\"><span style=\"font-weight: bold;\"><span style=\"font-size: 10.5pt; font-family: Arial, sans-serif;\">Torque do cabe\u00e7ote Volkswagen 16V<\/span><\/span><\/p>\n<\/td>\n<\/tr>\n<tr>\n<td style=\"padding: 0cm;\">\n<p class=\"MsoNormal\" style=\"margin-bottom: 0cm; font-size: 1em; line-height: normal;\"><span style=\"font-weight: bold;\"><span style=\"font-size: 10.5pt; font-family: Arial, sans-serif;\">Tabela de Torque<\/span><\/span><\/p>\n<\/td>\n<td style=\"padding: 0cm;\">\n<p class=\"MsoNormal\" style=\"margin-bottom: 0cm; font-size: 1em; text-align: center; line-height: normal;\" align=\"center\"><span style=\"font-weight: bold;\"><span style=\"font-size: 10.5pt; font-family: Arial, sans-serif;\">Nm<\/span><\/span><\/p>\n<\/td>\n<td style=\"padding: 0cm;\" colspan=\"7\">\n<p class=\"MsoNormal\" style=\"margin-bottom: 0cm; font-size: 1em; text-align: center; line-height: normal;\" align=\"center\"><span style=\"font-weight: bold;\"><span style=\"font-size: 10.5pt; font-family: Arial, sans-serif;\">(+) Angular\u00a0<\/span><\/span><span style=\"font-weight: bold;\"><span style=\"font-size: 10.5pt; font-family: 'Cambria Math', serif;\">\u2220<\/span><\/span><\/p>\n<\/td>\n<\/tr>\n<tr>\n<td style=\"padding: 0cm; width: 90.45pt;\" width=\"121\">\n<p class=\"MsoNormal\" style=\"margin-bottom: 0cm; font-size: 1em; line-height: normal;\"><span style=\"font-size: 10.5pt; font-family: Arial, sans-serif;\">Etapas<\/span><\/p>\n<\/td>\n<td style=\"padding: 0cm; width: 41.1pt;\" width=\"55\">\n<p class=\"MsoNormal\" style=\"margin-bottom: 0cm; font-size: 1em; text-align: center; line-height: normal;\" align=\"center\"><span style=\"font-size: 10.5pt; font-family: Arial, sans-serif;\">1<\/span><\/p>\n<\/td>\n<td style=\"padding: 0cm; width: 39.25pt;\" width=\"52\">\n<p class=\"MsoNormal\" style=\"margin-bottom: 0cm; font-size: 1em; text-align: center; line-height: normal;\" align=\"center\"><span style=\"font-size: 10.5pt; font-family: Arial, sans-serif;\">2<\/span><\/p>\n<\/td>\n<td style=\"padding: 0cm; width: 39.25pt;\" width=\"52\">\n<p class=\"MsoNormal\" style=\"margin-bottom: 0cm; font-size: 1em; text-align: center; line-height: normal;\" align=\"center\"><span style=\"font-size: 10.5pt; font-family: Arial, sans-serif;\">3<\/span><\/p>\n<\/td>\n<td style=\"padding: 0cm; width: 40.8pt;\" width=\"54\">\n<p class=\"MsoNormal\" style=\"margin-bottom: 0cm; font-size: 1em; text-align: center; line-height: normal;\" align=\"center\"><span style=\"font-size: 10.5pt; font-family: Arial, sans-serif;\">4<\/span><\/p>\n<\/td>\n<td style=\"padding: 0cm; width: 40.8pt;\" width=\"54\">\n<p class=\"MsoNormal\" style=\"margin-bottom: 0cm; font-size: 1em; text-align: center; line-height: normal;\" align=\"center\"><span style=\"font-size: 10.5pt; font-family: Arial, sans-serif;\">5<\/span><\/p>\n<\/td>\n<td style=\"padding: 0cm; width: 40.8pt;\" width=\"54\">\n<p class=\"MsoNormal\" style=\"margin-bottom: 0cm; font-size: 1em; text-align: center; line-height: normal;\" align=\"center\"><span style=\"font-size: 10.5pt; font-family: Arial, sans-serif;\">6<\/span><\/p>\n<\/td>\n<td style=\"padding: 0cm; width: 40.8pt;\" width=\"54\">\n<p class=\"MsoNormal\" style=\"margin-bottom: 0cm; font-size: 1em; text-align: center; line-height: normal;\" align=\"center\"><span style=\"font-size: 10.5pt; font-family: Arial, sans-serif;\">7<\/span><\/p>\n<\/td>\n<td style=\"padding: 0cm; width: 39.25pt;\" width=\"52\">\n<p class=\"MsoNormal\" style=\"margin-bottom: 0cm; font-size: 1em; text-align: center; line-height: normal;\" align=\"center\"><span style=\"font-size: 10.5pt; font-family: Arial, sans-serif;\">8<\/span><\/p>\n<\/td>\n<\/tr>\n<tr>\n<td style=\"padding: 0cm;\">\n<p class=\"MsoNormal\" style=\"margin-bottom: 0cm; font-size: 1em; line-height: normal;\"><span style=\"font-size: 10.5pt; font-family: Arial, sans-serif;\">Parafusos<\/span><\/p>\n<\/td>\n<td style=\"padding: 0cm;\">\n<p class=\"MsoNormal\" style=\"margin-bottom: 0cm; font-size: 1em; text-align: center; line-height: normal;\" align=\"center\"><span style=\"font-size: 10.5pt; font-family: Arial, sans-serif;\">60 Nm<\/span><\/p>\n<\/td>\n<td style=\"padding: 0cm;\">\n<p class=\"MsoNormal\" style=\"margin-bottom: 0cm; font-size: 1em; text-align: center; line-height: normal;\" align=\"center\"><span style=\"font-size: 10.5pt; font-family: Arial, sans-serif;\">90\u00ba<\/span><\/p>\n<\/td>\n<td style=\"padding: 0cm;\">\n<p class=\"MsoNormal\" style=\"margin-bottom: 0cm; font-size: 1em; text-align: center; line-height: normal;\" align=\"center\"><span style=\"font-size: 10.5pt; font-family: Arial, sans-serif;\">90\u00ba<\/span><\/p>\n<\/td>\n<td style=\"padding: 0cm;\"><\/td>\n<td style=\"padding: 0cm;\"><\/td>\n<td style=\"padding: 0cm;\"><\/td>\n<td style=\"padding: 0cm;\"><\/td>\n<td style=\"padding: 0cm;\"><\/td>\n<\/tr>\n<tr>\n<td style=\"padding: 0cm;\" colspan=\"9\">\n<p class=\"MsoNormal\" style=\"margin-bottom: 0cm; font-size: 1em; text-align: center; line-height: normal;\" align=\"center\"><span style=\"font-weight: bold;\"><span style=\"font-size: 10.5pt; font-family: Arial, sans-serif;\">Sequ\u00eancia de Aperto<\/span><\/span><\/p>\n<p class=\"MsoNormal\" style=\"margin-bottom: 0cm; font-size: 1em; text-align: center; line-height: normal;\" align=\"center\"><img decoding=\"async\" style=\"width: 282px;\" src=\"https:\/\/q3autoimports.com.br\/image\/catalog\/logo\/torques\/torque-do-cabecote-audi-.png\" \/><span style=\"font-weight: bold;\"><span style=\"font-size: 10.5pt; font-family: Arial, sans-serif;\">\u00a0<\/span><\/span><\/p>\n<p class=\"MsoNormal\" style=\"margin-bottom: 0cm; font-size: 1em; text-align: center; line-height: normal;\" align=\"center\"><span style=\"font-size: 10.5pt; font-family: Arial, sans-serif;\">\u00a0<\/span><\/p>\n<\/td>\n<\/tr>\n<tr>\n<td style=\"padding: 0cm;\" colspan=\"2\">\n<p class=\"MsoNormal\" style=\"margin-bottom: 0cm; font-size: 1em; line-height: normal;\"><span style=\"font-size: 10.5pt; font-family: Arial, sans-serif;\">Altura m\u00ednima do cabe\u00e7ote<\/span><\/p>\n<\/td>\n<td style=\"padding: 0cm;\" colspan=\"2\">\n<p class=\"MsoNormal\" style=\"margin-bottom: 0cm; font-size: 1em; line-height: normal;\"><span style=\"font-size: 10.5pt; font-family: Arial, sans-serif;\">139<\/span><\/p>\n<\/td>\n<td style=\"padding: 0cm;\" colspan=\"4\">\n<p class=\"MsoNormal\" style=\"margin-bottom: 0cm; font-size: 1em; line-height: normal;\"><span style=\"font-size: 10.5pt; font-family: Arial, sans-serif;\">Altura Padr\u00e3o (STD) do cabe\u00e7ote<\/span><\/p>\n<\/td>\n<\/tr>\n<\/tbody>\n<\/table>\n<\/div>\n<p>&nbsp;<\/p>\n<div style=\"text-align: justify;\"><span style=\"font-family: Verdana;\">\u00a0<\/span><\/div>\n<p>&nbsp;<\/p>\n<div style=\"text-align: justify;\"><span style=\"color: inherit;\">Encontre aqui o melhor cabe\u00e7ote do Volkswagen Golf 2.0 16V! A Q3 \u00e9 uma das marcas mais relevantes do mercado quando se trata de cabe\u00e7otes novos. Se voc\u00ea est\u00e1 \u00e0 procura do cabe\u00e7ote Volkswagen Golf 2.0 16V Novo, ent\u00e3o est\u00e1 no lugar certo. Em caso de d\u00favidas, entre em contato com a nossa equipe. Atendemos propriet\u00e1rios de ve\u00edculos e mec\u00e2nicas.<\/span><\/div>\n<p>&nbsp;<\/p>\n<p class=\"MsoNormal\" style=\"text-align: justify;\"><span style=\"font-family: Verdana;\"><b>Acompanha pe\u00e7as para montagem: <\/b>n\u00e3o<\/span><\/p>\n<p class=\"MsoNormal\" style=\"text-align: justify;\"><span style=\"font-family: Verdana;\"><b>Prazo de devolu\u00e7\u00e3o: <\/b>7 dias<\/span><\/p>\n<p class=\"MsoNormal\" style=\"text-align: justify;\"><span style=\"font-family: Verdana;\"><b>Local de envio:<\/b> Enviamos para todo o Brasil<\/span><\/p>\n<p class=\"MsoNormal\" style=\"text-align: justify;\"><span style=\"font-family: Verdana;\"><b>Forma de envio:<\/b> via Correios (Sedex ou PAC), transporte a\u00e9reo e\/ou transportadora, dependendo da sua necessidade de agilidade na entrega. Para as regi\u00f5es de at\u00e9 200 km de S\u00e3o Paulo enviamos por motoboy.<\/span><\/p>\n<p class=\"MsoNormal\" style=\"text-align: justify;\"><span style=\"font-family: Verdana;\"><b>Garantia:<\/b>\u00a03 meses<\/span><\/p>\n<p class=\"MsoNormal\" style=\"text-align: justify;\"><span style=\"font-family: Verdana;\"><b>Observa\u00e7\u00f5es Gerais:<\/b><\/span><\/p>\n<p class=\"MsoNormal\" style=\"text-align: justify;\"><span style=\"font-family: Verdana;\">Para realizar a montagem, ser\u00e1 necess\u00e1ria a compra de pe\u00e7as novas ou utiliza\u00e7\u00e3o de pe\u00e7as que j\u00e1 possua.<\/span><\/p>\n<p class=\"MsoNormal\" style=\"text-align: justify;\"><span style=\"font-family: Verdana;\">N\u00e3o trocaremos pe\u00e7as que foram retificadas ou danificadas, portanto verifique o produto antes de mont\u00e1-lo.<\/span><\/p>\n<p class=\"MsoNormal\" style=\"text-align: justify;\"><span style=\"font-family: Verdana;\">Consulte-nos caso tenha alguma d\u00favida quanto ao frete.<\/span><\/p>\n<p class=\"MsoNormal\" style=\"text-align: justify;\"><span style=\"font-family: Verdana;\">Essa \u00e9 a sua grande oportunidade para comprar o melhor\u00a0cabe\u00e7ote Volkswagen Golf 2.0 16V do mercado. Se necessita de mais op\u00e7\u00f5es de pe\u00e7as, ent\u00e3o consulte toda a nossa linha de cabe\u00e7otes <a href=\"https:\/\/q3autoimports.com.br\/novos-cabecotes-volkswagen\">Volkswagen<\/a>, entre outros modelos da fabricante. Aproveite!<\/span><\/p>\n","protected":false},"excerpt":{"rendered":"<p>Sale of Volkswagen Golf 2.0 16V Cylinder Head New The Volkswagen Golf 2.0 16 valve cylinder head fits models<\/p>","protected":false},"featured_media":11001,"comment_status":"open","ping_status":"closed","template":"","meta":[],"product_cat":[124,182],"product_tag":[742],"class_list":["post-7433","product","type-product","status-publish","has-post-thumbnail","hentry","product_cat-novos-cabecotes-volkswagen","product_cat-cabecotes-novos","product_tag-cabecote-volkswagen-golf-2-0-16v-novo"],"_links":{"self":[{"href":"https:\/\/q3autoimports.com.br\/en\/wp-json\/wp\/v2\/product\/7433","targetHints":{"allow":["GET"]}}],"collection":[{"href":"https:\/\/q3autoimports.com.br\/en\/wp-json\/wp\/v2\/product"}],"about":[{"href":"https:\/\/q3autoimports.com.br\/en\/wp-json\/wp\/v2\/types\/product"}],"replies":[{"embeddable":true,"href":"https:\/\/q3autoimports.com.br\/en\/wp-json\/wp\/v2\/comments?post=7433"}],"wp:featuredmedia":[{"embeddable":true,"href":"https:\/\/q3autoimports.com.br\/en\/wp-json\/wp\/v2\/media\/11001"}],"wp:attachment":[{"href":"https:\/\/q3autoimports.com.br\/en\/wp-json\/wp\/v2\/media?parent=7433"}],"wp:term":[{"taxonomy":"product_cat","embeddable":true,"href":"https:\/\/q3autoimports.com.br\/en\/wp-json\/wp\/v2\/product_cat?post=7433"},{"taxonomy":"product_tag","embeddable":true,"href":"https:\/\/q3autoimports.com.br\/en\/wp-json\/wp\/v2\/product_tag?post=7433"}],"curies":[{"name":"wp","href":"https:\/\/api.w.org\/{rel}","templated":true}]}}