{"id":7445,"date":"2020-08-13T19:36:52","date_gmt":"2020-08-13T19:36:52","guid":{"rendered":"https:\/\/q3autoimports.com.br\/produto\/cabecote-chevrolet-s10-2-4-8v-tucho-roletado-novo\/"},"modified":"2024-09-09T13:15:53","modified_gmt":"2024-09-09T13:15:53","slug":"chevrolet-s10-2-4-8v-cylinder-head-new-roller-tappet","status":"publish","type":"product","link":"https:\/\/q3autoimports.com.br\/en\/chevrolet-s10-2-4-8v-cylinder-head-new-roller-tappet\/","title":{"rendered":"Chevrolet S10 2.4 8v Cylinder Head Roller Tappet New"},"content":{"rendered":"<h2 style=\"text-align: justify;\"><span style=\"font-family: Verdana;\"><b>Venda de Cabe\u00e7ote\u00a0Chevrolet S10 2.4 8V<\/b><\/span><\/h2>\n<p class=\"MsoNormal\" style=\"text-align: justify;\"><iframe class=\"note-video-clip\" src=\"\/\/www.youtube.com\/embed\/BxBsjB3gdIw\" width=\"640\" height=\"360\" frameborder=\"0\"><\/iframe><span style=\"font-family: Verdana;\"><b><br \/>\n<\/b><\/span><\/p>\n<p class=\"MsoNormal\" style=\"text-align: justify;\"><span style=\"font-family: Verdana;\">O <b>cabe\u00e7ote do Chevrolet S10 2.4 8 v\u00e1lvulas<\/b>, serve nos modelos a partir do ano de 1999 at\u00e9 o ano de 2008. O cabe\u00e7ote possui altura original standard de <b>96,00 mm.<\/b> Esse produto \u00e9 novo e aplica-se nos <b>Astra, Vectra, Zafira, S10 e Monza<\/b> da montadora Chevrolet. Produto de alta qualidade e durabilidade, proporcionando mais seguran\u00e7a para voc\u00ea e seu ve\u00edculo.<\/span><\/p>\n<p class=\"MsoNormal\" style=\"text-align: justify;\">\n<p class=\"MsoNormal\"><span style=\"color: #333333; text-align: justify; font-weight: bold; font-family: Verdana;\">Especifica\u00e7\u00e3o do\u00a0<\/span><span style=\"color: #333333; text-align: justify; font-weight: bold; font-family: Verdana;\">Cabe\u00e7ote GM S10 8V<\/span><\/p>\n<div style=\"text-align: justify;\"><span style=\"font-family: Verdana; color: inherit;\"><b>Montadora: <\/b>Chevrolet<\/span><\/div>\n<p>&nbsp;<\/p>\n<div style=\"text-align: justify;\"><span style=\"color: inherit;\"><b>Motor: <\/b>2.0 \/ 2.4 8v\u00a0<\/span><\/div>\n<div style=\"text-align: justify;\"><span style=\"color: inherit;\"><b>Ano:<\/b> 1999 a 2008<\/span><\/div>\n<div style=\"text-align: justify;\"><span style=\"color: inherit;\"><b>Marca: <\/b>Q3 auto imports<\/span><\/div>\n<div style=\"text-align: justify;\"><span style=\"color: inherit;\"><b>N\u00famero original:<\/b> R90209896<\/span><\/div>\n<div style=\"text-align: justify;\"><span style=\"color: inherit;\"><b>Altura Std S10:<\/b> 96,00\u00a0mm \/ m\u00ednima 95,00 mm<\/span><\/div>\n<div style=\"text-align: justify;\"><\/div>\n<div style=\"text-align: justify;\"><span style=\"color: #333333; font-weight: bold; font-family: Verdana;\">Para quais motores servem o cabe\u00e7ote\u00a0<\/span><span style=\"color: #333333; font-family: inherit; font-weight: bold;\">GM S10 8V<\/span><\/div>\n<p>&nbsp;<\/p>\n<ul>\n<li style=\"text-align: justify;\"><span style=\"font-family: Verdana;\">CABE\u00c7OTE VECTRA COLLECTION 2.0 FLEXPOWER 8V AUT.2011<\/span><\/li>\n<li style=\"text-align: justify;\"><span style=\"font-family: Verdana;\">CABE\u00c7OTE VECTRA ELEGAN. 2.0 8V FLEX- AUTOMATICO 2009 ate 2011<\/span><\/li>\n<li style=\"text-align: justify;\"><span style=\"font-family: Verdana;\">CABE\u00c7OTE VECTRA ELEGAN. 2.0 8V FLEX- MANUAL 2009 ate 2011<\/span><\/li>\n<li style=\"text-align: justify;\"><span style=\"font-family: Verdana;\">CABE\u00c7OTE VECTRA ELITE 2.0 8V FLEX- AUTOMATICO 2009 ate 2011<\/span><\/li>\n<li style=\"text-align: justify;\"><span style=\"font-family: Verdana;\">CABE\u00c7OTE VECTRA EXPRESSION 2.0 8V FLEX- MANUAL 2009 ate 2011<\/span><\/li>\n<li style=\"text-align: justify;\"><span style=\"font-family: Verdana;\">CABE\u00c7OTE VECTRA EXPRESSION 2.0 8V FLEX-AUTOMATICO 2009 ate 2011<\/span><\/li>\n<li style=\"text-align: justify;\"><span style=\"font-family: Verdana;\">CABE\u00c7OTE VECTRA HATCH GT 2.0 8V FLEX- MANUAL. 2009 ate 2011<\/span><\/li>\n<li style=\"text-align: justify;\"><span style=\"font-family: Verdana;\">CABE\u00c7OTE VECTRA HATCH GT-X 2.0 8V FLEX- AUTOMATICO 2009 ate 2011<\/span><\/li>\n<li style=\"text-align: justify;\"><span style=\"font-family: Verdana;\">CABE\u00c7OTE VECTRA HATCH GT-X 2.0 8V FLEX- MANUAL. 2009 ate 2011<\/span><\/li>\n<\/ul>\n<p class=\"MsoNormal\" style=\"text-align: justify;\"><span style=\"font-family: Verdana;\">\u00a0<\/span><\/p>\n<ul>\n<li style=\"text-align: justify;\"><span style=\"font-family: Verdana;\">CABE\u00c7OTE ASTRA HATCH ADVANTAGE 2.0 8V 2P FLEX- AUTOMATICO 2009 ate 2011<\/span><\/li>\n<li style=\"text-align: justify;\"><span style=\"font-family: Verdana;\">CAB\u00c7OTE ASTRA HATCH ADVANTAGE 2.0 8V 4P FLEX- MANUAL 2009 ate 2011<\/span><\/li>\n<li style=\"text-align: justify;\"><span style=\"font-family: Verdana;\">CABE\u00c7OTE ASTRA HATCH ELEGANCE 2.0 MPFI 8V 4P FLEX-MANUAL 2009 ate 2009<\/span><\/li>\n<li style=\"text-align: justify;\"><span style=\"font-family: Verdana;\">CABE\u00c7OTE ASTRA HATCH ELEGANCE 2.0 MPFI 8V FLEX 2009 ate 2009<\/span><\/li>\n<li style=\"text-align: justify;\"><span style=\"font-family: Verdana;\">CABE\u00c7OTE ASTRA SED. ADVANT. 2.0 8V MPFI FLEXP. 4P 2009 ate 2011<\/span><\/li>\n<li style=\"text-align: justify;\"><span style=\"font-family: Verdana;\">CABE\u00c7OTE ASTRA SED.ADVANT. 2.0 8V MPFI FLEXP. AUT 2009 ate 2011<\/span><\/li>\n<li style=\"text-align: justify;\"><span style=\"font-family: Verdana;\">CABE\u00c7OTE ASTRA SED.ELEG. 2.0 MPFI FLEXP.8V 4P AUT 2009 ate 2009<\/span><\/li>\n<li style=\"text-align: justify;\"><span style=\"font-family: Verdana;\">CABE\u00c7OTE ASTRA SED.ELEG.2.0 MPFI FLEXPOWER 8V 4P 2009 ate 2009<\/span><\/li>\n<\/ul>\n<p class=\"MsoNormal\" style=\"text-align: justify;\"><span style=\"font-family: Verdana;\">\u00a0<\/span><\/p>\n<ul>\n<li style=\"text-align: justify;\"><span style=\"font-family: Verdana;\">CABE\u00c7OTE ZAFIRA COMFORT 2.0 MPFI FLEXPOWER 8V 5P 2009 ate 2011<\/span><\/li>\n<li style=\"text-align: justify;\"><span style=\"font-family: Verdana;\">CABE\u00c7OTE ZAFIRA ELEG.2.0 MPFI FLEXPOWER 8V 5P AUT 2009 ate 2011<\/span><\/li>\n<li style=\"text-align: justify;\"><span style=\"font-family: Verdana;\">CABE\u00c7OTE ZAFIRA ELEGANCE 2.0 MPFI FLEXPOWER 8V 5P 2009 ate 2010<\/span><\/li>\n<li style=\"text-align: justify;\"><span style=\"font-family: Verdana;\">CABE\u00c7OTE ZAFIRA ELITE 2.0 MPFI FLEXPOWER 8V AUT 2009 ate 2011<\/span><\/li>\n<li style=\"text-align: justify;\"><span style=\"font-family: Verdana;\">CABE\u00c7OTE ZAFIRA ELITE 2.0 MPFI FLEXPOWER 8V 5P 2009 ate 2011<\/span><\/li>\n<li style=\"text-align: justify;\"><span style=\"font-family: Verdana;\">CABE\u00c7OTE ZAFIRA EXPRES. 2.0 MPFI FLEXPOWER 5P AUT 2009 ate 2011<\/span><\/li>\n<\/ul>\n<p class=\"MsoNormal\" style=\"text-align: justify;\"><span style=\"font-family: Verdana;\">\u00a0<\/span><\/p>\n<p class=\"MsoNormal\" style=\"text-align: justify;\"><span style=\"color: #333333; font-family: Verdana; font-weight: bold;\">Tabela de torque do cabe\u00e7ote Gm S10 8V<\/span><span style=\"font-family: Verdana;\"><br \/>\n<\/span><\/p>\n<table class=\"MsoNormalTable\" style=\"width: 412.5pt; margin-left: -0.4pt; background: white;\" border=\"1\" width=\"550\" cellspacing=\"0\" cellpadding=\"0\">\n<tbody>\n<tr style=\"mso-yfti-irow: 0; mso-yfti-firstrow: yes; height: 22.5pt;\">\n<td style=\"padding: 0cm 0cm 0cm 0cm; height: 22.5pt;\" colspan=\"9\">\n<p class=\"MsoNormal\" style=\"margin-bottom: 0cm; text-align: center; line-height: normal;\" align=\"center\"><span style=\"font-size: 10.5pt; font-family: 'Helvetica',sans-serif; mso-fareast-font-family: 'Times New Roman'; color: #333333; mso-fareast-language: PT-BR;\"><b>Torque do cabe\u00e7ote Astra, Zafira e Vectra 2.0 8v <\/b><\/span><\/p>\n<\/td>\n<\/tr>\n<tr>\n<td style=\"width: 63.8pt; padding: 0cm 0cm 0cm 0cm;\" width=\"85\">\n<p class=\"MsoNormal\" style=\"margin-bottom: 0cm; line-height: normal;\"><b><span style=\"font-size: 10.5pt; font-family: 'Helvetica',sans-serif; mso-fareast-font-family: 'Times New Roman'; color: #333333; mso-fareast-language: PT-BR;\">Tabela de Torque<\/span><\/b><\/p>\n<\/td>\n<td style=\"width: 19.4pt; padding: 0cm 0cm 0cm 0cm;\" width=\"26\">\n<p class=\"MsoNormal\" style=\"margin-bottom: 0cm; text-align: center; line-height: normal;\" align=\"center\"><b><span style=\"font-size: 10.5pt; font-family: 'Helvetica',sans-serif; mso-fareast-font-family: 'Times New Roman'; color: #333333; mso-fareast-language: PT-BR;\">Nm<\/span><\/b><\/p>\n<\/td>\n<td style=\"padding: 0cm 0cm 0cm 0cm;\" colspan=\"7\">\n<p class=\"MsoNormal\" style=\"margin-bottom: 0cm; text-align: center; line-height: normal;\" align=\"center\"><b><span style=\"font-size: 10.5pt; font-family: 'Helvetica',sans-serif; mso-fareast-font-family: 'Times New Roman'; color: #333333; mso-fareast-language: PT-BR;\">(+) Angular <\/span><\/b><b><span style=\"font-size: 10.5pt; font-family: 'Cambria Math',serif; mso-fareast-font-family: 'Times New Roman'; mso-bidi-font-family: 'Cambria Math'; color: #333333; mso-fareast-language: PT-BR;\">\u2220<\/span><\/b><\/p>\n<\/td>\n<\/tr>\n<tr>\n<td style=\"width: 63.8pt; padding: 0cm 0cm 0cm 0cm;\" width=\"85\">\n<p class=\"MsoNormal\" style=\"margin-bottom: 0cm; line-height: normal;\"><span style=\"font-size: 10.5pt; font-family: 'Helvetica',sans-serif; mso-fareast-font-family: 'Times New Roman'; color: #333333; mso-fareast-language: PT-BR;\">Etapas<\/span><\/p>\n<\/td>\n<td style=\"width: 19.4pt; padding: 0cm 0cm 0cm 0cm;\" width=\"26\">\n<p class=\"MsoNormal\" style=\"margin-bottom: 0cm; text-align: center; line-height: normal;\" align=\"center\"><span style=\"font-size: 10.5pt; font-family: 'Helvetica',sans-serif; mso-fareast-font-family: 'Times New Roman'; color: #333333; mso-fareast-language: PT-BR;\">1<\/span><\/p>\n<\/td>\n<td style=\"width: 72.8pt; padding: 0cm 0cm 0cm 0cm;\" width=\"97\">\n<p class=\"MsoNormal\" style=\"margin-bottom: 0cm; text-align: center; line-height: normal;\" align=\"center\"><span style=\"font-size: 10.5pt; font-family: 'Helvetica',sans-serif; mso-fareast-font-family: 'Times New Roman'; color: #333333; mso-fareast-language: PT-BR;\">2<\/span><\/p>\n<\/td>\n<td style=\"width: 72.8pt; padding: 0cm 0cm 0cm 0cm;\" width=\"97\">\n<p class=\"MsoNormal\" style=\"margin-bottom: 0cm; text-align: center; line-height: normal;\" align=\"center\"><span style=\"font-size: 10.5pt; font-family: 'Helvetica',sans-serif; mso-fareast-font-family: 'Times New Roman'; color: #333333; mso-fareast-language: PT-BR;\">3<\/span><\/p>\n<\/td>\n<td style=\"width: 72.8pt; padding: 0cm 0cm 0cm 0cm;\" width=\"97\">\n<p class=\"MsoNormal\" style=\"margin-bottom: 0cm; text-align: center; line-height: normal;\" align=\"center\"><span style=\"font-size: 10.5pt; font-family: 'Helvetica',sans-serif; mso-fareast-font-family: 'Times New Roman'; color: #333333; mso-fareast-language: PT-BR;\">4<\/span><\/p>\n<\/td>\n<td style=\"width: 77.9pt; padding: 0cm 0cm 0cm 0cm;\" width=\"104\">\n<p class=\"MsoNormal\" style=\"margin-bottom: 0cm; text-align: center; line-height: normal;\" align=\"center\"><span style=\"font-size: 10.5pt; font-family: 'Helvetica',sans-serif; mso-fareast-font-family: 'Times New Roman'; color: #333333; mso-fareast-language: PT-BR;\">5<\/span><\/p>\n<\/td>\n<td style=\"width: 11.0pt; padding: 0cm 0cm 0cm 0cm;\" width=\"15\">\n<p class=\"MsoNormal\" style=\"margin-bottom: 0cm; text-align: center; line-height: normal;\" align=\"center\"><span style=\"font-size: 10.5pt; font-family: 'Helvetica',sans-serif; mso-fareast-font-family: 'Times New Roman'; color: #333333; mso-fareast-language: PT-BR;\">6<\/span><\/p>\n<\/td>\n<td style=\"width: 11.0pt; padding: 0cm 0cm 0cm 0cm;\" width=\"15\">\n<p class=\"MsoNormal\" style=\"margin-bottom: 0cm; text-align: center; line-height: normal;\" align=\"center\"><span style=\"font-size: 10.5pt; font-family: 'Helvetica',sans-serif; mso-fareast-font-family: 'Times New Roman'; color: #333333; mso-fareast-language: PT-BR;\">7<\/span><\/p>\n<\/td>\n<td style=\"width: 11.0pt; padding: 0cm 0cm 0cm 0cm;\" width=\"15\">\n<p class=\"MsoNormal\" style=\"margin-bottom: 0cm; text-align: center; line-height: normal;\" align=\"center\"><span style=\"font-size: 10.5pt; font-family: 'Helvetica',sans-serif; mso-fareast-font-family: 'Times New Roman'; color: #333333; mso-fareast-language: PT-BR;\">8<\/span><\/p>\n<\/td>\n<\/tr>\n<tr>\n<td style=\"width: 63.8pt; padding: 0cm 0cm 0cm 0cm;\" width=\"85\">\n<p class=\"MsoNormal\" style=\"margin-bottom: 0cm; line-height: normal;\"><span style=\"font-size: 10.5pt; font-family: 'Helvetica',sans-serif; mso-fareast-font-family: 'Times New Roman'; color: #333333; mso-fareast-language: PT-BR;\">Parafusos<\/span><\/p>\n<\/td>\n<td style=\"width: 19.4pt; padding: 0cm 0cm 0cm 0cm;\" width=\"26\">\n<p class=\"MsoNormal\" style=\"margin-bottom: 0cm; text-align: center; line-height: normal;\" align=\"center\"><span style=\"font-size: 10.5pt; font-family: 'Helvetica',sans-serif; mso-fareast-font-family: 'Times New Roman'; color: #333333; mso-fareast-language: PT-BR;\">25 Nm<\/span><\/p>\n<\/td>\n<td style=\"padding: 0cm 0cm 0cm 0cm;\">\n<p class=\"MsoNormal\" style=\"margin-bottom: 0cm; text-align: center; line-height: normal;\" align=\"center\"><span style=\"font-size: 10.5pt; font-family: 'Helvetica',sans-serif; mso-fareast-font-family: 'Times New Roman'; color: #333333; mso-fareast-language: PT-BR;\">90\u00b0\/60\u00b0(Vectra)<\/span><\/p>\n<\/td>\n<td style=\"padding: 0cm 0cm 0cm 0cm;\">\n<p class=\"MsoNormal\" style=\"margin-bottom: 0cm; text-align: center; line-height: normal;\" align=\"center\"><span style=\"font-size: 10.5pt; font-family: 'Helvetica',sans-serif; mso-fareast-font-family: 'Times New Roman'; color: #333333; mso-fareast-language: PT-BR;\">90\u00b0\/60\u00b0(Vectra)<\/span><\/p>\n<\/td>\n<td style=\"padding: 0cm 0cm 0cm 0cm;\">\n<p class=\"MsoNormal\" style=\"margin-bottom: 0cm; text-align: center; line-height: normal;\" align=\"center\"><span style=\"font-size: 10.5pt; font-family: 'Helvetica',sans-serif; mso-fareast-font-family: 'Times New Roman'; color: #333333; mso-fareast-language: PT-BR;\">90\u00b0\/60\u00b0(Vectra)<\/span><\/p>\n<\/td>\n<td style=\"padding: 0cm 0cm 0cm 0cm;\">\n<p class=\"MsoNormal\" style=\"margin-bottom: 0cm; text-align: center; line-height: normal;\" align=\"center\"><span style=\"font-size: 10.5pt; font-family: 'Helvetica',sans-serif; mso-fareast-font-family: 'Times New Roman'; color: #333333; mso-fareast-language: PT-BR;\">15\u00b0(Astra\/Zafira)<\/span><\/p>\n<\/td>\n<td style=\"padding: 0cm 0cm 0cm 0cm;\"><\/td>\n<td style=\"padding: 0cm 0cm 0cm 0cm;\"><\/td>\n<td style=\"padding: 0cm 0cm 0cm 0cm;\"><\/td>\n<\/tr>\n<tr>\n<td style=\"padding: 0cm 0cm 0cm 0cm;\" colspan=\"9\">\n<p class=\"MsoNormal\" style=\"margin-bottom: 0cm; text-align: center; line-height: normal;\" align=\"center\"><b><span style=\"font-size: 10.5pt; font-family: 'Helvetica',sans-serif; mso-fareast-font-family: 'Times New Roman'; color: #333333; mso-fareast-language: PT-BR;\">\u00a0<\/span><\/b><b style=\"color: inherit; font-family: inherit;\"><span style=\"font-size: 10.5pt; font-family: 'Helvetica',sans-serif; mso-fareast-font-family: 'Times New Roman'; color: #333333; mso-fareast-language: PT-BR;\">Sequ\u00eancia de Aperto Gm 2.0 8V<\/span><\/b><\/p>\n<p class=\"MsoNormal\" style=\"margin-bottom: 0cm; text-align: center; line-height: normal;\" align=\"center\"><b style=\"color: inherit; font-family: inherit;\"><span style=\"font-size: 10.5pt; font-family: 'Helvetica',sans-serif; mso-fareast-font-family: 'Times New Roman'; color: #333333; mso-fareast-language: PT-BR;\">\u00a0<\/span><\/b><\/p>\n<p class=\"MsoNormal\" style=\"margin-bottom: 0cm; text-align: center; line-height: normal;\" align=\"center\"><img decoding=\"async\" style=\"width: 282px;\" src=\"https:\/\/q3autoimports.com.br\/wp-content\/uploads\/2018\/06\/torque-do-cabecote-gm-2.2.png\" \/><b style=\"color: inherit; font-family: inherit;\"><span style=\"font-size: 10.5pt; font-family: 'Helvetica',sans-serif; mso-fareast-font-family: 'Times New Roman'; color: #333333; mso-fareast-language: PT-BR;\"><br \/>\n<\/span><\/b><\/p>\n<p class=\"MsoNormal\" style=\"margin-bottom: 0cm; text-align: center; line-height: normal;\" align=\"center\"><b style=\"color: inherit; font-family: inherit;\"><span style=\"font-size: 10.5pt; font-family: 'Helvetica',sans-serif; mso-fareast-font-family: 'Times New Roman'; color: #333333; mso-fareast-language: PT-BR;\">\u00a0<\/span><\/b><\/p>\n<p class=\"MsoNormal\" style=\"margin-bottom: 0cm; text-align: center; line-height: normal;\" align=\"center\"><span style=\"font-size: 10.5pt; font-family: 'Helvetica',sans-serif; mso-fareast-font-family: 'Times New Roman'; color: #333333; mso-fareast-language: PT-BR;\"> <!-- [if !supportLineBreakNewLine]--><br \/>\n<!--[endif]--><\/span><\/p>\n<\/td>\n<\/tr>\n<\/tbody>\n<\/table>\n<div style=\"text-align: justify;\"><span style=\"font-family: Verdana;\">\u00a0<\/span><\/div>\n<p>&nbsp;<\/p>\n<div style=\"text-align: justify;\"><span style=\"color: inherit;\">Na Q3 voc\u00ea encontra o melhor <b>cabe\u00e7ote\u00a0Chevrolet Astra 2.0 e 2.4 8 v\u00e1lvulas<\/b>! Somos uma das marcas refer\u00eancia no mercado automobil\u00edstico sendo especializada na venda de cabe\u00e7otes novos. Se voc\u00ea est\u00e1 \u00e0 procura do <b>cabe\u00e7ote\u00a0Chevrolet Astra 2.0 e 2.4 8 v\u00e1lvulas<\/b>, ent\u00e3o encontrou o lugar certo. Acompanhe a seguir todas as informa\u00e7\u00f5es deste produto. Em caso de d\u00favidas, entre em contato com a nossa equipe. Atendemos propriet\u00e1rios de ve\u00edculos e mec\u00e2nicas.<\/span><\/div>\n<p>&nbsp;<\/p>\n<p class=\"MsoNormal\" style=\"text-align: justify;\"><span style=\"font-family: Verdana;\"><b>Acompanha pe\u00e7as para montagem:<\/b> n\u00e3o<\/span><\/p>\n<p class=\"MsoNormal\" style=\"text-align: justify;\"><span style=\"font-family: Verdana;\"><b>Prazo de devolu\u00e7\u00e3o: <\/b>7 dias<\/span><\/p>\n<p class=\"MsoNormal\" style=\"text-align: justify;\"><span style=\"font-family: Verdana;\"><b>Local de envio:<\/b>\u00a0enviamos para todo o Brasil<\/span><\/p>\n<p class=\"MsoNormal\" style=\"text-align: justify;\"><span style=\"font-family: Verdana;\"><b>Forma de envio:<\/b> via Correios (Sedex ou PAC), transporte a\u00e9reo e\/ou transportadora, dependendo da sua necessidade de agilidade na entrega. Para as regi\u00f5es de at\u00e9 200 km de S\u00e3o Paulo enviamos por motoboy.<\/span><\/p>\n<p class=\"MsoNormal\" style=\"text-align: justify;\"><span style=\"font-family: Verdana;\"><b>Garantia:<\/b>\u00a03 meses<\/span><\/p>\n<p class=\"MsoNormal\" style=\"text-align: justify;\">\n<p class=\"MsoNormal\" style=\"text-align: justify;\"><span style=\"font-family: Verdana;\"><b>Observa\u00e7\u00f5es Gerais:<\/b><\/span><\/p>\n<p class=\"MsoNormal\" style=\"text-align: justify;\"><span style=\"font-family: Verdana;\">Para realizar a montagem, ser\u00e1 necess\u00e1ria a compra de pe\u00e7as novas ou utiliza\u00e7\u00e3o de pe\u00e7as que j\u00e1 possua.<\/span><\/p>\n<p class=\"MsoNormal\" style=\"text-align: justify;\"><span style=\"font-family: Verdana;\">N\u00e3o trocaremos pe\u00e7as que foram retificadas ou danificadas, portanto verifique o produto antes de mont\u00e1-lo.<\/span><\/p>\n<p class=\"MsoNormal\" style=\"text-align: justify;\"><span style=\"font-family: Verdana;\">Consulte-nos caso tenha alguma d\u00favida quanto ao frete.<\/span><\/p>\n<p class=\"MsoNormal\" style=\"text-align: justify;\"><span style=\"font-family: Verdana;\">\u00a0<\/span><\/p>\n<p class=\"MsoNormal\" style=\"text-align: justify;\"><span style=\"font-family: Verdana;\">Essa \u00e9 a sua grande oportunidade para comprar o melhor <b>cabe\u00e7ote\u00a0Chevrolet S10 2.0 e 2.4 8 v\u00e1lvulas<\/b>\u00a0do mercado. Se necessita de mais op\u00e7\u00f5es de pe\u00e7as, ent\u00e3o consulte toda a nossa linha de cabe\u00e7otes para carros <a href=\"https:\/\/q3autoimports.com.br\/chevrolet-cabecotes-novos\" target=\"_blank\" rel=\"noopener\">Chevrolet<\/a>, entre outros modelos da fabricante. Aproveite!<\/span><\/p>\n","protected":false},"excerpt":{"rendered":"<p>Sale of Chevrolet S10 2.4 8V Cylinder Head The Chevrolet S10 2.4 8 valve cylinder head fits models from<\/p>","protected":false},"featured_media":10886,"comment_status":"open","ping_status":"closed","template":"","meta":[],"product_cat":[125,182],"product_tag":[754],"class_list":["post-7445","product","type-product","status-publish","has-post-thumbnail","hentry","product_cat-chevrolet-cabecotes-novos","product_cat-cabecotes-novos","product_tag-cabecote-chevrolet-s10-2-4-8v-tucho-roletado-novo-original"],"_links":{"self":[{"href":"https:\/\/q3autoimports.com.br\/en\/wp-json\/wp\/v2\/product\/7445","targetHints":{"allow":["GET"]}}],"collection":[{"href":"https:\/\/q3autoimports.com.br\/en\/wp-json\/wp\/v2\/product"}],"about":[{"href":"https:\/\/q3autoimports.com.br\/en\/wp-json\/wp\/v2\/types\/product"}],"replies":[{"embeddable":true,"href":"https:\/\/q3autoimports.com.br\/en\/wp-json\/wp\/v2\/comments?post=7445"}],"wp:featuredmedia":[{"embeddable":true,"href":"https:\/\/q3autoimports.com.br\/en\/wp-json\/wp\/v2\/media\/10886"}],"wp:attachment":[{"href":"https:\/\/q3autoimports.com.br\/en\/wp-json\/wp\/v2\/media?parent=7445"}],"wp:term":[{"taxonomy":"product_cat","embeddable":true,"href":"https:\/\/q3autoimports.com.br\/en\/wp-json\/wp\/v2\/product_cat?post=7445"},{"taxonomy":"product_tag","embeddable":true,"href":"https:\/\/q3autoimports.com.br\/en\/wp-json\/wp\/v2\/product_tag?post=7445"}],"curies":[{"name":"wp","href":"https:\/\/api.w.org\/{rel}","templated":true}]}}