{"id":7588,"date":"2021-08-20T12:50:43","date_gmt":"2021-08-20T12:50:43","guid":{"rendered":"https:\/\/q3autoimports.com.br\/produto\/cabecote-ford-ranger-2-5-8v-motor-maxion-novo\/"},"modified":"2024-09-09T13:15:45","modified_gmt":"2024-09-09T13:15:45","slug":"ford-ranger-2-5-8v-maxion-engine-cylinder-head-new","status":"publish","type":"product","link":"https:\/\/q3autoimports.com.br\/en\/ford-ranger-2-5-8v-maxion-engine-cylinder-head-new\/","title":{"rendered":"Ford Ranger 2.5 8V Maxion engine cylinder head NEW"},"content":{"rendered":"<h2 style=\"color: #333333; text-align: justify;\"><span style=\"font-family: Verdana;\"><b><span style=\"color: black;\">Venda de cabe\u00e7ote Ford Ranger 2.5 8V motor Maxion NOVO<\/span><\/b><\/span><\/h2>\n<p class=\"MsoNormal\" style=\"color: #333333; text-align: justify;\"><span style=\"font-family: Verdana;\"><b><span style=\"color: black;\">\u00a0<\/span><\/b><\/span><iframe class=\"note-video-clip\" src=\"\/\/www.youtube.com\/embed\/0r3xzyJVj8A\" width=\"640\" height=\"360\" frameborder=\"0\"><\/iframe><\/p>\n<p class=\"MsoNormal\" style=\"color: #333333; text-align: justify;\"><span style=\"color: black;\"><span style=\"font-family: Verdana;\">O <b>cabe\u00e7ote Mercedes Ford Ranger 2.5 8V motor Maxio<\/b>n, serve nos modelos a partir do ano de 1997 a 2005. O cabe\u00e7ote possui altura original standard de <b>128,13mm<\/b>. Esse produto \u00e9 novo e aplica-se no ve\u00edculo <b>Ranger<\/b> e<b> F1000<\/b> da montadora Ford. Produto de alta qualidade e durabilidade, proporcionando mais seguran\u00e7a para voc\u00ea e seu ve\u00edculo.<\/span><\/span><\/p>\n<p class=\"MsoNormal\" style=\"color: #333333; text-align: justify;\"><span style=\"color: black;\"><span style=\"font-family: Verdana;\">\u00a0<\/span><\/span><\/p>\n<p class=\"MsoNormal\" style=\"color: #333333; text-align: justify;\"><span style=\"font-family: Verdana;\"><b><span style=\"color: black;\">Especifica\u00e7\u00e3o do\u00a0Cabe\u00e7ote Ford Ranger 2.5 Maxion\u00a0<\/span><\/b><\/span><\/p>\n<p class=\"MsoNormal\" style=\"color: #333333; text-align: justify;\"><span style=\"color: black;\"><span style=\"font-family: Verdana;\"><b>Montadora:<\/b> Ford<\/span><\/span><\/p>\n<p class=\"MsoNormal\" style=\"color: #333333; text-align: justify;\"><span style=\"color: black;\"><span style=\"font-family: Verdana;\"><b>Altura<\/b>: 128,13 Standard<\/span><\/span><\/p>\n<p class=\"MsoNormal\" style=\"color: #333333; text-align: justify;\"><span style=\"color: black;\"><span style=\"font-family: Verdana;\"><b>Motoriza\u00e7\u00e3o:<\/b> 2.5 8V Maxion<\/span><\/span><\/p>\n<p class=\"MsoNormal\" style=\"color: #333333; text-align: justify;\"><span style=\"color: black;\"><span style=\"font-family: Verdana;\"><b>Marca:<\/b> Q3 auto imports<\/span><\/span><\/p>\n<p class=\"MsoNormal\" style=\"color: #333333; text-align: justify;\"><span style=\"color: black;\"><span style=\"font-family: Verdana;\"><b>N\u00famero Original:<\/b> ERR5027 \/ LDF500180 \/ 908761 AMC<\/span><\/span><\/p>\n<p class=\"MsoNormal\" style=\"color: #333333; text-align: justify;\"><span style=\"color: black;\"><span style=\"font-family: Verdana;\">\u00a0<\/span><\/span><\/p>\n<p class=\"MsoNormal\" style=\"color: #333333; text-align: justify;\"><span style=\"font-family: Verdana;\"><b><span style=\"color: black;\">Aplica\u00e7\u00e3o do motor Maxion:\u00a0<\/span><\/b><\/span><\/p>\n<p class=\"MsoNormal\" style=\"color: #333333; text-align: justify;\"><span style=\"font-family: Verdana;\"><b><span style=\"color: black;\">\u00a0<\/span><\/b><\/span><\/p>\n<ul>\n<li style=\"color: #333333; text-align: justify;\"><span style=\"color: black; font-family: Verdana;\">CABE\u00c7OTE SPRINTER 310 e 312 &#8211; 1997-1998-1999-2000-2001-2002-2003-2004-2005<\/span><\/li>\n<\/ul>\n<div style=\"text-align: justify;\"><span style=\"font-family: Verdana;\">\u00a0<\/span><\/div>\n<p>&nbsp;<\/p>\n<div style=\"text-align: justify;\"><span style=\"font-family: Verdana;\">\u2022 Cabe\u00e7ote Ford Ranger Maxion 2.5 HS 1998-1999-2000-2001<\/span><\/div>\n<p>&nbsp;<\/p>\n<div style=\"text-align: justify;\"><span style=\"font-family: Verdana;\">\u00a0<\/span><\/div>\n<p>&nbsp;<\/p>\n<div style=\"text-align: justify;\"><span style=\"font-family: Verdana;\">\u2022 Cabe\u00e7ote Ford F1000 Maxion 2.5 HS 1996-1997-1998<\/span><\/div>\n<p>&nbsp;<\/p>\n<div style=\"text-align: justify;\"><span style=\"font-family: Verdana;\">\u00a0<\/span><\/div>\n<p>&nbsp;<\/p>\n<div style=\"text-align: justify;\"><span style=\"font-family: Verdana;\">\u2022 Cabe\u00e7ote Chevrolet S10 Maxion 2.5 HS 1996-1997-1998-1999-2000<\/span><\/div>\n<p>&nbsp;<\/p>\n<div style=\"text-align: justify;\"><span style=\"font-family: Verdana;\">\u00a0<\/span><\/div>\n<p>&nbsp;<\/p>\n<div style=\"text-align: justify;\"><span style=\"font-family: Verdana;\">\u2022 Cabe\u00e7ote Chevrolet Blazer Maxion 2.5 HS 1996-1997-1998-1999-2000<\/span><\/div>\n<p>&nbsp;<\/p>\n<div style=\"text-align: justify;\"><span style=\"font-family: Verdana;\">\u00a0<\/span><\/div>\n<p>&nbsp;<\/p>\n<div style=\"text-align: justify;\"><span style=\"font-family: Verdana;\">\u2022 Cabe\u00e7ote Mercedes Sprinter 310 Maxion 2.5 HS 1997-1998-1999-2000<\/span><\/div>\n<p>&nbsp;<\/p>\n<div style=\"text-align: justify;\"><span style=\"font-family: Verdana;\">\u00a0<\/span><\/div>\n<p>&nbsp;<\/p>\n<div style=\"text-align: justify;\"><span style=\"font-family: Verdana;\">\u2022 Cabe\u00e7ote Mercedes Sprinter 312 Maxion 2.5 HS 1997-1998-1999-2000<\/span><\/div>\n<p>&nbsp;<\/p>\n<div style=\"text-align: justify;\"><span style=\"font-family: Verdana;\">\u00a0<\/span><\/div>\n<p>&nbsp;<\/p>\n<div style=\"text-align: justify;\"><span style=\"font-family: Verdana;\">\u2022 Cabe\u00e7ote Mercedes Sprinter 412 Maxion 2.5 HS 1997-1998-1999-2000<\/span><\/div>\n<p>&nbsp;<\/p>\n<div style=\"text-align: justify;\"><span style=\"font-family: Verdana;\">\u00a0<\/span><\/div>\n<p>&nbsp;<\/p>\n<div style=\"text-align: justify;\"><span style=\"font-family: Verdana;\">\u2022 Cabe\u00e7ote Land Rover Defender 90-110 Maxion 2.5 HS 1997-1998-1999-2000-2001-2002-2003-2004-2005-2006<\/span><\/div>\n<p>&nbsp;<\/p>\n<div style=\"text-align: justify;\"><span style=\"font-family: Verdana;\">\u00a0<\/span><\/div>\n<p>&nbsp;<\/p>\n<div style=\"text-align: justify;\"><span style=\"font-family: Verdana;\">\u2022 Cabe\u00e7ote Land Rover Discovery Maxion 2.5 HS 1995-1996-1997-1998-1999-2000<\/span><\/div>\n<p>&nbsp;<\/p>\n<div style=\"text-align: justify;\"><span style=\"font-family: Verdana;\">\u00a0<\/span><\/div>\n<p>&nbsp;<\/p>\n<div style=\"text-align: justify;\"><span style=\"color: black;\">Encontre aqui o melhor <b>cabe\u00e7ote do Ford Ranger 2.5 8V motor Maxion<\/b>! A Q3 \u00e9 uma das marcas mais relevantes do mercado quando se trata de cabe\u00e7otes novos. Se voc\u00ea est\u00e1 \u00e0 procura do<b> cabe\u00e7ote Ford Ranger 2.5 8V<\/b> motor Maxion, ent\u00e3o est\u00e1 no lugar certo. Em caso de d\u00favidas, entre em contato com a nossa equipe. Atendemos propriet\u00e1rios de ve\u00edculos e mec\u00e2nicas.<\/span><\/div>\n<div style=\"text-align: justify;\"><span style=\"color: black;\">\u00a0<\/span><\/div>\n<p>&nbsp;<\/p>\n<p class=\"MsoNormal\" style=\"text-align: justify; color: #333333;\"><span style=\"font-family: Verdana;\"><b><span style=\"color: black;\">Acompanha pe\u00e7as para montagem:<\/span><\/b><span style=\"color: black;\">\u00a0n\u00e3o<\/span><\/span><\/p>\n<div style=\"color: #333333; text-align: justify;\"><b style=\"font-family: Verdana;\"><span style=\"color: black;\">Prazo de devolu\u00e7\u00e3o:<\/span><\/b><span style=\"font-family: Verdana; color: black;\">\u00a07 dias<\/span><\/div>\n<p><span style=\"font-family: Verdana;\"><span style=\"color: black;\"> <!-- [if !supportLineBreakNewLine]--> <!--[endif]--><\/span><\/span><\/p>\n<div style=\"text-align: justify;\"><b style=\"font-family: Verdana;\"><span style=\"color: black;\">Local de envio:<\/span><\/b><span style=\"font-family: Verdana; color: black;\">\u00a0Enviamos para todo o Brasil<\/span><\/div>\n<p>&nbsp;<\/p>\n<div style=\"text-align: justify;\"><b style=\"color: black;\">Forma de envio:<\/b><span style=\"color: black;\">\u00a0via Correios (Sedex ou PAC), transporte a\u00e9reo e\/ou transportadora, dependendo da sua necessidade de agilidade na entrega. Para as regi\u00f5es de at\u00e9 200 km de S\u00e3o Paulo enviamos por motoboy.<\/span><\/div>\n<p>&nbsp;<\/p>\n<p class=\"MsoNormal\" style=\"text-align: justify; color: #333333;\"><span style=\"font-family: Verdana;\"><b><span style=\"color: black;\">Garantia:<\/span><\/b><span style=\"color: black;\">\u00a03 meses<\/span><\/span><\/p>\n<p class=\"MsoNormal\" style=\"text-align: justify; color: #333333;\"><span style=\"color: black;\"><span style=\"font-family: Verdana;\"><br \/>\n<!--[endif]--><\/span><\/span><\/p>\n<div style=\"color: #333333; text-align: justify;\"><b style=\"font-family: Verdana;\"><span style=\"color: black;\">Observa\u00e7\u00f5es Gerais:<\/span><\/b><\/div>\n<p>&nbsp;<\/p>\n<div style=\"text-align: justify;\"><b>\u00a0<\/b><\/div>\n<p><b style=\"color: #333333;\"><span style=\"color: black;\"> <!-- [if !supportLineBreakNewLine]--> <!--[endif]--><\/span><\/b><\/p>\n<div style=\"text-align: justify;\"><span style=\"font-family: Verdana; color: black;\">Para realizar a montagem, ser\u00e1 necess\u00e1ria a compra de pe\u00e7as novas ou utiliza\u00e7\u00e3o de pe\u00e7as que j\u00e1 possua.<\/span><\/div>\n<p>&nbsp;<\/p>\n<div style=\"text-align: justify;\"><span style=\"font-family: Verdana;\">N\u00e3o trocaremos pe\u00e7as que foram retificadas ou danificadas, portanto verifique o produto antes de mont\u00e1-lo. Consulte-nos caso tenha alguma d\u00favida quanto ao frete.<\/span><\/div>\n<div style=\"text-align: justify;\"><span style=\"font-family: Verdana;\">\u00a0<\/span><\/div>\n<p>&nbsp;<\/p>\n<p class=\"MsoNormal\" style=\"text-align: justify; color: #333333;\"><span style=\"color: black;\"><span style=\"font-family: Verdana;\">Essa \u00e9 a sua grande oportunidade para comprar o melhor\u00a0<b>cabe\u00e7ote Ford Ranger 2.5 8V motor Maxion<\/b> Novo do mercado. Se necessita de mais op\u00e7\u00f5es de pe\u00e7as, ent\u00e3o consulte toda a nossa linha de cabe\u00e7otes <a href=\"https:\/\/q3autoimports.com.br\/cabecote-ford\" target=\"_blank\" rel=\"noopener\">Ford\u00a0<\/a>entre outros modelos da fabricante. Aproveite!<\/span><\/span><\/p>\n","protected":false},"excerpt":{"rendered":"<p>Sale of cylinder head Ford Ranger 2.5 8V Maxion engine NEW The Mercedes Ford Ranger 2.5 8V Maxion engine cylinder head,<\/p>","protected":false},"featured_media":11070,"comment_status":"open","ping_status":"closed","template":"","meta":[],"product_cat":[123,182],"product_tag":[894],"class_list":["post-7588","product","type-product","status-publish","has-post-thumbnail","hentry","product_cat-cabecote-ford","product_cat-cabecotes-novos","product_tag-cabecote-ford-ranger-2-5-8v-motor-maxion-novo"],"_links":{"self":[{"href":"https:\/\/q3autoimports.com.br\/en\/wp-json\/wp\/v2\/product\/7588","targetHints":{"allow":["GET"]}}],"collection":[{"href":"https:\/\/q3autoimports.com.br\/en\/wp-json\/wp\/v2\/product"}],"about":[{"href":"https:\/\/q3autoimports.com.br\/en\/wp-json\/wp\/v2\/types\/product"}],"replies":[{"embeddable":true,"href":"https:\/\/q3autoimports.com.br\/en\/wp-json\/wp\/v2\/comments?post=7588"}],"wp:featuredmedia":[{"embeddable":true,"href":"https:\/\/q3autoimports.com.br\/en\/wp-json\/wp\/v2\/media\/11070"}],"wp:attachment":[{"href":"https:\/\/q3autoimports.com.br\/en\/wp-json\/wp\/v2\/media?parent=7588"}],"wp:term":[{"taxonomy":"product_cat","embeddable":true,"href":"https:\/\/q3autoimports.com.br\/en\/wp-json\/wp\/v2\/product_cat?post=7588"},{"taxonomy":"product_tag","embeddable":true,"href":"https:\/\/q3autoimports.com.br\/en\/wp-json\/wp\/v2\/product_tag?post=7588"}],"curies":[{"name":"wp","href":"https:\/\/api.w.org\/{rel}","templated":true}]}}